{"id":3512,"date":"2025-03-20T14:37:36","date_gmt":"2025-03-20T13:37:36","guid":{"rendered":"https:\/\/us.edu.pl\/pracownik\/welcomepoint\/?page_id=3512"},"modified":"2025-09-03T12:52:45","modified_gmt":"2025-09-03T10:52:45","slug":"english-aparna-beena-unni","status":"publish","type":"page","link":"https:\/\/us.edu.pl\/pracownik\/welcomepoint\/en\/usilambassadors\/english-aparna-beena-unni\/","title":{"rendered":"Aparna Beena Unni"},"content":{"rendered":"<p>[vc_row el_class=&#8221;container&#8221;][vc_column]\r\n                <div class=\"text-modules\">\r\n                    <div class=\"container\">\r\n                        <h3 class=\"page-title text__title\">Aparna Beena Unni<\/h3>\r\n                        <div class=\"text-modules__content\"><\/p>\n<hr style=\"width: 60%; padding-left: 20px; background-color: #fbb900;\" align=\"left\" \/>\n<p>\n<\/div>\r\n                    <\/div>\r\n                <\/div>[\/vc_column][\/vc_row][vc_row content_placement=&#8221;middle&#8221; el_class=&#8221;container&#8221; css=&#8221;.vc_custom_1739794732669{margin-bottom: 0px !important;padding-bottom: 0px !important;}&#8221;][vc_column width=&#8221;1\/3&#8243;]\r\n                <div class=\"text-modules\">\r\n                    <div class=\"container\">\r\n                        \r\n                        <div class=\"text-modules__content\"><p><img class=\"alignnone rogi wp-image-3524 size-medium\" src=\"https:\/\/us.edu.pl\/pracownik\/welcomepoint\/wp-content\/uploads\/sites\/69\/Zdjecia\/Ambasadorzy\/W2US-17-700x467.jpg\" alt=\"Aparna Beena Unni in a laboratory\" width=\"100%\" height=\"auto\" srcset=\"https:\/\/us.edu.pl\/pracownik\/welcomepoint\/wp-content\/uploads\/sites\/69\/Zdjecia\/Ambasadorzy\/W2US-17-700x467.jpg 700w, https:\/\/us.edu.pl\/pracownik\/welcomepoint\/wp-content\/uploads\/sites\/69\/Zdjecia\/Ambasadorzy\/W2US-17-1024x683.jpg 1024w, https:\/\/us.edu.pl\/pracownik\/welcomepoint\/wp-content\/uploads\/sites\/69\/Zdjecia\/Ambasadorzy\/W2US-17-768x512.jpg 768w, https:\/\/us.edu.pl\/pracownik\/welcomepoint\/wp-content\/uploads\/sites\/69\/Zdjecia\/Ambasadorzy\/W2US-17-1536x1024.jpg 1536w, https:\/\/us.edu.pl\/pracownik\/welcomepoint\/wp-content\/uploads\/sites\/69\/Zdjecia\/Ambasadorzy\/W2US-17-2048x1366.jpg 2048w, https:\/\/us.edu.pl\/pracownik\/welcomepoint\/wp-content\/uploads\/sites\/69\/Zdjecia\/Ambasadorzy\/W2US-17-575x383.jpg 575w\" sizes=\"(max-width: 700px) 100vw, 700px\" \/><\/p>\n<\/div>\r\n                    <\/div>\r\n                <\/div>[\/vc_column][vc_column width=&#8221;2\/3&#8243;]\r\n                <div class=\"text-modules\">\r\n                    <div class=\"container\">\r\n                        \r\n                        <div class=\"text-modules__content\"><\/p>\n<p style=\"line-height: 0.9; padding-left: 20px; color: #000000; font-family: 'PT Sans Narrow'; font-size: 1.5em; text-align: left;\"><strong>What do I do professionally?<\/strong><\/p>\n<p>\n<\/div>\r\n                    <\/div>\r\n                <\/div>\r\n                <div class=\"text-modules\">\r\n                    <div class=\"container\">\r\n                        \r\n                        <div class=\"text-modules__content\"><p>My work focuses mainly on thin films, nanocomposites, polymer nanocomposites etc. At first, fundamental studies are carried out on various materials, followed by their application-specific fine-tuning. E.g. we have found that by the controlled deposition of a molecular drug named Celecoxib using a physical vapour deposition technique at confined geometry, crystallization retarded celecoxib could be obtained, which is suitable for pharmaceutical applications.<\/p>\n<\/div>\r\n                    <\/div>\r\n                <\/div>[\/vc_column][\/vc_row][vc_row content_placement=&#8221;bottom&#8221; el_class=&#8221;container&#8221; css=&#8221;.vc_custom_1739796570116{margin-top: 10px !important;padding-top: 0px !important;}&#8221;][vc_column width=&#8221;1\/3&#8243; css=&#8221;.vc_custom_1739798254277{margin-bottom: -20px !important;}&#8221; el_class=&#8221;image-mobile&#8221;]\r\n                <div class=\"text-modules\">\r\n                    <div class=\"container\">\r\n                        \r\n                        <div class=\"text-modules__content\"><p><img class=\"rogi alignright wp-image-3332 size-medium\" src=\"https:\/\/us.edu.pl\/pracownik\/welcomepoint\/wp-content\/uploads\/sites\/69\/Zdjecia\/Ambasadorzy\/Beena-Unni-Aparna-467x700.jpg\" alt=\"Beena Unni Aparna\" width=\"60%\" height=\"auto\" \/><\/p>\n<\/div>\r\n                    <\/div>\r\n                <\/div>[\/vc_column][vc_column width=&#8221;2\/3&#8243;][vc_row_inner][vc_column_inner width=&#8221;2\/3&#8243;]\r\n                <div class=\"text-modules\">\r\n                    <div class=\"container\">\r\n                        \r\n                        <div class=\"text-modules__content\"><\/p>\n<p style=\"line-height: 0.9; color: #000000; font-family: 'PT Sans Narrow'; font-size: 2.5em; text-align: left;\"><strong><span style=\"font-size: 2.6em;\">\u201e<\/span><\/strong><\/p>\n<p><strong><span style=\"font-size: 1.5em; font-family: 'PT Sans Narrow'; line-height: 0.8em;\">Most people here are very helpful; they try to help you whenever possible. There is a lot of internal collaboration going on within the research labs. The university offers top-class facilities. The help provided by the Welcome Point staff is commendable! They help you with your documents, legalization of stay and getting acquainted with the new environment, which makes it easier and more comfortable for a non-Polish first-timer.<\/span><\/strong><\/p>\n<\/div>\r\n                    <\/div>\r\n                <\/div>[\/vc_column_inner][vc_column_inner width=&#8221;1\/3&#8243;][\/vc_column_inner][\/vc_row_inner][\/vc_column][\/vc_row][vc_row][vc_column][vc_empty_space][\/vc_column][\/vc_row][vc_row][vc_column]<div class=\"container\"><div class=\"separator\" style=\"background-color: #000000\"><\/div><\/div>[\/vc_column][\/vc_row][vc_row equal_height=&#8221;yes&#8221; el_class=&#8221;container&#8221;][vc_column width=&#8221;1\/3&#8243; css=&#8221;.vc_custom_1739798390693{margin-top: 32px !important;background-color: #eaeaea !important;border-radius: 10px !important;}&#8221;]\r\n                <div class=\"text-modules\">\r\n                    <div class=\"container\">\r\n                        \r\n                        <div class=\"text-modules__content\"><\/p>\n<p style=\"line-height: 0.9; padding-left: 20px; color: #000000; font-family: 'PT Sans Narrow'; font-size: 1.5em; text-align: left;\"><strong>My first day at work<\/strong><\/p>\n<p>\n<\/div>\r\n                    <\/div>\r\n                <\/div>\r\n                <div class=\"text-modules\">\r\n                    <div class=\"container\">\r\n                        \r\n                        <div class=\"text-modules__content\"><p>On the first day, it is all about paperwork, meeting people in the department, familiarizing yourself with the laboratory, rooms, your space, etc. <\/p>\n<\/div>\r\n                    <\/div>\r\n                <\/div>[\/vc_column][vc_column width=&#8221;2\/3&#8243; css=&#8221;.vc_custom_1739798402333{margin-top: 32px !important;background-color: #eaeaea !important;border-radius: 10px !important;}&#8221;]\r\n                <div class=\"text-modules\">\r\n                    <div class=\"container\">\r\n                        \r\n                        <div class=\"text-modules__content\"><\/p>\n<p style=\"line-height: 0.9; padding-left: 20px; color: #000000; font-family: 'PT Sans Narrow'; font-size: 1.5em; text-align: left;\"><strong>What surprised me?<\/strong><\/p>\n<p>\n<\/div>\r\n                    <\/div>\r\n                <\/div>\r\n                <div class=\"text-modules\">\r\n                    <div class=\"container\">\r\n                        \r\n                        <div class=\"text-modules__content\"><p>When I joined the institute, I was the only person of my ethnicity in the lab. Now, when I see this, the Indian population has tremendously increased. There is an exponential growth in inclusivity at the University (I plan to make a pic of all the Indian students and postdocs here).<\/p>\n<\/div>\r\n                    <\/div>\r\n                <\/div>[\/vc_column][\/vc_row][vc_row][vc_column][vc_empty_space][\/vc_column][\/vc_row][vc_row][vc_column]<div class=\"container\"><div class=\"separator\" style=\"background-color: #000000\"><\/div><\/div>[\/vc_column][\/vc_row][vc_row][vc_column][vc_empty_space][\/vc_column][\/vc_row][vc_row content_placement=&#8221;middle&#8221; el_class=&#8221;container&#8221; css=&#8221;.vc_custom_1739794732669{margin-bottom: 0px !important;padding-bottom: 0px !important;}&#8221;][vc_column width=&#8221;1\/3&#8243;][\/vc_column][vc_column width=&#8221;2\/3&#8243;]\r\n                <div class=\"text-modules\">\r\n                    <div class=\"container\">\r\n                        \r\n                        <div class=\"text-modules__content\"><\/p>\n<p style=\"line-height: 0.9; padding-left: 20px; color: #000000; font-family: 'PT Sans Narrow'; font-size: 1.5em; text-align: left;\"><strong>What I like about Katowice?<\/strong><\/p>\n<p>\n<\/div>\r\n                    <\/div>\r\n                <\/div>\r\n                <div class=\"text-modules\">\r\n                    <div class=\"container\">\r\n                        \r\n                        <div class=\"text-modules__content\"><p>Katowice is one of the fastest-growing cities in the EU, with excellent connectivity and facilities. You will meet people from different ethnicities, and there are fun places, shopping malls, fitness centres, parks, restaurants that serve exotic cuisines, etc.<\/p>\n<\/div>\r\n                    <\/div>\r\n                <\/div>[\/vc_column][\/vc_row][vc_row disable_element=&#8221;yes&#8221; el_class=&#8221;container&#8221;][vc_column width=&#8221;1\/2&#8243; css=&#8221;.vc_custom_1739796751734{background-color: #eaeaea !important;}&#8221;]\r\n                <div class=\"text-modules\">\r\n                    <div class=\"container\">\r\n                        \r\n                        <div class=\"text-modules__content\"><\/p>\n<p style=\"line-height: 0.9; padding-left: 20px; color: #000000; font-family: 'PT Sans Narrow'; font-size: 1.5em; text-align: left;\"><strong>M\u00f3j pierwszy dzie\u0144 w pracy<\/strong><\/p>\n<p>\n<\/div>\r\n                    <\/div>\r\n                <\/div>\r\n                <div class=\"text-modules\">\r\n                    <div class=\"container\">\r\n                        \r\n                        <div class=\"text-modules__content\"><p><img class=\"rogi alignleft wp-image-3411 size-full\" src=\"https:\/\/us.edu.pl\/pracownik\/welcomepoint\/wp-content\/uploads\/sites\/69\/Zdjecia\/Ambasadorzy\/yellow.png\" alt=\"\" width=\"20%\" height=\"auto\" srcset=\"https:\/\/us.edu.pl\/pracownik\/welcomepoint\/wp-content\/uploads\/sites\/69\/Zdjecia\/Ambasadorzy\/yellow.png 600w, https:\/\/us.edu.pl\/pracownik\/welcomepoint\/wp-content\/uploads\/sites\/69\/Zdjecia\/Ambasadorzy\/yellow-575x383.png 575w\" sizes=\"(max-width: 600px) 100vw, 600px\" \/><\/p>\n<\/div>\r\n                    <\/div>\r\n                <\/div>\r\n                <div class=\"text-modules\">\r\n                    <div class=\"container\">\r\n                        \r\n                        <div class=\"text-modules__content\"><p>M\u00f3j pierwszy dzie\u0144 na Uniwersytecie \u015al\u0105skim by\u0142 szokuj\u0105cy ze wzgl\u0119du na ogromn\u0105 liczb\u0119 dzia\u0142\u00f3w, kt\u00f3re mia\u0142em odwiedzi\u0107 i ludzi, kt\u00f3rych mia\u0142em pozna\u0107. Mia\u0142em jednak szcz\u0119\u015bcie. Spotka\u0142em dobrych ludzi d\u0105\u017c\u0105cych do wysoko postawionych cel\u00f3w i o du\u017cej wyobra\u017ani. <\/p>\n<\/div>\r\n                    <\/div>\r\n                <\/div>[\/vc_column][vc_column width=&#8221;1\/2&#8243;][\/vc_column][\/vc_row][vc_row][vc_column][vc_empty_space][\/vc_column][\/vc_row]<\/p>","protected":false},"excerpt":{"rendered":"<p>[vc_row el_class=&#8221;container&#8221;][vc_column][\/vc_column][\/vc_row][vc_row content_placement=&#8221;middle&#8221; el_class=&#8221;container&#8221; css=&#8221;.vc_custom_1739794732669{margin-bottom: 0px !important;padding-bottom: 0px !important;}&#8221;][vc_column width=&#8221;1\/3&#8243;][\/vc_column][vc_column width=&#8221;2\/3&#8243;][\/vc_column][\/vc_row][vc_row content_placement=&#8221;bottom&#8221; el_class=&#8221;container&#8221; css=&#8221;.vc_custom_1739796570116{margin-top: 10px !important;padding-top: 0px !important;}&#8221;][vc_column width=&#8221;1\/3&#8243; css=&#8221;.vc_custom_1739798254277{margin-bottom: -20px !important;}&#8221; el_class=&#8221;image-mobile&#8221;][\/vc_column][vc_column width=&#8221;2\/3&#8243;][vc_row_inner][vc_column_inner width=&#8221;2\/3&#8243;][\/vc_column_inner][vc_column_inner width=&#8221;1\/3&#8243;][\/vc_column_inner][\/vc_row_inner][\/vc_column][\/vc_row][vc_row][vc_column][vc_empty_space][\/vc_column][\/vc_row][vc_row][vc_column][\/vc_column][\/vc_row][vc_row equal_height=&#8221;yes&#8221; el_class=&#8221;container&#8221;][vc_column width=&#8221;1\/3&#8243; css=&#8221;.vc_custom_1739798390693{margin-top: 32px !important;background-color: #eaeaea !important;border-radius: 10px !important;}&#8221;][\/vc_column][vc_column width=&#8221;2\/3&#8243; css=&#8221;.vc_custom_1739798402333{margin-top: 32px !important;background-color: #eaeaea !important;border-radius: 10px !important;}&#8221;][\/vc_column][\/vc_row][vc_row][vc_column][vc_empty_space][\/vc_column][\/vc_row][vc_row][vc_column][\/vc_column][\/vc_row][vc_row][vc_column][vc_empty_space][\/vc_column][\/vc_row][vc_row content_placement=&#8221;middle&#8221; el_class=&#8221;container&#8221; css=&#8221;.vc_custom_1739794732669{margin-bottom: 0px !important;padding-bottom: 0px !important;}&#8221;][vc_column width=&#8221;1\/3&#8243;][\/vc_column][vc_column width=&#8221;2\/3&#8243;][\/vc_column][\/vc_row][vc_row disable_element=&#8221;yes&#8221; el_class=&#8221;container&#8221;][vc_column [&#8230;]<\/p>\n<p><a class=\"btn btn-secondary understrap-read-more-link\" href=\"https:\/\/us.edu.pl\/pracownik\/welcomepoint\/en\/usilambassadors\/english-aparna-beena-unni\/\">Read More&#8230;<\/a><\/p>\n","protected":false},"author":139,"featured_media":0,"parent":3319,"menu_order":0,"comment_status":"closed","ping_status":"closed","template":"","meta":{"_expiration-date-status":"","_expiration-date":0,"_expiration-date-type":"","_expiration-date-categories":[],"_expiration-date-options":[]},"acf":[],"_links":{"self":[{"href":"https:\/\/us.edu.pl\/pracownik\/welcomepoint\/en\/wp-json\/wp\/v2\/pages\/3512"}],"collection":[{"href":"https:\/\/us.edu.pl\/pracownik\/welcomepoint\/en\/wp-json\/wp\/v2\/pages"}],"about":[{"href":"https:\/\/us.edu.pl\/pracownik\/welcomepoint\/en\/wp-json\/wp\/v2\/types\/page"}],"author":[{"embeddable":true,"href":"https:\/\/us.edu.pl\/pracownik\/welcomepoint\/en\/wp-json\/wp\/v2\/users\/139"}],"replies":[{"embeddable":true,"href":"https:\/\/us.edu.pl\/pracownik\/welcomepoint\/en\/wp-json\/wp\/v2\/comments?post=3512"}],"version-history":[{"count":7,"href":"https:\/\/us.edu.pl\/pracownik\/welcomepoint\/en\/wp-json\/wp\/v2\/pages\/3512\/revisions"}],"predecessor-version":[{"id":4366,"href":"https:\/\/us.edu.pl\/pracownik\/welcomepoint\/en\/wp-json\/wp\/v2\/pages\/3512\/revisions\/4366"}],"up":[{"embeddable":true,"href":"https:\/\/us.edu.pl\/pracownik\/welcomepoint\/en\/wp-json\/wp\/v2\/pages\/3319"}],"wp:attachment":[{"href":"https:\/\/us.edu.pl\/pracownik\/welcomepoint\/en\/wp-json\/wp\/v2\/media?parent=3512"}],"curies":[{"name":"wp","href":"https:\/\/api.w.org\/{rel}","templated":true}]}}