{"id":3613,"date":"2025-03-21T13:30:17","date_gmt":"2025-03-21T12:30:17","guid":{"rendered":"https:\/\/us.edu.pl\/pracownik\/welcomepoint\/?page_id=3613"},"modified":"2025-09-03T13:37:46","modified_gmt":"2025-09-03T11:37:46","slug":"english-emre-arkan","status":"publish","type":"page","link":"https:\/\/us.edu.pl\/pracownik\/welcomepoint\/en\/usilambassadors\/english-emre-arkan\/","title":{"rendered":"Emre Arkan"},"content":{"rendered":"<p><\/p>\n<p>[vc_row el_class=&#8221;container&#8221;][vc_column]\r\n                <div class=\"text-modules\">\r\n                    <div class=\"container\">\r\n                        <h3 class=\"page-title text__title\">Emre Arkan<\/h3>\r\n                        <div class=\"text-modules__content\"><\/p>\n<hr style=\"width: 60%; padding-left: 20px; background-color: #fbb900;\" align=\"left\" \/>\n<p>\n<\/div>\r\n                    <\/div>\r\n                <\/div>[\/vc_column][\/vc_row][vc_row content_placement=&#8221;bottom&#8221; el_class=&#8221;container&#8221; css=&#8221;.vc_custom_1739796570116{margin-top: 10px !important;padding-top: 0px !important;}&#8221;][vc_column width=&#8221;1\/3&#8243; css=&#8221;.vc_custom_1739798254277{margin-bottom: -20px !important;}&#8221; el_class=&#8221;image-mobile&#8221;]\r\n                <div class=\"text-modules\">\r\n                    <div class=\"container\">\r\n                        \r\n                        <div class=\"text-modules__content\"><p><img class=\"rogi alignright wp-image-3336 size-full\" src=\"https:\/\/us.edu.pl\/pracownik\/welcomepoint\/wp-content\/uploads\/sites\/69\/Zdjecia\/Ambasadorzy\/Emre-Arkan-467x700.jpg\" alt=\"E Arkan\" width=\"60%\" height=\"auto\" \/><\/p>\n<\/div>\r\n                    <\/div>\r\n                <\/div>[\/vc_column][vc_column width=&#8221;2\/3&#8243;]\r\n                <div class=\"text-modules\">\r\n                    <div class=\"container\">\r\n                        \r\n                        <div class=\"text-modules__content\"><\/p>\n<p style=\"line-height: 0.9; padding-left: 20px; color: #000000; font-family: 'PT Sans Narrow'; font-size: 1.5em; text-align: left;\"><strong>What do I do professionally?<\/strong><\/p>\n<p>\n<\/div>\r\n                    <\/div>\r\n                <\/div>\r\n                <div class=\"text-modules\">\r\n                    <div class=\"container\">\r\n                        \r\n                        <div class=\"text-modules__content\"><p>I am working on producing novel materials and their applications in energy harvesting in portable devices. Also, I am interested in using sophisticated instrumental techniques, such as atomic force microscopy, to analyze materials&#8217; surfaces. Studies carried out in this field \u0131s expected to be used in the future to produce electrical energy from human&#8217;s simple daily movements. <\/p>\n<\/div>\r\n                    <\/div>\r\n                <\/div>[vc_row_inner][vc_column_inner width=&#8221;2\/3&#8243;]\r\n                <div class=\"text-modules\">\r\n                    <div class=\"container\">\r\n                        \r\n                        <div class=\"text-modules__content\"><\/p>\n<p style=\"line-height: 0.9; color: #000000; font-family: 'PT Sans Narrow'; font-size: 2.5em; text-align: left;\"><strong><span style=\"font-size: 2.6em;\">\u201e<\/span><\/strong><\/p>\n<p><strong><span style=\"font-size: 1.5em; font-family: 'PT Sans Narrow'; line-height: 0.8em;\">Everyone at the University of Silesia in Katowice is very kind and helpful to foreign researchers. They have always supported me in all the difficulties I have encountered so far. They also made me feel like I was in my own country with their warm approach. <\/span><\/strong><\/p>\n<\/div>\r\n                    <\/div>\r\n                <\/div>[\/vc_column_inner][vc_column_inner width=&#8221;1\/3&#8243;][\/vc_column_inner][\/vc_row_inner][\/vc_column][\/vc_row][vc_row][vc_column][vc_empty_space][\/vc_column][\/vc_row][vc_row][vc_column]<div class=\"container\"><div class=\"separator\" style=\"background-color: #000000\"><\/div><\/div>[\/vc_column][\/vc_row][vc_row equal_height=&#8221;yes&#8221; el_class=&#8221;container&#8221;][vc_column width=&#8221;1\/3&#8243; css=&#8221;.vc_custom_1739798390693{margin-top: 32px !important;background-color: #eaeaea !important;border-radius: 10px !important;}&#8221;]\r\n                <div class=\"text-modules\">\r\n                    <div class=\"container\">\r\n                        \r\n                        <div class=\"text-modules__content\"><\/p>\n<p style=\"line-height: 0.9; padding-left: 20px; color: #000000; font-family: 'PT Sans Narrow'; font-size: 1.5em; text-align: left;\"><strong>My first day at work<\/strong><\/p>\n<p>\n<\/div>\r\n                    <\/div>\r\n                <\/div>\r\n                <div class=\"text-modules\">\r\n                    <div class=\"container\">\r\n                        \r\n                        <div class=\"text-modules__content\"><p>When I first arrived at the office, my colleagues greeted me very politely. We toured the laboratories together. They introduced me to the devices I would be working on. They took me to the necessary places to get the phone line and bank account I needed in Poland. Then we all went to a restaurant for dinner. They made me feel like I was an important member of the team from the very first day. <\/p>\n<\/div>\r\n                    <\/div>\r\n                <\/div>[\/vc_column][vc_column width=&#8221;2\/3&#8243; css=&#8221;.vc_custom_1739798402333{margin-top: 32px !important;background-color: #eaeaea !important;border-radius: 10px !important;}&#8221;]\r\n                <div class=\"text-modules\">\r\n                    <div class=\"container\">\r\n                        \r\n                        <div class=\"text-modules__content\"><\/p>\n<p style=\"line-height: 0.9; padding-left: 20px; color: #000000; font-family: 'PT Sans Narrow'; font-size: 1.5em; text-align: left;\"><strong>What surprised me?<\/strong><\/p>\n<p>\n<\/div>\r\n                    <\/div>\r\n                <\/div>\r\n                <div class=\"text-modules\">\r\n                    <div class=\"container\">\r\n                        \r\n                        <div class=\"text-modules__content\"><p><span class=\"TextRun SCXW103354761 BCX0\" lang=\"EN-GB\" xml:lang=\"EN-GB\" data-contrast=\"auto\"><span class=\"NormalTextRun SCXW103354761 BCX0\" data-ccp-parastyle=\"Normal (Web)\">What surprised me the most was that most of the shopping malls and restaurants were closed on weekends. This is an unusual thing for me because, in my country, people <\/span><span class=\"NormalTextRun SCXW103354761 BCX0\" data-ccp-parastyle=\"Normal (Web)\">mainly prefer<\/span><span class=\"NormalTextRun SCXW103354761 BCX0\" data-ccp-parastyle=\"Normal (Web)\"> shopping with family on Sundays.<\/span><\/span><span class=\"EOP SCXW103354761 BCX0\" data-ccp-props=\"{&quot;134233117&quot;:true,&quot;134233118&quot;:true,&quot;201341983&quot;:0,&quot;335559740&quot;:240}\">\u00a0<\/span><\/p>\n<\/div>\r\n                    <\/div>\r\n                <\/div>[\/vc_column][\/vc_row][vc_row][vc_column][vc_empty_space][\/vc_column][\/vc_row][vc_row][vc_column]<div class=\"container\"><div class=\"separator\" style=\"background-color: #000000\"><\/div><\/div>[\/vc_column][\/vc_row][vc_row][vc_column][vc_empty_space][\/vc_column][\/vc_row][vc_row content_placement=&#8221;middle&#8221; el_class=&#8221;container&#8221; css=&#8221;.vc_custom_1739794732669{margin-bottom: 0px !important;padding-bottom: 0px !important;}&#8221;][vc_column width=&#8221;1\/3&#8243;][\/vc_column][vc_column width=&#8221;2\/3&#8243;]\r\n                <div class=\"text-modules\">\r\n                    <div class=\"container\">\r\n                        \r\n                        <div class=\"text-modules__content\"><\/p>\n<p style=\"line-height: 0.9; padding-left: 20px; color: #000000; font-family: 'PT Sans Narrow'; font-size: 1.5em; text-align: left;\"><strong>What I like about Katowice?<\/strong><\/p>\n<p>\n<\/div>\r\n                    <\/div>\r\n                <\/div>\r\n                <div class=\"text-modules\">\r\n                    <div class=\"container\">\r\n                        \r\n                        <div class=\"text-modules__content\"><p>ilesian Museum and Nikiszowiec gave me many ideas to understand the history of Katowice. Also Cafe Kattowitz is an ideal place to taste local delicacies.<\/p>\n<\/div>\r\n                    <\/div>\r\n                <\/div>[\/vc_column][\/vc_row][vc_row disable_element=&#8221;yes&#8221; el_class=&#8221;container&#8221;][vc_column width=&#8221;1\/2&#8243; css=&#8221;.vc_custom_1739796751734{background-color: #eaeaea !important;}&#8221;]\r\n                <div class=\"text-modules\">\r\n                    <div class=\"container\">\r\n                        \r\n                        <div class=\"text-modules__content\"><\/p>\n<p style=\"line-height: 0.9; padding-left: 20px; color: #000000; font-family: 'PT Sans Narrow'; font-size: 1.5em; text-align: left;\"><strong>M\u00f3j pierwszy dzie\u0144 w pracy<\/strong><\/p>\n<p>\n<\/div>\r\n                    <\/div>\r\n                <\/div>\r\n                <div class=\"text-modules\">\r\n                    <div class=\"container\">\r\n                        \r\n                        <div class=\"text-modules__content\"><p><img class=\"rogi alignleft wp-image-3411 size-full\" src=\"https:\/\/us.edu.pl\/pracownik\/welcomepoint\/wp-content\/uploads\/sites\/69\/Zdjecia\/Ambasadorzy\/yellow.png\" alt=\"\" width=\"20%\" height=\"auto\" srcset=\"https:\/\/us.edu.pl\/pracownik\/welcomepoint\/wp-content\/uploads\/sites\/69\/Zdjecia\/Ambasadorzy\/yellow.png 600w, https:\/\/us.edu.pl\/pracownik\/welcomepoint\/wp-content\/uploads\/sites\/69\/Zdjecia\/Ambasadorzy\/yellow-575x383.png 575w\" sizes=\"(max-width: 600px) 100vw, 600px\" \/><\/p>\n<\/div>\r\n                    <\/div>\r\n                <\/div>\r\n                <div class=\"text-modules\">\r\n                    <div class=\"container\">\r\n                        \r\n                        <div class=\"text-modules__content\"><p>M\u00f3j pierwszy dzie\u0144 na Uniwersytecie \u015al\u0105skim by\u0142 szokuj\u0105cy ze wzgl\u0119du na ogromn\u0105 liczb\u0119 dzia\u0142\u00f3w, kt\u00f3re mia\u0142em odwiedzi\u0107 i ludzi, kt\u00f3rych mia\u0142em pozna\u0107. Mia\u0142em jednak szcz\u0119\u015bcie. Spotka\u0142em dobrych ludzi d\u0105\u017c\u0105cych do wysoko postawionych cel\u00f3w i o du\u017cej wyobra\u017ani. <\/p>\n<\/div>\r\n                    <\/div>\r\n                <\/div>[\/vc_column][vc_column width=&#8221;1\/2&#8243;][\/vc_column][\/vc_row][vc_row][vc_column][vc_empty_space][\/vc_column][\/vc_row]<\/p>\n<p><\/p>","protected":false},"excerpt":{"rendered":"<p>[vc_row el_class=&#8221;container&#8221;][vc_column][\/vc_column][\/vc_row][vc_row content_placement=&#8221;bottom&#8221; el_class=&#8221;container&#8221; css=&#8221;.vc_custom_1739796570116{margin-top: 10px !important;padding-top: 0px !important;}&#8221;][vc_column width=&#8221;1\/3&#8243; css=&#8221;.vc_custom_1739798254277{margin-bottom: -20px !important;}&#8221; el_class=&#8221;image-mobile&#8221;][\/vc_column][vc_column width=&#8221;2\/3&#8243;][vc_row_inner][vc_column_inner width=&#8221;2\/3&#8243;][\/vc_column_inner][vc_column_inner width=&#8221;1\/3&#8243;][\/vc_column_inner][\/vc_row_inner][\/vc_column][\/vc_row][vc_row][vc_column][vc_empty_space][\/vc_column][\/vc_row][vc_row][vc_column][\/vc_column][\/vc_row][vc_row equal_height=&#8221;yes&#8221; el_class=&#8221;container&#8221;][vc_column width=&#8221;1\/3&#8243; css=&#8221;.vc_custom_1739798390693{margin-top: 32px !important;background-color: #eaeaea !important;border-radius: 10px !important;}&#8221;][\/vc_column][vc_column width=&#8221;2\/3&#8243; css=&#8221;.vc_custom_1739798402333{margin-top: 32px !important;background-color: #eaeaea !important;border-radius: 10px !important;}&#8221;][\/vc_column][\/vc_row][vc_row][vc_column][vc_empty_space][\/vc_column][\/vc_row][vc_row][vc_column][\/vc_column][\/vc_row][vc_row][vc_column][vc_empty_space][\/vc_column][\/vc_row][vc_row content_placement=&#8221;middle&#8221; el_class=&#8221;container&#8221; css=&#8221;.vc_custom_1739794732669{margin-bottom: 0px !important;padding-bottom: 0px !important;}&#8221;][vc_column width=&#8221;1\/3&#8243;][\/vc_column][vc_column width=&#8221;2\/3&#8243;][\/vc_column][\/vc_row][vc_row disable_element=&#8221;yes&#8221; el_class=&#8221;container&#8221;][vc_column width=&#8221;1\/2&#8243; css=&#8221;.vc_custom_1739796751734{background-color: #eaeaea !important;}&#8221;][\/vc_column][vc_column width=&#8221;1\/2&#8243;][\/vc_column][\/vc_row][vc_row][vc_column][vc_empty_space][\/vc_column][\/vc_row] [&#8230;]<\/p>\n<p><a class=\"btn btn-secondary understrap-read-more-link\" href=\"https:\/\/us.edu.pl\/pracownik\/welcomepoint\/en\/usilambassadors\/english-emre-arkan\/\">Read More&#8230;<\/a><\/p>\n","protected":false},"author":25,"featured_media":0,"parent":3319,"menu_order":0,"comment_status":"closed","ping_status":"closed","template":"","meta":{"_expiration-date-status":"","_expiration-date":0,"_expiration-date-type":"","_expiration-date-categories":[],"_expiration-date-options":[]},"acf":[],"_links":{"self":[{"href":"https:\/\/us.edu.pl\/pracownik\/welcomepoint\/en\/wp-json\/wp\/v2\/pages\/3613"}],"collection":[{"href":"https:\/\/us.edu.pl\/pracownik\/welcomepoint\/en\/wp-json\/wp\/v2\/pages"}],"about":[{"href":"https:\/\/us.edu.pl\/pracownik\/welcomepoint\/en\/wp-json\/wp\/v2\/types\/page"}],"author":[{"embeddable":true,"href":"https:\/\/us.edu.pl\/pracownik\/welcomepoint\/en\/wp-json\/wp\/v2\/users\/25"}],"replies":[{"embeddable":true,"href":"https:\/\/us.edu.pl\/pracownik\/welcomepoint\/en\/wp-json\/wp\/v2\/comments?post=3613"}],"version-history":[{"count":5,"href":"https:\/\/us.edu.pl\/pracownik\/welcomepoint\/en\/wp-json\/wp\/v2\/pages\/3613\/revisions"}],"predecessor-version":[{"id":4372,"href":"https:\/\/us.edu.pl\/pracownik\/welcomepoint\/en\/wp-json\/wp\/v2\/pages\/3613\/revisions\/4372"}],"up":[{"embeddable":true,"href":"https:\/\/us.edu.pl\/pracownik\/welcomepoint\/en\/wp-json\/wp\/v2\/pages\/3319"}],"wp:attachment":[{"href":"https:\/\/us.edu.pl\/pracownik\/welcomepoint\/en\/wp-json\/wp\/v2\/media?parent=3613"}],"curies":[{"name":"wp","href":"https:\/\/api.w.org\/{rel}","templated":true}]}}