{"id":4521,"date":"2026-04-28T13:04:43","date_gmt":"2026-04-28T11:04:43","guid":{"rendered":"https:\/\/us.edu.pl\/pracownik\/welcomepoint\/?page_id=4521"},"modified":"2026-04-28T13:04:43","modified_gmt":"2026-04-28T11:04:43","slug":"english-accessibility","status":"publish","type":"page","link":"https:\/\/us.edu.pl\/pracownik\/welcomepoint\/en\/university-of-silesia\/english-accessibility\/","title":{"rendered":"Accessibility"},"content":{"rendered":"<p><\/p>\n<p>[vc_row el_class=&#8221;container&#8221;][vc_column]\r\n                <div class=\"text-modules\">\r\n                    <div class=\"container\">\r\n                        <h3 class=\"page-title text__title\">Accessibility <\/h3>\r\n                        <div class=\"text-modules__content\"><\/div>\r\n                    <\/div>\r\n                <\/div>[\/vc_column][\/vc_row][vc_row el_class=&#8221;container&#8221;][vc_column width=&#8221;2\/3&#8243;]\r\n                <div class=\"text-modules\">\r\n                    <div class=\"container\">\r\n                        \r\n                        <div class=\"text-modules__content\"><p>The University of Silesia in Katowice undertakes to ensure the accessibility of its website, its offer of studies and work, as well as availability of its buildings. The university ensures adjustments for students and employees with special needs, provides individual support and has a sign language interpreter. Learn more:<\/p>\n<p>Declaration of availability<\/p>\n<p>(<a href=\"https:\/\/us.edu.pl\/en\/deklaracja-dostepnosci\/\">https:\/\/us.edu.pl\/en\/deklaracja-dostepnosci\/<\/a> )<\/p>\n<p><a href=\"https:\/\/us.edu.pl\/student\/en\/wsparcie-i-fundusze\/dostosowanie-do-specjalnych-potrzeb\/dostosowanie-budynkow\/\">Buildings &#8211; adjustments<\/a><\/p>\n<p>(<a href=\"https:\/\/us.edu.pl\/student\/en\/wsparcie-i-fundusze\/dostosowanie-do-specjalnych-potrzeb\/dostosowanie-budynkow\/\">https:\/\/us.edu.pl\/student\/en\/wsparcie-i-fundusze\/dostosowanie-do-specjalnych-potrzeb\/dostosowanie-budynkow\/<\/a>)<\/p>\n<p><a href=\"https:\/\/us.edu.pl\/student\/en\/koordynatorzy-dostepnosci\/\">Availability coordinators at particular Faculties<\/a><\/p>\n<p>( <a href=\"https:\/\/us.edu.pl\/student\/en\/koordynatorzy-dostepnosci\/\">https:\/\/us.edu.pl\/student\/en\/koordynatorzy-dostepnosci\/<\/a>)<\/p>\n<\/div>\r\n                    <\/div>\r\n                <\/div>[\/vc_column][vc_column width=&#8221;1\/3&#8243;]\r\n                <div class=\"text-modules\">\r\n                    <div class=\"container\">\r\n                        \r\n                        <div class=\"text-modules__content\"><p><img class=\"alignnone size-medium wp-image-4476\" src=\"https:\/\/us.edu.pl\/pracownik\/welcomepoint\/wp-content\/uploads\/sites\/69\/Zdjecia\/Na-strone\/Webinars-700x467.jpg\" alt=\"Glasses laying on the black desk and a computer and notepad with pencil in the background. Okulary le\u017c\u0105ce na czarny biurku, w tle komputer i zeszyt z o\u0142\u00f3wkiem\" width=\"100%\" height=\"auto\" srcset=\"https:\/\/us.edu.pl\/pracownik\/welcomepoint\/wp-content\/uploads\/sites\/69\/Zdjecia\/Na-strone\/Webinars-700x467.jpg 700w, https:\/\/us.edu.pl\/pracownik\/welcomepoint\/wp-content\/uploads\/sites\/69\/Zdjecia\/Na-strone\/Webinars-768x512.jpg 768w, https:\/\/us.edu.pl\/pracownik\/welcomepoint\/wp-content\/uploads\/sites\/69\/Zdjecia\/Na-strone\/Webinars-575x384.jpg 575w, https:\/\/us.edu.pl\/pracownik\/welcomepoint\/wp-content\/uploads\/sites\/69\/Zdjecia\/Na-strone\/Webinars.jpg 1000w\" sizes=\"(max-width: 700px) 100vw, 700px\" \/><\/p>\n<\/div>\r\n                    <\/div>\r\n                <\/div>[\/vc_column][\/vc_row]<\/p>\n<p><\/p>","protected":false},"excerpt":{"rendered":"<p>[vc_row el_class=&#8221;container&#8221;][vc_column][\/vc_column][\/vc_row][vc_row el_class=&#8221;container&#8221;][vc_column width=&#8221;2\/3&#8243;][\/vc_column][vc_column width=&#8221;1\/3&#8243;][\/vc_column][\/vc_row] [&#8230;]<\/p>\n<p><a class=\"btn btn-secondary understrap-read-more-link\" href=\"https:\/\/us.edu.pl\/pracownik\/welcomepoint\/en\/university-of-silesia\/english-accessibility\/\">Read More&#8230;<\/a><\/p>\n","protected":false},"author":25,"featured_media":0,"parent":272,"menu_order":0,"comment_status":"closed","ping_status":"closed","template":"","meta":{"_expiration-date-status":"","_expiration-date":0,"_expiration-date-type":"","_expiration-date-categories":[],"_expiration-date-options":[]},"acf":[],"_links":{"self":[{"href":"https:\/\/us.edu.pl\/pracownik\/welcomepoint\/en\/wp-json\/wp\/v2\/pages\/4521"}],"collection":[{"href":"https:\/\/us.edu.pl\/pracownik\/welcomepoint\/en\/wp-json\/wp\/v2\/pages"}],"about":[{"href":"https:\/\/us.edu.pl\/pracownik\/welcomepoint\/en\/wp-json\/wp\/v2\/types\/page"}],"author":[{"embeddable":true,"href":"https:\/\/us.edu.pl\/pracownik\/welcomepoint\/en\/wp-json\/wp\/v2\/users\/25"}],"replies":[{"embeddable":true,"href":"https:\/\/us.edu.pl\/pracownik\/welcomepoint\/en\/wp-json\/wp\/v2\/comments?post=4521"}],"version-history":[{"count":1,"href":"https:\/\/us.edu.pl\/pracownik\/welcomepoint\/en\/wp-json\/wp\/v2\/pages\/4521\/revisions"}],"predecessor-version":[{"id":4522,"href":"https:\/\/us.edu.pl\/pracownik\/welcomepoint\/en\/wp-json\/wp\/v2\/pages\/4521\/revisions\/4522"}],"up":[{"embeddable":true,"href":"https:\/\/us.edu.pl\/pracownik\/welcomepoint\/en\/wp-json\/wp\/v2\/pages\/272"}],"wp:attachment":[{"href":"https:\/\/us.edu.pl\/pracownik\/welcomepoint\/en\/wp-json\/wp\/v2\/media?parent=4521"}],"curies":[{"name":"wp","href":"https:\/\/api.w.org\/{rel}","templated":true}]}}