{"id":4531,"date":"2026-04-28T13:30:25","date_gmt":"2026-04-28T11:30:25","guid":{"rendered":"https:\/\/us.edu.pl\/pracownik\/welcomepoint\/?page_id=4531"},"modified":"2026-04-28T13:30:25","modified_gmt":"2026-04-28T11:30:25","slug":"english-pre-arrival","status":"publish","type":"page","link":"https:\/\/us.edu.pl\/pracownik\/welcomepoint\/en\/english-pre-arrival\/","title":{"rendered":"Pre-arrival"},"content":{"rendered":"<p><\/p>\n<p>[vc_row el_class=&#8221;container&#8221;][vc_column]\r\n                <div class=\"text-modules\">\r\n                    <div class=\"container\">\r\n                        <h3 class=\"page-title text__title\">Pre-arrival<\/h3>\r\n                        <div class=\"text-modules__content\"><\/div>\r\n                    <\/div>\r\n                <\/div>[\/vc_column][\/vc_row][vc_row el_class=&#8221;container&#8221;][vc_column width=&#8221;2\/3&#8243;]\r\n                <div class=\"text-modules\">\r\n                    <div class=\"container\">\r\n                        \r\n                        <div class=\"text-modules__content\"><\/p>\n<ol>\n<li><strong>Prepare the documents<\/strong><\/li>\n<\/ol>\n<p>After you learn that you have been recommended for employment in the open call you will receive an email message with a list of documents to supply to the Personnel\u00a0 Department. Please read it carefully, prepare\/fill in the documents and send them as instructed.<\/p>\n<ol start=\"2\">\n<li><strong>If you are not an EU citizen \u2013 apply for visa<\/strong><\/li>\n<\/ol>\n<p>If you are a non-EU citizen you need to obtain visa to come to work in Poland. Visas are issued by Polish Embassies or Consulates.\u00a0Please<strong> contact the Polish Embassy or Consulate in your own country or your current country of residence and check how to apply for visa and how the application process looks like. <\/strong><\/p>\n<p><strong>Apart from submitting the application you will also have to prepare some documents as a part of the application process. In the case you need any documents from your future employer, please write an e-mail with the list of documents from the university. In the case of doubts you need to contact the<\/strong> Polish Embassy or Consulate for information. There might be different requirements in different countries. When all the required documents are prepared, you need to register on-line at <a href=\"https:\/\/secure.e-konsulat.gov.pl\">https:\/\/secure.e-konsulat.gov.pl<\/a> , fill-in the visa application form and add the needed documents.<\/p>\n<p>Visas\u00a0are issued for\u00a0multiple or single entry. The type of visa you need is a <strong>National &#8220;D&#8221; type visa<\/strong>. It can be issued fora maximum period of 365 days. Having the D-type visa also entitles you to travel to other Schengen countries for max 90 days within the 180-day period.<\/p>\n<p>For detailed information on visas to Poland please visit\u00a0<a href=\"https:\/\/www.euraxess.pl\/poland\/information-assistance\/entry-conditions\/information-citizens-third-countries\">the Euraxess website<\/a>.<\/p>\n<p>Remember that working in Poland is not permitted on the basis of a tourist visa or visa for the purpose of visiting family or friends.<\/p>\n<ol start=\"3\">\n<li><strong>Prepare documents<\/strong><\/li>\n<\/ol>\n<p>While waiting for your visa prepare the documents you may need in Poland: your diplomas, marriage certificate etc.<\/p>\n<ol start=\"4\">\n<li><strong>Accommodation<\/strong><\/li>\n<\/ol>\n<p>It is good to start looking for a flat as soon as possible. University of Silesia may book you a room in one of its assistant houses (in Katowice, Chorz\u00f3w or Sosnowiec) if there are free places available. You can contact the Welcome Point to ask for such possibility.\u00a0 If there are no free rooms \u2013 you need to try to find the housing yourself.<\/p>\n<p>For detailed information on accommodation please visit\u00a0 \u2026<em>(link do naszej zak\u0142adki Accommodation)<\/em><\/p>\n<ol start=\"5\">\n<li><strong>Check life conditions in Poland<\/strong><\/li>\n<\/ol>\n<p>In the midst of preparing documentation and thinking about new challenges it is easy to forget to check more everyday matters as weather or prices of the basic products in the country where you are going to live for the next few years. Please bear in mind to do it in order to make your first weeks in the new country as smooth as possible.<\/p>\n<p>For detailed information on life conditions in Poland please visit\u00a0 <em>\u2026(link do naszej zak\u0142adki Life in Poland)<\/em><\/p>\n<ol start=\"6\">\n<li><strong>Contact the University to notify us of the date of your arrival to Poland<\/strong><\/li>\n<\/ol>\n<p>After you get your visa,\u00a0 please inform the university when you are going to arrive. It will help us to start preparing your documentation and booking work medicine examination for you in advance.<\/p>\n<\/div>\r\n                    <\/div>\r\n                <\/div>[\/vc_column][vc_column width=&#8221;1\/3&#8243;]\r\n                <div class=\"text-modules\">\r\n                    <div class=\"container\">\r\n                        \r\n                        <div class=\"text-modules__content\"><p><img class=\"alignnone size-medium wp-image-4476\" src=\"https:\/\/us.edu.pl\/pracownik\/welcomepoint\/wp-content\/uploads\/sites\/69\/Zdjecia\/Na-strone\/Webinars-700x467.jpg\" alt=\"Glasses laying on the black desk and a computer and notepad with pencil in the background. Okulary le\u017c\u0105ce na czarny biurku, w tle komputer i zeszyt z o\u0142\u00f3wkiem\" width=\"100%\" height=\"auto\" srcset=\"https:\/\/us.edu.pl\/pracownik\/welcomepoint\/wp-content\/uploads\/sites\/69\/Zdjecia\/Na-strone\/Webinars-700x467.jpg 700w, https:\/\/us.edu.pl\/pracownik\/welcomepoint\/wp-content\/uploads\/sites\/69\/Zdjecia\/Na-strone\/Webinars-768x512.jpg 768w, https:\/\/us.edu.pl\/pracownik\/welcomepoint\/wp-content\/uploads\/sites\/69\/Zdjecia\/Na-strone\/Webinars-575x384.jpg 575w, https:\/\/us.edu.pl\/pracownik\/welcomepoint\/wp-content\/uploads\/sites\/69\/Zdjecia\/Na-strone\/Webinars.jpg 1000w\" sizes=\"(max-width: 700px) 100vw, 700px\" \/><\/p>\n<\/div>\r\n                    <\/div>\r\n                <\/div>[\/vc_column][\/vc_row]<\/p>\n<p><\/p>","protected":false},"excerpt":{"rendered":"<p>[vc_row el_class=&#8221;container&#8221;][vc_column][\/vc_column][\/vc_row][vc_row el_class=&#8221;container&#8221;][vc_column width=&#8221;2\/3&#8243;][\/vc_column][vc_column width=&#8221;1\/3&#8243;][\/vc_column][\/vc_row] [&#8230;]<\/p>\n<p><a class=\"btn btn-secondary understrap-read-more-link\" href=\"https:\/\/us.edu.pl\/pracownik\/welcomepoint\/en\/english-pre-arrival\/\">Read More&#8230;<\/a><\/p>\n","protected":false},"author":25,"featured_media":0,"parent":0,"menu_order":0,"comment_status":"closed","ping_status":"closed","template":"","meta":{"_expiration-date-status":"","_expiration-date":0,"_expiration-date-type":"","_expiration-date-categories":[],"_expiration-date-options":[]},"acf":[],"_links":{"self":[{"href":"https:\/\/us.edu.pl\/pracownik\/welcomepoint\/en\/wp-json\/wp\/v2\/pages\/4531"}],"collection":[{"href":"https:\/\/us.edu.pl\/pracownik\/welcomepoint\/en\/wp-json\/wp\/v2\/pages"}],"about":[{"href":"https:\/\/us.edu.pl\/pracownik\/welcomepoint\/en\/wp-json\/wp\/v2\/types\/page"}],"author":[{"embeddable":true,"href":"https:\/\/us.edu.pl\/pracownik\/welcomepoint\/en\/wp-json\/wp\/v2\/users\/25"}],"replies":[{"embeddable":true,"href":"https:\/\/us.edu.pl\/pracownik\/welcomepoint\/en\/wp-json\/wp\/v2\/comments?post=4531"}],"version-history":[{"count":1,"href":"https:\/\/us.edu.pl\/pracownik\/welcomepoint\/en\/wp-json\/wp\/v2\/pages\/4531\/revisions"}],"predecessor-version":[{"id":4533,"href":"https:\/\/us.edu.pl\/pracownik\/welcomepoint\/en\/wp-json\/wp\/v2\/pages\/4531\/revisions\/4533"}],"wp:attachment":[{"href":"https:\/\/us.edu.pl\/pracownik\/welcomepoint\/en\/wp-json\/wp\/v2\/media?parent=4531"}],"curies":[{"name":"wp","href":"https:\/\/api.w.org\/{rel}","templated":true}]}}