{"id":182,"date":"2021-12-28T10:07:22","date_gmt":"2021-12-28T10:07:22","guid":{"rendered":"https:\/\/us.edu.pl\/pracownik\/welcomepoint\/?page_id=182"},"modified":"2026-03-30T13:09:09","modified_gmt":"2026-03-30T11:09:09","slug":"faq","status":"publish","type":"page","link":"https:\/\/us.edu.pl\/pracownik\/welcomepoint\/faq\/","title":{"rendered":"FAQ"},"content":{"rendered":"<p>[vc_row el_class=&#8221;container&#8221;][vc_column]\r\n                <div class=\"text-modules\">\r\n                    <div class=\"container\">\r\n                        \r\n                        <div class=\"text-modules__content\"><\/p>\n<p style=\"text-align: left;\"><small><span style=\"letter-spacing: 0.7mm; color: #000000; font-size: 140%;\"><strong>FAQ<\/strong><br \/>\n<\/span><\/small><\/p>\n<p>\n<\/div>\r\n                    <\/div>\r\n                <\/div>[vc_row_inner][vc_column_inner width=&#8221;1\/2&#8243;][vc_empty_space height=&#8221;1px&#8221; css=&#8221;.vc_custom_1640685725363{background-color: #fbba00 !important;}&#8221;][\/vc_column_inner][vc_column_inner width=&#8221;1\/2&#8243;][\/vc_column_inner][\/vc_row_inner][vc_empty_space][\/vc_column][\/vc_row][vc_row el_class=&#8221;container&#8221;][vc_column width=&#8221;1\/12&#8243;][\/vc_column][vc_column width=&#8221;7\/12&#8243;]\r\n                <div class=\"text-modules\">\r\n                    <div class=\"container\">\r\n                        \r\n                        <div class=\"text-modules__content\"><p><strong>Przylatuj\u0119 na lotnisko Chopina w Warszawie. Jak najszybciej dostan\u0119 si\u0119 do Katowic?<\/strong><\/p>\n<hr \/>\n<p>Najpierw trzeba dojecha\u0107 z lotniska poci\u0105giem do stacji Warszawa Zachodnia (linie S2 i S3).<br \/>\nCzas podr\u00f3\u017cy: ok. 20 min. Cena biletu: ok. 4 z\u0142 (za 1 bilet). Bilety mo\u017cna kupi\u0107 w automacie.<\/p>\n<p><a href=\"https:\/\/www.wtp.waw.pl\/\">Rozk\u0142ad jazdy<\/a><\/p>\n<p>Nast\u0119pnie trzeba wsi\u0105\u015b\u0107 do poci\u0105gu z Warszawy Zachodniej do centrum Katowic (stacja Katowice).<br \/>\nCzas podr\u00f3\u017cy: ok. 2 h 30 min. Cena biletu: ok. 49\u2013150 z\u0142 (w zale\u017cno\u015bci od tego, kiedy rezerwujemy bilet \u2013 bilety mo\u017cna kupi\u0107 online lub w kasie biletowej na stacji.<\/p>\n<p><a href=\"https:\/\/www.metropoliaztm.pl\/pl\/\">Rozk\u0142ad jazdy i bilety<\/a><\/p>\n<p>&nbsp;<\/p>\n<p><strong>Jak dojecha\u0107 do centrum Katowic z lotniska Pyrzowice? <\/strong><\/p>\n<hr \/>\n<p>Z lotniska Pyrzowice je\u017cd\u017c\u0105 specjalne autobusy do centrum Katowic.<br \/>\nCzas podr\u00f3\u017cy: ok. 30 min. Cena biletu: 20 z\u0142 (jeden bilet), 40 z\u0142 (bilet w obie strony) \u2013 bilety mo\u017cna kupi\u0107 <a href=\"https:\/\/www.matuszek.com.pl\/index.php\">online<\/a> lub u kierowcy<\/p>\n<p>Informacje o przejazdach z lotniska do Katowic mo\u017cna znale\u017a\u0107 na stronie: <a href=\"https:\/\/www.metropoliaztm.pl\/pl\/\">Metropolia ZTM<\/a>.<\/p>\n<p>&nbsp;<\/p>\n<p><strong>Gdzie mog\u0119 uzyska\u0107 informacje na temat korzystania z transportu publicznego w Katowicach, Sosnowcu i Chorzowie?<\/strong><\/p>\n<hr \/>\n<p>Transport publiczny: komunikacja autobusowa, tramwajowa czy kolej s\u0105 dobrze zorganizowane w tym regionie. Dost\u0119pne s\u0105 bilety jednorazowe oraz okresowe. Transport z biletem okresowym jest ta\u0144szy. Wi\u0119cej informacji tutaj: <a href=\"https:\/\/portal.kartaskup.pl\/\">Karta \u015aKUP<\/a><\/p>\n<p>Autobusy i tramwaje: <a href=\"https:\/\/rj.metropoliaztm.pl\/?lang=pl\">rozk\u0142ad jazdy<\/a><br \/>\nLokalne poci\u0105gi: <a href=\"https:\/\/www.kolejeslaskie.com\/\">rozk\u0142ad jazdy<\/a><\/p>\n<p>&nbsp;<\/p>\n<p><strong>Gdzie mog\u0119 nauczy\u0107 si\u0119 j\u0119zyka polskiego?<\/strong><\/p>\n<hr \/>\n<p>Ka\u017cdy pracownik Uczelni mo\u017ce skorzysta\u0107 z mo\u017cliwo\u015bci nauki j\u0119zyka polskiego. Szko\u0142a J\u0119zyka Polskiego oferuje zaj\u0119cia w grupach, dwa razy w tygodniu, bezp\u0142atne dla pracownik\u00f3w Uniwersytetu lub kursy indywidualne (\u00e0 la carte). Zapraszamy do zapis\u00f3w na kurs, a wi\u0119cej informacji znajd\u0105 Pa\u0144stwo na stronie &#8211; <a href=\"https:\/\/www.sjikp.us.edu.pl\/pl\/\">Szko\u0142a J\u0119zyka i Kultury Polskiej Uniwersystet \u015al\u0105ski (us.edu.pl)<\/a>.<\/p>\n<p>&nbsp;<\/p>\n<p><strong>Ile kosztuje \u017cycie w Polsce? Jakie s\u0105 ceny?<\/strong><\/p>\n<hr \/>\n<p>Ceny podstawowych artyku\u0142\u00f3w mo\u017cna sprawdzi\u0107<a href=\"https:\/\/new.stat.gov.pl\/\"> tutaj<\/a><\/p>\n<p>&nbsp;<\/p>\n<p><strong>Gdzie mog\u0119 znale\u017a\u0107 aktualne oferty pracy na Uniwersytecie \u015al\u0105skim?<\/strong><\/p>\n<hr \/>\n<p>Aktualne oferty pracy oraz otwarte konkursy na stanowiska nauczycieli akademickich w j\u0119zyku w j\u0119zyku polskim: <a href=\"https:\/\/us.edu.pl\/pracownik\/oferty-pracy\/\">Oferty pracy | Pracownik (us.edu.pl)<\/a><\/p>\n<\/div>\r\n                    <\/div>\r\n                <\/div>[\/vc_column][vc_column width=&#8221;4\/12&#8243;]\r\n                <div class=\"text-modules\">\r\n                    <div class=\"container\">\r\n                        \r\n                        <div class=\"text-modules__content\"><p><img class=\"alignnone wp-image-184 size-full\" src=\"https:\/\/us.edu.pl\/pracownik\/welcomepoint\/wp-content\/uploads\/sites\/69\/Grafiki\/Obrazki-wyr\u00f3\u017cniaj\u0105ce\/FAQ.jpg\" alt=\"Welcome Point First Steps\" width=\"100%\" height=\"AUTO\" srcset=\"https:\/\/us.edu.pl\/pracownik\/welcomepoint\/wp-content\/uploads\/sites\/69\/Grafiki\/Obrazki-wyr\u00f3\u017cniaj\u0105ce\/FAQ.jpg 800w, https:\/\/us.edu.pl\/pracownik\/welcomepoint\/wp-content\/uploads\/sites\/69\/Grafiki\/Obrazki-wyr\u00f3\u017cniaj\u0105ce\/FAQ-300x225.jpg 300w, https:\/\/us.edu.pl\/pracownik\/welcomepoint\/wp-content\/uploads\/sites\/69\/Grafiki\/Obrazki-wyr\u00f3\u017cniaj\u0105ce\/FAQ-768x576.jpg 768w, https:\/\/us.edu.pl\/pracownik\/welcomepoint\/wp-content\/uploads\/sites\/69\/Grafiki\/Obrazki-wyr\u00f3\u017cniaj\u0105ce\/FAQ-575x431.jpg 575w\" sizes=\"(max-width: 800px) 100vw, 800px\" \/><\/p>\n<\/div>\r\n                    <\/div>\r\n                <\/div>[\/vc_column][\/vc_row]<\/p>","protected":false},"excerpt":{"rendered":"<p>[vc_row el_class=&#8221;container&#8221;][vc_column][vc_row_inner][vc_column_inner width=&#8221;1\/2&#8243;][vc_empty_space height=&#8221;1px&#8221; css=&#8221;.vc_custom_1640685725363{background-color: #fbba00 !important;}&#8221;][\/vc_column_inner][vc_column_inner width=&#8221;1\/2&#8243;][\/vc_column_inner][\/vc_row_inner][vc_empty_space][\/vc_column][\/vc_row][vc_row el_class=&#8221;container&#8221;][vc_column width=&#8221;1\/12&#8243;][\/vc_column][vc_column width=&#8221;7\/12&#8243;][\/vc_column][vc_column width=&#8221;4\/12&#8243;][\/vc_column][\/vc_row] [&#8230;]<\/p>\n<p><a class=\"btn btn-secondary understrap-read-more-link\" href=\"https:\/\/us.edu.pl\/pracownik\/welcomepoint\/faq\/\">Read More&#8230;<\/a><\/p>\n","protected":false},"author":139,"featured_media":184,"parent":0,"menu_order":0,"comment_status":"closed","ping_status":"closed","template":"","meta":{"_expiration-date-status":"","_expiration-date":0,"_expiration-date-type":"","_expiration-date-categories":[],"_expiration-date-options":[]},"acf":[],"_links":{"self":[{"href":"https:\/\/us.edu.pl\/pracownik\/welcomepoint\/wp-json\/wp\/v2\/pages\/182"}],"collection":[{"href":"https:\/\/us.edu.pl\/pracownik\/welcomepoint\/wp-json\/wp\/v2\/pages"}],"about":[{"href":"https:\/\/us.edu.pl\/pracownik\/welcomepoint\/wp-json\/wp\/v2\/types\/page"}],"author":[{"embeddable":true,"href":"https:\/\/us.edu.pl\/pracownik\/welcomepoint\/wp-json\/wp\/v2\/users\/139"}],"replies":[{"embeddable":true,"href":"https:\/\/us.edu.pl\/pracownik\/welcomepoint\/wp-json\/wp\/v2\/comments?post=182"}],"version-history":[{"count":10,"href":"https:\/\/us.edu.pl\/pracownik\/welcomepoint\/wp-json\/wp\/v2\/pages\/182\/revisions"}],"predecessor-version":[{"id":4474,"href":"https:\/\/us.edu.pl\/pracownik\/welcomepoint\/wp-json\/wp\/v2\/pages\/182\/revisions\/4474"}],"wp:featuredmedia":[{"embeddable":true,"href":"https:\/\/us.edu.pl\/pracownik\/welcomepoint\/wp-json\/wp\/v2\/media\/184"}],"wp:attachment":[{"href":"https:\/\/us.edu.pl\/pracownik\/welcomepoint\/wp-json\/wp\/v2\/media?parent=182"}],"curies":[{"name":"wp","href":"https:\/\/api.w.org\/{rel}","templated":true}]}}