{"id":2258,"date":"2023-03-24T07:39:45","date_gmt":"2023-03-24T06:39:45","guid":{"rendered":"https:\/\/us.edu.pl\/pracownik\/welcomepoint\/?page_id=2258"},"modified":"2023-04-13T15:43:13","modified_gmt":"2023-04-13T13:43:13","slug":"rozmowa-o-metropolii","status":"publish","type":"page","link":"https:\/\/us.edu.pl\/pracownik\/welcomepoint\/virtual-job-fair-2023\/rozmowa-o-metropolii\/","title":{"rendered":"Rozmowa o metropolii"},"content":{"rendered":"<p>[vc_row el_class=&#8221;container&#8221;][vc_column]\r\n                <div class=\"text-modules\">\r\n                    <div class=\"container\">\r\n                        \r\n                        <div class=\"text-modules__content\"><\/p>\n<h2>Rozmowa z Henrykiem Borczykiem, wiceprzewodnicz\u0105cym zarz\u0105du G\u00f3rno\u015bl\u0105sko-Zag\u0142\u0119biowskiej Metropolii<\/h2>\n<p>\n<\/div>\r\n                    <\/div>\r\n                <\/div>[\/vc_column][\/vc_row][vc_row el_class=&#8221;container&#8221;][vc_column width=&#8221;2\/3&#8243;]\r\n                <div class=\"text-modules\">\r\n                    <div class=\"container\">\r\n                        \r\n                        <div class=\"text-modules__content\"><p><strong>Jakie jest znaczenie Metropolii GZM dla mieszka\u0144c\u00f3w regionu?<\/strong><\/p>\n<p>Metropolia GZM to pierwsza tego typu instytucja w Polsce. Funkcjonujemy ju\u017c od sze\u015bciu lat, a naszym celem jest u\u0142atwianie \u017cycia mieszka\u0144com, poprzez podnoszenie jako\u015bci \u015bwiadczenia r\u00f3\u017cnego rodzaju us\u0142ug publicznych. Przyk\u0142adem mo\u017ce by\u0107 m.in. transport publiczny. Metropoli\u0119 tworzy 41 s\u0105siaduj\u0105cych ze sob\u0105 miast i gmin w centrum wojew\u00f3dztwa \u015bl\u0105skiego. Na naszym terenie dzia\u0142aj\u0105 a\u017c 24 szko\u0142y wy\u017csze, na kt\u00f3rych kszta\u0142ci si\u0119 blisko 90 tys. student\u00f3w, w tym prawie 2 tys. obcokrajowc\u00f3w pochodz\u0105cych z blisko 100 r\u00f3\u017cnych pa\u0144stw na \u015bwiecie.<\/p>\n<p><strong>Jakie s\u0105 g\u0142\u00f3wne korzy\u015bci dla os\u00f3b studiuj\u0105cych lub pracuj\u0105cych w Metropolii GZM?<\/strong><\/p>\n<p>Metropolia GZM otwiera wyj\u0105tkowe mo\u017cliwo\u015bci. Jedn\u0105 z nich jest szansa uczestniczenia w zaj\u0119ciach i konsultacjach prowadzonych przez \u015bwiatowej klasy naukowc\u00f3w, kt\u00f3rzy na co dzie\u0144 pracuj\u0105 na uczelniach znajduj\u0105cych si\u0119 w czo\u0142\u00f3wkach presti\u017cowych ranking\u00f3w. Organizowanie tego typu spotka\u0144 mie\u015bci si\u0119 w podstawowych obszarach dzia\u0142ania powo\u0142anego przez nas kilka lat temu Metropolitalnego Funduszu Wspierania Nauki. Wsparcie finansowe na realizacj\u0119 ambitnych projekt\u00f3w badawczych i naukowych przekazujemy r\u00f3wnie\u017c studentom i doktorantom. Fundusz powsta\u0142, poniewa\u017c dostrzegamy kluczowe znaczenie wysokiego poziomu szkolnictwa wy\u017cszego oraz dobrej oferty naukowej i dydaktycznej. Ponadto uniwersytety maj\u0105 olbrzymi potencja\u0142 miastotw\u00f3rczy. Poprzez nasze zaanga\u017cowanie w fundusz chcemy r\u00f3wnie\u017c tworzy\u0107 atrakcyjne warunki do rozwoju osobistego i zawodowego, a dzi\u0119ki temu zach\u0119ca\u0107 naukowc\u00f3w oraz m\u0142odych mieszka\u0144c\u00f3w, aby zwi\u0105zali swoj\u0105 przysz\u0142o\u015b\u0107 w\u0142a\u015bnie z naszymi miastami i gminami.<\/p>\n<p><strong>Czy w ci\u0105gu ostatnich kilku lat zauwa\u017cono wzrost liczby os\u00f3b, kt\u00f3re decyduj\u0105 si\u0119 na studiowanie lub prac\u0119 w Metropolii GZM?<\/strong><\/p>\n<p>Z prowadzonych bada\u0144 dotycz\u0105cych sytuacji obcokrajowc\u00f3w w naszym regionie wy\u0142aniaj\u0105 si\u0119 bardzo ciekawe wnioski. Co prawda badania te odby\u0142y si\u0119 pomi\u0119dzy pandemi\u0105 a wybuchem wojny na Ukrainie, niemniej wskazuj\u0105 na odwracaj\u0105cy si\u0119 trend migracji: do pracy w Polsce przyje\u017cd\u017ca wi\u0119cej os\u00f3b zza granicy ni\u017c wyje\u017cd\u017ca z naszego kraju w poszukiwaniu pracy. Dr Rafa\u0142 Cekiera, socjolog z Uniwersytetu \u015al\u0105skiego i autor raportu przygotowanego ze stowarzyszeniem Pro Silesia, zwraca uwag\u0119, \u017ce ok. 40 % badanych wyrazi\u0142o ch\u0119\u0107 pozostania w naszym wojew\u00f3dztwie na sta\u0142e, a wi\u0119c nie jeste\u015bmy tylko miejscem tranzytowym w ich dalszej podr\u00f3\u017cy. To ca\u0142kiem spory odsetek! Badani cz\u0119sto w swoich wypowiedziach podkre\u015blali, \u017ce pomimo tego, i\u017c na decyzj\u0119 o podj\u0119ciu przez nich tutaj pracy wp\u0142yw mia\u0142y r\u00f3\u017cnego rodzaju zbiegi okoliczno\u015bci, to zostali pozytywnie zaskoczeni ofert\u0105 naszego regionu. Zwracali uwag\u0119, \u017ce koszty utrzymania s\u0105 ni\u017csze ni\u017c w innych regionach Polski, natomiast mo\u017cliwo\u015bci rozwoju zawodowego, atrakcyjne oferty pracy, \u0142atwo\u015b\u0107 i wygoda przemieszczania si\u0119 i podr\u00f3\u017cowania oraz szeroki wachlarz mo\u017cliwo\u015bci sp\u0119dzenia wolnego czasu jest bardzo zadowalaj\u0105cy i por\u00f3wnywalny przez nich do innych, bardziej popularnych kierunk\u00f3w studi\u00f3w.<\/p>\n<p><strong>Jakie udogodnienia oferowane s\u0105 osobom, kt\u00f3re przyje\u017cd\u017caj\u0105 do Metropolii GZM z innych cz\u0119\u015bci Polski lub z zagranicy. W jaki spos\u00f3b mog\u0105 si\u0119 tutaj zaaklimatyzowa\u0107? <\/strong><\/p>\n<p>Onboarding, czyli wspomniana aklimatyzacja dla naszych nowych mieszka\u0144c\u00f3w, przyje\u017cd\u017caj\u0105cych z innych stron Polski lub z zagranicy, chc\u0105cych podj\u0105\u0107 tutaj prac\u0119, za\u0142o\u017cy\u0107 biznes lub kszta\u0142ci\u0107 si\u0119, jest dla nas niezwykle istotny. Mamy \u015bwiadomo\u015b\u0107, \u017ce to etap kluczowy, aby m\u00f3c poczu\u0107 si\u0119 \u201ejak u siebie\u201d. Jeste\u015bmy w trakcie przygotowywania standard\u00f3w integracji cudzoziemc\u00f3w w naszej Metropolii, obejmuj\u0105cych r\u00f3wnie\u017c wspomniany onboarding. Przygotowujemy je w szerokim gronie partner\u00f3w. Standardy powstaj\u0105 we wsp\u00f3\u0142pracy z organizacjami pozarz\u0105dowymi i biznesowymi oraz uczelniami.<\/p>\n<p><strong>Jakie s\u0105 plany Metropolii GZM w zakresie rozwoju infrastruktury, w tym wp\u0142ywaj\u0105cych na komfort student\u00f3w i pracownik\u00f3w przyje\u017cd\u017caj\u0105cych z innych region\u00f3w Polski lub kraj\u00f3w, oraz jakie nowe inicjatywy zostan\u0105 wprowadzane w przysz\u0142o\u015bci?<\/strong><\/p>\n<p>Od samego pocz\u0105tku naszego istnienia pog\u0142\u0119biamy integracj\u0119 transportu publicznego, aby maksymalnie u\u0142atwia\u0107 podr\u00f3\u017cowanie po GZM. Budujemy system dobrej i zr\u00f3wnowa\u017conej mobilno\u015bci miejskiej. Jego kr\u0119gos\u0142upem i podstaw\u0105 b\u0119dzie kolej, poniewa\u017c jest to najbardziej ekologiczny i najszybszy \u015brodek transportu w aglomeracjach. Ju\u017c teraz wprowadzili\u015bmy wsp\u00f3lne bilety, kt\u00f3re umo\u017cliwiaj\u0105 korzystanie z poci\u0105g\u00f3w regionalnego przewo\u017anika oraz komunikacji autobusowej. Wspieramy finansowo uruchamianie dodatkowych kurs\u00f3w poci\u0105g\u00f3w. Do czasu budowy nowych tor\u00f3w aglomeracyjnych oraz powstania Kolei Metropolitalnej uruchamiamy po\u0142\u0105czenia autobusowe, metrolinie, kt\u00f3re usprawniaj\u0105 podr\u00f3\u017cowanie po GZM. Wa\u017cnym elementem tego systemu b\u0119dzie uruchomienie Roweru Metropolitalnego, poniewa\u017c w naszej ocenie jest to bezkonkurencyjny \u015brodek transportu, zw\u0142aszcza podczas kr\u00f3tkich podr\u00f3\u017cy po mie\u015bcie. Jeste\u015bmy r\u00f3wnie\u017c przed rozpocz\u0119ciem budowy pierwszych kilometr\u00f3w (ze 120 km zaplanowanych) velostrad, czyli szybkich, bezkolizyjnych dr\u00f3g rowerowych, odseparowanych od ruchu samochodowego. My\u015bl\u0105c o infrastrukturze, w optyce naszych zainteresowa\u0144 mie\u015bci si\u0119 r\u00f3wnie\u017c wprowadzenie zintegrowanych rozwi\u0105za\u0144 systemowych. Dzi\u0119ki nim, docelowo zakup biletu dla r\u00f3\u017cnych \u015brodk\u00f3w transportu b\u0119dzie mo\u017cliwy z poziomu jednej aplikacji mobilnej \u2013 Transport GZM.<\/p>\n<\/div>\r\n                    <\/div>\r\n                <\/div>[\/vc_column][vc_column width=&#8221;1\/3&#8243;]\r\n                <div class=\"text-modules\">\r\n                    <div class=\"container\">\r\n                        \r\n                        <div class=\"text-modules__content\"><p><img class=\"size-medium wp-image-2373\" src=\"https:\/\/us.edu.pl\/pracownik\/welcomepoint\/wp-content\/uploads\/sites\/69\/Zdjecia\/EGE3782X-700x467.jpg\" alt=\"Henryk Boryczka\" width=\"100%\" height=\"auto\" srcset=\"https:\/\/us.edu.pl\/pracownik\/welcomepoint\/wp-content\/uploads\/sites\/69\/Zdjecia\/EGE3782X-700x467.jpg 700w, https:\/\/us.edu.pl\/pracownik\/welcomepoint\/wp-content\/uploads\/sites\/69\/Zdjecia\/EGE3782X-768x512.jpg 768w, https:\/\/us.edu.pl\/pracownik\/welcomepoint\/wp-content\/uploads\/sites\/69\/Zdjecia\/EGE3782X-575x383.jpg 575w, https:\/\/us.edu.pl\/pracownik\/welcomepoint\/wp-content\/uploads\/sites\/69\/Zdjecia\/EGE3782X.jpg 900w\" sizes=\"(max-width: 700px) 100vw, 700px\" \/><\/p>\n<p style=\"font-size: small;\">Henryk Borczyk, wiceprzewodnicz\u0105cy zarz\u0105du G\u00f3rno\u015bl\u0105sko-Zag\u0142\u0119biowskiej Metropolii. Fot. Dariusz Iwa\u0144ski | materia\u0142y prasowe Metropolii GZM<\/p>\n<p>\n<\/div>\r\n                    <\/div>\r\n                <\/div>[\/vc_column][\/vc_row]<\/p>","protected":false},"excerpt":{"rendered":"<p>[vc_row el_class=&#8221;container&#8221;][vc_column][\/vc_column][\/vc_row][vc_row el_class=&#8221;container&#8221;][vc_column width=&#8221;2\/3&#8243;][\/vc_column][vc_column width=&#8221;1\/3&#8243;][\/vc_column][\/vc_row] [&#8230;]<\/p>\n<p><a class=\"btn btn-secondary understrap-read-more-link\" href=\"https:\/\/us.edu.pl\/pracownik\/welcomepoint\/virtual-job-fair-2023\/rozmowa-o-metropolii\/\">Read More&#8230;<\/a><\/p>\n","protected":false},"author":139,"featured_media":0,"parent":2185,"menu_order":0,"comment_status":"closed","ping_status":"closed","template":"","meta":{"_expiration-date-status":"","_expiration-date":0,"_expiration-date-type":"","_expiration-date-categories":[],"_expiration-date-options":[]},"acf":[],"_links":{"self":[{"href":"https:\/\/us.edu.pl\/pracownik\/welcomepoint\/wp-json\/wp\/v2\/pages\/2258"}],"collection":[{"href":"https:\/\/us.edu.pl\/pracownik\/welcomepoint\/wp-json\/wp\/v2\/pages"}],"about":[{"href":"https:\/\/us.edu.pl\/pracownik\/welcomepoint\/wp-json\/wp\/v2\/types\/page"}],"author":[{"embeddable":true,"href":"https:\/\/us.edu.pl\/pracownik\/welcomepoint\/wp-json\/wp\/v2\/users\/139"}],"replies":[{"embeddable":true,"href":"https:\/\/us.edu.pl\/pracownik\/welcomepoint\/wp-json\/wp\/v2\/comments?post=2258"}],"version-history":[{"count":8,"href":"https:\/\/us.edu.pl\/pracownik\/welcomepoint\/wp-json\/wp\/v2\/pages\/2258\/revisions"}],"predecessor-version":[{"id":2420,"href":"https:\/\/us.edu.pl\/pracownik\/welcomepoint\/wp-json\/wp\/v2\/pages\/2258\/revisions\/2420"}],"up":[{"embeddable":true,"href":"https:\/\/us.edu.pl\/pracownik\/welcomepoint\/wp-json\/wp\/v2\/pages\/2185"}],"wp:attachment":[{"href":"https:\/\/us.edu.pl\/pracownik\/welcomepoint\/wp-json\/wp\/v2\/media?parent=2258"}],"curies":[{"name":"wp","href":"https:\/\/api.w.org\/{rel}","templated":true}]}}