{"id":249,"date":"2021-12-29T12:04:08","date_gmt":"2021-12-29T12:04:08","guid":{"rendered":"https:\/\/us.edu.pl\/pracownik\/welcomepoint\/?page_id=249"},"modified":"2025-07-11T10:39:34","modified_gmt":"2025-07-11T08:39:34","slug":"come2us","status":"publish","type":"page","link":"https:\/\/us.edu.pl\/pracownik\/welcomepoint\/come2us\/","title":{"rendered":"projekt come2us"},"content":{"rendered":"<p><\/p>\n<p>[vc_row el_class=&#8221;container&#8221;][vc_column]\r\n                <div class=\"text-modules\">\r\n                    <div class=\"container\">\r\n                        \r\n                        <div class=\"text-modules__content\"><\/p>\n<p style=\"text-align: left;\"><small><span style=\"letter-spacing: 0.7mm; color: #000000; font-size: 140%;\"><strong>PROJEKT COME2US<\/strong><br \/>\n<\/span><\/small><\/p>\n<p>\n<\/div>\r\n                    <\/div>\r\n                <\/div>[vc_row_inner][vc_column_inner width=&#8221;1\/2&#8243;][vc_empty_space height=&#8221;1px&#8221; css=&#8221;.vc_custom_1640685725363{background-color: #fbba00 !important;}&#8221;][\/vc_column_inner][vc_column_inner width=&#8221;1\/2&#8243;][\/vc_column_inner][\/vc_row_inner][vc_empty_space][\/vc_column][\/vc_row][vc_row el_class=&#8221;container&#8221;][vc_column width=&#8221;1\/12&#8243;][\/vc_column][vc_column width=&#8221;7\/12&#8243;]\r\n                <div class=\"text-modules\">\r\n                    <div class=\"container\">\r\n                        \r\n                        <div class=\"text-modules__content\"><p>Uniwersytet \u015al\u0105ski w Katowicach aktywnie uczestniczy w \u017cyciu naukowym w swoim regionie, w Polsce i na \u015bwiecie. Wsp\u00f3\u0142pracuje z wieloma uczelniami z ca\u0142ego \u015bwiata i samodzielnie, w konsorcjach czy w ramach partnerstw, z sukcesami realizuje projekty finansowane ze \u015brodk\u00f3w zewn\u0119trznych, co pozwala na sta\u0142e zwi\u0119kszanie poziomu internacjonalizacji. Jednym z nich jest projekt pn. \u201eCome2US \u2013 profesjonalizacja i centralizacja obs\u0142ugi pracownik\u00f3w zagranicznych w Uniwersytecie \u015al\u0105skim w Katowicach\u201d (w skr\u00f3cie Come2US) finansowany przez Narodow\u0105 Agencj\u0119 Wymiany Akademickiej w ramach Programu Welcome to Poland.<\/p>\n<p>&nbsp;<\/p>\n<p><strong>O projekcie:<\/strong><\/p>\n<p>Projekt Come2US by\u0142 skierowany do pracownik\u00f3w zagranicznych Uniwersytetu \u015al\u0105skiego oraz do potencjalnych kandydat\u00f3w z zagranicy. Jego celem by\u0142a centralizacja dotychczasowych dzia\u0142a\u0144 zwi\u0105zanych ze wsparciem pracownik\u00f3w zagranicznych oraz zapewnienie dost\u0119pu do informacji o pracy na Uniwersytecie \u015al\u0105skim osobom zainteresowanym zatrudnieniem na naszej uczelni. W\u015br\u00f3d zada\u0144 projektu Come2US by\u0142o stworzenie miejsca, zar\u00f3wno w przestrzeni fizycznej, jak i wirtualnej, gdzie pracownicy zagraniczni mog\u0105 uzyska\u0107 profesjonalne wsparcie. Projekt Come2US zosta\u0142 zrealizowany i zako\u0144czy\u0142 si\u0119 31.05.2023r. Jednym z rezultat\u00f3w projektu jest niniejsza strona.<\/p>\n<p>&nbsp;<\/p>\n<p><strong>Czas trwania projektu:<\/strong> od 1 czerwca 2021 roku do 31 maja 2023 roku.<\/p>\n<p><strong>Wysoko\u015b\u0107 finansowania:<\/strong> 331 134,84 z\u0142<\/p>\n<\/div>\r\n                    <\/div>\r\n                <\/div>[\/vc_column][vc_column width=&#8221;4\/12&#8243; el_class=&#8221;foto&#8221;]\r\n                <div class=\"text-modules\">\r\n                    <div class=\"container\">\r\n                        \r\n                        <div class=\"text-modules__content\"><\/p>\n<p style=\"text-align: center;\"><img class=\"alignnone wp-image-140 size-full\" src=\"https:\/\/us.edu.pl\/pracownik\/welcomepoint\/wp-content\/uploads\/sites\/69\/Zdj\u0119cia\/Biuro-Welcome-Point\/DSC_0989-1.jpg\" alt=\"Agata So\u0142drowska \u2013 portrait photo\" width=\"40%\" height=\"auto\" srcset=\"https:\/\/us.edu.pl\/pracownik\/welcomepoint\/wp-content\/uploads\/sites\/69\/Zdj\u0119cia\/Biuro-Welcome-Point\/DSC_0989-1.jpg 500w, https:\/\/us.edu.pl\/pracownik\/welcomepoint\/wp-content\/uploads\/sites\/69\/Zdj\u0119cia\/Biuro-Welcome-Point\/DSC_0989-1-150x150.jpg 150w, https:\/\/us.edu.pl\/pracownik\/welcomepoint\/wp-content\/uploads\/sites\/69\/Zdj\u0119cia\/Biuro-Welcome-Point\/DSC_0989-1-300x300.jpg 300w\" sizes=\"(max-width: 500px) 100vw, 500px\" \/><\/p>\n<p style=\"text-align: center;\"><span style=\"font-size: 100%; font-family: 'PT Sans Narrow'; text-align: center;\"><strong>Agata So\u0142drowska<\/strong><br \/>\n<span style=\"font-family: 'PT Sans';\">koordynatorka projektu Welcome2US<\/span><br \/>\n<span style=\"font-family: 'PT Sans';\"><a style=\"color: #333333;\" href=\"mailto:agata.soldrowska@us.edu.pl\">agata.soldrowska@us.edu.pl<\/a><\/span><\/span><\/p>\n<p>\n<\/div>\r\n                    <\/div>\r\n                <\/div>[\/vc_column][\/vc_row]<\/p>\n<p><\/p>","protected":false},"excerpt":{"rendered":"<p>[vc_row el_class=&#8221;container&#8221;][vc_column][vc_row_inner][vc_column_inner width=&#8221;1\/2&#8243;][vc_empty_space height=&#8221;1px&#8221; css=&#8221;.vc_custom_1640685725363{background-color: #fbba00 !important;}&#8221;][\/vc_column_inner][vc_column_inner width=&#8221;1\/2&#8243;][\/vc_column_inner][\/vc_row_inner][vc_empty_space][\/vc_column][\/vc_row][vc_row el_class=&#8221;container&#8221;][vc_column width=&#8221;1\/12&#8243;][\/vc_column][vc_column width=&#8221;7\/12&#8243;][\/vc_column][vc_column width=&#8221;4\/12&#8243; el_class=&#8221;foto&#8221;][\/vc_column][\/vc_row] [&#8230;]<\/p>\n<p><a class=\"btn btn-secondary understrap-read-more-link\" href=\"https:\/\/us.edu.pl\/pracownik\/welcomepoint\/come2us\/\">Read More&#8230;<\/a><\/p>\n","protected":false},"author":139,"featured_media":258,"parent":0,"menu_order":0,"comment_status":"closed","ping_status":"closed","template":"","meta":{"_expiration-date-status":"","_expiration-date":0,"_expiration-date-type":"","_expiration-date-categories":[],"_expiration-date-options":[]},"acf":[],"_links":{"self":[{"href":"https:\/\/us.edu.pl\/pracownik\/welcomepoint\/wp-json\/wp\/v2\/pages\/249"}],"collection":[{"href":"https:\/\/us.edu.pl\/pracownik\/welcomepoint\/wp-json\/wp\/v2\/pages"}],"about":[{"href":"https:\/\/us.edu.pl\/pracownik\/welcomepoint\/wp-json\/wp\/v2\/types\/page"}],"author":[{"embeddable":true,"href":"https:\/\/us.edu.pl\/pracownik\/welcomepoint\/wp-json\/wp\/v2\/users\/139"}],"replies":[{"embeddable":true,"href":"https:\/\/us.edu.pl\/pracownik\/welcomepoint\/wp-json\/wp\/v2\/comments?post=249"}],"version-history":[{"count":9,"href":"https:\/\/us.edu.pl\/pracownik\/welcomepoint\/wp-json\/wp\/v2\/pages\/249\/revisions"}],"predecessor-version":[{"id":4333,"href":"https:\/\/us.edu.pl\/pracownik\/welcomepoint\/wp-json\/wp\/v2\/pages\/249\/revisions\/4333"}],"wp:featuredmedia":[{"embeddable":true,"href":"https:\/\/us.edu.pl\/pracownik\/welcomepoint\/wp-json\/wp\/v2\/media\/258"}],"wp:attachment":[{"href":"https:\/\/us.edu.pl\/pracownik\/welcomepoint\/wp-json\/wp\/v2\/media?parent=249"}],"curies":[{"name":"wp","href":"https:\/\/api.w.org\/{rel}","templated":true}]}}