{"id":273,"date":"2021-12-30T09:58:37","date_gmt":"2021-12-30T09:58:37","guid":{"rendered":"https:\/\/us.edu.pl\/pracownik\/welcomepoint\/?page_id=273"},"modified":"2025-07-11T10:38:36","modified_gmt":"2025-07-11T08:38:36","slug":"benefits","status":"publish","type":"page","link":"https:\/\/us.edu.pl\/pracownik\/welcomepoint\/benefits\/","title":{"rendered":"Benefity"},"content":{"rendered":"<p><\/p>\n<p>[vc_row el_class=&#8221;container&#8221;][vc_column]\r\n                <div class=\"text-modules\">\r\n                    <div class=\"container\">\r\n                        \r\n                        <div class=\"text-modules__content\"><\/p>\n<p style=\"text-align: left;\"><small><span style=\"letter-spacing: 0.7mm; color: #000000; font-size: 140%;\"><strong>Benefity<\/strong><br \/>\n<\/span><\/small><\/p>\n<p>\n<\/div>\r\n                    <\/div>\r\n                <\/div>[vc_row_inner][vc_column_inner width=&#8221;1\/2&#8243;][vc_empty_space height=&#8221;1px&#8221; css=&#8221;.vc_custom_1640685725363{background-color: #fbba00 !important;}&#8221;][\/vc_column_inner][vc_column_inner width=&#8221;1\/2&#8243;][\/vc_column_inner][\/vc_row_inner][vc_empty_space][\/vc_column][\/vc_row][vc_row el_class=&#8221;container&#8221;][vc_column width=&#8221;1\/12&#8243;][\/vc_column][vc_column width=&#8221;7\/12&#8243;]\r\n                <div class=\"text-modules\">\r\n                    <div class=\"container\">\r\n                        \r\n                        <div class=\"text-modules__content\"><p><strong>PROGRAM MOTYWACYJNY<\/strong> \u2013 na Uniwersytecie \u015al\u0105skim w Katowicach istnieje mo\u017cliwo\u015b\u0107 otrzymania nagrody finansowej za wyj\u0105tkowe osi\u0105gni\u0119cia naukowe, takie jak publikacje, granty, patenty czy mobilno\u015b\u0107 naukow\u0105 itp. (w zesz\u0142ym roku suma nagr\u00f3d wynios\u0142a prawie 2 miliony z\u0142otych).<\/p>\n<hr \/>\n<p><strong>ROZW\u00d3J ZAWODOWY<\/strong> \u2013 nasza uczelnia oferuje mo\u017cliwo\u015b\u0107 rozwoju zawodowego poprzez udzia\u0142 w szkoleniach, kt\u00f3re organizuje, a tak\u017ce przez aplikowanie o granty finansowane przez polskie agencje naukowe, studia doktorancki oraz mo\u017cliwo\u015b\u0107 tworzenia grup badawczych.<\/p>\n<hr \/>\n<p><strong>WELCOME POINT:<\/strong><\/p>\n<ul style=\"list-style-type: disc;\">\n<li>pomoc w zakwaterowaniu po przyje\u017adzie do Polski, w uczelnianym hotelu asystenckim,<\/li>\n<li>pomoc w uzyskaniu wymaganych polskim prawem zezwole\u0144 na prac\u0119 i pobyt po przyje\u017adzie do Polski,<\/li>\n<li>pomoc w zintegrowaniu si\u0119 ze wsp\u00f3lnot\u0105 akademick\u0105, w tym z zatrudnionymi w Uniwersytecie \u015al\u0105skim cudzoziemcami.<\/li>\n<\/ul>\n<hr \/>\n<p><strong>PAKIET \u015aWIADCZE\u0143 SOCJALNYCH:<\/strong> dodatek wakacyjny.<\/p>\n<p>Pracownicy mog\u0105 do\u0142\u0105czy\u0107 do ubezpieczenia grupowego dla pracownik\u00f3w uczelni i ich ma\u0142\u017conk\u00f3w\/partner\u00f3w oraz dzieci, jak r\u00f3wnie\u017c do programu emerytalnego POGODNA JESIE\u0143.<\/p>\n<p>Istnieje r\u00f3wnie\u017c mo\u017cliwo\u015b\u0107 wykupienia dodatkowego pakietu zdrowotnego dla pracownik\u00f3w, a tak\u017ce dla ich wsp\u00f3\u0142ma\u0142\u017conk\u00f3w\/partner\u00f3w i dzieci.<\/p>\n<p>Poza powy\u017cszymi \u015bwiadczeniami mo\u017cna wnioskowa\u0107 o:<\/p>\n<ul>\n<li>dofinansowanie wyjazd\u00f3w wypoczynkowych i rekreacyjnych,<\/li>\n<li>pomoc rzeczow\u0105 i finansow\u0105 dla os\u00f3b znajduj\u0105cych si\u0119 w szczeg\u00f3lnie trudnej sytuacji lub w przypadkach losowych,<\/li>\n<li>wypoczynku organizowanego w formie turystyki grupowej,<\/li>\n<li>dzia\u0142alno\u015bci kulturalno-o\u015bwiatowej i sportowo-rekreacyjnej,<\/li>\n<li>dofinansowanie do tzw. \u201ezielonych szk\u00f3\u0142\u201d,<\/li>\n<li>pomoc finansow\u0105 w zwi\u0105zku z urodzeniem dziecka,<\/li>\n<li>dofinansowanie do wy\u017cywienia dzieci w przedszkolach i szko\u0142ach,<\/li>\n<li>dofinansowanie do op\u0142aty: za \u017c\u0142obek, klub dzieci\u0119cy, dziennego opiekuna lub niani\u0119,<\/li>\n<li>dofinansowanie uczelnianych o\u015brodk\u00f3w wypoczynkowych,<\/li>\n<li>po\u017cyczk\u0119 na cele mieszkaniowe.<\/li>\n<\/ul>\n<hr \/>\n<p><strong>CENTRUM INFORMACJI NAUKOWEJ I BIBLIOTEKA AKADEMICKA (CINiBA).(CINIBA). <\/strong><\/p>\n<p>Us\u0142ugi dedykowane pracownikom Uniwersytetu \u015al\u0105skiego:<\/p>\n<ol>\n<li>dost\u0119p do Bibliografii Pracownik\u00f3w Naukowych Uniwersytetu \u015al\u0105skiego.<\/li>\n<li>HAN \u2013 nowy system zdalnego dost\u0119pu do baz danych prenumerowanych przez Uniwersytet \u015al\u0105ski.<\/li>\n<li>dydaktyczna biblioteka cyfrowa U\u015a.<\/li>\n<\/ol>\n<p><a href=\"https:\/\/www.ciniba.edu.pl\/en\/\">CINIBA &#8211; Strona g\u0142\u00f3wna<\/a><\/p>\n<hr \/>\n<p><strong>AKADEMICKI ZWI\u0104ZEK SPORTOWY<\/strong><\/p>\n<p>W ramach Akademickiego Zwi\u0105zku Sportowego istnieje 57 sekcji sportowych. Pracownicy mog\u0105 zapisywa\u0107 si\u0119 do wybranych sekcji. Niekt\u00f3re z zaj\u0119\u0107 s\u0105 bezp\u0142atne.<\/p>\n<p>Cz\u0142onkowie Klubu Sportowego otrzymuj\u0105 Kart\u0119 AZS, kt\u00f3ra potwierdza cz\u0142onkostwo w Akademickim Zwi\u0105zku Sportowym Uniwersytetu \u015al\u0105skiego i uprawnia do uczestniczenia w zaj\u0119ciach sekcji AZS U\u015a, a tak\u017ce zapewnia ca\u0142odobow\u0105 ochron\u0119 na ca\u0142ym \u015bwiecie z ubezpieczeniem NNW na kwot\u0119 6 500 z\u0142 (Standard) lub 25 000 z\u0142 (Komfort).<\/p>\n<p>Wi\u0119cej informacji: <a href=\"https:\/\/azsus.pl\/karta-azs-us\">Sekcje sportowe AZS Uniwersytetu \u015al\u0105skiego. Akademickie Mistrzostwa Polski. Zaj\u0119cia sportowe dla student\u00f3w. (azsus.pl)<\/a><\/p>\n<hr \/>\n<p><strong>SZKO\u0141A J\u0118ZYKA I KULTURY POLSKIEJ UNIWERSYTETU \u015aL\u0104SKIEGO W KATOWICACH<\/strong><\/p>\n<p>Szko\u0142a przeprowadza testy i egzaminy po\u015bwiadczaj\u0105ce znajomo\u015b\u0107 j\u0119zyka polskiego na danym poziomie j\u0119zykowego zaawansowania oraz przygotowuje do egzamin\u00f3w certyfikatowych z j\u0119zyka polskiego jako obcego.<\/p>\n<p>Kursy j\u0119zyka polskiego s\u0105 pomy\u015blane tak, aby mog\u0142a w nich uczestniczy\u0107 ka\u017cda osoba zainteresowana nauk\u0105 j\u0119zyka polskiego. Szko\u0142a prowadzi kursy dla cudzoziemc\u00f3w przebywaj\u0105cych w Polsce i dla tych, kt\u00f3rzy dopiero zechc\u0105 przyby\u0107 do Polski, aby podj\u0105\u0107 nauk\u0119 j\u0119zyka polskiego lub wybieraj\u0105 si\u0119 do naszego kraju w sprawach zawodowych.<\/p>\n<p>S\u0105 to kursy dla os\u00f3b, kt\u00f3re dysponuj\u0105 niewielkim czasem na nauk\u0119 i dla tych, kt\u00f3re chc\u0105 si\u0119 uczy\u0107 systematycznie. Na kursach j\u0119zyka polskiego jest miejsce dla studenta polonistyki i dla biznesmena.<\/p>\n<p>Specjalne programy nauki umo\u017cliwiaj\u0105 udzia\u0142 w zaj\u0119ciach, na kt\u00f3rych odbywaj\u0105 si\u0119 regularne studia j\u0119zykowe i w takich, gdzie w szybki i atrakcyjny spos\u00f3b uczestnik nabywa umiej\u0119tno\u015bci pos\u0142ugiwania si\u0119 j\u0119zykiem polskim w podstawowych sytuacjach komunikacyjnych \u017cycia codziennego i zawodowego.<\/p>\n<p>Kursy j\u0119zyka polskiego s\u0105 prowadzone na wszystkich poziomach znajomo\u015bci j\u0119zyka (A0 \u2013 sytuacje komunikacyjne, A1 \u2013 wprowadzenie do j\u0119zyka, A2 \u2013 wst\u0119pny, B1 \u2013 progowy, B2 \u2013 \u015bredni og\u00f3lny, C1 \u2013 \u015bredni specjalistyczny, C2 \u2013 zaawansowany). Kursy rozpoczynaj\u0105 si\u0119 testem kwalifikacyjnym i ko\u0144cz\u0105 testem oceniaj\u0105cym post\u0119py w nauce. W czasie kurs\u00f3w przeprowadzane s\u0105 testy sprawdzaj\u0105ce nabyte umiej\u0119tno\u015bci.<\/p>\n<p>Dla pracownik\u00f3w Uniwersytetu \u015al\u0105skiego kurs jest bezp\u0142atny.<\/p>\n<p>\u0179r\u00f3d\u0142o: strona internetowa Szko\u0142y J\u0119zyka i Kultury Polskiej<\/p>\n<p>W celu zapisania si\u0119 na kurs odwied\u017a stron\u0119: <a href=\"https:\/\/www.sjikp.us.edu.pl\/en\/polish-language-courses\/\">Szko\u0142a J\u0119zyka i Kultury Polskiej Uniwersytet \u015al\u0105ski (us.edu.pl)<\/a><\/p>\n<\/div>\r\n                    <\/div>\r\n                <\/div>[\/vc_column][vc_column width=&#8221;4\/12&#8243;]\r\n                <div class=\"text-modules\">\r\n                    <div class=\"container\">\r\n                        \r\n                        <div class=\"text-modules__content\"><p><img class=\"alignnone wp-image-331 size-full\" src=\"https:\/\/us.edu.pl\/pracownik\/welcomepoint\/wp-content\/uploads\/sites\/69\/Zdj\u0119cia\/Na-stron\u0119\/surface-XdWkFaHI97c-unsplash.jpg\" alt=\"A group of people\" width=\"100%\" height=\"auto\" srcset=\"https:\/\/us.edu.pl\/pracownik\/welcomepoint\/wp-content\/uploads\/sites\/69\/Zdj\u0119cia\/Na-stron\u0119\/surface-XdWkFaHI97c-unsplash.jpg 800w, https:\/\/us.edu.pl\/pracownik\/welcomepoint\/wp-content\/uploads\/sites\/69\/Zdj\u0119cia\/Na-stron\u0119\/surface-XdWkFaHI97c-unsplash-300x225.jpg 300w, https:\/\/us.edu.pl\/pracownik\/welcomepoint\/wp-content\/uploads\/sites\/69\/Zdj\u0119cia\/Na-stron\u0119\/surface-XdWkFaHI97c-unsplash-768x576.jpg 768w, https:\/\/us.edu.pl\/pracownik\/welcomepoint\/wp-content\/uploads\/sites\/69\/Zdj\u0119cia\/Na-stron\u0119\/surface-XdWkFaHI97c-unsplash-575x431.jpg 575w\" sizes=\"(max-width: 800px) 100vw, 800px\" \/><br \/>\n<span style=\"color: #333333; font-size: 90%;\">photo by surface on Unsplash<\/span><\/p>\n<\/div>\r\n                    <\/div>\r\n                <\/div>[\/vc_column][\/vc_row]<\/p>\n<p><\/p>","protected":false},"excerpt":{"rendered":"<p>[vc_row el_class=&#8221;container&#8221;][vc_column][vc_row_inner][vc_column_inner width=&#8221;1\/2&#8243;][vc_empty_space height=&#8221;1px&#8221; css=&#8221;.vc_custom_1640685725363{background-color: #fbba00 !important;}&#8221;][\/vc_column_inner][vc_column_inner width=&#8221;1\/2&#8243;][\/vc_column_inner][\/vc_row_inner][vc_empty_space][\/vc_column][\/vc_row][vc_row el_class=&#8221;container&#8221;][vc_column width=&#8221;1\/12&#8243;][\/vc_column][vc_column width=&#8221;7\/12&#8243;][\/vc_column][vc_column width=&#8221;4\/12&#8243;][\/vc_column][\/vc_row] [&#8230;]<\/p>\n<p><a class=\"btn btn-secondary understrap-read-more-link\" href=\"https:\/\/us.edu.pl\/pracownik\/welcomepoint\/benefits\/\">Read More&#8230;<\/a><\/p>\n","protected":false},"author":139,"featured_media":331,"parent":0,"menu_order":0,"comment_status":"closed","ping_status":"closed","template":"","meta":{"_expiration-date-status":"","_expiration-date":0,"_expiration-date-type":"","_expiration-date-categories":[],"_expiration-date-options":[]},"acf":[],"_links":{"self":[{"href":"https:\/\/us.edu.pl\/pracownik\/welcomepoint\/wp-json\/wp\/v2\/pages\/273"}],"collection":[{"href":"https:\/\/us.edu.pl\/pracownik\/welcomepoint\/wp-json\/wp\/v2\/pages"}],"about":[{"href":"https:\/\/us.edu.pl\/pracownik\/welcomepoint\/wp-json\/wp\/v2\/types\/page"}],"author":[{"embeddable":true,"href":"https:\/\/us.edu.pl\/pracownik\/welcomepoint\/wp-json\/wp\/v2\/users\/139"}],"replies":[{"embeddable":true,"href":"https:\/\/us.edu.pl\/pracownik\/welcomepoint\/wp-json\/wp\/v2\/comments?post=273"}],"version-history":[{"count":10,"href":"https:\/\/us.edu.pl\/pracownik\/welcomepoint\/wp-json\/wp\/v2\/pages\/273\/revisions"}],"predecessor-version":[{"id":4317,"href":"https:\/\/us.edu.pl\/pracownik\/welcomepoint\/wp-json\/wp\/v2\/pages\/273\/revisions\/4317"}],"wp:featuredmedia":[{"embeddable":true,"href":"https:\/\/us.edu.pl\/pracownik\/welcomepoint\/wp-json\/wp\/v2\/media\/331"}],"wp:attachment":[{"href":"https:\/\/us.edu.pl\/pracownik\/welcomepoint\/wp-json\/wp\/v2\/media?parent=273"}],"curies":[{"name":"wp","href":"https:\/\/api.w.org\/{rel}","templated":true}]}}