{"id":294,"date":"2021-12-30T10:33:47","date_gmt":"2021-12-30T10:33:47","guid":{"rendered":"https:\/\/us.edu.pl\/pracownik\/welcomepoint\/?page_id=294"},"modified":"2026-03-16T11:09:09","modified_gmt":"2026-03-16T10:09:09","slug":"trips","status":"publish","type":"page","link":"https:\/\/us.edu.pl\/pracownik\/welcomepoint\/trips\/","title":{"rendered":"Wycieczki"},"content":{"rendered":"<p>[vc_row el_class=&#8221;container&#8221;][vc_column]\r\n                <div class=\"text-modules\">\r\n                    <div class=\"container\">\r\n                        \r\n                        <div class=\"text-modules__content\"><\/p>\n<p style=\"text-align: left;\"><small><span style=\"letter-spacing: 0.7mm; color: #000000; font-size: 140%;\"><strong>Wycieczki<\/strong><br \/>\n<\/span><\/small><\/p>\n<p>\n<\/div>\r\n                    <\/div>\r\n                <\/div>[vc_row_inner][vc_column_inner width=&#8221;1\/2&#8243;][vc_empty_space height=&#8221;1px&#8221; css=&#8221;.vc_custom_1640685725363{background-color: #fbba00 !important;}&#8221;][\/vc_column_inner][vc_column_inner width=&#8221;1\/2&#8243;][\/vc_column_inner][\/vc_row_inner][vc_empty_space][\/vc_column][\/vc_row][vc_row el_class=&#8221;container&#8221;][vc_column]\r\n\r\n            <div class=\"blocks\" style=\"text-align: \">\r\n               <div class=\"container\">\r\n                  \r\n                  <div class=\"row m-0 blocks_3\">\r\n                  \r\n                     <a href=\"https:\/\/us.edu.pl\/pracownik\/welcomepoint\/2025\/06\/malowanie-opowiadanie-historii-i-szyfr-czyli-gra-terenowa-w-bielsku\/\" class=\"thumbnail blocks__item\" style=\"background-image: url(https:\/\/us.edu.pl\/pracownik\/welcomepoint\/wp-content\/uploads\/sites\/69\/Zdjecia\/Bielsko\/20250517_120521-1024x768.jpg)\">\r\n                        <span>wi\u0119cej<\/span>\r\n                        <div class=\"blocks__bottom\">\r\n                        <div class=\"blocks__title\">Malowanie, opowiadanie historii i szyfr \u2013 czyli gra terenowa w Bielsku<\/div>\r\n                        <div class=\"blocks__subtitle\">17.05.2025<\/div>\r\n                        <\/div>\r\n                     <\/a>\r\n                  \r\n                     <a href=\"https:\/\/us.edu.pl\/pracownik\/welcomepoint\/wp-admin\/post.php?post=3203&action=edit\" class=\"thumbnail blocks__item\" style=\"background-image: url(https:\/\/us.edu.pl\/pracownik\/welcomepoint\/wp-content\/uploads\/sites\/69\/2024\/12\/6_2-1024x768.jpg)\">\r\n                        <span>wi\u0119cej<\/span>\r\n                        <div class=\"blocks__bottom\">\r\n                        <div class=\"blocks__title\">Jarmark \u015awi\u0105teczny we Wroc\u0142awiu<\/div>\r\n                        <div class=\"blocks__subtitle\">14.12.2024<\/div>\r\n                        <\/div>\r\n                     <\/a>\r\n                  \r\n                     <a href=\"https:\/\/us.edu.pl\/pracownik\/welcomepoint\/2024\/07\/english-outdoor-game-discover-silesia-in-cieszyn\/\" class=\"thumbnail blocks__item\" style=\"background-image: url(https:\/\/us.edu.pl\/pracownik\/welcomepoint\/wp-content\/uploads\/sites\/69\/Zdjecia\/Cieszyn\/IMG_9769-2.jpg)\">\r\n                        <span>wi\u0119cej<\/span>\r\n                        <div class=\"blocks__bottom\">\r\n                        <div class=\"blocks__title\">\"Discover Silesia\" - gra terenowa w Cieszynie<\/div>\r\n                        <div class=\"blocks__subtitle\">05.07.2024<\/div>\r\n                        <\/div>\r\n                     <\/a>\r\n                  \r\n                     <a href=\"https:\/\/us.edu.pl\/pracownik\/welcomepoint\/2023\/10\/english-katowice-then-and-now-the-october-integration-meeting\/\" class=\"thumbnail blocks__item\" style=\"background-image: url(https:\/\/us.edu.pl\/pracownik\/welcomepoint\/wp-content\/uploads\/sites\/69\/2023\/10\/20231007_17-1024x768.jpg)\">\r\n                        <span>wi\u0119cej<\/span>\r\n                        <div class=\"blocks__bottom\">\r\n                        <div class=\"blocks__title\">Katowice kiedy\u015b i dzi\u015b - pa\u017adziernikowa wycieczka integracyjna<\/div>\r\n                        <div class=\"blocks__subtitle\">7.10.2023<\/div>\r\n                        <\/div>\r\n                     <\/a>\r\n                  \r\n                     <a href=\"https:\/\/us.edu.pl\/pracownik\/welcomepoint\/2023\/05\/wiosenna-wycieczka-do-planetarium\/\" class=\"thumbnail blocks__item\" style=\"background-image: url(https:\/\/us.edu.pl\/pracownik\/welcomepoint\/wp-content\/uploads\/sites\/69\/2023\/05\/DSC_0398-1024x876.jpg)\">\r\n                        <span>wi\u0119cej<\/span>\r\n                        <div class=\"blocks__bottom\">\r\n                        <div class=\"blocks__title\">Wiosenna wycieczka do Planetarium<\/div>\r\n                        <div class=\"blocks__subtitle\">5.05.2023<\/div>\r\n                        <\/div>\r\n                     <\/a>\r\n                  \r\n                     <a href=\"https:\/\/us.edu.pl\/pracownik\/welcomepoint\/2022\/12\/wycieczka-do-serca-regionu-chorzow-nikiszowiec-i-katowice\/\" class=\"thumbnail blocks__item\" style=\"background-image: url(https:\/\/us.edu.pl\/pracownik\/welcomepoint\/wp-content\/uploads\/sites\/69\/Bez-kategorii\/DSC_0126-1024x683.jpg)\">\r\n                        <span>wi\u0119cej<\/span>\r\n                        <div class=\"blocks__bottom\">\r\n                        <div class=\"blocks__title\">Wycieczka do serca regionu: Chorz\u00f3w, Nikiszowiec i Katowice.<\/div>\r\n                        <div class=\"blocks__subtitle\">1.10.2022 <\/div>\r\n                        <\/div>\r\n                     <\/a>\r\n                  \r\n                     <a href=\"https:\/\/us.edu.pl\/pracownik\/welcomepoint\/2022\/07\/wycieczka-do-ojcowskiego-parku-narodowego\/\" class=\"thumbnail blocks__item\" style=\"background-image: url(https:\/\/us.edu.pl\/pracownik\/welcomepoint\/wp-content\/uploads\/sites\/69\/Zdjecia\/Ojcowski-park-narodowy\/20220625_131955-1024x768.jpg)\">\r\n                        <span>wi\u0119cej<\/span>\r\n                        <div class=\"blocks__bottom\">\r\n                        <div class=\"blocks__title\">Wycieczka do Ojcowskiego Parku Narodowego<\/div>\r\n                        <div class=\"blocks__subtitle\">25.06.2022 <\/div>\r\n                        <\/div>\r\n                     <\/a>\r\n                  \r\n                     <a href=\"ttps:\/\/us.edu.pl\/pracownik\/welcomepoint\/2022\/01\/trip-to-the-silver-mine-in-tarnowskie-gory\/\" class=\"thumbnail blocks__item\" style=\"background-image: url(https:\/\/us.edu.pl\/pracownik\/welcomepoint\/wp-content\/uploads\/sites\/69\/Zdj\u0119cia\/The-Silver-Mine-in-Tarnowskie-G\u00f3ry-2021\/84.jpg)\">\r\n                        <span>wi\u0119cej<\/span>\r\n                        <div class=\"blocks__bottom\">\r\n                        <div class=\"blocks__title\">Wycieczka do Zabytkowej Kopalni Srebra w Tarnowskich G\u00f3rach<\/div>\r\n                        <div class=\"blocks__subtitle\">13.11.2021<\/div>\r\n                        <\/div>\r\n                     <\/a><\/div>     \r\n               <\/div>\r\n            <\/div>[\/vc_column][\/vc_row][vc_row disable_element=&#8221;yes&#8221;][vc_column]\n\t\t\t\t<input type=\"hidden\" name=\"promoted_only\" value=\"\">\n\t\t\t\t<input type=\"hidden\" name=\"order\" value=\"DESC\">\n\t\t\t\t<input type=\"hidden\" name=\"order_by\" value=\"post_modified\">\n\n\t\t\t\t<div class=\"article-loop loop-section article-loop_tall color-blue\" style=\"background: \">\n\t\t\t\t\t <div class=\"container \">\n\t\t\t\t\t \t<div class=\"col-12 article-loop-gutter-left\">\n\t\t\t\t\t\t  <div class=\"article-loop-top loop-section-top\">\n\t\t\t\t\t\t\t\t<h2 class=\"section-title\">Wycieczki<\/h2><div class=\"article-loop-top_right loop-section-top__right\" >\n\t\t\t\t\t\t\t\t\t <select name=\"sort\" title = \"filter by category\"\n\t\t\t\t\t\t\t\t\t\t  class=\"article-loop-sort\" >\n\t\t\t\t\t\t\t\t\t\t  <option value = \"\" selected disabled > filtrowanie wed\u0142ug kategorii<\/option>\n\t\t\t\t\t\t\t\t\t\t  <option value = \"69-5\" > Wszystko<\/option> <option data-link='https:\/\/us.edu.pl\/pracownik\/welcomepoint\/category\/wycieczki\/' value='69-5'>wycieczki<\/option><\/select>    <a href = \"https:\/\/us.edu.pl\/pracownik\/welcomepoint\/category\/wycieczki\/\" class=\"link-button \" > Wszystko<\/a><\/div>  \n\t\t\t\t\t\t  <\/div>\n\t\t\t\t\t\t  <div class=\"article-loop-main carousel\" data-home-url=\"https:\/\/us.edu.pl\/pracownik\/welcomepoint\" >\n\t\t\t\t\t\t\t\t<a href = \"#\" data-slide = \"prev\" title=\"przesu\u0144 pasek Wycieczkiw lewo\" class=\"arrow\" >\n\t\t\t\t\t\t\t\t\t <em class=\"ci ci-arrow-left\" ><\/em >\n\t\t\t\t\t\t\t\t\t <span class=\"d-none\" > arrow<\/span >\n\t\t\t\t\t\t\t\t<\/a>\n\t \n\t\t\t\t\t\t\t\t<a href = \"#\" data-slide = \"next\" title=\"przesu\u0144 pasek Wycieczki w prawo\" class=\"arrow\" >\n\t\t\t\t\t\t\t\t\t <em class=\"ci ci-arrow-right\" ><\/em >\n\t\t\t\t\t\t\t\t\t <span class=\"d-none\" > arrow<\/span >\n\t\t\t\t\t\t\t\t<\/a>\n\t\t\t\t\t\t\t\t<div class=\"row items\" >\n\t\t\t\t\t\t\t\t\t \r\n            <article class=\"article-loop-post carousel-slide\">\r\n                <a href=\"https:\/\/us.edu.pl\/pracownik\/welcomepoint\/2025\/06\/malowanie-opowiadanie-historii-i-szyfr-czyli-gra-terenowa-w-bielsku\/\" class=\"article-loop-post__thumbnail thumbnail\"\r\n                    style=\"background-image: url(https:\/\/us.edu.pl\/pracownik\/welcomepoint\/wp-content\/uploads\/sites\/69\/Zdjecia\/Bielsko\/20250517_120521-700x525.jpg)\">\r\n                    <span>wi\u0119cej<\/span>\r\n                <\/a>\r\n\r\n                <div class=\"article-loop-post__content\">\r\n                    <h3 class=\"article-loop-post__title\">\r\n                        <a href=\"https:\/\/us.edu.pl\/pracownik\/welcomepoint\/2025\/06\/malowanie-opowiadanie-historii-i-szyfr-czyli-gra-terenowa-w-bielsku\/\">Malowanie, opowiadanie historii i szyfr \u2013 czyli gra terenowa w Bielsku<\/a>\r\n                    <\/h3>\r\n            \r\n                    <div class=\"article-loop-post__categories\">\r\n                        <a href=\"https:\/\/us.edu.pl\/pracownik\/welcomepoint\/category\/wiadomosci\/\">wiadomo\u015bci<\/a><a href=\"https:\/\/us.edu.pl\/pracownik\/welcomepoint\/category\/wycieczki\/\">wycieczki<\/a>\r\n                    <\/div>    \r\n                <\/div>\r\n            <\/article>\r\n        \r\n            <article class=\"article-loop-post carousel-slide\">\r\n                <a href=\"https:\/\/us.edu.pl\/pracownik\/welcomepoint\/2024\/12\/zwiedzanie-jarmarku-swiatecznego-we-wroclawiu\/\" class=\"article-loop-post__thumbnail thumbnail\"\r\n                    style=\"background-image: url(https:\/\/us.edu.pl\/pracownik\/welcomepoint\/wp-content\/uploads\/sites\/69\/2024\/12\/6_2-700x525.jpg)\">\r\n                    <span>wi\u0119cej<\/span>\r\n                <\/a>\r\n\r\n                <div class=\"article-loop-post__content\">\r\n                    <h3 class=\"article-loop-post__title\">\r\n                        <a href=\"https:\/\/us.edu.pl\/pracownik\/welcomepoint\/2024\/12\/zwiedzanie-jarmarku-swiatecznego-we-wroclawiu\/\">Zwiedzanie Jarmarku \u015awi\u0105tecznego we Wroc\u0142awiu<\/a>\r\n                    <\/h3>\r\n            \r\n                    <div class=\"article-loop-post__categories\">\r\n                        <a href=\"https:\/\/us.edu.pl\/pracownik\/welcomepoint\/category\/wycieczki\/\">wycieczki<\/a>\r\n                    <\/div>    \r\n                <\/div>\r\n            <\/article>\r\n        \r\n            <article class=\"article-loop-post carousel-slide\">\r\n                <a href=\"https:\/\/us.edu.pl\/pracownik\/welcomepoint\/2024\/07\/english-outdoor-game-discover-silesia-in-cieszyn\/\" class=\"article-loop-post__thumbnail thumbnail\"\r\n                    style=\"background-image: url(https:\/\/us.edu.pl\/pracownik\/welcomepoint\/wp-content\/uploads\/sites\/69\/Zdjecia\/Cieszyn\/IMG_9769-2-700x525.jpg)\">\r\n                    <span>wi\u0119cej<\/span>\r\n                <\/a>\r\n\r\n                <div class=\"article-loop-post__content\">\r\n                    <h3 class=\"article-loop-post__title\">\r\n                        <a href=\"https:\/\/us.edu.pl\/pracownik\/welcomepoint\/2024\/07\/english-outdoor-game-discover-silesia-in-cieszyn\/\">&#8222;Discover Silesia&#8221; &#8211; gra terenowa w Cieszynie<\/a>\r\n                    <\/h3>\r\n            \r\n                    <div class=\"article-loop-post__categories\">\r\n                        <a href=\"https:\/\/us.edu.pl\/pracownik\/welcomepoint\/category\/wycieczki\/\">wycieczki<\/a>\r\n                    <\/div>    \r\n                <\/div>\r\n            <\/article>\r\n        \r\n            <article class=\"article-loop-post carousel-slide\">\r\n                <a href=\"https:\/\/us.edu.pl\/pracownik\/welcomepoint\/2023\/10\/english-katowice-then-and-now-the-october-integration-meeting\/\" class=\"article-loop-post__thumbnail thumbnail\"\r\n                    style=\"background-image: url(https:\/\/us.edu.pl\/pracownik\/welcomepoint\/wp-content\/uploads\/sites\/69\/2023\/10\/20231007_17-700x525.jpg)\">\r\n                    <span>wi\u0119cej<\/span>\r\n                <\/a>\r\n\r\n                <div class=\"article-loop-post__content\">\r\n                    <h3 class=\"article-loop-post__title\">\r\n                        <a href=\"https:\/\/us.edu.pl\/pracownik\/welcomepoint\/2023\/10\/english-katowice-then-and-now-the-october-integration-meeting\/\">Katowice kiedy\u015b i dzi\u015b &#8211; pa\u017adziernikowa wycieczka integracyjna<\/a>\r\n                    <\/h3>\r\n            \r\n                    <div class=\"article-loop-post__categories\">\r\n                        <a href=\"https:\/\/us.edu.pl\/pracownik\/welcomepoint\/category\/wiadomosci\/\">wiadomo\u015bci<\/a><a href=\"https:\/\/us.edu.pl\/pracownik\/welcomepoint\/category\/wycieczki\/\">wycieczki<\/a>\r\n                    <\/div>    \r\n                <\/div>\r\n            <\/article>\r\n        \r\n            <article class=\"article-loop-post carousel-slide\">\r\n                <a href=\"https:\/\/us.edu.pl\/pracownik\/welcomepoint\/2023\/05\/wiosenna-wycieczka-do-planetarium\/\" class=\"article-loop-post__thumbnail thumbnail\"\r\n                    style=\"background-image: url(https:\/\/us.edu.pl\/pracownik\/welcomepoint\/wp-content\/uploads\/sites\/69\/2023\/05\/DSC_0398-700x599.jpg)\">\r\n                    <span>wi\u0119cej<\/span>\r\n                <\/a>\r\n\r\n                <div class=\"article-loop-post__content\">\r\n                    <h3 class=\"article-loop-post__title\">\r\n                        <a href=\"https:\/\/us.edu.pl\/pracownik\/welcomepoint\/2023\/05\/wiosenna-wycieczka-do-planetarium\/\">Wiosenna wycieczka do Planetarium<\/a>\r\n                    <\/h3>\r\n            \r\n                    <div class=\"article-loop-post__categories\">\r\n                        <a href=\"https:\/\/us.edu.pl\/pracownik\/welcomepoint\/category\/wiadomosci\/\">wiadomo\u015bci<\/a><a href=\"https:\/\/us.edu.pl\/pracownik\/welcomepoint\/category\/wycieczki\/\">wycieczki<\/a>\r\n                    <\/div>    \r\n                <\/div>\r\n            <\/article>\r\n        \r\n            <article class=\"article-loop-post carousel-slide\">\r\n                <a href=\"https:\/\/us.edu.pl\/pracownik\/welcomepoint\/2022\/12\/wycieczka-do-serca-regionu-chorzow-nikiszowiec-i-katowice\/\" class=\"article-loop-post__thumbnail thumbnail\"\r\n                    style=\"background-image: url(https:\/\/us.edu.pl\/pracownik\/welcomepoint\/wp-content\/uploads\/sites\/69\/Bez-kategorii\/DSC_0126-700x467.jpg)\">\r\n                    <span>wi\u0119cej<\/span>\r\n                <\/a>\r\n\r\n                <div class=\"article-loop-post__content\">\r\n                    <h3 class=\"article-loop-post__title\">\r\n                        <a href=\"https:\/\/us.edu.pl\/pracownik\/welcomepoint\/2022\/12\/wycieczka-do-serca-regionu-chorzow-nikiszowiec-i-katowice\/\">Wycieczka do serca regionu: Chorz\u00f3w, Nikiszowiec i Katowice.<\/a>\r\n                    <\/h3>\r\n            \r\n                    <div class=\"article-loop-post__categories\">\r\n                        <a href=\"https:\/\/us.edu.pl\/pracownik\/welcomepoint\/category\/wiadomosci\/\">wiadomo\u015bci<\/a><a href=\"https:\/\/us.edu.pl\/pracownik\/welcomepoint\/category\/wycieczki\/\">wycieczki<\/a>\r\n                    <\/div>    \r\n                <\/div>\r\n            <\/article>\r\n        \n\t\t\t\t\t\t\t\t<\/div>\n\t\t\t\t\t\t  <\/div>\n\t\t\t\t\t <\/div>\n\t\t\t\t\t <\/div>\n\t\t\t\t<\/div>[\/vc_column][\/vc_row]<\/p>","protected":false},"excerpt":{"rendered":"<p>[vc_row el_class=&#8221;container&#8221;][vc_column][vc_row_inner][vc_column_inner width=&#8221;1\/2&#8243;][vc_empty_space height=&#8221;1px&#8221; css=&#8221;.vc_custom_1640685725363{background-color: #fbba00 !important;}&#8221;][\/vc_column_inner][vc_column_inner width=&#8221;1\/2&#8243;][\/vc_column_inner][\/vc_row_inner][vc_empty_space][\/vc_column][\/vc_row][vc_row el_class=&#8221;container&#8221;][vc_column][\/vc_column][\/vc_row][vc_row disable_element=&#8221;yes&#8221;][vc_column][\/vc_column][\/vc_row] [&#8230;]<\/p>\n<p><a class=\"btn btn-secondary understrap-read-more-link\" href=\"https:\/\/us.edu.pl\/pracownik\/welcomepoint\/2022\/12\/wycieczka-do-serca-regionu-chorzow-nikiszowiec-i-katowice\/\">Read More&#8230;<\/a><\/p>\n","protected":false},"author":139,"featured_media":296,"parent":0,"menu_order":0,"comment_status":"closed","ping_status":"closed","template":"","meta":{"_expiration-date-status":"","_expiration-date":0,"_expiration-date-type":"","_expiration-date-categories":[],"_expiration-date-options":[]},"acf":[],"_links":{"self":[{"href":"https:\/\/us.edu.pl\/pracownik\/welcomepoint\/wp-json\/wp\/v2\/pages\/294"}],"collection":[{"href":"https:\/\/us.edu.pl\/pracownik\/welcomepoint\/wp-json\/wp\/v2\/pages"}],"about":[{"href":"https:\/\/us.edu.pl\/pracownik\/welcomepoint\/wp-json\/wp\/v2\/types\/page"}],"author":[{"embeddable":true,"href":"https:\/\/us.edu.pl\/pracownik\/welcomepoint\/wp-json\/wp\/v2\/users\/139"}],"replies":[{"embeddable":true,"href":"https:\/\/us.edu.pl\/pracownik\/welcomepoint\/wp-json\/wp\/v2\/comments?post=294"}],"version-history":[{"count":10,"href":"https:\/\/us.edu.pl\/pracownik\/welcomepoint\/wp-json\/wp\/v2\/pages\/294\/revisions"}],"predecessor-version":[{"id":4458,"href":"https:\/\/us.edu.pl\/pracownik\/welcomepoint\/wp-json\/wp\/v2\/pages\/294\/revisions\/4458"}],"wp:featuredmedia":[{"embeddable":true,"href":"https:\/\/us.edu.pl\/pracownik\/welcomepoint\/wp-json\/wp\/v2\/media\/296"}],"wp:attachment":[{"href":"https:\/\/us.edu.pl\/pracownik\/welcomepoint\/wp-json\/wp\/v2\/media?parent=294"}],"curies":[{"name":"wp","href":"https:\/\/api.w.org\/{rel}","templated":true}]}}