{"id":3577,"date":"2025-03-21T12:28:52","date_gmt":"2025-03-21T11:28:52","guid":{"rendered":"https:\/\/us.edu.pl\/pracownik\/welcomepoint\/?page_id=3577"},"modified":"2025-09-03T13:56:25","modified_gmt":"2025-09-03T11:56:25","slug":"english-maryna-podolska","status":"publish","type":"page","link":"https:\/\/us.edu.pl\/pracownik\/welcomepoint\/usilambassadors\/english-maryna-podolska\/","title":{"rendered":"Maryna Podolska"},"content":{"rendered":"<p>[vc_row el_class=&#8221;container&#8221;][vc_column]\r\n                <div class=\"text-modules\">\r\n                    <div class=\"container\">\r\n                        <h3 class=\"page-title text__title\">Maryna Podolska<\/h3>\r\n                        <div class=\"text-modules__content\"><\/p>\n<hr style=\"width: 60%; padding-left: 20px; background-color: #fbb900;\" align=\"left\" \/>\n<p>\n<\/div>\r\n                    <\/div>\r\n                <\/div>[\/vc_column][\/vc_row][vc_row content_placement=&#8221;bottom&#8221; el_class=&#8221;container&#8221; css=&#8221;.vc_custom_1739796570116{margin-top: 10px !important;padding-top: 0px !important;}&#8221;][vc_column width=&#8221;1\/3&#8243; css=&#8221;.vc_custom_1739798254277{margin-bottom: -20px !important;}&#8221; el_class=&#8221;image-mobile&#8221;]\r\n                <div class=\"text-modules\">\r\n                    <div class=\"container\">\r\n                        \r\n                        <div class=\"text-modules__content\"><p><img class=\"rogi alignright wp-image-3336 size-full\" src=\"https:\/\/us.edu.pl\/pracownik\/welcomepoint\/wp-content\/uploads\/sites\/69\/Zdjecia\/Ambasadorzy\/Maryna-Podolska-467x700.jpg\" alt=\"M Podolska\" width=\"60%\" height=\"auto\" \/><\/p>\n<\/div>\r\n                    <\/div>\r\n                <\/div>[\/vc_column][vc_column width=&#8221;2\/3&#8243;]\r\n                <div class=\"text-modules\">\r\n                    <div class=\"container\">\r\n                        \r\n                        <div class=\"text-modules__content\"><\/p>\n<p style=\"line-height: 0.9; padding-left: 20px; color: #000000; font-family: 'PT Sans Narrow'; font-size: 1.5em; text-align: left;\"><strong>What do I do professionally?<\/strong><\/p>\n<p>\n<\/div>\r\n                    <\/div>\r\n                <\/div>\r\n                <div class=\"text-modules\">\r\n                    <div class=\"container\">\r\n                        \r\n                        <div class=\"text-modules__content\"><p><span class=\"TextRun SCXW201987472 BCX0\" lang=\"EN-GB\" xml:lang=\"EN-GB\" data-contrast=\"auto\"><span class=\"NormalTextRun SCXW201987472 BCX0\" data-ccp-parastyle=\"Text body\">I am a member of the Union of Artists of Ukraine and Czech and my works are displayed on <\/span><span class=\"NormalTextRun SpellingErrorV2Themed SCXW201987472 BCX0\" data-ccp-parastyle=\"Text body\">exibitions<\/span><span class=\"NormalTextRun SCXW201987472 BCX0\" data-ccp-parastyle=\"Text body\"> and in private collections all over the world.\u00a0 I graduated from the M.B Grekov <\/span><span class=\"NormalTextRun SCXW201987472 BCX0\" data-ccp-parastyle=\"Text body\">Odessa Art School and the K.D. <\/span><span class=\"NormalTextRun SpellingErrorV2Themed SCXW201987472 BCX0\" data-ccp-parastyle=\"Text body\">Uszy\u0144ski<\/span><span class=\"NormalTextRun SCXW201987472 BCX0\" data-ccp-parastyle=\"Text body\"> State Pedagogical University.\u00a0 I worked as a scene designer in the Odessa Opera <\/span><span class=\"NormalTextRun SpellingErrorV2Themed SCXW201987472 BCX0\" data-ccp-parastyle=\"Text body\">dn<\/span><span class=\"NormalTextRun SCXW201987472 BCX0\" data-ccp-parastyle=\"Text body\"> Ballet Theatre and later, as a drawing, painting, <\/span><span class=\"NormalTextRun SCXW201987472 BCX0\" data-ccp-parastyle=\"Text body\">composition<\/span><span class=\"NormalTextRun SCXW201987472 BCX0\" data-ccp-parastyle=\"Text body\"> and computer design teacher.\u00a0<\/span><\/span><\/p>\n<\/div>\r\n                    <\/div>\r\n                <\/div>[vc_row_inner][vc_column_inner width=&#8221;2\/3&#8243;]\r\n                <div class=\"text-modules\">\r\n                    <div class=\"container\">\r\n                        \r\n                        <div class=\"text-modules__content\"><\/p>\n<p style=\"line-height: 0.9; color: #000000; font-family: 'PT Sans Narrow'; font-size: 2.5em; text-align: left;\"><strong><span style=\"font-size: 2.6em;\">\u201e<\/span><\/strong><\/p>\n<p><strong><span style=\"font-size: 1.5em; font-family: 'PT Sans Narrow'; line-height: 0.8em;\">I love working with people, especially with foreigners. I appreciate the trainings and business trips connected with my scope of work. I would like to contribute to the development of recruitment and to be appreciated for my commitment.<\/span><\/strong><\/p>\n<\/div>\r\n                    <\/div>\r\n                <\/div>[\/vc_column_inner][vc_column_inner width=&#8221;1\/3&#8243;][\/vc_column_inner][\/vc_row_inner][\/vc_column][\/vc_row][vc_row][vc_column][vc_empty_space][\/vc_column][\/vc_row][vc_row][vc_column]<div class=\"container\"><div class=\"separator\" style=\"background-color: #000000\"><\/div><\/div>[\/vc_column][\/vc_row][vc_row equal_height=&#8221;yes&#8221; el_class=&#8221;container&#8221;][vc_column width=&#8221;1\/3&#8243; css=&#8221;.vc_custom_1739798390693{margin-top: 32px !important;background-color: #eaeaea !important;border-radius: 10px !important;}&#8221;]\r\n                <div class=\"text-modules\">\r\n                    <div class=\"container\">\r\n                        \r\n                        <div class=\"text-modules__content\"><\/p>\n<p style=\"line-height: 0.9; padding-left: 20px; color: #000000; font-family: 'PT Sans Narrow'; font-size: 1.5em; text-align: left;\"><strong>My first day at work<\/strong><\/p>\n<p>\n<\/div>\r\n                    <\/div>\r\n                <\/div>\r\n                <div class=\"text-modules\">\r\n                    <div class=\"container\">\r\n                        \r\n                        <div class=\"text-modules__content\"><p>My first day of work was during the intensive recruitment period. I started to review the documents immediately, answering e-mails and phone calls at the same time. It was not easy, but the support of my superior was invaluable. My earlier experiences at the University of Silesia also helped me understand my work&#8217;s basics. The first day was demanding, but it motivated me to future work.<\/p>\n<\/div>\r\n                    <\/div>\r\n                <\/div>[\/vc_column][vc_column width=&#8221;2\/3&#8243; css=&#8221;.vc_custom_1739798402333{margin-top: 32px !important;background-color: #eaeaea !important;border-radius: 10px !important;}&#8221;]\r\n                <div class=\"text-modules\">\r\n                    <div class=\"container\">\r\n                        \r\n                        <div class=\"text-modules__content\"><\/p>\n<p style=\"line-height: 0.9; padding-left: 20px; color: #000000; font-family: 'PT Sans Narrow'; font-size: 1.5em; text-align: left;\"><strong>What suprised me?<\/strong><\/p>\n<p>\n<\/div>\r\n                    <\/div>\r\n                <\/div>\r\n                <div class=\"text-modules\">\r\n                    <div class=\"container\">\r\n                        \r\n                        <div class=\"text-modules__content\"><p>I arrived in Poland 10 years ago when my Polish was not good. I remember when a shop assistant in Ligota, near my student house, started to talk to me in Polish, and I could not understand a word. I was so afraid I just left the shop. This experience encouraged me to learn Polish. <\/p>\n<\/div>\r\n                    <\/div>\r\n                <\/div>[\/vc_column][\/vc_row][vc_row][vc_column][vc_empty_space][\/vc_column][\/vc_row][vc_row][vc_column]<div class=\"container\"><div class=\"separator\" style=\"background-color: #000000\"><\/div><\/div>[\/vc_column][\/vc_row][vc_row][vc_column][vc_empty_space][\/vc_column][\/vc_row][vc_row content_placement=&#8221;middle&#8221; el_class=&#8221;container&#8221; css=&#8221;.vc_custom_1739794732669{margin-bottom: 0px !important;padding-bottom: 0px !important;}&#8221;][vc_column width=&#8221;1\/3&#8243;][\/vc_column][vc_column width=&#8221;2\/3&#8243;]\r\n                <div class=\"text-modules\">\r\n                    <div class=\"container\">\r\n                        \r\n                        <div class=\"text-modules__content\"><\/p>\n<p style=\"line-height: 0.9; padding-left: 20px; color: #000000; font-family: 'PT Sans Narrow'; font-size: 1.5em; text-align: left;\"><strong>What I like about Katowice?<\/strong><\/p>\n<p>\n<\/div>\r\n                    <\/div>\r\n                <\/div>\r\n                <div class=\"text-modules\">\r\n                    <div class=\"container\">\r\n                        \r\n                        <div class=\"text-modules__content\"><p>Katowice is a dynamic developing city full of greenery, parks, and lakes. I appreciate the closeness of various facilities and the well-developed public transport in Katowice. Katowice is the first city in Poland I visited and the city where I want to live.<\/p>\n<\/div>\r\n                    <\/div>\r\n                <\/div>[\/vc_column][\/vc_row][vc_row disable_element=&#8221;yes&#8221; el_class=&#8221;container&#8221;][vc_column width=&#8221;1\/2&#8243; css=&#8221;.vc_custom_1739796751734{background-color: #eaeaea !important;}&#8221;]\r\n                <div class=\"text-modules\">\r\n                    <div class=\"container\">\r\n                        \r\n                        <div class=\"text-modules__content\"><\/p>\n<p style=\"line-height: 0.9; padding-left: 20px; color: #000000; font-family: 'PT Sans Narrow'; font-size: 1.5em; text-align: left;\"><strong>M\u00f3j pierwszy dzie\u0144 w pracy<\/strong><\/p>\n<p>\n<\/div>\r\n                    <\/div>\r\n                <\/div>\r\n                <div class=\"text-modules\">\r\n                    <div class=\"container\">\r\n                        \r\n                        <div class=\"text-modules__content\"><p><img class=\"rogi alignleft wp-image-3411 size-full\" src=\"https:\/\/us.edu.pl\/pracownik\/welcomepoint\/wp-content\/uploads\/sites\/69\/Zdjecia\/Ambasadorzy\/yellow.png\" alt=\"\" width=\"20%\" height=\"auto\" srcset=\"https:\/\/us.edu.pl\/pracownik\/welcomepoint\/wp-content\/uploads\/sites\/69\/Zdjecia\/Ambasadorzy\/yellow.png 600w, https:\/\/us.edu.pl\/pracownik\/welcomepoint\/wp-content\/uploads\/sites\/69\/Zdjecia\/Ambasadorzy\/yellow-575x383.png 575w\" sizes=\"(max-width: 600px) 100vw, 600px\" \/><\/p>\n<\/div>\r\n                    <\/div>\r\n                <\/div>\r\n                <div class=\"text-modules\">\r\n                    <div class=\"container\">\r\n                        \r\n                        <div class=\"text-modules__content\"><p>M\u00f3j pierwszy dzie\u0144 na Uniwersytecie \u015al\u0105skim by\u0142 szokuj\u0105cy ze wzgl\u0119du na ogromn\u0105 liczb\u0119 dzia\u0142\u00f3w, kt\u00f3re mia\u0142em odwiedzi\u0107 i ludzi, kt\u00f3rych mia\u0142em pozna\u0107. Mia\u0142em jednak szcz\u0119\u015bcie. Spotka\u0142em dobrych ludzi d\u0105\u017c\u0105cych do wysoko postawionych cel\u00f3w i o du\u017cej wyobra\u017ani. <\/p>\n<\/div>\r\n                    <\/div>\r\n                <\/div>[\/vc_column][vc_column width=&#8221;1\/2&#8243;][\/vc_column][\/vc_row][vc_row][vc_column][vc_empty_space][\/vc_column][\/vc_row]<\/p>","protected":false},"excerpt":{"rendered":"<p>[vc_row el_class=&#8221;container&#8221;][vc_column][\/vc_column][\/vc_row][vc_row content_placement=&#8221;bottom&#8221; el_class=&#8221;container&#8221; css=&#8221;.vc_custom_1739796570116{margin-top: 10px !important;padding-top: 0px !important;}&#8221;][vc_column width=&#8221;1\/3&#8243; css=&#8221;.vc_custom_1739798254277{margin-bottom: -20px !important;}&#8221; el_class=&#8221;image-mobile&#8221;][\/vc_column][vc_column width=&#8221;2\/3&#8243;][vc_row_inner][vc_column_inner width=&#8221;2\/3&#8243;][\/vc_column_inner][vc_column_inner width=&#8221;1\/3&#8243;][\/vc_column_inner][\/vc_row_inner][\/vc_column][\/vc_row][vc_row][vc_column][vc_empty_space][\/vc_column][\/vc_row][vc_row][vc_column][\/vc_column][\/vc_row][vc_row equal_height=&#8221;yes&#8221; el_class=&#8221;container&#8221;][vc_column width=&#8221;1\/3&#8243; css=&#8221;.vc_custom_1739798390693{margin-top: 32px !important;background-color: #eaeaea !important;border-radius: 10px !important;}&#8221;][\/vc_column][vc_column width=&#8221;2\/3&#8243; css=&#8221;.vc_custom_1739798402333{margin-top: 32px !important;background-color: #eaeaea !important;border-radius: 10px !important;}&#8221;][\/vc_column][\/vc_row][vc_row][vc_column][vc_empty_space][\/vc_column][\/vc_row][vc_row][vc_column][\/vc_column][\/vc_row][vc_row][vc_column][vc_empty_space][\/vc_column][\/vc_row][vc_row content_placement=&#8221;middle&#8221; el_class=&#8221;container&#8221; css=&#8221;.vc_custom_1739794732669{margin-bottom: 0px !important;padding-bottom: 0px !important;}&#8221;][vc_column width=&#8221;1\/3&#8243;][\/vc_column][vc_column width=&#8221;2\/3&#8243;][\/vc_column][\/vc_row][vc_row disable_element=&#8221;yes&#8221; el_class=&#8221;container&#8221;][vc_column width=&#8221;1\/2&#8243; css=&#8221;.vc_custom_1739796751734{background-color: #eaeaea !important;}&#8221;][\/vc_column][vc_column width=&#8221;1\/2&#8243;][\/vc_column][\/vc_row][vc_row][vc_column][vc_empty_space][\/vc_column][\/vc_row] [&#8230;]<\/p>\n<p><a class=\"btn btn-secondary understrap-read-more-link\" href=\"https:\/\/us.edu.pl\/pracownik\/welcomepoint\/usilambassadors\/english-maryna-podolska\/\">Read More&#8230;<\/a><\/p>\n","protected":false},"author":25,"featured_media":0,"parent":3319,"menu_order":0,"comment_status":"closed","ping_status":"closed","template":"","meta":{"_expiration-date-status":"","_expiration-date":0,"_expiration-date-type":"","_expiration-date-categories":[],"_expiration-date-options":[]},"acf":[],"_links":{"self":[{"href":"https:\/\/us.edu.pl\/pracownik\/welcomepoint\/wp-json\/wp\/v2\/pages\/3577"}],"collection":[{"href":"https:\/\/us.edu.pl\/pracownik\/welcomepoint\/wp-json\/wp\/v2\/pages"}],"about":[{"href":"https:\/\/us.edu.pl\/pracownik\/welcomepoint\/wp-json\/wp\/v2\/types\/page"}],"author":[{"embeddable":true,"href":"https:\/\/us.edu.pl\/pracownik\/welcomepoint\/wp-json\/wp\/v2\/users\/25"}],"replies":[{"embeddable":true,"href":"https:\/\/us.edu.pl\/pracownik\/welcomepoint\/wp-json\/wp\/v2\/comments?post=3577"}],"version-history":[{"count":6,"href":"https:\/\/us.edu.pl\/pracownik\/welcomepoint\/wp-json\/wp\/v2\/pages\/3577\/revisions"}],"predecessor-version":[{"id":4376,"href":"https:\/\/us.edu.pl\/pracownik\/welcomepoint\/wp-json\/wp\/v2\/pages\/3577\/revisions\/4376"}],"up":[{"embeddable":true,"href":"https:\/\/us.edu.pl\/pracownik\/welcomepoint\/wp-json\/wp\/v2\/pages\/3319"}],"wp:attachment":[{"href":"https:\/\/us.edu.pl\/pracownik\/welcomepoint\/wp-json\/wp\/v2\/media?parent=3577"}],"curies":[{"name":"wp","href":"https:\/\/api.w.org\/{rel}","templated":true}]}}