{"id":3605,"date":"2025-03-21T13:22:53","date_gmt":"2025-03-21T12:22:53","guid":{"rendered":"https:\/\/us.edu.pl\/pracownik\/welcomepoint\/?page_id=3605"},"modified":"2025-09-03T13:45:06","modified_gmt":"2025-09-03T11:45:06","slug":"english-inna-kuzmyk","status":"publish","type":"page","link":"https:\/\/us.edu.pl\/pracownik\/welcomepoint\/usilambassadors\/english-inna-kuzmyk\/","title":{"rendered":"Inna Kuzmyk"},"content":{"rendered":"<p>[vc_row el_class=&#8221;container&#8221;][vc_column]\r\n                <div class=\"text-modules\">\r\n                    <div class=\"container\">\r\n                        <h3 class=\"page-title text__title\">Inna Kuzmyk<\/h3>\r\n                        <div class=\"text-modules__content\"><\/p>\n<hr style=\"width: 60%; padding-left: 20px; background-color: #fbb900;\" align=\"left\" \/>\n<p>\n<\/div>\r\n                    <\/div>\r\n                <\/div>[\/vc_column][\/vc_row][vc_row content_placement=&#8221;bottom&#8221; el_class=&#8221;container&#8221; css=&#8221;.vc_custom_1739796570116{margin-top: 10px !important;padding-top: 0px !important;}&#8221;][vc_column width=&#8221;1\/3&#8243; css=&#8221;.vc_custom_1739798254277{margin-bottom: -20px !important;}&#8221; el_class=&#8221;image-mobile&#8221;]\r\n                <div class=\"text-modules\">\r\n                    <div class=\"container\">\r\n                        \r\n                        <div class=\"text-modules__content\"><p><img class=\"rogi alignright wp-image-3336 size-full\" src=\"https:\/\/us.edu.pl\/pracownik\/welcomepoint\/wp-content\/uploads\/sites\/69\/Zdjecia\/Ambasadorzy\/Inna-Kuzmyk-467x700.jpg\" alt=\"I Kuzmyk\" width=\"60%\" height=\"auto\" \/><\/p>\n<\/div>\r\n                    <\/div>\r\n                <\/div>[\/vc_column][vc_column width=&#8221;2\/3&#8243;]\r\n                <div class=\"text-modules\">\r\n                    <div class=\"container\">\r\n                        \r\n                        <div class=\"text-modules__content\"><\/p>\n<p style=\"line-height: 0.9; padding-left: 20px; color: #000000; font-family: 'PT Sans Narrow'; font-size: 1.5em; text-align: left;\"><strong>Czym si\u0119 zajmuj\u0119 zawodowo?<\/strong><\/p>\n<p>\n<\/div>\r\n                    <\/div>\r\n                <\/div>\r\n                <div class=\"text-modules\">\r\n                    <div class=\"container\">\r\n                        \r\n                        <div class=\"text-modules__content\"><p><span style=\"font-weight: 400;\">Pracuj\u0119 w Biurze Rekrutacji Cudzoziemc\u00f3w Uniwersytetu \u015al\u0105skiego w Katowicach. Nasz zesp\u00f3\u0142 pomaga kandydatom z zagranicy rozpocz\u0105\u0107 studia na naszej uczelni. Prowadzimy dla nich prezentacje, udzielamy informacji i weryfikujemy dokumenty. Musimy te\u017c by\u0107 na bie\u017c\u0105co z przepisami dotycz\u0105cymi szkolnictwa wy\u017cszego.<\/span><\/p>\n<\/div>\r\n                    <\/div>\r\n                <\/div>[vc_row_inner][vc_column_inner width=&#8221;2\/3&#8243;]\r\n                <div class=\"text-modules\">\r\n                    <div class=\"container\">\r\n                        \r\n                        <div class=\"text-modules__content\"><\/p>\n<p style=\"line-height: 0.9; color: #000000; font-family: 'PT Sans Narrow'; font-size: 2.5em; text-align: left;\"><strong><span style=\"font-size: 2.6em;\">\u201e<\/span><\/strong><\/p>\n<p><strong><span style=\"font-size: 1.5em; font-family: 'PT Sans Narrow'; line-height: 0.8em;\">Praca na Uniwersytecie \u015al\u0105skim daje mi mo\u017cliwo\u015b\u0107 rozwoju, poznawania nowych kraj\u00f3w i spotykania r\u00f3\u017cnych ludzi. Organizujemy szkolenia i spotkania, a tak\u017ce uczestniczymy w wielu wydarzeniach w Polsce i za granic\u0105<\/span><\/strong><\/p>\n<\/div>\r\n                    <\/div>\r\n                <\/div>[\/vc_column_inner][vc_column_inner width=&#8221;1\/3&#8243;][\/vc_column_inner][\/vc_row_inner][\/vc_column][\/vc_row][vc_row][vc_column][vc_empty_space][\/vc_column][\/vc_row][vc_row][vc_column]<div class=\"container\"><div class=\"separator\" style=\"background-color: #000000\"><\/div><\/div>[\/vc_column][\/vc_row][vc_row equal_height=&#8221;yes&#8221; el_class=&#8221;container&#8221;][vc_column width=&#8221;1\/3&#8243; css=&#8221;.vc_custom_1739798390693{margin-top: 32px !important;background-color: #eaeaea !important;border-radius: 10px !important;}&#8221;]\r\n                <div class=\"text-modules\">\r\n                    <div class=\"container\">\r\n                        \r\n                        <div class=\"text-modules__content\"><\/p>\n<p style=\"line-height: 0.9; padding-left: 20px; color: #000000; font-family: 'PT Sans Narrow'; font-size: 1.5em; text-align: left;\"><strong>M\u00f3j pierwszy dzie\u0144 w pracy<\/strong><\/p>\n<p>\n<\/div>\r\n                    <\/div>\r\n                <\/div>\r\n                <div class=\"text-modules\">\r\n                    <div class=\"container\">\r\n                        \r\n                        <div class=\"text-modules__content\"><p>Pierwszy dzie\u0144 pracy by\u0142 pe\u0142ny nauki, poznawania wsp\u00f3\u0142pracownik\u00f3w i struktur uczelni.<\/p>\n<\/div>\r\n                    <\/div>\r\n                <\/div>[\/vc_column][vc_column width=&#8221;2\/3&#8243; css=&#8221;.vc_custom_1739798402333{margin-top: 32px !important;background-color: #eaeaea !important;border-radius: 10px !important;}&#8221;]\r\n                <div class=\"text-modules\">\r\n                    <div class=\"container\">\r\n                        \r\n                        <div class=\"text-modules__content\"><\/p>\n<p style=\"line-height: 0.9; padding-left: 20px; color: #000000; font-family: 'PT Sans Narrow'; font-size: 1.5em; text-align: left;\"><strong>Co mnie zaskoczy\u0142o?<\/strong><\/p>\n<p>\n<\/div>\r\n                    <\/div>\r\n                <\/div>\r\n                <div class=\"text-modules\">\r\n                    <div class=\"container\">\r\n                        \r\n                        <div class=\"text-modules__content\"><p>By\u0142am zaskoczona, \u017ce wiele os\u00f3b w Polsce obchodzi imieniny zamiast urodzin (chocia\u017c akurat moi polscy przyjaciele \u015bwi\u0119tuj\u0105 g\u0142\u00f3wnie urodziny). W moim kraju imieniny te\u017c istniej\u0105, ale jedynie w kalendarzu \u2013 ludzie zazwyczaj nawet nie wiedz\u0105, kiedy wypadaj\u0105 ich w\u0142asne imieniny.<\/p>\n<\/div>\r\n                    <\/div>\r\n                <\/div>[\/vc_column][\/vc_row][vc_row][vc_column][vc_empty_space][\/vc_column][\/vc_row][vc_row][vc_column]<div class=\"container\"><div class=\"separator\" style=\"background-color: #000000\"><\/div><\/div>[\/vc_column][\/vc_row][vc_row][vc_column][vc_empty_space][\/vc_column][\/vc_row][vc_row content_placement=&#8221;middle&#8221; el_class=&#8221;container&#8221; css=&#8221;.vc_custom_1739794732669{margin-bottom: 0px !important;padding-bottom: 0px !important;}&#8221;][vc_column width=&#8221;1\/3&#8243;][\/vc_column][vc_column width=&#8221;2\/3&#8243;]\r\n                <div class=\"text-modules\">\r\n                    <div class=\"container\">\r\n                        \r\n                        <div class=\"text-modules__content\"><\/p>\n<p style=\"line-height: 0.9; padding-left: 20px; color: #000000; font-family: 'PT Sans Narrow'; font-size: 1.5em; text-align: left;\"><strong>Co lubi\u0119 w Katowicach?<\/strong><\/p>\n<p>\n<\/div>\r\n                    <\/div>\r\n                <\/div>\r\n                <div class=\"text-modules\">\r\n                    <div class=\"container\">\r\n                        \r\n                        <div class=\"text-modules__content\"><p><span style=\"font-weight: 400;\">Katowice to miasto, w kt\u00f3rym jest wszystko, czego potrzeba do wygodnego \u017cycia. Infrastruktura jest dobrze rozwini\u0119ta, a miejsc do sp\u0119dzania wolnego czasu nie brakuje &#8211; organizowane s\u0105 tu liczne wydarzenia, dost\u0119pne s\u0105 parki, jeziora, kina czy galerie. Katowice maj\u0105 te\u017c dobre po\u0142\u0105czenia z innymi polskimi i europejskimi miastami, co sprawia, \u017ce \u0142atwo zorganizowa\u0107 sobie kr\u00f3tki \u201ecity break\u201d.<\/span><\/p>\n<\/div>\r\n                    <\/div>\r\n                <\/div>[\/vc_column][\/vc_row][vc_row disable_element=&#8221;yes&#8221; el_class=&#8221;container&#8221;][vc_column width=&#8221;1\/2&#8243; css=&#8221;.vc_custom_1739796751734{background-color: #eaeaea !important;}&#8221;]\r\n                <div class=\"text-modules\">\r\n                    <div class=\"container\">\r\n                        \r\n                        <div class=\"text-modules__content\"><\/p>\n<p style=\"line-height: 0.9; padding-left: 20px; color: #000000; font-family: 'PT Sans Narrow'; font-size: 1.5em; text-align: left;\"><strong>M\u00f3j pierwszy dzie\u0144 w pracy<\/strong><\/p>\n<p>\n<\/div>\r\n                    <\/div>\r\n                <\/div>\r\n                <div class=\"text-modules\">\r\n                    <div class=\"container\">\r\n                        \r\n                        <div class=\"text-modules__content\"><p><img class=\"rogi alignleft wp-image-3411 size-full\" src=\"https:\/\/us.edu.pl\/pracownik\/welcomepoint\/wp-content\/uploads\/sites\/69\/Zdjecia\/Ambasadorzy\/yellow.png\" alt=\"\" width=\"20%\" height=\"auto\" srcset=\"https:\/\/us.edu.pl\/pracownik\/welcomepoint\/wp-content\/uploads\/sites\/69\/Zdjecia\/Ambasadorzy\/yellow.png 600w, https:\/\/us.edu.pl\/pracownik\/welcomepoint\/wp-content\/uploads\/sites\/69\/Zdjecia\/Ambasadorzy\/yellow-575x383.png 575w\" sizes=\"(max-width: 600px) 100vw, 600px\" \/><\/p>\n<\/div>\r\n                    <\/div>\r\n                <\/div>\r\n                <div class=\"text-modules\">\r\n                    <div class=\"container\">\r\n                        \r\n                        <div class=\"text-modules__content\"><p>M\u00f3j pierwszy dzie\u0144 na Uniwersytecie \u015al\u0105skim by\u0142 szokuj\u0105cy ze wzgl\u0119du na ogromn\u0105 liczb\u0119 dzia\u0142\u00f3w, kt\u00f3re mia\u0142em odwiedzi\u0107 i ludzi, kt\u00f3rych mia\u0142em pozna\u0107. Mia\u0142em jednak szcz\u0119\u015bcie. Spotka\u0142em dobrych ludzi d\u0105\u017c\u0105cych do wysoko postawionych cel\u00f3w i o du\u017cej wyobra\u017ani. <\/p>\n<\/div>\r\n                    <\/div>\r\n                <\/div>[\/vc_column][vc_column width=&#8221;1\/2&#8243;][\/vc_column][\/vc_row][vc_row][vc_column][vc_empty_space][\/vc_column][\/vc_row]<\/p>","protected":false},"excerpt":{"rendered":"<p>[vc_row el_class=&#8221;container&#8221;][vc_column][\/vc_column][\/vc_row][vc_row content_placement=&#8221;bottom&#8221; el_class=&#8221;container&#8221; css=&#8221;.vc_custom_1739796570116{margin-top: 10px !important;padding-top: 0px !important;}&#8221;][vc_column width=&#8221;1\/3&#8243; css=&#8221;.vc_custom_1739798254277{margin-bottom: -20px !important;}&#8221; el_class=&#8221;image-mobile&#8221;][\/vc_column][vc_column width=&#8221;2\/3&#8243;][vc_row_inner][vc_column_inner width=&#8221;2\/3&#8243;][\/vc_column_inner][vc_column_inner width=&#8221;1\/3&#8243;][\/vc_column_inner][\/vc_row_inner][\/vc_column][\/vc_row][vc_row][vc_column][vc_empty_space][\/vc_column][\/vc_row][vc_row][vc_column][\/vc_column][\/vc_row][vc_row equal_height=&#8221;yes&#8221; el_class=&#8221;container&#8221;][vc_column width=&#8221;1\/3&#8243; css=&#8221;.vc_custom_1739798390693{margin-top: 32px !important;background-color: #eaeaea !important;border-radius: 10px !important;}&#8221;][\/vc_column][vc_column width=&#8221;2\/3&#8243; css=&#8221;.vc_custom_1739798402333{margin-top: 32px !important;background-color: #eaeaea !important;border-radius: 10px !important;}&#8221;][\/vc_column][\/vc_row][vc_row][vc_column][vc_empty_space][\/vc_column][\/vc_row][vc_row][vc_column][\/vc_column][\/vc_row][vc_row][vc_column][vc_empty_space][\/vc_column][\/vc_row][vc_row content_placement=&#8221;middle&#8221; el_class=&#8221;container&#8221; css=&#8221;.vc_custom_1739794732669{margin-bottom: 0px !important;padding-bottom: 0px !important;}&#8221;][vc_column width=&#8221;1\/3&#8243;][\/vc_column][vc_column width=&#8221;2\/3&#8243;][\/vc_column][\/vc_row][vc_row disable_element=&#8221;yes&#8221; el_class=&#8221;container&#8221;][vc_column width=&#8221;1\/2&#8243; css=&#8221;.vc_custom_1739796751734{background-color: #eaeaea !important;}&#8221;][\/vc_column][vc_column width=&#8221;1\/2&#8243;][\/vc_column][\/vc_row][vc_row][vc_column][vc_empty_space][\/vc_column][\/vc_row] [&#8230;]<\/p>\n<p><a class=\"btn btn-secondary understrap-read-more-link\" href=\"https:\/\/us.edu.pl\/pracownik\/welcomepoint\/usilambassadors\/english-inna-kuzmyk\/\">Read More&#8230;<\/a><\/p>\n","protected":false},"author":25,"featured_media":0,"parent":3319,"menu_order":0,"comment_status":"closed","ping_status":"closed","template":"","meta":{"_expiration-date-status":"","_expiration-date":0,"_expiration-date-type":"","_expiration-date-categories":[],"_expiration-date-options":[]},"acf":[],"_links":{"self":[{"href":"https:\/\/us.edu.pl\/pracownik\/welcomepoint\/wp-json\/wp\/v2\/pages\/3605"}],"collection":[{"href":"https:\/\/us.edu.pl\/pracownik\/welcomepoint\/wp-json\/wp\/v2\/pages"}],"about":[{"href":"https:\/\/us.edu.pl\/pracownik\/welcomepoint\/wp-json\/wp\/v2\/types\/page"}],"author":[{"embeddable":true,"href":"https:\/\/us.edu.pl\/pracownik\/welcomepoint\/wp-json\/wp\/v2\/users\/25"}],"replies":[{"embeddable":true,"href":"https:\/\/us.edu.pl\/pracownik\/welcomepoint\/wp-json\/wp\/v2\/comments?post=3605"}],"version-history":[{"count":6,"href":"https:\/\/us.edu.pl\/pracownik\/welcomepoint\/wp-json\/wp\/v2\/pages\/3605\/revisions"}],"predecessor-version":[{"id":4374,"href":"https:\/\/us.edu.pl\/pracownik\/welcomepoint\/wp-json\/wp\/v2\/pages\/3605\/revisions\/4374"}],"up":[{"embeddable":true,"href":"https:\/\/us.edu.pl\/pracownik\/welcomepoint\/wp-json\/wp\/v2\/pages\/3319"}],"wp:attachment":[{"href":"https:\/\/us.edu.pl\/pracownik\/welcomepoint\/wp-json\/wp\/v2\/media?parent=3605"}],"curies":[{"name":"wp","href":"https:\/\/api.w.org\/{rel}","templated":true}]}}