{"id":10040,"date":"2020-09-25T15:17:51","date_gmt":"2020-09-25T13:17:51","guid":{"rendered":"https:\/\/us.edu.pl\/pracownik\/?page_id=10040"},"modified":"2025-07-01T13:41:10","modified_gmt":"2025-07-01T11:41:10","slug":"oswiadczenia-do-wnioskow","status":"publish","type":"page","link":"https:\/\/us.edu.pl\/pracownik\/sprawy-miedzynarodowe\/mobilnosc-miedzynarodowa\/wyjazdy-zagraniczne\/oswiadczenia-do-wnioskow\/","title":{"rendered":"O\u015bwiadczenia do wniosk\u00f3w"},"content":{"rendered":"<p>[vc_row][vc_column][\/vc_column][\/vc_row][vc_row][vc_column]\r\n                <div class=\"text-modules\">\r\n                    <div class=\"container\">\r\n                        <h3 class=\"page-title text__title\">O\u015bwiadczenia do wniosku o wyjazd za granic\u0119<\/h3>\r\n                        <div class=\"text-modules__content\"><\/p>\n<ul>\n<li>O\u015bwiadczam, \u017ce zapozna\u0142em si\u0119 z podstawami prawnymi oraz informacjami dotycz\u0105cymi wyjazd\u00f3w zagranicznych dost\u0119pnymi na stronie: <a href=\"https:\/\/us.edu.pl\/pracownik\/sprawy-miedzynarodowe\/mobilnosc-miedzynarodowa\/wyjazdy-zagraniczne\/\">https:\/\/us.edu.pl\/pracownik\/sprawy-miedzynarodowe\/mobilnosc-miedzynarodowa\/wyjazdy-zagraniczne\/<\/a>.<\/li>\n<li>Zobowi\u0105zuj\u0119 si\u0119 do rozliczenia koszt\u00f3w wyjazdu w ci\u0105gu 14 dni od dnia jego zako\u0144czenia. W przypadku niedope\u0142nienia powy\u017cszego zobowi\u0105zania, wyra\u017cam zgod\u0119 na potr\u0105cenie przez Uniwersytet \u015al\u0105ski kwoty otrzymanych \u015bwiadcze\u0144 z najbli\u017cszej wyp\u0142aty wynagrodzenia (dotyczy pracownika).<\/li>\n<li>Przyjmuj\u0119 do wiadomo\u015bci, \u017ce je\u015bli podr\u00f3\u017c nie zostanie rozliczona w ci\u0105gu 14 dni od dnia jej zako\u0144czenia, Uniwersytet \u015al\u0105ski wystawi not\u0119 obci\u0105\u017ceniow\u0105 obejmuj\u0105c\u0105 koszt otrzymanych \u015bwiadcze\u0144 (dotyczy studenta, doktoranta lub innej osoby nieb\u0119d\u0105cej pracownikiem U\u015a).<\/li>\n<li>W przypadku wyjazdu do kraju Unii Europejskiej oraz Europejskiego Obszaru Gospodarczego, o\u015bwiadczam, \u017ce zaopatrz\u0119 si\u0119 w kart\u0119 EKUZ uprawniaj\u0105c\u0105 do opieki medycznej w tych krajach.<\/li>\n<\/ul>\n<p>\n<\/div>\r\n                    <\/div>\r\n                <\/div>[\/vc_column][\/vc_row]<\/p>","protected":false},"excerpt":{"rendered":"<p>[vc_row][vc_column][\/vc_column][\/vc_row][vc_row][vc_column][\/vc_column][\/vc_row] [&#8230;]<\/p>\n<p><a class=\"btn btn-secondary understrap-read-more-link\" href=\"https:\/\/us.edu.pl\/pracownik\/sprawy-miedzynarodowe\/mobilnosc-miedzynarodowa\/wyjazdy-zagraniczne\/oswiadczenia-do-wnioskow\/\">Read More&#8230;<\/a><\/p>\n","protected":false},"author":41,"featured_media":0,"parent":9166,"menu_order":190,"comment_status":"closed","ping_status":"closed","template":"page-templates\/inner-page.php","meta":{"_expiration-date-status":"saved","_expiration-date":0,"_expiration-date-type":"","_expiration-date-categories":[],"_expiration-date-options":[]},"acf":[],"_links":{"self":[{"href":"https:\/\/us.edu.pl\/pracownik\/wp-json\/wp\/v2\/pages\/10040"}],"collection":[{"href":"https:\/\/us.edu.pl\/pracownik\/wp-json\/wp\/v2\/pages"}],"about":[{"href":"https:\/\/us.edu.pl\/pracownik\/wp-json\/wp\/v2\/types\/page"}],"author":[{"embeddable":true,"href":"https:\/\/us.edu.pl\/pracownik\/wp-json\/wp\/v2\/users\/41"}],"replies":[{"embeddable":true,"href":"https:\/\/us.edu.pl\/pracownik\/wp-json\/wp\/v2\/comments?post=10040"}],"version-history":[{"count":7,"href":"https:\/\/us.edu.pl\/pracownik\/wp-json\/wp\/v2\/pages\/10040\/revisions"}],"predecessor-version":[{"id":38573,"href":"https:\/\/us.edu.pl\/pracownik\/wp-json\/wp\/v2\/pages\/10040\/revisions\/38573"}],"up":[{"embeddable":true,"href":"https:\/\/us.edu.pl\/pracownik\/wp-json\/wp\/v2\/pages\/9166"}],"wp:attachment":[{"href":"https:\/\/us.edu.pl\/pracownik\/wp-json\/wp\/v2\/media?parent=10040"}],"curies":[{"name":"wp","href":"https:\/\/api.w.org\/{rel}","templated":true}]}}