{"id":10042,"date":"2020-09-25T15:19:09","date_gmt":"2020-09-25T13:19:09","guid":{"rendered":"https:\/\/us.edu.pl\/pracownik\/?page_id=10042"},"modified":"2025-11-18T11:02:51","modified_gmt":"2025-11-18T10:02:51","slug":"wspolpraca_z_biurem_podrozy","status":"publish","type":"page","link":"https:\/\/us.edu.pl\/pracownik\/sprawy-miedzynarodowe\/mobilnosc-miedzynarodowa\/wyjazdy-zagraniczne\/wspolpraca_z_biurem_podrozy\/","title":{"rendered":"Zakup bilet\u00f3w i wizy za po\u015brednictwem biura podr\u00f3\u017cy"},"content":{"rendered":"<p>[vc_row][vc_column][\/vc_column][\/vc_row][vc_row][vc_column]\r\n                <div class=\"text-modules\">\r\n                    <div class=\"container\">\r\n                        \r\n                        <div class=\"text-modules__content\"><p>25 sierpnia 2025 r. Uniwersytet \u015al\u0105ski w Katowicach zawar\u0142 umow\u0119 nr DZP.382.5.1.2025 z <strong>Why Not Travel sp\u00f3\u0142k\u0105 z ograniczon\u0105 odpowiedzialno\u015bci\u0105<\/strong>, z siedzib\u0105 w Kielnarowej: Kielnarowa 108A, 36-020 Tyczyn, na \u201eKompleksow\u0105 organizacj\u0119 wyjazd\u00f3w zagranicznych\u201d. Us\u0142uga polega na rezerwacji, sprzeda\u017cy, dostawie bilet\u00f3w lotniczych, kolejowych, autobusowych i promowych oraz wizowaniu paszport\u00f3w.<\/p>\n<p>Zakupu bilet\u00f3w i wiz mo\u017ce dokonywa\u0107 pracownik U\u015a, student, doktorant, go\u015b\u0107 z zagranicy, oraz osoba nieb\u0119d\u0105ca pracownikiem, wykonuj\u0105ca zadania na rzecz uczelni. W imieniu os\u00f3b wyje\u017cd\u017caj\u0105cych i przyje\u017cd\u017caj\u0105cych zakupu mog\u0105 dokonywa\u0107 inni pracownicy lub opiekunowie go\u015bci.<\/p>\n<p style=\"text-align: center;\"><span style=\"font-size: 14pt;\">Kontakt z biurem podr\u00f3\u017cy<\/span><strong><span style=\"font-size: 14pt;\"> WHY NOT TRAVEL:<\/span><\/strong><\/p>\n<p style=\"text-align: center;\"><span style=\"font-size: 14pt;\">Adres e-mail: <strong>us@whynottravel.pl<\/strong><\/span><\/p>\n<p>Telefony kontaktowe w dni pracuj\u0105ce od poniedzia\u0142ku do pi\u0105tku w godzinach od 8:00 do 18:00:<\/p>\n<p><strong>DZIA\u0141 LOTNICZY: <\/strong><strong>17 23 06 830<\/strong> lub<strong> 17 23 06 844\u00a0<\/strong><\/p>\n<p><strong>DZIA\u0141 LOGISTYKI<\/strong> (bilety kolejowe, promowe, autobusowe, po\u015brednictwo wizowe): <strong>17 23 06 852\u00a0<\/strong><\/p>\n<p>W pozosta\u0142e dni i godziny zapewniona jest ca\u0142odobowo czynna linia telefoniczna <strong>help-desk<\/strong> pod numerem: <strong>+48<\/strong> <strong>570 055 600<\/strong>, umo\u017cliwiaj\u0105ca kontakt w przypadku pilnej potrzeby, w szczeg\u00f3lno\u015bci w sytuacjach zmiany lub rezygnacji z biletu w przypadkach losowych, czy odwo\u0142ania po\u0142\u0105cze\u0144 z powod\u00f3w warunk\u00f3w atmosferycznych.<\/p>\n<\/div>\r\n                    <\/div>\r\n                <\/div>[\/vc_column][\/vc_row]<\/p>","protected":false},"excerpt":{"rendered":"<p>[vc_row][vc_column][\/vc_column][\/vc_row][vc_row][vc_column][\/vc_column][\/vc_row] [&#8230;]<\/p>\n<p><a class=\"btn btn-secondary understrap-read-more-link\" href=\"https:\/\/us.edu.pl\/pracownik\/sprawy-miedzynarodowe\/mobilnosc-miedzynarodowa\/wyjazdy-zagraniczne\/wspolpraca_z_biurem_podrozy\/\">Read More&#8230;<\/a><\/p>\n","protected":false},"author":41,"featured_media":0,"parent":9166,"menu_order":189,"comment_status":"closed","ping_status":"closed","template":"page-templates\/page-with-bookmarks.php","meta":{"_expiration-date-status":"","_expiration-date":0,"_expiration-date-type":"","_expiration-date-categories":[],"_expiration-date-options":[]},"acf":[],"_links":{"self":[{"href":"https:\/\/us.edu.pl\/pracownik\/wp-json\/wp\/v2\/pages\/10042"}],"collection":[{"href":"https:\/\/us.edu.pl\/pracownik\/wp-json\/wp\/v2\/pages"}],"about":[{"href":"https:\/\/us.edu.pl\/pracownik\/wp-json\/wp\/v2\/types\/page"}],"author":[{"embeddable":true,"href":"https:\/\/us.edu.pl\/pracownik\/wp-json\/wp\/v2\/users\/41"}],"replies":[{"embeddable":true,"href":"https:\/\/us.edu.pl\/pracownik\/wp-json\/wp\/v2\/comments?post=10042"}],"version-history":[{"count":10,"href":"https:\/\/us.edu.pl\/pracownik\/wp-json\/wp\/v2\/pages\/10042\/revisions"}],"predecessor-version":[{"id":41520,"href":"https:\/\/us.edu.pl\/pracownik\/wp-json\/wp\/v2\/pages\/10042\/revisions\/41520"}],"up":[{"embeddable":true,"href":"https:\/\/us.edu.pl\/pracownik\/wp-json\/wp\/v2\/pages\/9166"}],"wp:attachment":[{"href":"https:\/\/us.edu.pl\/pracownik\/wp-json\/wp\/v2\/media?parent=10042"}],"curies":[{"name":"wp","href":"https:\/\/api.w.org\/{rel}","templated":true}]}}