{"id":10046,"date":"2020-09-25T15:21:25","date_gmt":"2020-09-25T13:21:25","guid":{"rendered":"https:\/\/us.edu.pl\/pracownik\/?page_id=10046"},"modified":"2025-07-01T14:44:44","modified_gmt":"2025-07-01T12:44:44","slug":"diety-i-limity-za-noclegi","status":"publish","type":"page","link":"https:\/\/us.edu.pl\/pracownik\/sprawy-miedzynarodowe\/mobilnosc-miedzynarodowa\/wyjazdy-zagraniczne\/diety-i-limity-za-noclegi\/","title":{"rendered":"Diety i limity za  noclegi"},"content":{"rendered":"<p>[vc_row][vc_column][\/vc_column][\/vc_row][vc_row][vc_column]\r\n                <div class=\"text-modules\">\r\n                    <div class=\"container\">\r\n                        <h3 class=\"page-title text__title\">Diety i limity za nocleg<\/h3>\r\n                        <div class=\"text-modules__content\"><\/p>\n<h5><strong><a href=\"https:\/\/us.edu.pl\/pracownik\/wp-content\/uploads\/sites\/2\/pracownik\/Sprawy-miedzynarodowe\/nowe-stawki-diet-18.02.2025.xlsx\" class=\"mtli_attachment mtli_xlsx\" data-mtli=\"mtli_filesize17,07kB\" class=\"mtli_attachment mtli_xlsx\" data-mtli=\"mtli_filesize17,07kB\">Stawki diet i nocleg\u00f3w obowi\u0105zuj\u0105ce od 29.11.2022 r.<\/a><\/strong><\/h5>\n<p>zgodnie z rozporz\u0105dzeniem Ministra Pracy i Polityki Spo\u0142ecznej w sprawie nale\u017cno\u015bci przys\u0142uguj\u0105cych pracownikowi zatrudnionemu w pa\u0144stwowej lub samorz\u0105dowej jednostce sfery bud\u017cetowej z tytu\u0142u podr\u00f3\u017cy s\u0142u\u017cbowej (<a href=\"https:\/\/isap.sejm.gov.pl\/isap.nsf\/download.xsp\/WDU20230002190\/O\/D20232190.pdf\" class=\"mtli_attachment mtli_pdf\" class=\"mtli_attachment mtli_pdf\">tekst jednolity Dz. U. 2023, poz. 2190<\/a>).<\/p>\n<p><u>Nale\u017cno\u015bci z tytu\u0142u krajowej podr\u00f3\u017cy s\u0142u\u017cbowej:<\/u><\/p>\n<ul>\n<li>dieta 45,00 z\u0142,<\/li>\n<li>rycza\u0142t na pokrycie koszt\u00f3w dojazdu 9,00 z\u0142,<\/li>\n<li>rycza\u0142t za nocleg 67,50 z\u0142,<\/li>\n<li>limit za nocleg 900,00 z\u0142.<\/li>\n<\/ul>\n<p>\n<style type=\"text\/css\">a[data-mtli~=\"mtli_filesize17,07kB\"]:after {content:\" (17,07 kB)\"}<\/style><\/div>\r\n                    <\/div>\r\n                <\/div>[\/vc_column][\/vc_row][vc_row][vc_column]\r\n\t\t\t\t<div class='container'>\r\n\t\t\t\t\t<div class='list-links list-links_'>\r\n\t\t\t\t\t\t  \r\n\t\t\t\t\t\t  <ul><\/ul>\r\n\t\t\t\t\t<\/div>\r\n\t\t\t\t<\/div>   \r\n\t\t\t\t\t[\/vc_column][\/vc_row]<\/p>\n<style type=\"text\/css\">a[data-mtli~=\"mtli_filesize17,07kB\"]:after {content:\" (17,07 kB)\"}<\/style>","protected":false},"excerpt":{"rendered":"<p>[vc_row][vc_column][\/vc_column][\/vc_row][vc_row][vc_column][\/vc_column][\/vc_row][vc_row][vc_column][\/vc_column][\/vc_row] [&#8230;]<\/p>\n<p><a class=\"btn btn-secondary understrap-read-more-link\" href=\"https:\/\/us.edu.pl\/pracownik\/sprawy-miedzynarodowe\/mobilnosc-miedzynarodowa\/wyjazdy-zagraniczne\/diety-i-limity-za-noclegi\/\">Read More&#8230;<\/a><\/p>\n","protected":false},"author":41,"featured_media":0,"parent":9166,"menu_order":187,"comment_status":"closed","ping_status":"closed","template":"page-templates\/inner-page.php","meta":{"_expiration-date-status":"","_expiration-date":0,"_expiration-date-type":"","_expiration-date-categories":[],"_expiration-date-options":[]},"acf":[],"_links":{"self":[{"href":"https:\/\/us.edu.pl\/pracownik\/wp-json\/wp\/v2\/pages\/10046"}],"collection":[{"href":"https:\/\/us.edu.pl\/pracownik\/wp-json\/wp\/v2\/pages"}],"about":[{"href":"https:\/\/us.edu.pl\/pracownik\/wp-json\/wp\/v2\/types\/page"}],"author":[{"embeddable":true,"href":"https:\/\/us.edu.pl\/pracownik\/wp-json\/wp\/v2\/users\/41"}],"replies":[{"embeddable":true,"href":"https:\/\/us.edu.pl\/pracownik\/wp-json\/wp\/v2\/comments?post=10046"}],"version-history":[{"count":10,"href":"https:\/\/us.edu.pl\/pracownik\/wp-json\/wp\/v2\/pages\/10046\/revisions"}],"predecessor-version":[{"id":38601,"href":"https:\/\/us.edu.pl\/pracownik\/wp-json\/wp\/v2\/pages\/10046\/revisions\/38601"}],"up":[{"embeddable":true,"href":"https:\/\/us.edu.pl\/pracownik\/wp-json\/wp\/v2\/pages\/9166"}],"wp:attachment":[{"href":"https:\/\/us.edu.pl\/pracownik\/wp-json\/wp\/v2\/media?parent=10046"}],"curies":[{"name":"wp","href":"https:\/\/api.w.org\/{rel}","templated":true}]}}