{"id":10048,"date":"2020-09-25T15:22:33","date_gmt":"2020-09-25T13:22:33","guid":{"rendered":"https:\/\/us.edu.pl\/pracownik\/?page_id=10048"},"modified":"2025-08-25T15:17:58","modified_gmt":"2025-08-25T13:17:58","slug":"wiza","status":"publish","type":"page","link":"https:\/\/us.edu.pl\/pracownik\/sprawy-miedzynarodowe\/mobilnosc-miedzynarodowa\/wyjazdy-zagraniczne\/wiza\/","title":{"rendered":"Wiza"},"content":{"rendered":"<p>[vc_row][vc_column][\/vc_column][\/vc_row][vc_row][vc_column]\r\n                <div class=\"text-modules\">\r\n                    <div class=\"container\">\r\n                        \r\n                        <div class=\"text-modules__content\"><p>Aktualne informacje na temat kraj\u00f3w, w kt\u00f3rych wymagana jest wiza, mo\u017cna uzyska\u0107 na stronie <a href=\"https:\/\/www.gov.pl\/web\/dyplomacja\/informacje-dla-podrozujacych\">Ministerstwa Spraw Zagranicznych<\/a>.<\/p>\n<p>Koszty wizy oraz po\u015brednictwa wizowego (op\u0142aty transakcyjnej) musz\u0105 by\u0107 uwzgl\u0119dnione na <em>Wniosku o wyjazd za granic\u0119<\/em> i s\u0105 pokrywane ze \u015brodk\u00f3w wydzia\u0142owych (MPK).<\/p>\n<p>Koszt wizy stanowi przych\u00f3d osoby wyje\u017cd\u017caj\u0105cej i jest opodatkowany podatkiem dochodowym od os\u00f3b fizycznych.<\/p>\n<p>Wiz\u0119 mo\u017cna uzyska\u0107:<\/p>\n<ul>\n<li>samodzielnie<\/li>\n<\/ul>\n<p style=\"padding-left: 40px;\">lub<\/p>\n<ul>\n<li>za po\u015brednictwem biura podr\u00f3\u017cy <strong>WHY NOT TRAVEL<\/strong>.<\/li>\n<\/ul>\n<p>Zwrot koszt\u00f3w samodzielnie zakupionej wizy przez osob\u0119 wyje\u017cd\u017caj\u0105c\u0105 nast\u0119puje po zako\u0144czeniu wyjazdu, a koszt wizy zakupionej w biurze podr\u00f3\u017cy, z kt\u00f3rym nasza uczelnia ma podpisan\u0105 umow\u0119, op\u0142aca bezpo\u015brednio U\u015a.<\/p>\n<\/div>\r\n                    <\/div>\r\n                <\/div>[\/vc_column][\/vc_row]<\/p>","protected":false},"excerpt":{"rendered":"<p>[vc_row][vc_column][\/vc_column][\/vc_row][vc_row][vc_column][\/vc_column][\/vc_row] [&#8230;]<\/p>\n<p><a class=\"btn btn-secondary understrap-read-more-link\" href=\"https:\/\/us.edu.pl\/pracownik\/sprawy-miedzynarodowe\/mobilnosc-miedzynarodowa\/wyjazdy-zagraniczne\/wiza\/\">Read More&#8230;<\/a><\/p>\n","protected":false},"author":41,"featured_media":0,"parent":9166,"menu_order":186,"comment_status":"closed","ping_status":"closed","template":"page-templates\/page-with-bookmarks.php","meta":{"_expiration-date-status":"saved","_expiration-date":0,"_expiration-date-type":"","_expiration-date-categories":[],"_expiration-date-options":[]},"acf":[],"_links":{"self":[{"href":"https:\/\/us.edu.pl\/pracownik\/wp-json\/wp\/v2\/pages\/10048"}],"collection":[{"href":"https:\/\/us.edu.pl\/pracownik\/wp-json\/wp\/v2\/pages"}],"about":[{"href":"https:\/\/us.edu.pl\/pracownik\/wp-json\/wp\/v2\/types\/page"}],"author":[{"embeddable":true,"href":"https:\/\/us.edu.pl\/pracownik\/wp-json\/wp\/v2\/users\/41"}],"replies":[{"embeddable":true,"href":"https:\/\/us.edu.pl\/pracownik\/wp-json\/wp\/v2\/comments?post=10048"}],"version-history":[{"count":10,"href":"https:\/\/us.edu.pl\/pracownik\/wp-json\/wp\/v2\/pages\/10048\/revisions"}],"predecessor-version":[{"id":40741,"href":"https:\/\/us.edu.pl\/pracownik\/wp-json\/wp\/v2\/pages\/10048\/revisions\/40741"}],"up":[{"embeddable":true,"href":"https:\/\/us.edu.pl\/pracownik\/wp-json\/wp\/v2\/pages\/9166"}],"wp:attachment":[{"href":"https:\/\/us.edu.pl\/pracownik\/wp-json\/wp\/v2\/media?parent=10048"}],"curies":[{"name":"wp","href":"https:\/\/api.w.org\/{rel}","templated":true}]}}