{"id":10086,"date":"2020-09-28T09:12:37","date_gmt":"2020-09-28T07:12:37","guid":{"rendered":"https:\/\/us.edu.pl\/pracownik\/?page_id=10086"},"modified":"2025-07-01T15:44:16","modified_gmt":"2025-07-01T13:44:16","slug":"przydatne-linki","status":"publish","type":"page","link":"https:\/\/us.edu.pl\/pracownik\/sprawy-miedzynarodowe\/mobilnosc-miedzynarodowa\/wyjazdy-zagraniczne\/przydatne-linki\/","title":{"rendered":"Przydatne linki"},"content":{"rendered":"<p>[vc_row][vc_column][\/vc_column][\/vc_row][vc_row][vc_column]\r\n\t\t\t\t<div class='container'>\r\n\t\t\t\t\t<div class='list-links list-links_empty'>\r\n\t\t\t\t\t\t  \r\n\t\t\t\t\t\t  <ul><\/ul>\r\n\t\t\t\t\t<\/div>\r\n\t\t\t\t<\/div>   \r\n\t\t\t\t\t[\/vc_column][\/vc_row][vc_row][vc_column]\r\n                <div class=\"text-modules\">\r\n                    <div class=\"container\">\r\n                        <h3 class=\"page-title text__title\">Przydatne linki<\/h3>\r\n                        <div class=\"text-modules__content\"><\/p>\n<p><a href=\"https:\/\/www.iata.org\/\">Mi\u0119dzynarodowe Stowarzyszenie Transportu Powietrznego IATA<\/a><\/p>\n<p><a href=\"https:\/\/www.gov.pl\/web\/dyplomacja\/informacje-dla-podrozujacych\">Informacje dla podr\u00f3\u017cuj\u0105cych Ministerstwa Spraw Zagranicznych<\/a><\/p>\n<p><a href=\"https:\/\/www.gov.pl\/web\/dyplomacja\/polskie-przedstawicielstwa-na-swiecie\">Polskie przedstawicielstwa na \u015bwiecie<\/a> (ambasady, konsulaty)<\/p>\n<p><a href=\"https:\/\/www.gov.pl\/web\/gov\/zglos-pobyt-za-granica-system-odyseusz\">System Odyseusz<\/a><\/p>\n<p><a href=\"https:\/\/www.nfz.gov.pl\/dla-pacjenta\/nasze-zdrowie-w-ue\/leczenie-w-krajach-unii-europejskiej-i-efta\/jak-wyrobic-karte-ekuz\/\">EKUZ \u2013 Europejsk\u0105 Kart\u0119 Ubezpieczenia Zdrowotnego<\/a><\/p>\n<p><a href=\"https:\/\/www.gov.pl\/web\/dyplomacja\/checklista-wyjazdowa-msz\">Checklista wyjazdowa Ministerstwa Spraw Zagranicznych<\/a><\/p>\n<\/div>\r\n                    <\/div>\r\n                <\/div>[\/vc_column][\/vc_row]<\/p>","protected":false},"excerpt":{"rendered":"<p>[vc_row][vc_column][\/vc_column][\/vc_row][vc_row][vc_column][\/vc_column][\/vc_row][vc_row][vc_column][\/vc_column][\/vc_row] [&#8230;]<\/p>\n<p><a class=\"btn btn-secondary understrap-read-more-link\" href=\"https:\/\/us.edu.pl\/pracownik\/sprawy-miedzynarodowe\/mobilnosc-miedzynarodowa\/wyjazdy-zagraniczne\/przydatne-linki\/\">Read More&#8230;<\/a><\/p>\n","protected":false},"author":41,"featured_media":0,"parent":9166,"menu_order":181,"comment_status":"closed","ping_status":"closed","template":"page-templates\/inner-page.php","meta":{"_expiration-date-status":"saved","_expiration-date":0,"_expiration-date-type":"","_expiration-date-categories":[],"_expiration-date-options":[]},"acf":[],"_links":{"self":[{"href":"https:\/\/us.edu.pl\/pracownik\/wp-json\/wp\/v2\/pages\/10086"}],"collection":[{"href":"https:\/\/us.edu.pl\/pracownik\/wp-json\/wp\/v2\/pages"}],"about":[{"href":"https:\/\/us.edu.pl\/pracownik\/wp-json\/wp\/v2\/types\/page"}],"author":[{"embeddable":true,"href":"https:\/\/us.edu.pl\/pracownik\/wp-json\/wp\/v2\/users\/41"}],"replies":[{"embeddable":true,"href":"https:\/\/us.edu.pl\/pracownik\/wp-json\/wp\/v2\/comments?post=10086"}],"version-history":[{"count":6,"href":"https:\/\/us.edu.pl\/pracownik\/wp-json\/wp\/v2\/pages\/10086\/revisions"}],"predecessor-version":[{"id":38613,"href":"https:\/\/us.edu.pl\/pracownik\/wp-json\/wp\/v2\/pages\/10086\/revisions\/38613"}],"up":[{"embeddable":true,"href":"https:\/\/us.edu.pl\/pracownik\/wp-json\/wp\/v2\/pages\/9166"}],"wp:attachment":[{"href":"https:\/\/us.edu.pl\/pracownik\/wp-json\/wp\/v2\/media?parent=10086"}],"curies":[{"name":"wp","href":"https:\/\/api.w.org\/{rel}","templated":true}]}}