{"id":10141,"date":"2020-09-28T12:50:13","date_gmt":"2020-09-28T10:50:13","guid":{"rendered":"https:\/\/us.edu.pl\/pracownik\/?page_id=10141"},"modified":"2020-09-28T12:50:13","modified_gmt":"2020-09-28T10:50:13","slug":"zgloszenie-potrzeby-wydzierzawienia-urzadzenia","status":"publish","type":"page","link":"https:\/\/us.edu.pl\/pracownik\/zgloszenie-potrzeby-wydzierzawienia-urzadzenia\/","title":{"rendered":"Zg\u0142oszenie potrzeby wydzier\u017cawienia urz\u0105dzenia"},"content":{"rendered":"<p><a href=\"https:\/\/us.edu.pl\/pracownik\/wp-content\/uploads\/sites\/2\/Editor\/logistyka\/System-drukowania-i-kopiowania\/Zg\u0142oszenie-potrzeby-udost\u0119pnienia-urz\u0105dzenia-DZP.381.039.2020.UG_.pdf\" class=\"mtli_attachment mtli_pdf\" data-mtli=\"mtli_filesize170,89kB\">Zg\u0142oszenie potrzeby udost\u0119pnienia urz\u0105dzenia DZP.381.039.2020.UG<\/a><\/p>\n<style type=\"text\/css\">a[data-mtli~=\"mtli_filesize170,89kB\"]:after {content:\" (170,89 kB)\"}<\/style>","protected":false},"excerpt":{"rendered":"<p>Zg\u0142oszenie potrzeby udost\u0119pnienia urz\u0105dzenia DZP.381.039.2020.UG [&#8230;]<\/p>\n<p><a class=\"btn btn-secondary understrap-read-more-link\" href=\"https:\/\/us.edu.pl\/pracownik\/zgloszenie-potrzeby-wydzierzawienia-urzadzenia\/\">Read More&#8230;<\/a><\/p>\n","protected":false},"author":91,"featured_media":0,"parent":0,"menu_order":180,"comment_status":"closed","ping_status":"closed","template":"","meta":{"_expiration-date-status":"saved","_expiration-date":0,"_expiration-date-type":"","_expiration-date-categories":[],"_expiration-date-options":[]},"acf":[],"_links":{"self":[{"href":"https:\/\/us.edu.pl\/pracownik\/wp-json\/wp\/v2\/pages\/10141"}],"collection":[{"href":"https:\/\/us.edu.pl\/pracownik\/wp-json\/wp\/v2\/pages"}],"about":[{"href":"https:\/\/us.edu.pl\/pracownik\/wp-json\/wp\/v2\/types\/page"}],"author":[{"embeddable":true,"href":"https:\/\/us.edu.pl\/pracownik\/wp-json\/wp\/v2\/users\/91"}],"replies":[{"embeddable":true,"href":"https:\/\/us.edu.pl\/pracownik\/wp-json\/wp\/v2\/comments?post=10141"}],"version-history":[{"count":1,"href":"https:\/\/us.edu.pl\/pracownik\/wp-json\/wp\/v2\/pages\/10141\/revisions"}],"predecessor-version":[{"id":10142,"href":"https:\/\/us.edu.pl\/pracownik\/wp-json\/wp\/v2\/pages\/10141\/revisions\/10142"}],"wp:attachment":[{"href":"https:\/\/us.edu.pl\/pracownik\/wp-json\/wp\/v2\/media?parent=10141"}],"curies":[{"name":"wp","href":"https:\/\/api.w.org\/{rel}","templated":true}]}}