{"id":1016,"date":"2019-10-04T11:16:38","date_gmt":"2019-10-04T09:16:38","guid":{"rendered":"https:\/\/us.edu.pl\/pracownik\/?page_id=1016"},"modified":"2022-07-21T13:18:09","modified_gmt":"2022-07-21T11:18:09","slug":"pogodna-jesien","status":"publish","type":"page","link":"https:\/\/us.edu.pl\/pracownik\/sprawy-socjalne\/programy-emerytalne-i-ubezpieczenia\/pogodna-jesien\/","title":{"rendered":"Pogodna Jesie\u0144"},"content":{"rendered":"<p>[vc_row][vc_column]\r\n                <div class=\"text-modules\">\r\n                    <div class=\"container\">\r\n                        <h3 class=\"page-title text__title\">Pogodna Jesie\u0144<\/h3>\r\n                        <div class=\"text-modules__content\"><p><span style=\"font-weight: 400;\">W ramach wsp\u00f3\u0142pracy z Powszechnym Zak\u0142adem Ubezpiecze\u0144 Spo\u0142ecznych na \u017bycie S.A. Uniwersytet \u015al\u0105ski w Katowicach podpisa\u0142 umow\u0119 grupowego ubezpieczenia emerytalnego POGODNA JESIE\u0143.\u00a0<\/span><\/p>\n<p><span style=\"font-weight: 400;\">Uniwersytet \u015al\u0105ski w Katowicach umo\u017cliwia przyst\u0105pienie do grupowego ubezpieczenia emerytalnego POGODNA JESIE\u0143, stanowi\u0105cego dodatkow\u0105 form\u0119 oszcz\u0119dzania na emerytur\u0119. W ramach programu wp\u0142acone przez uczestnik\u00f3w pieni\u0105dze s\u0105 inwestowane w ubezpieczeniowy fundusz kapita\u0142owy. Dodatkowo, w ramach programu udzielana jest ochrona ubezpieczeniowa dla ubezpieczonego.\u00a0<\/span><\/p>\n<\/div>\r\n                    <\/div>\r\n                <\/div>[\/vc_column][\/vc_row]<\/p>","protected":false},"excerpt":{"rendered":"<p>[vc_row][vc_column][\/vc_column][\/vc_row] [&#8230;]<\/p>\n<p><a class=\"btn btn-secondary understrap-read-more-link\" href=\"https:\/\/us.edu.pl\/pracownik\/sprawy-socjalne\/programy-emerytalne-i-ubezpieczenia\/pogodna-jesien\/\">Read More&#8230;<\/a><\/p>\n","protected":false},"author":29,"featured_media":0,"parent":6472,"menu_order":445,"comment_status":"closed","ping_status":"closed","template":"page-templates\/inner-page-with-bookmarks.php","meta":{"_expiration-date-status":"","_expiration-date":0,"_expiration-date-type":"","_expiration-date-categories":[],"_expiration-date-options":[]},"acf":[],"_links":{"self":[{"href":"https:\/\/us.edu.pl\/pracownik\/wp-json\/wp\/v2\/pages\/1016"}],"collection":[{"href":"https:\/\/us.edu.pl\/pracownik\/wp-json\/wp\/v2\/pages"}],"about":[{"href":"https:\/\/us.edu.pl\/pracownik\/wp-json\/wp\/v2\/types\/page"}],"author":[{"embeddable":true,"href":"https:\/\/us.edu.pl\/pracownik\/wp-json\/wp\/v2\/users\/29"}],"replies":[{"embeddable":true,"href":"https:\/\/us.edu.pl\/pracownik\/wp-json\/wp\/v2\/comments?post=1016"}],"version-history":[{"count":10,"href":"https:\/\/us.edu.pl\/pracownik\/wp-json\/wp\/v2\/pages\/1016\/revisions"}],"predecessor-version":[{"id":18375,"href":"https:\/\/us.edu.pl\/pracownik\/wp-json\/wp\/v2\/pages\/1016\/revisions\/18375"}],"up":[{"embeddable":true,"href":"https:\/\/us.edu.pl\/pracownik\/wp-json\/wp\/v2\/pages\/6472"}],"wp:attachment":[{"href":"https:\/\/us.edu.pl\/pracownik\/wp-json\/wp\/v2\/media?parent=1016"}],"curies":[{"name":"wp","href":"https:\/\/api.w.org\/{rel}","templated":true}]}}