{"id":102,"date":"2019-09-11T12:53:19","date_gmt":"2019-09-11T10:53:19","guid":{"rendered":"http:\/\/php71.nfinity-beta.pl\/us\/pracownik\/?page_id=102"},"modified":"2021-01-12T14:15:25","modified_gmt":"2021-01-12T13:15:25","slug":"realizacja-dostaw-i-uslug","status":"publish","type":"page","link":"https:\/\/us.edu.pl\/pracownik\/realizacja-dostaw-i-uslug\/","title":{"rendered":"Realizacja dostaw i us\u0142ug"},"content":{"rendered":"<p>[vc_row][vc_column]\r\n                <div class=\"text-modules\">\r\n                    <div class=\"container\">\r\n                        <h3 class=\"page-title text__title\">Realizacja dostaw i us\u0142ug<\/h3>\r\n                        <div class=\"text-modules__content\"><\/p>\n<div class=\"content\">\n<p><strong>Informacje o realizacji dostaw i us\u0142ug przez Dzia\u0142 Logistyki<\/strong><\/p>\n<ul>\n<li><span style=\"color: #002e5a\"><a style=\"color: #002e5a\" href=\"http:\/\/dl.us.edu.pl\/schemat-postepowania-i-obieg-dokumentow\">Schemat post\u0119powania i obieg dokument\u00f3w<\/a><\/span><\/li>\n<li><span style=\"color: #002e5a\"><a style=\"color: #002e5a\" href=\"http:\/\/dl.us.edu.pl\/aktualne-umowy-dlugoterminowe\">Aktualne umowy d\u0142ugoterminowe<\/a><\/span><\/li>\n<li><span style=\"color: #002e5a\"><a style=\"color: #002e5a\" href=\"http:\/\/dl.us.edu.pl\/dokumenty-do-pobrania\">Dokumenty do pobrania<\/a><\/span><\/li>\n<li><a href=\"http:\/\/dl.us.edu.pl\/harmonogram\"><span style=\"color: #002e5a\">Harmonogram realizacji dostaw i us\u0142ug<\/span><\/a><\/li>\n<\/ul>\n<p><strong>Informacje o realizacji dostaw i us\u0142ug przez Dzia\u0142 Promocji<\/strong><\/p>\n<ul>\n<li><span style=\"color: #002e5a\">Procedura sk\u0142adania wniosk\u00f3w w systemie SAP<\/span><\/li>\n<li><a href=\"https:\/\/us.edu.pl\/pracownik\/wp-content\/uploads\/sites\/2\/Editor\/logistyka\/Procedura-realizacji-us\u0142ug-promocyjnych-dotycz\u0105cych-serwisu-Facebook.pdf\" class=\"mtli_attachment mtli_pdf\" data-mtli=\"mtli_filesize119,03kB\" class=\"mtli_attachment mtli_pdf\" data-mtli=\"mtli_filesize119,03kB\" target=\"_blank\" rel=\"noopener noreferrer\"><span style=\"color: #002e5a\">Procedura realizacji us\u0142ug promocyjnych dotycz\u0105cych serwisu Facebook<\/span><\/a><\/li>\n<li><span style=\"color: #002e5a\"><a style=\"color: #002e5a\" href=\"\/pracownik\/umowy-dlugoterminowe\/\" target=\"_blank\" rel=\"noopener noreferrer\">Umowy d\u0142ugoterminowe w zakresie grupy materia\u0142owej: (us\u0142ugi drukowania)<\/a><\/span><\/li>\n<li><a href=\"https:\/\/us.edu.pl\/pracownik\/wp-content\/uploads\/sites\/2\/Editor\/logistyka\/Harmonogram-realizacji-dostaw-i-us\u0142ug-na-2021v02-2021.01.11-1.pdf\" class=\"mtli_attachment mtli_pdf\" data-mtli=\"mtli_filesize912,72kB\" class=\"mtli_attachment mtli_pdf\" data-mtli=\"mtli_filesize912,72kB\" target=\"_blank\" rel=\"noopener noreferrer\"><span style=\"color: #002e5a\">Harmonogram realizacji dostaw i us\u0142ug<\/span> <\/a><\/li>\n<\/ul>\n<\/div>\n<p>\n<style type=\"text\/css\">a[data-mtli~=\"mtli_filesize119,03kB\"]:after {content:\" (119,03 kB)\"}a[data-mtli~=\"mtli_filesize912,72kB\"]:after {content:\" (912,72 kB)\"}<\/style><\/div>\r\n                    <\/div>\r\n                <\/div>[\/vc_column][\/vc_row]<\/p>\n<style type=\"text\/css\">a[data-mtli~=\"mtli_filesize119,03kB\"]:after {content:\" (119,03 kB)\"}a[data-mtli~=\"mtli_filesize912,72kB\"]:after {content:\" (912,72 kB)\"}<\/style>","protected":false},"excerpt":{"rendered":"<p>[vc_row][vc_column][\/vc_column][\/vc_row] [&#8230;]<\/p>\n<p><a class=\"btn btn-secondary understrap-read-more-link\" href=\"https:\/\/us.edu.pl\/pracownik\/realizacja-dostaw-i-uslug\/\">Read More&#8230;<\/a><\/p>\n","protected":false},"author":1,"featured_media":0,"parent":0,"menu_order":413,"comment_status":"closed","ping_status":"closed","template":"","meta":{"_expiration-date-status":"saved","_expiration-date":0,"_expiration-date-type":"","_expiration-date-categories":[],"_expiration-date-options":[]},"acf":[],"_links":{"self":[{"href":"https:\/\/us.edu.pl\/pracownik\/wp-json\/wp\/v2\/pages\/102"}],"collection":[{"href":"https:\/\/us.edu.pl\/pracownik\/wp-json\/wp\/v2\/pages"}],"about":[{"href":"https:\/\/us.edu.pl\/pracownik\/wp-json\/wp\/v2\/types\/page"}],"author":[{"embeddable":true,"href":"https:\/\/us.edu.pl\/pracownik\/wp-json\/wp\/v2\/users\/1"}],"replies":[{"embeddable":true,"href":"https:\/\/us.edu.pl\/pracownik\/wp-json\/wp\/v2\/comments?post=102"}],"version-history":[{"count":8,"href":"https:\/\/us.edu.pl\/pracownik\/wp-json\/wp\/v2\/pages\/102\/revisions"}],"predecessor-version":[{"id":11881,"href":"https:\/\/us.edu.pl\/pracownik\/wp-json\/wp\/v2\/pages\/102\/revisions\/11881"}],"wp:attachment":[{"href":"https:\/\/us.edu.pl\/pracownik\/wp-json\/wp\/v2\/media?parent=102"}],"curies":[{"name":"wp","href":"https:\/\/api.w.org\/{rel}","templated":true}]}}