{"id":10266,"date":"2020-09-30T11:03:03","date_gmt":"2020-09-30T09:03:03","guid":{"rendered":"https:\/\/us.edu.pl\/pracownik\/?page_id=10266"},"modified":"2025-07-01T14:27:52","modified_gmt":"2025-07-01T12:27:52","slug":"podroz-samochodem","status":"publish","type":"page","link":"https:\/\/us.edu.pl\/pracownik\/sprawy-miedzynarodowe\/mobilnosc-miedzynarodowa\/wyjazdy-zagraniczne\/podroz-samochodem\/","title":{"rendered":"Podr\u00f3\u017c samochodem"},"content":{"rendered":"<p>[vc_row][vc_column][\/vc_column][\/vc_row][vc_row][vc_column]\r\n                <div class=\"text-modules\">\r\n                    <div class=\"container\">\r\n                        <h3 class=\"page-title text__title\">Podr\u00f3\u017c samochodem<\/h3>\r\n                        <div class=\"text-modules__content\"><p>Z uzasadnionych powod\u00f3w dziekan \/ kierownik jednostki mo\u017ce wyrazi\u0107 zgod\u0119 na podr\u00f3\u017c prywatnym samochodem. W tym celu nale\u017cy wype\u0142ni\u0107 <em>Wniosek o wyra\u017cenie zgody na u\u017cycie samochodu osobowego w celu odbycia podr\u00f3\u017cy s\u0142u\u017cbowej\/wyjazdu<\/em>. Po powrocie nale\u017cy wydrukowa\u0107 z SAP-a <em>Ewidencj\u0119 przebiegu pojazdu,<\/em> kt\u00f3ra jest potwierdzana przez dziekana \/ kierownika innej jednostki.<\/p>\n<p>Wyje\u017cd\u017caj\u0105cemu przys\u0142uguje zwrot koszt\u00f3w przejazdu w wysoko\u015bci do 100% kwoty okre\u015blonej w odpowiednich przepisach prawa (tzw. <a href=\"https:\/\/isap.sejm.gov.pl\/isap.nsf\/download.xsp\/WDU20230000005\/O\/D20230005.pdf\" class=\"mtli_attachment mtli_pdf\" class=\"mtli_attachment mtli_pdf\">kilometr\u00f3wki<\/a>), jednak\u017ce nie wi\u0119cej ni\u017c r\u00f3wnowarto\u015b\u0107 300 EURO.<\/p>\n<p>Zwrot koszt\u00f3w przejazdu przys\u0142uguje za przejazd optymalna tras\u0105, zgodnie z <a href=\"https:\/\/www.google.com\/maps\/\">internetow\u0105 map\u0105 samochodow\u0105<\/a>, udokumentowany ewidencj\u0105 przebiegu pojazdu.<\/p>\n<p>100% stawki za 1 km przebiegu samochodu osobowego (stan na 27.06.2025r.):<\/p>\n<ul style=\"list-style-type: disc;\">\n<li>o pojemno\u015bci skokowej silnika do 900 cm<sup>3<\/sup> \u2013 0,89 z\u0142.<\/li>\n<li>o pojemno\u015bci skokowej silnika powy\u017cej 900 cm<sup>3\u00a0<\/sup>\u2013 1,15 z\u0142.<\/li>\n<\/ul>\n<p>\n<\/div>\r\n                    <\/div>\r\n                <\/div>[\/vc_column][\/vc_row]<\/p>","protected":false},"excerpt":{"rendered":"<p>[vc_row][vc_column][\/vc_column][\/vc_row][vc_row][vc_column][\/vc_column][\/vc_row] [&#8230;]<\/p>\n<p><a class=\"btn btn-secondary understrap-read-more-link\" href=\"https:\/\/us.edu.pl\/pracownik\/sprawy-miedzynarodowe\/mobilnosc-miedzynarodowa\/wyjazdy-zagraniczne\/podroz-samochodem\/\">Read More&#8230;<\/a><\/p>\n","protected":false},"author":41,"featured_media":0,"parent":9166,"menu_order":178,"comment_status":"closed","ping_status":"closed","template":"page-templates\/inner-page.php","meta":{"_expiration-date-status":"saved","_expiration-date":0,"_expiration-date-type":"","_expiration-date-categories":[],"_expiration-date-options":[]},"acf":[],"_links":{"self":[{"href":"https:\/\/us.edu.pl\/pracownik\/wp-json\/wp\/v2\/pages\/10266"}],"collection":[{"href":"https:\/\/us.edu.pl\/pracownik\/wp-json\/wp\/v2\/pages"}],"about":[{"href":"https:\/\/us.edu.pl\/pracownik\/wp-json\/wp\/v2\/types\/page"}],"author":[{"embeddable":true,"href":"https:\/\/us.edu.pl\/pracownik\/wp-json\/wp\/v2\/users\/41"}],"replies":[{"embeddable":true,"href":"https:\/\/us.edu.pl\/pracownik\/wp-json\/wp\/v2\/comments?post=10266"}],"version-history":[{"count":10,"href":"https:\/\/us.edu.pl\/pracownik\/wp-json\/wp\/v2\/pages\/10266\/revisions"}],"predecessor-version":[{"id":38585,"href":"https:\/\/us.edu.pl\/pracownik\/wp-json\/wp\/v2\/pages\/10266\/revisions\/38585"}],"up":[{"embeddable":true,"href":"https:\/\/us.edu.pl\/pracownik\/wp-json\/wp\/v2\/pages\/9166"}],"wp:attachment":[{"href":"https:\/\/us.edu.pl\/pracownik\/wp-json\/wp\/v2\/media?parent=10266"}],"curies":[{"name":"wp","href":"https:\/\/api.w.org\/{rel}","templated":true}]}}