{"id":10619,"date":"2020-10-15T06:47:54","date_gmt":"2020-10-15T04:47:54","guid":{"rendered":"https:\/\/us.edu.pl\/pracownik\/?page_id=10619"},"modified":"2021-05-13T20:21:07","modified_gmt":"2021-05-13T18:21:07","slug":"posiedzenie-komisji-19-10-2020","status":"publish","type":"page","link":"https:\/\/us.edu.pl\/pracownik\/sprawy-dydaktyczne\/senacka-komisja-ds-ksztalcenia\/senacka-komisja-ds-ksztalcenia-sklad-komisji\/kadencja-2020-2024\/posiedzenie-komisji-19-10-2020\/","title":{"rendered":"Posiedzenie komisji &#8211; 19.10.2020"},"content":{"rendered":"<p>[vc_row][vc_column]\r\n                <div class=\"text-modules\">\r\n                    <div class=\"container\">\r\n                        <h3 class=\"page-title text__title\">Posiedzenie Komisji ds. kszta\u0142cenia i student\u00f3w - 19 pa\u017adziernika 2020 r. o godz. 13.00<\/h3>\r\n                        <div class=\"text-modules__content\"><p>Posiedzenie Komisji ds. kszta\u0142cenia i student\u00f3w, kt\u00f3re odb\u0119dzie si\u0119 <b>19 pa\u017adziernika 2020 r. o godz. 13.00<\/b>\u00a0w auli w budynku rektoratu przy ul. Bankowej 12 w Katowicach.<\/p>\n<p style=\"font-weight: 400\">Porz\u0105dek posiedzenia:<\/p>\n<ol>\n<li>Przedstawienie zakresu zada\u0144 Komisji ds. kszta\u0142cenia i student\u00f3w okre\u015blonych w Statucie U\u015a oraz informacja o regulaminie prac Komisji okre\u015blonym w Regulaminie organizacyjnym U\u015a; ( <a href=\"https:\/\/us.edu.pl\/pracownik\/wp-content\/uploads\/sites\/2\/Editor\/sprawy-dydatktyczne\/Komisja-kszta\u0142cenia\/Kadencja-2020-2024\/20202021\/19.10.2020\/Wyci\u0105g-ze-Statutu-Uniwersytetu-\u015al\u0105skiego.docx\" class=\"mtli_attachment mtli_docx\" data-mtli=\"mtli_filesize16,67kB\" class=\"mtli_attachment mtli_docx\" data-mtli=\"mtli_filesize16,67kB\">Status U\u015a<\/a>, <a href=\"https:\/\/us.edu.pl\/pracownik\/wp-content\/uploads\/sites\/2\/Editor\/sprawy-dydatktyczne\/Komisja-kszta\u0142cenia\/Kadencja-2020-2024\/20202021\/19.10.2020\/Wyci\u0105g-z-Regulaminu-Organizacyjnego-Uniwersytetu-\u015al\u0105skiego.docx\" class=\"mtli_attachment mtli_docx\" data-mtli=\"mtli_filesize16,21kB\" class=\"mtli_attachment mtli_docx\" data-mtli=\"mtli_filesize16,21kB\">Regulamin organizacyjny U\u015a<\/a> )<\/li>\n<li style=\"font-weight: 400\">Wskazanie zast\u0119pcy Przewodnicz\u0105cej Komisji;<\/li>\n<li style=\"font-weight: 400\">Przedstawienie za\u0142o\u017ce\u0144 projektu modyfikacji program\u00f3w studi\u00f3w pierwszego stopnia;<\/li>\n<li style=\"font-weight: 400\">Przedstawienie za\u0142o\u017ce\u0144 kszta\u0142cenia w sytuacji konieczno\u015bci prowadzenia dydaktyki w formule zdalnej;<\/li>\n<li style=\"font-weight: 400\">Przyj\u0119cie ramowego harmonogramu prac Komisji w roku akademickim 2020\/2021; ( <a href=\"https:\/\/us.edu.pl\/pracownik\/wp-content\/uploads\/sites\/2\/Editor\/sprawy-dydatktyczne\/Komisja-kszta\u0142cenia\/Kadencja-2020-2024\/20202021\/19.10.2020\/Harmonogram-prac-KK-w-2020.docx\" class=\"mtli_attachment mtli_docx\" data-mtli=\"mtli_filesize23,59kB\" class=\"mtli_attachment mtli_docx\" data-mtli=\"mtli_filesize23,59kB\">harmonogram<\/a>)<\/li>\n<li style=\"font-weight: 400\">Informacja Dyrektor Kolegium ISM o zakresie wsp\u00f3\u0142pracy z wydzia\u0142ami przy sprawowaniu opieki nad studentami indywidualnych studi\u00f3w mi\u0119dzyobszarowych; ( <a href=\"https:\/\/us.edu.pl\/pracownik\/wp-content\/uploads\/sites\/2\/Editor\/sprawy-dydatktyczne\/Komisja-kszta\u0142cenia\/Kadencja-2020-2024\/20202021\/19.10.2020\/Kolegium-ISM.pdf\" class=\"mtli_attachment mtli_pdf\" data-mtli=\"mtli_filesize187,61kB\" class=\"mtli_attachment mtli_pdf\" data-mtli=\"mtli_filesize187,61kB\">za\u0142\u0105cznik<\/a> )<\/li>\n<li style=\"font-weight: 400\">Informacja o stanie prac nad projektem zarz\u0105dzenia w sprawie kryteri\u00f3w awansu\u00a0nauczycieli akademickich;<\/li>\n<li style=\"font-weight: 400\">Wy\u0142onienie sk\u0142adu zespo\u0142u zadaniowego ds. oceny wniosk\u00f3w dotycz\u0105cych awansu na stanowisko profesora uczelni albo adiunkta w grupie pracownik\u00f3w dydaktycznych;<\/li>\n<li style=\"font-weight: 400\">Wyra\u017cenie opinii dotycz\u0105cej modyfikacji programu studi\u00f3w na kierunku in\u017cynieria biomedyczna studia stacjonarne pierwszego stopnia dla edycji rozpocz\u0119tej w roku akademickim 2018\/2019 (nowa specjalno\u015b\u0107:\u00a0<em>projektant rozwi\u0105za\u0144 biomedycznych<\/em>);<\/li>\n<li style=\"font-weight: 400\">System zapewniania jako\u015bci kszta\u0142cenia (ustalenie modelu i struktury funkcjonowania systemu,\u00a0 forma przeprowadzenia ankiety oceny pracy nauczycieli akademickich i prezentacji wynik\u00f3w);<\/li>\n<li style=\"font-weight: 400\">Wolne wnioski<\/li>\n<\/ol>\n<p>\n<style type=\"text\/css\">a[data-mtli~=\"mtli_filesize16,67kB\"]:after {content:\" (16,67 kB)\"}a[data-mtli~=\"mtli_filesize16,21kB\"]:after {content:\" (16,21 kB)\"}a[data-mtli~=\"mtli_filesize23,59kB\"]:after {content:\" (23,59 kB)\"}a[data-mtli~=\"mtli_filesize187,61kB\"]:after {content:\" (187,61 kB)\"}<\/style><\/div>\r\n                    <\/div>\r\n                <\/div>[\/vc_column][\/vc_row]<\/p>\n<style type=\"text\/css\">a[data-mtli~=\"mtli_filesize16,67kB\"]:after {content:\" (16,67 kB)\"}a[data-mtli~=\"mtli_filesize16,21kB\"]:after {content:\" (16,21 kB)\"}a[data-mtli~=\"mtli_filesize23,59kB\"]:after {content:\" (23,59 kB)\"}a[data-mtli~=\"mtli_filesize187,61kB\"]:after {content:\" (187,61 kB)\"}<\/style>","protected":false},"excerpt":{"rendered":"<p>[vc_row][vc_column][\/vc_column][\/vc_row] [&#8230;]<\/p>\n<p><a class=\"btn btn-secondary understrap-read-more-link\" href=\"https:\/\/us.edu.pl\/pracownik\/sprawy-dydaktyczne\/senacka-komisja-ds-ksztalcenia\/senacka-komisja-ds-ksztalcenia-sklad-komisji\/kadencja-2020-2024\/posiedzenie-komisji-19-10-2020\/\">Read More&#8230;<\/a><\/p>\n","protected":false},"author":31,"featured_media":0,"parent":5151,"menu_order":485,"comment_status":"closed","ping_status":"closed","template":"page-templates\/inner-page.php","meta":{"_expiration-date-status":"saved","_expiration-date":0,"_expiration-date-type":"","_expiration-date-categories":[],"_expiration-date-options":[]},"acf":[],"_links":{"self":[{"href":"https:\/\/us.edu.pl\/pracownik\/wp-json\/wp\/v2\/pages\/10619"}],"collection":[{"href":"https:\/\/us.edu.pl\/pracownik\/wp-json\/wp\/v2\/pages"}],"about":[{"href":"https:\/\/us.edu.pl\/pracownik\/wp-json\/wp\/v2\/types\/page"}],"author":[{"embeddable":true,"href":"https:\/\/us.edu.pl\/pracownik\/wp-json\/wp\/v2\/users\/31"}],"replies":[{"embeddable":true,"href":"https:\/\/us.edu.pl\/pracownik\/wp-json\/wp\/v2\/comments?post=10619"}],"version-history":[{"count":5,"href":"https:\/\/us.edu.pl\/pracownik\/wp-json\/wp\/v2\/pages\/10619\/revisions"}],"predecessor-version":[{"id":10712,"href":"https:\/\/us.edu.pl\/pracownik\/wp-json\/wp\/v2\/pages\/10619\/revisions\/10712"}],"up":[{"embeddable":true,"href":"https:\/\/us.edu.pl\/pracownik\/wp-json\/wp\/v2\/pages\/5151"}],"wp:attachment":[{"href":"https:\/\/us.edu.pl\/pracownik\/wp-json\/wp\/v2\/media?parent=10619"}],"curies":[{"name":"wp","href":"https:\/\/api.w.org\/{rel}","templated":true}]}}