{"id":10681,"date":"2020-10-19T12:44:25","date_gmt":"2020-10-19T10:44:25","guid":{"rendered":"https:\/\/us.edu.pl\/pracownik\/?page_id=10681"},"modified":"2020-10-19T12:44:25","modified_gmt":"2020-10-19T10:44:25","slug":"inicjatywa-doskonalosci-uczelnia-badawcza","status":"publish","type":"page","link":"https:\/\/us.edu.pl\/pracownik\/sprawy-naukowe\/inicjatywa-doskonalosci-uczelnia-badawcza\/","title":{"rendered":"Inicjatywa Doskona\u0142o\u015bci &#8211; Uczelnia Badawcza"},"content":{"rendered":"<p>[vc_row][vc_column][\/vc_column][\/vc_row][vc_row][vc_column]\r\n                <div class=\"text-modules\">\r\n                    <div class=\"container\">\r\n                        <h3 class=\"page-title text__title\">Inicjatywa Doskona\u0142o\u015bci - Uczelnia Badawcza (IDUB)<\/h3>\r\n                        <div class=\"text-modules__content\"><\/p>\n<p style=\"font-weight: 400\">W ramach przeprowadzonego\u00a0 pierwszego konkursu w programie \u201eInicjatywa Doskona\u0142o\u015bci \u2013 Uczelnia Badawcza\u201d (IDUB) Uniwersytet \u015al\u0105ski w Katowicach uzyska\u0142 13 miejsce w Rankingu najlepszych uczelni badawczych w Polsce a tym samym otrzyma\u0142 dodatkowe wsparcie finansowe w postaci zwi\u0119kszenia subwencji o 2% w stosunku do roku 2019.<\/p>\n<p style=\"font-weight: 400\">W ramach programu IDUB przewidziane s\u0105 dzia\u0142ania, nakierowane na podnoszenie pozycji Uniwersytetu \u015al\u0105skiego jako uczelni badawczej.<\/p>\n<p style=\"font-weight: 400\">W tym celu podejmowane s\u0105 dzia\u0142ania zwi\u0105zane z:<\/p>\n<p style=\"font-weight: 400\">&#8211; podnoszeniem jako\u015bci bada\u0144 naukowych (zwi\u0119kszaj\u0105ce dorobek i cytowalno\u015b\u0107 pracownik\u00f3w),<\/p>\n<p style=\"font-weight: 400\">&#8211; podnoszeniem widzialno\u015bci mi\u0119dzynarodowej,<\/p>\n<p style=\"font-weight: 400\">&#8211; w\u0142\u0105czeniem m\u0142odych naukowc\u00f3w i student\u00f3w do dzia\u0142alno\u015bci badawczej,<\/p>\n<p style=\"font-weight: 400\">&#8211; zwi\u0119kszaniem widzialno\u015bci naukowej.<\/p>\n<p style=\"font-weight: 400\">Relacja z Rozstrzygni\u0119cia pierwszej edycji konkursu \u201eInicjatywa Doskona\u0142o\u015bci \u2013 Uczelnia Badawcza\u201d<\/p>\n<p style=\"font-weight: 400\">\n<blockquote class=\"wp-embedded-content\" data-secret=\"xDD6HcWzwh\">\n<p><a href=\"https:\/\/us.edu.pl\/rozstrzygniecie-pierwszej-edycji-konkursu-inicjatywa-doskonalosci-uczelnia-badawcza\/\">Rozstrzygni\u0119cie pierwszej edycji konkursu \u201eInicjatywa Doskona\u0142o\u015bci \u2013 Uczelnia Badawcza\u201d<\/a><\/p>\n<\/blockquote>\n<p><iframe class=\"wp-embedded-content\" sandbox=\"allow-scripts\" security=\"restricted\" style=\"position: absolute; clip: rect(1px, 1px, 1px, 1px);\" title=\"&#8222;Rozstrzygni\u0119cie pierwszej edycji konkursu \u201eInicjatywa Doskona\u0142o\u015bci \u2013 Uczelnia Badawcza\u201d&#8221; &#8212; Uniwersytet \u015al\u0105ski\" src=\"https:\/\/us.edu.pl\/rozstrzygniecie-pierwszej-edycji-konkursu-inicjatywa-doskonalosci-uczelnia-badawcza\/embed\/#?secret=xDD6HcWzwh\" data-secret=\"xDD6HcWzwh\" width=\"600\" height=\"338\" frameborder=\"0\" marginwidth=\"0\" marginheight=\"0\" scrolling=\"no\"><\/iframe><\/p>\n<p>\n<\/div>\r\n                    <\/div>\r\n                <\/div>[\/vc_column][\/vc_row]<\/p>","protected":false},"excerpt":{"rendered":"<p>[vc_row][vc_column][\/vc_column][\/vc_row][vc_row][vc_column][\/vc_column][\/vc_row] [&#8230;]<\/p>\n<p><a class=\"btn btn-secondary understrap-read-more-link\" href=\"https:\/\/us.edu.pl\/pracownik\/sprawy-naukowe\/inicjatywa-doskonalosci-uczelnia-badawcza\/\">Read More&#8230;<\/a><\/p>\n","protected":false},"author":41,"featured_media":0,"parent":692,"menu_order":176,"comment_status":"closed","ping_status":"closed","template":"page-templates\/inner-page.php","meta":{"_expiration-date-status":"saved","_expiration-date":0,"_expiration-date-type":"","_expiration-date-categories":[],"_expiration-date-options":[]},"acf":[],"_links":{"self":[{"href":"https:\/\/us.edu.pl\/pracownik\/wp-json\/wp\/v2\/pages\/10681"}],"collection":[{"href":"https:\/\/us.edu.pl\/pracownik\/wp-json\/wp\/v2\/pages"}],"about":[{"href":"https:\/\/us.edu.pl\/pracownik\/wp-json\/wp\/v2\/types\/page"}],"author":[{"embeddable":true,"href":"https:\/\/us.edu.pl\/pracownik\/wp-json\/wp\/v2\/users\/41"}],"replies":[{"embeddable":true,"href":"https:\/\/us.edu.pl\/pracownik\/wp-json\/wp\/v2\/comments?post=10681"}],"version-history":[{"count":1,"href":"https:\/\/us.edu.pl\/pracownik\/wp-json\/wp\/v2\/pages\/10681\/revisions"}],"predecessor-version":[{"id":10682,"href":"https:\/\/us.edu.pl\/pracownik\/wp-json\/wp\/v2\/pages\/10681\/revisions\/10682"}],"up":[{"embeddable":true,"href":"https:\/\/us.edu.pl\/pracownik\/wp-json\/wp\/v2\/pages\/692"}],"wp:attachment":[{"href":"https:\/\/us.edu.pl\/pracownik\/wp-json\/wp\/v2\/media?parent=10681"}],"curies":[{"name":"wp","href":"https:\/\/api.w.org\/{rel}","templated":true}]}}