{"id":10756,"date":"2020-10-27T07:51:11","date_gmt":"2020-10-27T06:51:11","guid":{"rendered":"https:\/\/us.edu.pl\/pracownik\/?page_id=10756"},"modified":"2023-01-25T08:55:58","modified_gmt":"2023-01-25T07:55:58","slug":"sprawy-zwiazane-z-pandemia","status":"publish","type":"page","link":"https:\/\/us.edu.pl\/pracownik\/sprawy-zwiazane-z-pandemia\/","title":{"rendered":"Sprawy zwi\u0105zane z pandemi\u0105"},"content":{"rendered":"<p>[vc_row][vc_column][\/vc_column][\/vc_row][vc_row][vc_column]\r\n                <div class=\"text-modules reverse\">\r\n                    <div class=\"container\">\r\n                        <h3 class=\"section-title section-title_border-bottom\">Sprawy zwi\u0105zane z pandemi\u0105<\/h3> \r\n                        <div class=\"row m-0\">\r\n                            <div class=\"text-modules__content\">\r\n                                <span style=\"font-size: 12pt;\"><strong>Zapoznaj si\u0119 z aktualnymi informacjami dotycz\u0105cymi COVID-19<\/strong><\/span><\/p>\n<p>Informacje o bie\u017c\u0105cym statusie zabezpiecze\u0144 w zwi\u0105zku z COVID-19 reguluje zarz\u0105dzenie rektora U\u015a nr 189\/2020 z 27 pa\u017adziernika 2020 roku. Wszelkie informacje dotycz\u0105ce zasad funkcjonowania uczelni dost\u0119pne s\u0105 na stronie:<\/p>\n<p><strong><a href=\"https:\/\/aktyprawne.us.edu.pl\/423-lista\/d\/4740\/5\/\" target=\"_blank\" rel=\"noopener\">https:\/\/aktyprawne.us.edu.pl\/423-lista\/d\/4740\/5\/<\/a>\u00a0<\/strong><\/p>\n<p>Najwa\u017cniejsze informacje dotycz\u0105ce funkcjonowania uczelni w okresie pandemii:<\/p>\n<ul>\n<li><a href=\"https:\/\/us.edu.pl\/uczelnia\/status-zabezpieczen-covid-19\/\"><strong>status zabezpiecze\u0144 uczelni<\/strong><\/a>,<\/li>\n<li>procedura post\u0119powania w przypadku zachorowania lub podejrzenia zachorowania na COVID-19:<br \/>\n<strong><a href=\"https:\/\/us.edu.pl\/wp-content\/uploads\/pliki\/Pracownicy.pdf\" class=\"mtli_attachment mtli_pdf\">infografika \u2013 plik pdf<\/a><\/strong>,<\/li>\n<li><a href=\"https:\/\/www.zdalny.us.edu.pl\/\"><strong>serwis zdalny.us.edu.pl<\/strong><\/a> \u2013 podstawowe informacje dotycz\u0105ce funkcjonowania uczelni (w tym informacje dotycz\u0105ce organizacji dydaktyki i e-learningu).<\/li>\n<\/ul>\n<p>&nbsp;<\/p>\n<p>Najwa\u017cniejsze informacje instytucji sanitarnych i rz\u0105dowych:<\/p>\n<ul>\n<li><a href=\"https:\/\/www.gov.pl\/web\/gis\" target=\"_blank\" rel=\"noopener noreferrer\">G\u0142\u00f3wny Inspektor Sanitarny<\/a><\/li>\n<li><a href=\"https:\/\/www.gov.pl\/web\/zdrowie\" target=\"_blank\" rel=\"noopener noreferrer\">Ministerstwo Zdrowia<\/a><\/li>\n<\/ul>\n<div class=\"mt-3\"><\/div>\r\n                            <\/div>\r\n                            \r\n                            <div class=\"text-modules__img\"><a href=\"https:\/\/www.youtube.com\/watch?v=bO2swTJBj0s&amp;feature=youtu.be\" target=\"_blank\"><img src=\"https:\/\/us.edu.pl\/pracownik\/wp-content\/uploads\/sites\/2\/pracownik\/Ikony-graficzne\/podstawowe-srodki-ochronne-wirus-600x400.png\" alt=\"img\"><\/a><\/div>\r\n                        <\/div>\r\n                    <\/div>\r\n                <\/div>[\/vc_column][\/vc_row]<\/p>","protected":false},"excerpt":{"rendered":"<p>[vc_row][vc_column][\/vc_column][\/vc_row][vc_row][vc_column][\/vc_column][\/vc_row] [&#8230;]<\/p>\n<p><a class=\"btn btn-secondary understrap-read-more-link\" href=\"https:\/\/us.edu.pl\/pracownik\/sprawy-zwiazane-z-pandemia\/\">Read More&#8230;<\/a><\/p>\n","protected":false},"author":41,"featured_media":0,"parent":0,"menu_order":173,"comment_status":"closed","ping_status":"closed","template":"page-templates\/page-with-sidebar.php","meta":{"_expiration-date-status":"","_expiration-date":0,"_expiration-date-type":"","_expiration-date-categories":[],"_expiration-date-options":[]},"acf":[],"_links":{"self":[{"href":"https:\/\/us.edu.pl\/pracownik\/wp-json\/wp\/v2\/pages\/10756"}],"collection":[{"href":"https:\/\/us.edu.pl\/pracownik\/wp-json\/wp\/v2\/pages"}],"about":[{"href":"https:\/\/us.edu.pl\/pracownik\/wp-json\/wp\/v2\/types\/page"}],"author":[{"embeddable":true,"href":"https:\/\/us.edu.pl\/pracownik\/wp-json\/wp\/v2\/users\/41"}],"replies":[{"embeddable":true,"href":"https:\/\/us.edu.pl\/pracownik\/wp-json\/wp\/v2\/comments?post=10756"}],"version-history":[{"count":9,"href":"https:\/\/us.edu.pl\/pracownik\/wp-json\/wp\/v2\/pages\/10756\/revisions"}],"predecessor-version":[{"id":20044,"href":"https:\/\/us.edu.pl\/pracownik\/wp-json\/wp\/v2\/pages\/10756\/revisions\/20044"}],"wp:attachment":[{"href":"https:\/\/us.edu.pl\/pracownik\/wp-json\/wp\/v2\/media?parent=10756"}],"curies":[{"name":"wp","href":"https:\/\/api.w.org\/{rel}","templated":true}]}}