{"id":11206,"date":"2020-11-18T13:44:37","date_gmt":"2020-11-18T12:44:37","guid":{"rendered":"https:\/\/us.edu.pl\/pracownik\/?page_id=11206"},"modified":"2021-05-13T20:22:08","modified_gmt":"2021-05-13T18:22:08","slug":"posiedzenie-komisji-23-11-2020","status":"publish","type":"page","link":"https:\/\/us.edu.pl\/pracownik\/sprawy-dydaktyczne\/senacka-komisja-ds-ksztalcenia\/senacka-komisja-ds-ksztalcenia-sklad-komisji\/kadencja-2020-2024\/posiedzenie-komisji-23-11-2020\/","title":{"rendered":"Posiedzenie komisji &#8211; 23.11.2020"},"content":{"rendered":"<p>[vc_row][vc_column]\r\n                <div class=\"text-modules\">\r\n                    <div class=\"container\">\r\n                        <h3 class=\"page-title text__title\">Posiedzenie Komisji ds. kszta\u0142cenia i student\u00f3w - 23 listopada 2020 r. o godz. 13.00<\/h3>\r\n                        <div class=\"text-modules__content\"><\/p>\n<p style=\"font-weight: 400\">Spotkanie przeprowadzone b\u0119dzie w formie zdalnej za po\u015brednictwem platformy Microsoft Teams.<\/p>\n<p style=\"font-weight: 400\">Ustalony porz\u0105dek posiedzenia:<\/p>\n<ol>\n<li style=\"font-weight: 400\">Analiza przeprowadzonej <a href=\"https:\/\/us.edu.pl\/pracownik\/wp-content\/uploads\/sites\/2\/Editor\/sprawy-dydatktyczne\/Komisja-kszta\u0142cenia\/Kadencja-2020-2024\/20202021\/23.11.2020\/Prezentacja-rekrutacja-2020-21.pdf\" class=\"mtli_attachment mtli_pdf\" data-mtli=\"mtli_filesize882,74kB\" class=\"mtli_attachment mtli_pdf\" data-mtli=\"mtli_filesize882,74kB\">rekrutacji na studia na rok akademicki 2020\/2021;<\/a><\/li>\n<li style=\"font-weight: 400\">Opinia do wniosku inicjuj\u0105cego utworzenie w Fili w Cieszynie nowego kierunku\u00a0<a href=\"https:\/\/us.edu.pl\/pracownik\/wp-content\/uploads\/sites\/2\/Editor\/sprawy-dydatktyczne\/Komisja-kszta\u0142cenia\/Kadencja-2020-2024\/20202021\/23.11.2020\/zarzadzanie.zip\"><strong>zarz\u0105dzanie kadrami w biznesie i administracji<\/strong><\/a>\u00a0na poziomie studi\u00f3w pierwszego stopnia o profilu praktycznym;<\/li>\n<li style=\"font-weight: 400\">Wypracowanie rekomendacji dotycz\u0105cych sposobu realizacji studenckich praktyk zawodowych, szczeg\u00f3lnie praktyk nauczycielskich;<\/li>\n<li style=\"font-weight: 400\">Informacja o stanie prac nad opiniowaniem przez Komisj\u0119 zg\u0142oszonych wniosk\u00f3w o awans na profesora uczelni lub adiunkta w grupie pracownik\u00f3w dydaktycznych;<\/li>\n<li style=\"font-weight: 400\">Opinia do wniosku w sprawie <a href=\"https:\/\/us.edu.pl\/pracownik\/wp-content\/uploads\/sites\/2\/Editor\/sprawy-dydatktyczne\/Komisja-kszta\u0142cenia\/Kadencja-2020-2024\/20202021\/23.11.2020\/MC.II_.1.pdf\" class=\"mtli_attachment mtli_pdf\" data-mtli=\"mtli_filesize297,91kB\" class=\"mtli_attachment mtli_pdf\" data-mtli=\"mtli_filesize297,91kB\">modyfikacji programu studi\u00f3w na kierunku mechatronika II stopie\u0144 (in\u017cynierskie),<\/a> studia stacjonarne o profilu og\u00f3lnoakademickim;<\/li>\n<li style=\"font-weight: 400\">Przedstawienie wniosk\u00f3w ze spotka\u0144 na temat kszta\u0142cenia zadanego:<\/li>\n<\/ol>\n<ul>\n<li style=\"list-style-type: none\">\n<ul>\n<li style=\"font-weight: 400\">konieczno\u015b\u0107 korekty sposob\u00f3w weryfikacji efekt\u00f3w kszta\u0142cenia w kontek\u015bcie kszta\u0142cenia<\/li>\n<li style=\"font-weight: 400\">pro\u015bby student\u00f3w o jasne sformu\u0142owanie sposob\u00f3w weryfikacji efekt\u00f3w kszta\u0142cenia, a zw\u0142aszcza narz\u0119dzi, jakie b\u0119d\u0105 wykorzystywane podczas weryfikacji;<\/li>\n<li style=\"font-weight: 400\">wnioski uczestnik\u00f3w szkolenia.<\/li>\n<\/ul>\n<\/li>\n<\/ul>\n<ol start=\"7\">\n<li style=\"font-weight: 400\">Informacja o sk\u0142adzie powo\u0142anego Zespo\u0142u ds. jako\u015bci kszta\u0142cenia i\u00a0 akredytacji oraz przedstawienie zakresu jego prac;<\/li>\n<li style=\"font-weight: 400\">Om\u00f3wienie wynik\u00f3w przeprowadzonej w U\u015a pierwszej <a href=\"https:\/\/us.edu.pl\/pracownik\/wp-content\/uploads\/sites\/2\/Editor\/sprawy-dydatktyczne\/Komisja-kszta\u0142cenia\/Kadencja-2020-2024\/20202021\/23.11.2020\/ankieta.pdf\" class=\"mtli_attachment mtli_pdf\" data-mtli=\"mtli_filesize809,76kB\" class=\"mtli_attachment mtli_pdf\" data-mtli=\"mtli_filesize809,76kB\">ankiety ewaluacji kszta\u0142cenia zdalnego;<\/a><\/li>\n<li style=\"font-weight: 400\">Wolne wnioski<\/li>\n<\/ol>\n<p style=\"font-weight: 400\">W spotkaniu uczestniczy\u0107 b\u0119d\u0105 tak\u017ce:<\/p>\n<ol>\n<li style=\"font-weight: 400\">Pe\u0142nomocniczka Rektora ds. rekrutacji (pkt. 1 porz\u0105dku posiedzenia)<\/li>\n<li style=\"font-weight: 400\">Pe\u0142nomocniczka Rektora ds. kszta\u0142cenia nauczycieli (pkt. 3 porz\u0105dku);<\/li>\n<li style=\"font-weight: 400\">inicjatorzy wniosku w sprawie utworzenia nowego kierunku (pkt. 2 porz\u0105dku).<\/li>\n<\/ol>\n<p>\n<style type=\"text\/css\">a[data-mtli~=\"mtli_filesize882,74kB\"]:after {content:\" (882,74 kB)\"}a[data-mtli~=\"mtli_filesize297,91kB\"]:after {content:\" (297,91 kB)\"}a[data-mtli~=\"mtli_filesize809,76kB\"]:after {content:\" (809,76 kB)\"}<\/style><\/div>\r\n                    <\/div>\r\n                <\/div>[\/vc_column][\/vc_row]<\/p>\n<style type=\"text\/css\">a[data-mtli~=\"mtli_filesize882,74kB\"]:after {content:\" (882,74 kB)\"}a[data-mtli~=\"mtli_filesize297,91kB\"]:after {content:\" (297,91 kB)\"}a[data-mtli~=\"mtli_filesize809,76kB\"]:after {content:\" (809,76 kB)\"}<\/style>","protected":false},"excerpt":{"rendered":"<p>[vc_row][vc_column][\/vc_column][\/vc_row] [&#8230;]<\/p>\n<p><a class=\"btn btn-secondary understrap-read-more-link\" href=\"https:\/\/us.edu.pl\/pracownik\/sprawy-dydaktyczne\/senacka-komisja-ds-ksztalcenia\/senacka-komisja-ds-ksztalcenia-sklad-komisji\/kadencja-2020-2024\/posiedzenie-komisji-23-11-2020\/\">Read More&#8230;<\/a><\/p>\n","protected":false},"author":31,"featured_media":0,"parent":5151,"menu_order":482,"comment_status":"closed","ping_status":"closed","template":"page-templates\/inner-page.php","meta":{"_expiration-date-status":"saved","_expiration-date":0,"_expiration-date-type":"","_expiration-date-categories":[],"_expiration-date-options":[]},"acf":[],"_links":{"self":[{"href":"https:\/\/us.edu.pl\/pracownik\/wp-json\/wp\/v2\/pages\/11206"}],"collection":[{"href":"https:\/\/us.edu.pl\/pracownik\/wp-json\/wp\/v2\/pages"}],"about":[{"href":"https:\/\/us.edu.pl\/pracownik\/wp-json\/wp\/v2\/types\/page"}],"author":[{"embeddable":true,"href":"https:\/\/us.edu.pl\/pracownik\/wp-json\/wp\/v2\/users\/31"}],"replies":[{"embeddable":true,"href":"https:\/\/us.edu.pl\/pracownik\/wp-json\/wp\/v2\/comments?post=11206"}],"version-history":[{"count":4,"href":"https:\/\/us.edu.pl\/pracownik\/wp-json\/wp\/v2\/pages\/11206\/revisions"}],"predecessor-version":[{"id":11335,"href":"https:\/\/us.edu.pl\/pracownik\/wp-json\/wp\/v2\/pages\/11206\/revisions\/11335"}],"up":[{"embeddable":true,"href":"https:\/\/us.edu.pl\/pracownik\/wp-json\/wp\/v2\/pages\/5151"}],"wp:attachment":[{"href":"https:\/\/us.edu.pl\/pracownik\/wp-json\/wp\/v2\/media?parent=11206"}],"curies":[{"name":"wp","href":"https:\/\/api.w.org\/{rel}","templated":true}]}}