{"id":1122,"date":"2019-10-07T08:34:41","date_gmt":"2019-10-07T06:34:41","guid":{"rendered":"https:\/\/us.edu.pl\/pracownik\/?page_id=1122"},"modified":"2021-06-02T12:27:46","modified_gmt":"2021-06-02T10:27:46","slug":"pracownicy-niepelnosprawni","status":"publish","type":"page","link":"https:\/\/us.edu.pl\/pracownik\/sprawy-pracownicze\/sprawy-kadrowe\/pracownicy-niepelnosprawni\/","title":{"rendered":"Pracownicy niepe\u0142nosprawni"},"content":{"rendered":"<p>[vc_row][vc_column]\r\n                <div class=\"text-modules\">\r\n                    <div class=\"container\">\r\n                        <h3 class=\"page-title text__title\">Pracownicy niepe\u0142nosprawni<\/h3>\r\n                        <div class=\"text-modules__content\"><\/p>\n<ul>\n<li><a href=\"http:\/\/bip.us.edu.pl\/regulamin\/regulamin-pracy\">Regulamin pracy Uniwersytetu \u015al\u0105skiego w Katowicach<\/a><\/li>\n<li style=\"font-weight: 400\"><a href=\"https:\/\/isap.sejm.gov.pl\/isap.nsf\/DocDetails.xsp?id=WDU19971230776\"><span style=\"font-weight: 400\">Art. 14-20 Ustawy\u00a0 z dnia 27 sierpnia 1997 r. o rehabilitacji zawodowej i spo\u0142ecznej oraz zatrudnianiu os\u00f3b niepe\u0142nosprawnych<\/span><\/a><\/li>\n<li style=\"font-weight: 400\"><a href=\"http:\/\/isap.sejm.gov.pl\/DetailsServlet?id=WDU20031000927\"><span style=\"font-weight: 400\">Rozporz\u0105dzenie Ministra Gospodarki, Pracy i Polityki Spo\u0142ecznej z dnia 22 maja 2003 r. w sprawie szczeg\u00f3\u0142owych zasad udzielania zwolnie\u0144 od pracy osobom o znacznym lub umiarkowanym stopniu niepe\u0142nosprawno\u015bci w celu uczestniczenia w turnusie rehabilitacyjnym<\/span><\/a><\/li>\n<\/ul>\n<p>\n<\/div>\r\n                    <\/div>\r\n                <\/div>[\/vc_column][\/vc_row]<\/p>","protected":false},"excerpt":{"rendered":"<p>[vc_row][vc_column][\/vc_column][\/vc_row] [&#8230;]<\/p>\n<p><a class=\"btn btn-secondary understrap-read-more-link\" href=\"https:\/\/us.edu.pl\/pracownik\/sprawy-pracownicze\/sprawy-kadrowe\/pracownicy-niepelnosprawni\/\">Read More&#8230;<\/a><\/p>\n","protected":false},"author":1,"featured_media":0,"parent":1067,"menu_order":354,"comment_status":"closed","ping_status":"closed","template":"page-templates\/inner-page.php","meta":{"_expiration-date-status":"saved","_expiration-date":0,"_expiration-date-type":"","_expiration-date-categories":[],"_expiration-date-options":[]},"acf":[],"_links":{"self":[{"href":"https:\/\/us.edu.pl\/pracownik\/wp-json\/wp\/v2\/pages\/1122"}],"collection":[{"href":"https:\/\/us.edu.pl\/pracownik\/wp-json\/wp\/v2\/pages"}],"about":[{"href":"https:\/\/us.edu.pl\/pracownik\/wp-json\/wp\/v2\/types\/page"}],"author":[{"embeddable":true,"href":"https:\/\/us.edu.pl\/pracownik\/wp-json\/wp\/v2\/users\/1"}],"replies":[{"embeddable":true,"href":"https:\/\/us.edu.pl\/pracownik\/wp-json\/wp\/v2\/comments?post=1122"}],"version-history":[{"count":6,"href":"https:\/\/us.edu.pl\/pracownik\/wp-json\/wp\/v2\/pages\/1122\/revisions"}],"predecessor-version":[{"id":14321,"href":"https:\/\/us.edu.pl\/pracownik\/wp-json\/wp\/v2\/pages\/1122\/revisions\/14321"}],"up":[{"embeddable":true,"href":"https:\/\/us.edu.pl\/pracownik\/wp-json\/wp\/v2\/pages\/1067"}],"wp:attachment":[{"href":"https:\/\/us.edu.pl\/pracownik\/wp-json\/wp\/v2\/media?parent=1122"}],"curies":[{"name":"wp","href":"https:\/\/api.w.org\/{rel}","templated":true}]}}