{"id":1133,"date":"2019-10-07T09:08:44","date_gmt":"2019-10-07T07:08:44","guid":{"rendered":"https:\/\/us.edu.pl\/pracownik\/?page_id=1133"},"modified":"2022-05-25T11:34:47","modified_gmt":"2022-05-25T09:34:47","slug":"medycyna-pracy","status":"publish","type":"page","link":"https:\/\/us.edu.pl\/pracownik\/sprawy-pracownicze\/sprawy-kadrowe\/medycyna-pracy\/","title":{"rendered":"Medycyna pracy"},"content":{"rendered":"<p>[vc_row][vc_column][\/vc_column][\/vc_row][vc_row][vc_column]\r\n                <div class=\"text-modules\">\r\n                    <div class=\"container\">\r\n                        <h3 class=\"page-title text__title\">Medycyna pracy<\/h3>\r\n                        <div class=\"text-modules__content\"><p><span style=\"font-weight: 400\">Przepisy prawa pracy nak\u0142adaj\u0105 na pracodawc\u0119 obowi\u0105zki zwi\u0105zane z ochron\u0105 zdrowia pracownik\u00f3w (<\/span><a href=\"http:\/\/prawo.sejm.gov.pl\/isap.nsf\/DocDetails.xsp?id=WDU19740240141\"><span style=\"font-weight: 400\">art. 211 Kodeksu pracy<\/span><\/a><span style=\"font-weight: 400\">). Jednym z nich jest kierowanie pracownik\u00f3w na badania lekarskie do jednostki s\u0142u\u017cby medycyny pracy, z kt\u00f3r\u0105 pracodawca ma zawart\u0105 umow\u0119 w zakresie sprawowania profilaktycznej opieki zdrowotnej nad pracownikami (<a href=\"http:\/\/isap.sejm.gov.pl\/isap.nsf\/DocDetails.xsp?id=wdu19970960593\">art. 5 ust. 2 pkt. 1 ustawy z dnia 27 czerwca 1997 r. o s\u0142u\u017cbie medycyny pracy<\/a>). Badania lekarskie pracownik\u00f3w dzielimy na wst\u0119pne, okresowe i kontrolne.<\/span><\/p>\n<p>Badania medycyny pracy nale\u017cy wykona\u0107 w ni\u017cej wymienionych jednostkach s\u0142u\u017cby medycyny pracy, z kt\u00f3rymi Uniwersytet \u015al\u0105ski (zgodnie z <a href=\"http:\/\/isap.sejm.gov.pl\/isap.nsf\/DocDetails.xsp?id=wdu19970960593\">art. 12 ustawy z dnia 27 czerwca 1997 r. ze zm. o s\u0142u\u017cbie medycyny pracy)<\/a>\u00a0 zawar\u0142 umow\u0119 na przeprowadzanie bada\u0144 lekarskich:<\/p>\n<p><strong>CENTERMED KATOWICE 2 Sp. z o. o.<\/strong><br \/>\nKatowice, ul. Boche\u0144skiego 38A<br \/>\ntel. <strong>32\u00a0701 97 27;<\/strong> <strong>503\u00a0840\u00a0395<\/strong><\/p>\n<p><strong>Przychodnia Milowice Sp. z o.o.<\/strong><br \/>\nSosnowiec, ul. Baczy\u0144skiego 14<br \/>\ntel. kom<strong>. 32\u00a0363 08 50-51<\/strong>(rejestracja)<\/p>\n<p><strong>NZOZ UBEZPIECZALNIA \u0160ime\u010dek-B\u0105czek, Fiedor,Percha\u0142a, Brawa\u0144ski, Ko\u017alik Sp\u00f3\u0142ka Jawna<\/strong><br \/>\nCieszyn, ul. Bielska 37<br \/>\ntel. <strong>33\u00a0851 40 23<\/strong> (rejestracja)<\/p>\n<\/div>\r\n                    <\/div>\r\n                <\/div>[\/vc_column][\/vc_row][vc_row][vc_column][\/vc_column][\/vc_row]<\/p>","protected":false},"excerpt":{"rendered":"<p>[vc_row][vc_column][\/vc_column][\/vc_row][vc_row][vc_column][\/vc_column][\/vc_row][vc_row][vc_column][\/vc_column][\/vc_row] [&#8230;]<\/p>\n<p><a class=\"btn btn-secondary understrap-read-more-link\" href=\"https:\/\/us.edu.pl\/pracownik\/sprawy-pracownicze\/sprawy-kadrowe\/medycyna-pracy\/\">Read More&#8230;<\/a><\/p>\n","protected":false},"author":1,"featured_media":0,"parent":1067,"menu_order":352,"comment_status":"closed","ping_status":"closed","template":"page-templates\/inner-page-with-bookmarks.php","meta":{"_expiration-date-status":"","_expiration-date":0,"_expiration-date-type":"","_expiration-date-categories":[],"_expiration-date-options":[]},"acf":[],"_links":{"self":[{"href":"https:\/\/us.edu.pl\/pracownik\/wp-json\/wp\/v2\/pages\/1133"}],"collection":[{"href":"https:\/\/us.edu.pl\/pracownik\/wp-json\/wp\/v2\/pages"}],"about":[{"href":"https:\/\/us.edu.pl\/pracownik\/wp-json\/wp\/v2\/types\/page"}],"author":[{"embeddable":true,"href":"https:\/\/us.edu.pl\/pracownik\/wp-json\/wp\/v2\/users\/1"}],"replies":[{"embeddable":true,"href":"https:\/\/us.edu.pl\/pracownik\/wp-json\/wp\/v2\/comments?post=1133"}],"version-history":[{"count":11,"href":"https:\/\/us.edu.pl\/pracownik\/wp-json\/wp\/v2\/pages\/1133\/revisions"}],"predecessor-version":[{"id":17611,"href":"https:\/\/us.edu.pl\/pracownik\/wp-json\/wp\/v2\/pages\/1133\/revisions\/17611"}],"up":[{"embeddable":true,"href":"https:\/\/us.edu.pl\/pracownik\/wp-json\/wp\/v2\/pages\/1067"}],"wp:attachment":[{"href":"https:\/\/us.edu.pl\/pracownik\/wp-json\/wp\/v2\/media?parent=1133"}],"curies":[{"name":"wp","href":"https:\/\/api.w.org\/{rel}","templated":true}]}}