{"id":11352,"date":"2020-11-25T08:51:56","date_gmt":"2020-11-25T07:51:56","guid":{"rendered":"https:\/\/us.edu.pl\/pracownik\/?page_id=11352"},"modified":"2021-05-13T20:21:59","modified_gmt":"2021-05-13T18:21:59","slug":"posiedzenie-komisji-30-11-2020","status":"publish","type":"page","link":"https:\/\/us.edu.pl\/pracownik\/sprawy-dydaktyczne\/senacka-komisja-ds-ksztalcenia\/senacka-komisja-ds-ksztalcenia-sklad-komisji\/kadencja-2020-2024\/posiedzenie-komisji-30-11-2020\/","title":{"rendered":"Posiedzenie komisji &#8211; 30.11.2020"},"content":{"rendered":"<p>[vc_row][vc_column]\r\n                <div class=\"text-modules\">\r\n                    <div class=\"container\">\r\n                        <h3 class=\"page-title text__title\">Posiedzenie Komisji ds. kszta\u0142cenia i student\u00f3w - 30 listopada 2020 r. o godz. 13.00<\/h3>\r\n                        <div class=\"text-modules__content\"><\/p>\n<p style=\"font-weight: 400\">Spotkanie przeprowadzone b\u0119dzie w formie zdalnej za po\u015brednictwem platformy Microsoft Teams.<\/p>\n<p style=\"font-weight: 400\">Ustalony porz\u0105dek posiedzenia:<\/p>\n<ol>\n<li style=\"font-weight: 400\">Zaopiniowanie przez Komisj\u0119 wniosk\u00f3w z\u0142o\u017conych przez nauczycieli akademickich ubiegaj\u0105cych si\u0119 o awans na stanowisko profesora uczelni lub adiunkta w grupie pracownik\u00f3w dydaktycznych;<\/li>\n<li style=\"font-weight: 400\">Przyj\u0119cie rekomendacji dotycz\u0105cych wzmocnienia w Uniwersytecie \u015al\u0105skim jako\u015bci kszta\u0142cenia zdalnego na podstawie wynik\u00f3w przeprowadzonej w tym zakresie ankiety.<\/li>\n<\/ol>\n<p>\n<\/div>\r\n                    <\/div>\r\n                <\/div>[\/vc_column][\/vc_row]<\/p>","protected":false},"excerpt":{"rendered":"<p>[vc_row][vc_column][\/vc_column][\/vc_row] [&#8230;]<\/p>\n<p><a class=\"btn btn-secondary understrap-read-more-link\" href=\"https:\/\/us.edu.pl\/pracownik\/sprawy-dydaktyczne\/senacka-komisja-ds-ksztalcenia\/senacka-komisja-ds-ksztalcenia-sklad-komisji\/kadencja-2020-2024\/posiedzenie-komisji-30-11-2020\/\">Read More&#8230;<\/a><\/p>\n","protected":false},"author":31,"featured_media":0,"parent":5151,"menu_order":484,"comment_status":"closed","ping_status":"closed","template":"page-templates\/inner-page.php","meta":{"_expiration-date-status":"saved","_expiration-date":0,"_expiration-date-type":"","_expiration-date-categories":[],"_expiration-date-options":[]},"acf":[],"_links":{"self":[{"href":"https:\/\/us.edu.pl\/pracownik\/wp-json\/wp\/v2\/pages\/11352"}],"collection":[{"href":"https:\/\/us.edu.pl\/pracownik\/wp-json\/wp\/v2\/pages"}],"about":[{"href":"https:\/\/us.edu.pl\/pracownik\/wp-json\/wp\/v2\/types\/page"}],"author":[{"embeddable":true,"href":"https:\/\/us.edu.pl\/pracownik\/wp-json\/wp\/v2\/users\/31"}],"replies":[{"embeddable":true,"href":"https:\/\/us.edu.pl\/pracownik\/wp-json\/wp\/v2\/comments?post=11352"}],"version-history":[{"count":1,"href":"https:\/\/us.edu.pl\/pracownik\/wp-json\/wp\/v2\/pages\/11352\/revisions"}],"predecessor-version":[{"id":11353,"href":"https:\/\/us.edu.pl\/pracownik\/wp-json\/wp\/v2\/pages\/11352\/revisions\/11353"}],"up":[{"embeddable":true,"href":"https:\/\/us.edu.pl\/pracownik\/wp-json\/wp\/v2\/pages\/5151"}],"wp:attachment":[{"href":"https:\/\/us.edu.pl\/pracownik\/wp-json\/wp\/v2\/media?parent=11352"}],"curies":[{"name":"wp","href":"https:\/\/api.w.org\/{rel}","templated":true}]}}