{"id":11424,"date":"2020-11-30T10:51:48","date_gmt":"2020-11-30T09:51:48","guid":{"rendered":"https:\/\/us.edu.pl\/pracownik\/?page_id=11424"},"modified":"2023-09-21T09:47:43","modified_gmt":"2023-09-21T07:47:43","slug":"kalendarze","status":"publish","type":"page","link":"https:\/\/us.edu.pl\/pracownik\/procedury-i-obieg-dokumentow\/logistyka\/aktualne-umowy-dlugoterminowe\/kalendarze\/","title":{"rendered":"kalendarze"},"content":{"rendered":"<p>[vc_row][vc_column][\/vc_column][\/vc_row][vc_row][vc_column]\r\n                <div class=\"text-modules\">\r\n                    <div class=\"container\">\r\n                        <h3 class=\"page-title text__title\">Kalendarze<\/h3>\r\n                        <div class=\"text-modules__content\"><\/p>\n<pre style=\"margin-top: 0cm; background: white;\"><span style=\"font-family: arial, helvetica, sans-serif; color: #002e5a;\">Szanowni Pa\u0144stwo,<\/span>\r\n\r\n<span style=\"font-family: arial, helvetica, sans-serif; color: #002e5a;\">uprzejmie informujemy, \u017ce w bie\u017c\u0105cym roku nie planuje si\u0119 zawarcia umowy ma dostaw\u0119 kalendarzy.<\/span><\/pre>\n<p>\n<\/div>\r\n                    <\/div>\r\n                <\/div>[\/vc_column][\/vc_row]<\/p>","protected":false},"excerpt":{"rendered":"<p>[vc_row][vc_column][\/vc_column][\/vc_row][vc_row][vc_column][\/vc_column][\/vc_row] [&#8230;]<\/p>\n<p><a class=\"btn btn-secondary understrap-read-more-link\" href=\"https:\/\/us.edu.pl\/pracownik\/procedury-i-obieg-dokumentow\/logistyka\/aktualne-umowy-dlugoterminowe\/kalendarze\/\">Read More&#8230;<\/a><\/p>\n","protected":false},"author":91,"featured_media":0,"parent":2268,"menu_order":171,"comment_status":"closed","ping_status":"closed","template":"page-templates\/inner-page.php","meta":{"_expiration-date-status":"","_expiration-date":0,"_expiration-date-type":"","_expiration-date-categories":[],"_expiration-date-options":[]},"acf":[],"_links":{"self":[{"href":"https:\/\/us.edu.pl\/pracownik\/wp-json\/wp\/v2\/pages\/11424"}],"collection":[{"href":"https:\/\/us.edu.pl\/pracownik\/wp-json\/wp\/v2\/pages"}],"about":[{"href":"https:\/\/us.edu.pl\/pracownik\/wp-json\/wp\/v2\/types\/page"}],"author":[{"embeddable":true,"href":"https:\/\/us.edu.pl\/pracownik\/wp-json\/wp\/v2\/users\/91"}],"replies":[{"embeddable":true,"href":"https:\/\/us.edu.pl\/pracownik\/wp-json\/wp\/v2\/comments?post=11424"}],"version-history":[{"count":10,"href":"https:\/\/us.edu.pl\/pracownik\/wp-json\/wp\/v2\/pages\/11424\/revisions"}],"predecessor-version":[{"id":23235,"href":"https:\/\/us.edu.pl\/pracownik\/wp-json\/wp\/v2\/pages\/11424\/revisions\/23235"}],"up":[{"embeddable":true,"href":"https:\/\/us.edu.pl\/pracownik\/wp-json\/wp\/v2\/pages\/2268"}],"wp:attachment":[{"href":"https:\/\/us.edu.pl\/pracownik\/wp-json\/wp\/v2\/media?parent=11424"}],"curies":[{"name":"wp","href":"https:\/\/api.w.org\/{rel}","templated":true}]}}