{"id":1146,"date":"2019-10-07T09:28:45","date_gmt":"2019-10-07T07:28:45","guid":{"rendered":"https:\/\/us.edu.pl\/pracownik\/?page_id=1146"},"modified":"2023-11-21T09:24:04","modified_gmt":"2023-11-21T08:24:04","slug":"podstawowe-akty-prawne","status":"publish","type":"page","link":"https:\/\/us.edu.pl\/pracownik\/sprawy-pracownicze\/sprawy-kadrowe\/podstawowe-akty-prawne\/","title":{"rendered":"Podstawowe akty prawne"},"content":{"rendered":"<p>[vc_row][vc_column][\/vc_column][\/vc_row][vc_row][vc_column]\r\n                <div class=\"text-modules\">\r\n                    <div class=\"container\">\r\n                        <h3 class=\"page-title text__title\">Podstawowe akty prawne<\/h3>\r\n                        <div class=\"text-modules__content\"><\/p>\n<ol>\n<li style=\"font-weight: 400;\"><a href=\"http:\/\/isap.sejm.gov.pl\/isap.nsf\/DocDetails.xsp?id=WDU20180001668\"><span style=\"font-weight: 400;\">Ustawa z dnia 20 lipca 2018 r. Prawo o szkolnictwie wy\u017cszym i nauce<\/span><\/a><\/li>\n<li style=\"font-weight: 400;\"><a href=\"http:\/\/isap.sejm.gov.pl\/isap.nsf\/DocDetails.xsp?id=WDU20180001669\"><span style=\"font-weight: 400;\">Ustawa z dnia 3 lipca 2018 r. \u2013 przepisy wprowadzaj\u0105ce ustaw\u0119 Prawo o szkolnictwie wy\u017cszym i nauce<\/span><\/a><\/li>\n<li style=\"font-weight: 400;\"><a href=\"http:\/\/isap.sejm.gov.pl\/isap.nsf\/DocDetails.xsp?id=WDU20180001838\"><span style=\"font-weight: 400;\">Rozporz\u0105dzenie Ministra Nauki i Szkolnictwa Wy\u017cszego z dnia 25 wrze\u015bnia 2018 roku\u00a0 w sprawie wysoko\u015bci minimalnego miesi\u0119cznego wynagrodzenia zasadniczego dla profesora w uczelni publicznej<\/span><\/a><\/li>\n<li style=\"font-weight: 400;\"><a href=\"https:\/\/eli.gov.pl\/eli\/DU\/2005\/1365\/ogl\"><span style=\"font-weight: 400;\">Ustawa z dnia 27 lipca 2005 r. Prawo o szkolnictwie wy\u017cszym<\/span><\/a><\/li>\n<li style=\"font-weight: 400;\"><a href=\"https:\/\/isap.sejm.gov.pl\/isap.nsf\/DocDetails.xsp?id=WDU19740240141\"><span style=\"font-weight: 400;\">Ustawa z dnia 26 czerwca 1974 r. Kodeks pracy<\/span><\/a><\/li>\n<li style=\"font-weight: 400;\"><a href=\"https:\/\/aktyprawne.us.edu.pl\/d\/4952\/5\/?tc=80\" target=\"_blank\" rel=\"noopener\"><span style=\"font-weight: 400;\">Statut Uniwersytetu \u015al\u0105skiego\u00a0<\/span><\/a><\/li>\n<li style=\"font-weight: 400;\"><a href=\"https:\/\/aktyprawne.us.edu.pl\/d\/4982\/5\/?tc=76\" target=\"_blank\" rel=\"noopener\"><span style=\"font-weight: 400;\">Regulamin pracy w Uniwersytecie \u015al\u0105skim<\/span><\/a><\/li>\n<li style=\"font-weight: 400;\"><a href=\"https:\/\/aktyprawne.us.edu.pl\/446-lista-dokumentow\/d\/4985\/5\/?reporef=%2F446-lista-dokumentow%2F\" target=\"_blank\" rel=\"noopener\"><span style=\"font-weight: 400;\"><span style=\"font-weight: 400;\">Regulamin wynagradzania pracownik\u00f3w Uniwersytetu \u015al\u0105skiego w Katowicach (za\u0142. 8 do zarz\u0105dzenia nr 155 Rektora U\u015a z dn. 25 pa\u017adziernika 2022 r.)<\/span><\/span><\/a><\/li>\n<li style=\"font-weight: 400;\"><a href=\"https:\/\/aktyprawne.us.edu.pl\/d\/4990\/5\/?tc=99\">Regulamin ochrony, korzystania i zarz\u0105dzania wynikami prac intelektualnych na Uniwersytecie \u015al\u0105skim w Katowicach oraz zasad ich komercjalizacji<\/a>\u00a0Dodatkowe informacje i kontakt: <a href=\"http:\/\/transfer.us.edu.pl\/kontakt\">Biuro Wsp\u00f3\u0142pracy z Gospodark\u0105<\/a><\/li>\n<li style=\"font-weight: 400;\"><a href=\"https:\/\/aktyprawne.us.edu.pl\/423-lista\/d\/3418\/5\/?reporef=%2F%3Fsearch-global%3DUchwa%25c5%2582a%2BSenatu%2Bnr%2B235%252f2018)\">Uchwa\u0142a nr 235\/2018 z dnia 24.04.2018 Senatu U\u015a zmieniaj\u0105ca uchwa\u0142\u0119 w sprawie uchwalenia Regulaminu ochrony, korzystania i zarz\u0105dzania wynikami prac intelektualnych na Uniwersytecie \u015al\u0105skim w Katowicach oraz zasad ich komercjalizacji Dodatkowe informacje i kontakt:<\/a> <a href=\"http:\/\/transfer.us.edu.pl\/kontakt\">Biuro Wsp\u00f3\u0142pracy z Gospodark\u0105<\/a><\/li>\n<\/ol>\n<p>\n<\/div>\r\n                    <\/div>\r\n                <\/div>[\/vc_column][\/vc_row]<\/p>","protected":false},"excerpt":{"rendered":"<p>[vc_row][vc_column][\/vc_column][\/vc_row][vc_row][vc_column][\/vc_column][\/vc_row] [&#8230;]<\/p>\n<p><a class=\"btn btn-secondary understrap-read-more-link\" href=\"https:\/\/us.edu.pl\/pracownik\/sprawy-pracownicze\/sprawy-kadrowe\/podstawowe-akty-prawne\/\">Read More&#8230;<\/a><\/p>\n","protected":false},"author":1,"featured_media":0,"parent":1067,"menu_order":350,"comment_status":"closed","ping_status":"closed","template":"page-templates\/inner-page.php","meta":{"_expiration-date-status":"","_expiration-date":0,"_expiration-date-type":"","_expiration-date-categories":[],"_expiration-date-options":[]},"acf":[],"_links":{"self":[{"href":"https:\/\/us.edu.pl\/pracownik\/wp-json\/wp\/v2\/pages\/1146"}],"collection":[{"href":"https:\/\/us.edu.pl\/pracownik\/wp-json\/wp\/v2\/pages"}],"about":[{"href":"https:\/\/us.edu.pl\/pracownik\/wp-json\/wp\/v2\/types\/page"}],"author":[{"embeddable":true,"href":"https:\/\/us.edu.pl\/pracownik\/wp-json\/wp\/v2\/users\/1"}],"replies":[{"embeddable":true,"href":"https:\/\/us.edu.pl\/pracownik\/wp-json\/wp\/v2\/comments?post=1146"}],"version-history":[{"count":10,"href":"https:\/\/us.edu.pl\/pracownik\/wp-json\/wp\/v2\/pages\/1146\/revisions"}],"predecessor-version":[{"id":23678,"href":"https:\/\/us.edu.pl\/pracownik\/wp-json\/wp\/v2\/pages\/1146\/revisions\/23678"}],"up":[{"embeddable":true,"href":"https:\/\/us.edu.pl\/pracownik\/wp-json\/wp\/v2\/pages\/1067"}],"wp:attachment":[{"href":"https:\/\/us.edu.pl\/pracownik\/wp-json\/wp\/v2\/media?parent=1146"}],"curies":[{"name":"wp","href":"https:\/\/api.w.org\/{rel}","templated":true}]}}