{"id":1164,"date":"2019-10-07T10:03:09","date_gmt":"2019-10-07T08:03:09","guid":{"rendered":"https:\/\/us.edu.pl\/pracownik\/?page_id=1164"},"modified":"2026-04-15T13:06:45","modified_gmt":"2026-04-15T11:06:45","slug":"zadania-dsois","status":"publish","type":"page","link":"https:\/\/us.edu.pl\/pracownik\/sprawy-pracownicze\/sprawy-kadrowe\/zadania-dsois\/","title":{"rendered":"Zadania DSO"},"content":{"rendered":"<p>[vc_row][vc_column][\/vc_column][\/vc_row][vc_row][vc_column]\r\n                <div class=\"text-modules\">\r\n                    <div class=\"container\">\r\n                        <h3 class=\"page-title text__title\">Zadania DSOiS<\/h3>\r\n                        <div class=\"text-modules__content\"><p><span style=\"color: #003366; font-size: 18pt;\"><strong>Do podstawowych zada\u0144 Dzia\u0142u Spraw Osobowych nale\u017c\u0105:<\/strong><\/span><\/p>\n<\/div>\r\n                    <\/div>\r\n                <\/div>[\/vc_column][\/vc_row]<\/p>","protected":false},"excerpt":{"rendered":"<p>[vc_row][vc_column][\/vc_column][\/vc_row][vc_row][vc_column][\/vc_column][\/vc_row] [&#8230;]<\/p>\n<p><a class=\"btn btn-secondary understrap-read-more-link\" href=\"https:\/\/us.edu.pl\/pracownik\/sprawy-pracownicze\/sprawy-kadrowe\/zadania-dsois\/\">Read More&#8230;<\/a><\/p>\n","protected":false},"author":1,"featured_media":0,"parent":1067,"menu_order":348,"comment_status":"closed","ping_status":"closed","template":"page-templates\/inner-page-with-bookmarks.php","meta":{"_expiration-date-status":"","_expiration-date":0,"_expiration-date-type":"","_expiration-date-categories":[],"_expiration-date-options":[]},"acf":[],"_links":{"self":[{"href":"https:\/\/us.edu.pl\/pracownik\/wp-json\/wp\/v2\/pages\/1164"}],"collection":[{"href":"https:\/\/us.edu.pl\/pracownik\/wp-json\/wp\/v2\/pages"}],"about":[{"href":"https:\/\/us.edu.pl\/pracownik\/wp-json\/wp\/v2\/types\/page"}],"author":[{"embeddable":true,"href":"https:\/\/us.edu.pl\/pracownik\/wp-json\/wp\/v2\/users\/1"}],"replies":[{"embeddable":true,"href":"https:\/\/us.edu.pl\/pracownik\/wp-json\/wp\/v2\/comments?post=1164"}],"version-history":[{"count":10,"href":"https:\/\/us.edu.pl\/pracownik\/wp-json\/wp\/v2\/pages\/1164\/revisions"}],"predecessor-version":[{"id":43136,"href":"https:\/\/us.edu.pl\/pracownik\/wp-json\/wp\/v2\/pages\/1164\/revisions\/43136"}],"up":[{"embeddable":true,"href":"https:\/\/us.edu.pl\/pracownik\/wp-json\/wp\/v2\/pages\/1067"}],"wp:attachment":[{"href":"https:\/\/us.edu.pl\/pracownik\/wp-json\/wp\/v2\/media?parent=1164"}],"curies":[{"name":"wp","href":"https:\/\/api.w.org\/{rel}","templated":true}]}}