{"id":118,"date":"2019-09-11T13:19:56","date_gmt":"2019-09-11T11:19:56","guid":{"rendered":"http:\/\/php71.nfinity-beta.pl\/us\/pracownik\/?page_id=118"},"modified":"2019-09-11T15:10:46","modified_gmt":"2019-09-11T13:10:46","slug":"procedura-realizacji-uslug-promocyjnych-dotyczacych-serwisu-facebook","status":"publish","type":"page","link":"https:\/\/us.edu.pl\/pracownik\/realizacja-dostaw-i-uslug\/procedura-realizacji-uslug-promocyjnych-dotyczacych-serwisu-facebook\/","title":{"rendered":"Procedura realizacji us\u0142ug promocyjnych dotycz\u0105cych serwisu Facebook"},"content":{"rendered":"<p>[vc_row][vc_column]\r\n                <div class=\"text-modules\">\r\n                    <div class=\"container\">\r\n                        <h3 class=\"page-title text__title\">Procedura realizacji us\u0142ug promocyjnych dotycz\u0105cych serwisu Facebook<\/h3>\r\n                        <div class=\"text-modules__content\"><\/p>\n<div class=\"content\">\n<ol>\n<li>Z\u0142o\u017cenie w Dziale Promocji wniosku (grupa materia\u0142owa: pozosta\u0142e us\u0142ugi reklamowe)\u00a0wraz z planem kampanii reklamowej.<\/li>\n<li>Z\u0142o\u017cenie przez Dzia\u0142 Promocji zam\u00f3wienia w systemie SAP.<\/li>\n<li>Z\u0142o\u017cenie przez Dzia\u0142 Promocji pisma przewodniego do\u00a0Prorektora ds. Finans\u00f3w i\u00a0Rozwoju z\u00a0pro\u015bb\u0105 o wyra\u017cenie zgody na przedp\u0142at\u0119 (pismo podpisane przez Bran\u017cyst\u0119, Kierownika Dzia\u0142u, Kanclerza).<br \/>\nNa pi\u015bmie podane s\u0105 nast\u0119puj\u0105ce informacje:<\/li>\n<\/ol>\n<ul>\n<li>kwota;<\/li>\n<li>nazwa towaru;<\/li>\n<li>numer wniosku ;<\/li>\n<li>zamawiaj\u0105cy (Wydzia\u0142, Katedra\u2026);<\/li>\n<li>\u017ar\u00f3d\u0142a finansowania;<\/li>\n<li>za\u0142\u0105czniki do pisma (kopia wniosku, dodatkowe dokumenty je\u015bli s\u0105 wymagane).<\/li>\n<\/ul>\n<ol>\n<li value=\"4\">Z\u0142o\u017cenie przez Dzia\u0142 Promocji dokument\u00f3w u Kwestora (kopia wniosku, pismo przewodnie),\u00a0 a nast\u0119pnie w Dziale Finansowym.<\/li>\n<li value=\"5\">Zasilenie przez Dzia\u0142 Finansowy karty kredytowej, z kt\u00f3rej op\u0142acona zostanie us\u0142uga.<\/li>\n<li value=\"6\">Wprowadzenie przez Dzia\u0142 Promocji faktury do systemu SAP oraz przekazanie do Dzia\u0142u Finansowego (najp\u00f3\u017aniej do 12 dnia kolejnego miesi\u0105ca).<\/li>\n<\/ol>\n<\/div>\n<p>\n<\/div>\r\n                    <\/div>\r\n                <\/div>[\/vc_column][\/vc_row]<\/p>","protected":false},"excerpt":{"rendered":"<p>[vc_row][vc_column][\/vc_column][\/vc_row] [&#8230;]<\/p>\n<p><a class=\"btn btn-secondary understrap-read-more-link\" href=\"https:\/\/us.edu.pl\/pracownik\/realizacja-dostaw-i-uslug\/procedura-realizacji-uslug-promocyjnych-dotyczacych-serwisu-facebook\/\">Read More&#8230;<\/a><\/p>\n","protected":false},"author":1,"featured_media":0,"parent":102,"menu_order":412,"comment_status":"closed","ping_status":"closed","template":"","meta":{"_expiration-date-status":"","_expiration-date":0,"_expiration-date-type":"","_expiration-date-categories":[],"_expiration-date-options":[]},"acf":[],"_links":{"self":[{"href":"https:\/\/us.edu.pl\/pracownik\/wp-json\/wp\/v2\/pages\/118"}],"collection":[{"href":"https:\/\/us.edu.pl\/pracownik\/wp-json\/wp\/v2\/pages"}],"about":[{"href":"https:\/\/us.edu.pl\/pracownik\/wp-json\/wp\/v2\/types\/page"}],"author":[{"embeddable":true,"href":"https:\/\/us.edu.pl\/pracownik\/wp-json\/wp\/v2\/users\/1"}],"replies":[{"embeddable":true,"href":"https:\/\/us.edu.pl\/pracownik\/wp-json\/wp\/v2\/comments?post=118"}],"version-history":[{"count":3,"href":"https:\/\/us.edu.pl\/pracownik\/wp-json\/wp\/v2\/pages\/118\/revisions"}],"predecessor-version":[{"id":173,"href":"https:\/\/us.edu.pl\/pracownik\/wp-json\/wp\/v2\/pages\/118\/revisions\/173"}],"up":[{"embeddable":true,"href":"https:\/\/us.edu.pl\/pracownik\/wp-json\/wp\/v2\/pages\/102"}],"wp:attachment":[{"href":"https:\/\/us.edu.pl\/pracownik\/wp-json\/wp\/v2\/media?parent=118"}],"curies":[{"name":"wp","href":"https:\/\/api.w.org\/{rel}","templated":true}]}}