{"id":11886,"date":"2021-01-13T11:22:28","date_gmt":"2021-01-13T10:22:28","guid":{"rendered":"https:\/\/us.edu.pl\/pracownik\/?page_id=11886"},"modified":"2021-05-13T20:22:34","modified_gmt":"2021-05-13T18:22:34","slug":"posiedzenie-komisji-18-01-2021","status":"publish","type":"page","link":"https:\/\/us.edu.pl\/pracownik\/sprawy-dydaktyczne\/senacka-komisja-ds-ksztalcenia\/senacka-komisja-ds-ksztalcenia-sklad-komisji\/kadencja-2020-2024\/posiedzenie-komisji-18-01-2021\/","title":{"rendered":"Posiedzenie komisji &#8211; 18.01.2021"},"content":{"rendered":"<p>[vc_row][vc_column]\r\n                <div class=\"text-modules\">\r\n                    <div class=\"container\">\r\n                        <h3 class=\"page-title text__title\">Posiedzenie Komisji ds. kszta\u0142cenia i student\u00f3w - 18 stycznia 2021 r.<\/h3>\r\n                        <div class=\"text-modules__content\"><\/p>\n<p style=\"font-weight: 400\">Spotkanie przeprowadzone b\u0119dzie w formie zdalnej za po\u015brednictwem platformy Microsoft Teams.<\/p>\n<p><strong>Porz\u0105dek posiedzenia.<\/strong><\/p>\n<ol>\n<li>Komunikaty Prorektor ds. kszta\u0142cenia i student\u00f3w:<\/li>\n<\/ol>\n<ul>\n<li style=\"list-style-type: none\">\n<ul>\n<li>informacja o sposobie organizacji sesji egzaminacyjnej semestru zimowego\u00a0 oraz realizacji zaj\u0119\u0107 w semestrze letnim roku akademickiego 2020\/2021;<\/li>\n<li>kwestia sposobu okre\u015blenia cz\u0119\u015bci programu studi\u00f3w realizowanej w postaci zaj\u0119\u0107 dydaktycznych prowadzonych z bezpo\u015brednim udzia\u0142em nauczycieli akademickich lub innych os\u00f3b prowadz\u0105cych zaj\u0119cia (BUNA) w zwi\u0105zku z regulacj\u0105 <em>uchwa\u0142y nr 490 Senatu U\u015a w sprawie wytycznych dotycz\u0105cych wymaga\u0144 w zakresie tworzenia i zmiany program\u00f3w studi\u00f3w prowadzonych w Uniwersytecie \u015al\u0105skim w Katowicach;<\/em><\/li>\n<li>baza orzecznictwa interpretacyjnego Polskiej Komisji Akredytacyjnej (PKA) a regulacje wewn\u0119trzne Uczelni (stanowisko w sprawie osi\u0105gania i weryfikacji efekt\u00f3w uczenia si\u0119 przypisanych do praktyk zawodowych student\u00f3w;<\/li>\n<li>wskazanie nauczycieli akademickich rekomendowanych jako kandydat\u00f3w na ekspert\u00f3w PKA;<\/li>\n<\/ul>\n<\/li>\n<\/ul>\n<ol start=\"2\">\n<li>Opinia do programu studi\u00f3w projektowanego kierunku studi\u00f3w <strong>zarz\u0105dzanie kadrami w biznesie i administracji<\/strong> &#8211; <a href=\"https:\/\/us.edu.pl\/pracownik\/wp-content\/uploads\/sites\/2\/Editor\/sprawy-dydatktyczne\/Komisja-kszta\u0142cenia\/Kadencja-2020-2024\/20202021\/18.01.2021\/ZB.I.1-_-zarz\u0105dzanie-kadrami-w-biznesie-i-administracji-_-I-st.-SS.pdf\" class=\"mtli_attachment mtli_pdf\" data-mtli=\"mtli_filesize481,97kB\" class=\"mtli_attachment mtli_pdf\" data-mtli=\"mtli_filesize481,97kB\">studia stacjonarne<\/a> oraz <a href=\"https:\/\/us.edu.pl\/pracownik\/wp-content\/uploads\/sites\/2\/Editor\/sprawy-dydatktyczne\/Komisja-kszta\u0142cenia\/Kadencja-2020-2024\/20202021\/18.01.2021\/ZB.I.2-_-zarz\u0105dzanie-kadrami-w-biznesie-i-administracji-_-I-st.-NS.pdf\" class=\"mtli_attachment mtli_pdf\" data-mtli=\"mtli_filesize474,87kB\" class=\"mtli_attachment mtli_pdf\" data-mtli=\"mtli_filesize474,87kB\">niestacjonarne<\/a>\u00a0 o profilu praktycznym na poziomie studi\u00f3w pierwszego stopnia;<\/li>\n<\/ol>\n<ul>\n<li style=\"list-style-type: none\">\n<ul>\n<li>opinie recenzent\u00f3w<\/li>\n<\/ul>\n<\/li>\n<\/ul>\n<ol start=\"3\">\n<li>Opinia do programu studi\u00f3w drugiego stopnia na kierunku <a href=\"https:\/\/us.edu.pl\/pracownik\/wp-content\/uploads\/sites\/2\/Editor\/sprawy-dydatktyczne\/Komisja-kszta\u0142cenia\/Kadencja-2020-2024\/20202021\/18.01.2021\/ML.II_.1-projekt.pdf\" class=\"mtli_attachment mtli_pdf\" data-mtli=\"mtli_filesize509,80kB\" class=\"mtli_attachment mtli_pdf\" data-mtli=\"mtli_filesize509,80kB\">muzyka w multimediach<\/a> studia stacjonarne o profilu praktycznym (nowy poziom);<\/li>\n<\/ol>\n<ul>\n<li style=\"list-style-type: none\">\n<ul>\n<li>opinie recenzent\u00f3w<\/li>\n<\/ul>\n<\/li>\n<\/ul>\n<ol start=\"4\">\n<li>Opinie do wniosk\u00f3w wydzia\u0142owych w sprawie wprowadzenia modyfikacji programu studi\u00f3w:<\/li>\n<\/ol>\n<ul>\n<li style=\"list-style-type: none\">\n<ul>\n<li><a href=\"https:\/\/us.edu.pl\/pracownik\/wp-content\/uploads\/sites\/2\/Editor\/sprawy-dydatktyczne\/Komisja-kszta\u0142cenia\/Kadencja-2020-2024\/20202021\/18.01.2021\/IN.II_.1aang.pdf\" class=\"mtli_attachment mtli_pdf\" data-mtli=\"mtli_filesize522,42kB\" class=\"mtli_attachment mtli_pdf\" data-mtli=\"mtli_filesize522,42kB\">informatyka w j\u0119z. angielskim<\/a> (studia stacjonarne II stopnia, profil og\u00f3lnoakademicki);<\/li>\n<li><a href=\"https:\/\/us.edu.pl\/pracownik\/wp-content\/uploads\/sites\/2\/Editor\/sprawy-dydatktyczne\/Komisja-kszta\u0142cenia\/Kadencja-2020-2024\/20202021\/18.01.2021\/IS.I.1.pdf\" class=\"mtli_attachment mtli_pdf\" data-mtli=\"mtli_filesize436,20kB\" class=\"mtli_attachment mtli_pdf\" data-mtli=\"mtli_filesize436,20kB\">informatyka stosowana<\/a> (studia stacjonarne I stopnia, profil \u00a0og\u00f3lnoakademicki);<\/li>\n<li><a href=\"https:\/\/us.edu.pl\/pracownik\/wp-content\/uploads\/sites\/2\/Editor\/sprawy-dydatktyczne\/Komisja-kszta\u0142cenia\/Kadencja-2020-2024\/20202021\/18.01.2021\/GS.II_.1-_-geologia-stosowana-_-II-st.-SS-_-2020-2021.pdf\" class=\"mtli_attachment mtli_pdf\" data-mtli=\"mtli_filesize890,45kB\" class=\"mtli_attachment mtli_pdf\" data-mtli=\"mtli_filesize890,45kB\">geologia stosowana\u00a0<\/a> (studia stacjonarne II stopnia o profilu og\u00f3lnoakademickim;<\/li>\n<\/ul>\n<\/li>\n<\/ul>\n<ol start=\"5\">\n<li>Dyskusja nad kwesti\u0105 prac dyplomowych m.in. sprawa przyj\u0119cia artyku\u0142u naukowego jako pracy dyplomowej;<\/li>\n<li>Raport z prac zespo\u0142u pe\u0142nomocnik\u00f3w jako\u015bci kszta\u0142cenia i akredytacji oraz Biura Jako\u015bci Kszta\u0142cenia (rekomendacje po badaniu jako\u015bci kszta\u0142cenia w formule zdalnej, raport jako\u015bci kszta\u0142cenia, ankiety, dzia\u0142anie na rzecz wypracowania nowych (mo\u017cliwie sprawiedliwych i nieopresyjnych)\u00a0 narz\u0119dzi monitorowania jako\u015bci kszta\u0142cenia<\/li>\n<li>Opinia do projektu zmiany formy dyplomu uko\u0144czenia studi\u00f3w <a href=\"https:\/\/us.edu.pl\/pracownik\/wp-content\/uploads\/sites\/2\/Editor\/sprawy-dydatktyczne\/Komisja-kszta\u0142cenia\/Kadencja-2020-2024\/20202021\/18.01.2021\/Tresc-na-papierze-zabezpieczonym.pdf\" class=\"mtli_attachment mtli_pdf\" data-mtli=\"mtli_filesize2,85MB\" class=\"mtli_attachment mtli_pdf\" data-mtli=\"mtli_filesize2,85MB\">(usuni\u0119cie wymogu fotografii);<\/a><\/li>\n<li>Wolne wnioski<\/li>\n<\/ol>\n<p>\n<style type=\"text\/css\">a[data-mtli~=\"mtli_filesize481,97kB\"]:after {content:\" (481,97 kB)\"}a[data-mtli~=\"mtli_filesize474,87kB\"]:after {content:\" (474,87 kB)\"}a[data-mtli~=\"mtli_filesize509,80kB\"]:after {content:\" (509,80 kB)\"}a[data-mtli~=\"mtli_filesize522,42kB\"]:after {content:\" (522,42 kB)\"}a[data-mtli~=\"mtli_filesize436,20kB\"]:after {content:\" (436,20 kB)\"}a[data-mtli~=\"mtli_filesize890,45kB\"]:after {content:\" (890,45 kB)\"}a[data-mtli~=\"mtli_filesize2,85MB\"]:after {content:\" (2,85 MB)\"}<\/style><\/div>\r\n                    <\/div>\r\n                <\/div>[\/vc_column][\/vc_row]<\/p>\n<style type=\"text\/css\">a[data-mtli~=\"mtli_filesize481,97kB\"]:after {content:\" (481,97 kB)\"}a[data-mtli~=\"mtli_filesize474,87kB\"]:after {content:\" (474,87 kB)\"}a[data-mtli~=\"mtli_filesize509,80kB\"]:after {content:\" (509,80 kB)\"}a[data-mtli~=\"mtli_filesize522,42kB\"]:after {content:\" (522,42 kB)\"}a[data-mtli~=\"mtli_filesize436,20kB\"]:after {content:\" (436,20 kB)\"}a[data-mtli~=\"mtli_filesize890,45kB\"]:after {content:\" (890,45 kB)\"}a[data-mtli~=\"mtli_filesize2,85MB\"]:after {content:\" (2,85 MB)\"}<\/style>","protected":false},"excerpt":{"rendered":"<p>[vc_row][vc_column][\/vc_column][\/vc_row] [&#8230;]<\/p>\n<p><a class=\"btn btn-secondary understrap-read-more-link\" href=\"https:\/\/us.edu.pl\/pracownik\/sprawy-dydaktyczne\/senacka-komisja-ds-ksztalcenia\/senacka-komisja-ds-ksztalcenia-sklad-komisji\/kadencja-2020-2024\/posiedzenie-komisji-18-01-2021\/\">Read More&#8230;<\/a><\/p>\n","protected":false},"author":31,"featured_media":0,"parent":5151,"menu_order":480,"comment_status":"closed","ping_status":"closed","template":"page-templates\/inner-page.php","meta":{"_expiration-date-status":"saved","_expiration-date":0,"_expiration-date-type":"","_expiration-date-categories":[],"_expiration-date-options":[]},"acf":[],"_links":{"self":[{"href":"https:\/\/us.edu.pl\/pracownik\/wp-json\/wp\/v2\/pages\/11886"}],"collection":[{"href":"https:\/\/us.edu.pl\/pracownik\/wp-json\/wp\/v2\/pages"}],"about":[{"href":"https:\/\/us.edu.pl\/pracownik\/wp-json\/wp\/v2\/types\/page"}],"author":[{"embeddable":true,"href":"https:\/\/us.edu.pl\/pracownik\/wp-json\/wp\/v2\/users\/31"}],"replies":[{"embeddable":true,"href":"https:\/\/us.edu.pl\/pracownik\/wp-json\/wp\/v2\/comments?post=11886"}],"version-history":[{"count":11,"href":"https:\/\/us.edu.pl\/pracownik\/wp-json\/wp\/v2\/pages\/11886\/revisions"}],"predecessor-version":[{"id":11939,"href":"https:\/\/us.edu.pl\/pracownik\/wp-json\/wp\/v2\/pages\/11886\/revisions\/11939"}],"up":[{"embeddable":true,"href":"https:\/\/us.edu.pl\/pracownik\/wp-json\/wp\/v2\/pages\/5151"}],"wp:attachment":[{"href":"https:\/\/us.edu.pl\/pracownik\/wp-json\/wp\/v2\/media?parent=11886"}],"curies":[{"name":"wp","href":"https:\/\/api.w.org\/{rel}","templated":true}]}}