{"id":121,"date":"2019-09-11T13:23:38","date_gmt":"2019-09-11T11:23:38","guid":{"rendered":"http:\/\/php71.nfinity-beta.pl\/us\/pracownik\/?page_id=121"},"modified":"2019-09-13T11:19:50","modified_gmt":"2019-09-13T09:19:50","slug":"druki-dzialu-promocji","status":"publish","type":"page","link":"https:\/\/us.edu.pl\/pracownik\/realizacja-dostaw-i-uslug\/druki-dzialu-promocji\/","title":{"rendered":"Druki Dzia\u0142u Promocji"},"content":{"rendered":"<p>[vc_row][vc_column]\r\n                <div class=\"text-modules\">\r\n                    <div class=\"container\">\r\n                        <h3 class=\"page-title text__title\">Druki Dzia\u0142u Promocji<\/h3>\r\n                        <div class=\"text-modules__content\"><\/p>\n<div class=\"content\">\n<ul>\n<li><span style=\"color: #002e5a;\"><a style=\"color: #002e5a;\" href=\"http:\/\/php71.nfinity-beta.pl\/us\/pracownik\/wp-content\/uploads\/sites\/2\/pracownik\/druk_nr_4_-_zf_-_wniosek_o_zwiekszenie_srodkow_na_sfinansowanie_zamowienia.doc\" class=\"mtli_attachment mtli_doc\" class=\"mtli_attachment mtli_doc\">Zwi\u0119kszanie \u015brodk\u00f3w finansowych<\/a><\/span><\/li>\n<li><a href=\"http:\/\/php71.nfinity-beta.pl\/us\/pracownik\/wp-content\/uploads\/sites\/2\/pracownik\/uzasadnienie_koniecznosci_niezwlocznej_realizacji_dostawy_uslugi_2015.11.05.pdf\" class=\"mtli_attachment mtli_pdf\" class=\"mtli_attachment mtli_pdf\"><span style=\"color: #002e5a;\">Uzasadnienie konieczno\u015bci niezw\u0142ocznej realizacji dostawy i us\u0142ugi<\/span><\/a><\/li>\n<\/ul>\n<\/div>\n<p>\n<\/div>\r\n                    <\/div>\r\n                <\/div>[\/vc_column][\/vc_row]<\/p>","protected":false},"excerpt":{"rendered":"<p>[vc_row][vc_column][\/vc_column][\/vc_row] [&#8230;]<\/p>\n<p><a class=\"btn btn-secondary understrap-read-more-link\" href=\"https:\/\/us.edu.pl\/pracownik\/realizacja-dostaw-i-uslug\/druki-dzialu-promocji\/\">Read More&#8230;<\/a><\/p>\n","protected":false},"author":1,"featured_media":0,"parent":102,"menu_order":411,"comment_status":"closed","ping_status":"closed","template":"","meta":{"_expiration-date-status":"","_expiration-date":0,"_expiration-date-type":"","_expiration-date-categories":[],"_expiration-date-options":[]},"acf":[],"_links":{"self":[{"href":"https:\/\/us.edu.pl\/pracownik\/wp-json\/wp\/v2\/pages\/121"}],"collection":[{"href":"https:\/\/us.edu.pl\/pracownik\/wp-json\/wp\/v2\/pages"}],"about":[{"href":"https:\/\/us.edu.pl\/pracownik\/wp-json\/wp\/v2\/types\/page"}],"author":[{"embeddable":true,"href":"https:\/\/us.edu.pl\/pracownik\/wp-json\/wp\/v2\/users\/1"}],"replies":[{"embeddable":true,"href":"https:\/\/us.edu.pl\/pracownik\/wp-json\/wp\/v2\/comments?post=121"}],"version-history":[{"count":2,"href":"https:\/\/us.edu.pl\/pracownik\/wp-json\/wp\/v2\/pages\/121\/revisions"}],"predecessor-version":[{"id":263,"href":"https:\/\/us.edu.pl\/pracownik\/wp-json\/wp\/v2\/pages\/121\/revisions\/263"}],"up":[{"embeddable":true,"href":"https:\/\/us.edu.pl\/pracownik\/wp-json\/wp\/v2\/pages\/102"}],"wp:attachment":[{"href":"https:\/\/us.edu.pl\/pracownik\/wp-json\/wp\/v2\/media?parent=121"}],"curies":[{"name":"wp","href":"https:\/\/api.w.org\/{rel}","templated":true}]}}