{"id":123,"date":"2019-09-11T13:33:59","date_gmt":"2019-09-11T11:33:59","guid":{"rendered":"http:\/\/php71.nfinity-beta.pl\/us\/pracownik\/?page_id=123"},"modified":"2019-10-23T13:44:58","modified_gmt":"2019-10-23T11:44:58","slug":"umowy-formularze-druki","status":"publish","type":"page","link":"https:\/\/us.edu.pl\/pracownik\/umowy-formularze-druki\/","title":{"rendered":"Umowy\/formularze\/druki"},"content":{"rendered":"<p>[vc_row][vc_column]\r\n                <div class=\"text-modules\">\r\n                    <div class=\"container\">\r\n                        <h3 class=\"page-title text__title\">Umowy\/formularze\/druki<\/h3>\r\n                        <div class=\"text-modules__content\"><\/p>\n<div class=\"content\">\n<h3><strong>Umowy, formularze, druki<\/strong><\/h3>\n<ul>\n<li><span style=\"color: #002e5a;\"><a style=\"color: #002e5a;\" title=\"Wzory um\u00f3w cywilnoprawnych (serwis bip.us.edu.pl) \" href=\"http:\/\/bip.us.edu.pl\/pismo-okolne-nr-62018\">Wzory um\u00f3w cywilnoprawnych obowi\u0105zuj\u0105cych na Uniwersytecie \u015al\u0105skim<\/a><\/span><\/li>\n<li><span style=\"color: #002e5a;\"><a style=\"color: #002e5a;\" href=\"\/pracownik\/wp-content\/uploads\/sites\/2\/pracownik\/zal20118304.pdf\" class=\"mtli_attachment mtli_pdf\" data-mtli=\"mtli_filesize126,27kB\" class=\"mtli_attachment mtli_pdf\" data-mtli=\"mtli_filesize126,27kB\">Umowa o zwrot koszt\u00f3w podr\u00f3\u017cy doktorantowi, studentowi, go\u015bciowi krajowemu<\/a><\/span><\/li>\n<li><span style=\"color: #002e5a;\"><a style=\"color: #002e5a;\" href=\"http:\/\/www.us.edu.pl\/dl\/druki\">Druki Dzia\u0142u Logistyki<\/a><\/span><\/li>\n<li><span style=\"color: #002e5a;\"><a style=\"color: #002e5a;\" href=\"\/pracownik\/umowy-formularze-druki\/formularze\/\">Formularze i informacje Dzia\u0142u Nauki<\/a><\/span><\/li>\n<li><span style=\"color: #002e5a;\">Zawiadomienie o nadaniu stopnia:<\/span>\n<ul>\n<li><span style=\"color: #002e5a;\">doktora <a style=\"color: #002e5a;\" href=\"\/pracownik\/wp-content\/uploads\/sites\/2\/pracownik\/umowyformularzedruki\/zal201417801.pdf\" class=\"mtli_attachment mtli_pdf\" data-mtli=\"mtli_filesize219,30kB\" class=\"mtli_attachment mtli_pdf\" data-mtli=\"mtli_filesize219,30kB\">(pdf)<\/a> <a style=\"color: #002e5a;\" href=\"\/pracownik\/wp-content\/uploads\/sites\/2\/pracownik\/umowyformularzedruki\/zawiadomienie_dr.docx\" class=\"mtli_attachment mtli_docx\" data-mtli=\"mtli_filesize23,14kB\" class=\"mtli_attachment mtli_docx\" data-mtli=\"mtli_filesize23,14kB\">(doc)<\/a><\/span><\/li>\n<li><span style=\"color: #002e5a;\">doktora habilitowanego <a style=\"color: #002e5a;\" href=\"\/pracownik\/wp-content\/uploads\/sites\/2\/pracownik\/umowyformularzedruki\/zal201417802.pdf\" class=\"mtli_attachment mtli_pdf\" data-mtli=\"mtli_filesize294,29kB\" class=\"mtli_attachment mtli_pdf\" data-mtli=\"mtli_filesize294,29kB\">(pdf)<\/a> <a style=\"color: #002e5a;\" href=\"\/pracownik\/wp-content\/uploads\/sites\/2\/pracownik\/umowyformularzedruki\/zawiadomienie_dr_hab.docx\" class=\"mtli_attachment mtli_docx\" data-mtli=\"mtli_filesize22,10kB\" class=\"mtli_attachment mtli_docx\" data-mtli=\"mtli_filesize22,10kB\">(doc)<\/a><\/span><\/li>\n<\/ul>\n<\/li>\n<li><span style=\"color: #002e5a;\"><a style=\"color: #002e5a;\" href=\"\/pracownik\/wp-content\/uploads\/sites\/2\/pracownik\/umowyformularzedruki\/Ankieta_badania_naukowe.doc\" class=\"mtli_attachment mtli_doc\" data-mtli=\"mtli_filesize38,00kB\" class=\"mtli_attachment mtli_doc\" data-mtli=\"mtli_filesize38,00kB\">Ankieta do biuletynu nt. bada\u0144 naukowych<\/a><\/span><\/li>\n<li><span style=\"color: #002e5a;\"><a style=\"color: #002e5a;\" href=\"\/pracownik\/umowy-formularze-druki\/wnioski-o-medale-i-ordery\/\">Wnioski o medale i ordery<\/a><\/span><\/li>\n<li><a href=\"\/pracownik\/wp-content\/uploads\/sites\/2\/pracownik\/umowyformularzedruki\/wniosek_K.doc\" class=\"mtli_attachment mtli_doc\" data-mtli=\"mtli_filesize29,50kB\" class=\"mtli_attachment mtli_doc\" data-mtli=\"mtli_filesize29,50kB\"><span style=\"color: #002e5a;\">Druk \u201eK\u201d \u2013 wniosek o wyjazd na konferencj\u0119 krajow\u0105<\/span><\/a><\/li>\n<li><span style=\"color: #002e5a;\"><a style=\"color: #002e5a;\" href=\"\/pracownik\/informacje-finansowe\/wyjazdy-zagraniczne\/\">Informacje i dokumenty dotycz\u0105ce wyjazd\u00f3w zagranicznych<\/a><\/span><\/li>\n<li><span style=\"color: #002e5a;\"><a style=\"color: #002e5a;\" href=\"\/pracownik\/europejska-karta-ubezpieczenia-spolecznego-ekuz\/\">Europejska Karta Ubezpieczenia Zdrowotnego &#8211; EKUZ<\/a><\/span><\/li>\n<li><span style=\"color: #002e5a;\"><a style=\"color: #002e5a;\" href=\"http:\/\/www.us.edu.pl\/node\/5997\">Inspektorat Bhp i Ochrony Przeciwpo\u017carowej<\/a><\/span><\/li>\n<\/ul>\n<p>&nbsp;<\/p>\n<h3><strong>Informacje dla pracownik\u00f3w rozliczaj\u0105cych druki \u015bcis\u0142ego zarachowania<\/strong><\/h3>\n<ul>\n<li><span style=\"color: #002e5a;\"><a style=\"color: #002e5a;\" href=\"\/pracownik\/wp-content\/uploads\/sites\/2\/pracownik\/umowyformularzedruki\/protokol_zo_druk.doc\" class=\"mtli_attachment mtli_doc\" data-mtli=\"mtli_filesize40,50kB\" class=\"mtli_attachment mtli_doc\" data-mtli=\"mtli_filesize40,50kB\">Protok\u00f3\u0142 zdawczo-odbiorczy druk\u00f3w \u015bcis\u0142ego zarachowania <\/a><\/span><\/li>\n<li><a href=\"\/pracownik\/wp-content\/uploads\/sites\/2\/pracownik\/umowyformularzedruki\/zasady_rozl_drukow1.doc\" class=\"mtli_attachment mtli_doc\" data-mtli=\"mtli_filesize78,00kB\" class=\"mtli_attachment mtli_doc\" data-mtli=\"mtli_filesize78,00kB\"><span style=\"color: #002e5a;\">Zasady rozliczania druk\u00f3w \u015bcis\u0142ego zarachowania <\/span><\/a><\/li>\n<\/ul>\n<p>&nbsp;<\/p>\n<h3><strong>Informacje dla pracownik\u00f3w rozliczaj\u0105cych si\u0119 z materia\u0142\u00f3w pobranych do przerobu<\/strong><\/h3>\n<ul>\n<li><span style=\"color: #002e5a;\"><a style=\"color: #002e5a;\" href=\"\/pracownik\/informacje-dla-pracownikow-rozliczajacych-sie-z-materialow-pobranych-do-przerobu\/\">Upowa\u017cnienie do odbioru materia\u0142\u00f3w do przerobu<\/a><\/span><\/li>\n<li><span style=\"color: #002e5a;\"><a style=\"color: #002e5a;\" href=\"\/pracownik\/wp-content\/uploads\/sites\/2\/pracownik\/umowyformularzedruki\/materialy_instrukcja.doc\" class=\"mtli_attachment mtli_doc\" data-mtli=\"mtli_filesize24,00kB\" class=\"mtli_attachment mtli_doc\" data-mtli=\"mtli_filesize24,00kB\">Zasady rozliczania materia\u0142\u00f3w w przerobie w systemie SAP. <\/a><\/span><\/li>\n<li><span style=\"color: #002e5a;\"><a style=\"color: #002e5a;\" href=\"\/pracownik\/wp-content\/uploads\/sites\/2\/pracownik\/umowyformularzedruki\/protokol_ostat.xls\" class=\"mtli_attachment mtli_xls\" data-mtli=\"mtli_filesize24,50kB\" class=\"mtli_attachment mtli_xls\" data-mtli=\"mtli_filesize24,50kB\">Protok\u00f3\u0142 przerobu <\/a><\/span><\/li>\n<li><a href=\"\/pracownik\/wp-content\/uploads\/sites\/2\/pracownik\/umowyformularzedruki\/protokol_zo_mat.doc\" class=\"mtli_attachment mtli_doc\" data-mtli=\"mtli_filesize68,00kB\" class=\"mtli_attachment mtli_doc\" data-mtli=\"mtli_filesize68,00kB\"><span style=\"color: #002e5a;\">Protok\u00f3\u0142 zdawczo-odbiorczy materia\u0142\u00f3w w przerobie<\/span> <\/a><\/li>\n<\/ul>\n<\/div>\n<p>\n<style type=\"text\/css\">a[data-mtli~=\"mtli_filesize126,27kB\"]:after {content:\" (126,27 kB)\"}a[data-mtli~=\"mtli_filesize219,30kB\"]:after {content:\" (219,30 kB)\"}a[data-mtli~=\"mtli_filesize23,14kB\"]:after {content:\" (23,14 kB)\"}a[data-mtli~=\"mtli_filesize294,29kB\"]:after {content:\" (294,29 kB)\"}a[data-mtli~=\"mtli_filesize22,10kB\"]:after {content:\" (22,10 kB)\"}a[data-mtli~=\"mtli_filesize38,00kB\"]:after {content:\" (38,00 kB)\"}a[data-mtli~=\"mtli_filesize29,50kB\"]:after {content:\" (29,50 kB)\"}a[data-mtli~=\"mtli_filesize40,50kB\"]:after {content:\" (40,50 kB)\"}a[data-mtli~=\"mtli_filesize78,00kB\"]:after {content:\" (78,00 kB)\"}a[data-mtli~=\"mtli_filesize24,00kB\"]:after {content:\" (24,00 kB)\"}a[data-mtli~=\"mtli_filesize24,50kB\"]:after {content:\" (24,50 kB)\"}a[data-mtli~=\"mtli_filesize68,00kB\"]:after {content:\" (68,00 kB)\"}<\/style><\/div>\r\n                    <\/div>\r\n                <\/div>[\/vc_column][\/vc_row]<\/p>\n<style type=\"text\/css\">a[data-mtli~=\"mtli_filesize126,27kB\"]:after {content:\" (126,27 kB)\"}a[data-mtli~=\"mtli_filesize219,30kB\"]:after {content:\" (219,30 kB)\"}a[data-mtli~=\"mtli_filesize23,14kB\"]:after {content:\" (23,14 kB)\"}a[data-mtli~=\"mtli_filesize294,29kB\"]:after {content:\" (294,29 kB)\"}a[data-mtli~=\"mtli_filesize22,10kB\"]:after {content:\" (22,10 kB)\"}a[data-mtli~=\"mtli_filesize38,00kB\"]:after {content:\" (38,00 kB)\"}a[data-mtli~=\"mtli_filesize29,50kB\"]:after {content:\" (29,50 kB)\"}a[data-mtli~=\"mtli_filesize40,50kB\"]:after {content:\" (40,50 kB)\"}a[data-mtli~=\"mtli_filesize78,00kB\"]:after {content:\" (78,00 kB)\"}a[data-mtli~=\"mtli_filesize24,00kB\"]:after {content:\" (24,00 kB)\"}a[data-mtli~=\"mtli_filesize24,50kB\"]:after {content:\" (24,50 kB)\"}a[data-mtli~=\"mtli_filesize68,00kB\"]:after {content:\" (68,00 kB)\"}<\/style>","protected":false},"excerpt":{"rendered":"<p>[vc_row][vc_column][\/vc_column][\/vc_row] [&#8230;]<\/p>\n<p><a class=\"btn btn-secondary understrap-read-more-link\" href=\"https:\/\/us.edu.pl\/pracownik\/umowy-formularze-druki\/\">Read More&#8230;<\/a><\/p>\n","protected":false},"author":1,"featured_media":0,"parent":0,"menu_order":410,"comment_status":"closed","ping_status":"closed","template":"","meta":{"_expiration-date-status":"","_expiration-date":0,"_expiration-date-type":"","_expiration-date-categories":[],"_expiration-date-options":[]},"acf":[],"_links":{"self":[{"href":"https:\/\/us.edu.pl\/pracownik\/wp-json\/wp\/v2\/pages\/123"}],"collection":[{"href":"https:\/\/us.edu.pl\/pracownik\/wp-json\/wp\/v2\/pages"}],"about":[{"href":"https:\/\/us.edu.pl\/pracownik\/wp-json\/wp\/v2\/types\/page"}],"author":[{"embeddable":true,"href":"https:\/\/us.edu.pl\/pracownik\/wp-json\/wp\/v2\/users\/1"}],"replies":[{"embeddable":true,"href":"https:\/\/us.edu.pl\/pracownik\/wp-json\/wp\/v2\/comments?post=123"}],"version-history":[{"count":7,"href":"https:\/\/us.edu.pl\/pracownik\/wp-json\/wp\/v2\/pages\/123\/revisions"}],"predecessor-version":[{"id":2480,"href":"https:\/\/us.edu.pl\/pracownik\/wp-json\/wp\/v2\/pages\/123\/revisions\/2480"}],"wp:attachment":[{"href":"https:\/\/us.edu.pl\/pracownik\/wp-json\/wp\/v2\/media?parent=123"}],"curies":[{"name":"wp","href":"https:\/\/api.w.org\/{rel}","templated":true}]}}