{"id":128,"date":"2019-09-11T13:48:21","date_gmt":"2019-09-11T11:48:21","guid":{"rendered":"http:\/\/php71.nfinity-beta.pl\/us\/pracownik\/?page_id=128"},"modified":"2019-09-13T12:13:29","modified_gmt":"2019-09-13T10:13:29","slug":"wnioski-o-medale-i-ordery","status":"publish","type":"page","link":"https:\/\/us.edu.pl\/pracownik\/umowy-formularze-druki\/wnioski-o-medale-i-ordery\/","title":{"rendered":"Wnioski o medale i ordery"},"content":{"rendered":"<p>[vc_row][vc_column]\r\n                <div class=\"text-modules\">\r\n                    <div class=\"container\">\r\n                        <h3 class=\"page-title text__title\">Wnioski o medale i ordery<\/h3>\r\n                        <div class=\"text-modules__content\"><\/p>\n<div class=\"content\">\n<p>Zasady wype\u0142niania i sk\u0142adania poni\u017cszych wniosk\u00f3w zosta\u0142y okre\u015blone w pi\u015bmie JM Rektora Uniwersytetu \u015al\u0105skiego<br \/>\nnr R-2-004\/2007 z dnia 26 pa\u017adziernika 2007 skierowanym do dziekan\u00f3w i kierownik\u00f3w jednostek organizacyjnych Uczelni<\/p>\n<ul>\n<li><span style=\"color: #002e5a;\"><a style=\"color: #002e5a;\" href=\"http:\/\/php71.nfinity-beta.pl\/us\/pracownik\/wp-content\/uploads\/sites\/2\/druki-wniosk\u00f3w-sprawy-socjale\/wnioski-o-medale-i-ordery\/prac_wniosek_medal.doc\" class=\"mtli_attachment mtli_doc\" class=\"mtli_attachment mtli_doc\">Wniosek o nadanie &#8222;Medalu Komisji Edukacji Narodowej&#8221; <\/a><\/span><\/li>\n<li><a href=\"http:\/\/php71.nfinity-beta.pl\/us\/pracownik\/wp-content\/uploads\/sites\/2\/druki-wniosk\u00f3w-sprawy-socjale\/wnioski-o-medale-i-ordery\/wniosek_odznaczenie.doc\" class=\"mtli_attachment mtli_doc\" class=\"mtli_attachment mtli_doc\" target=\"_blank\" rel=\"noopener noreferrer\"><span style=\"color: #002e5a;\">Wniosek o nadanie orderu &#8211; odznaczenia<\/span><\/a><\/li>\n<\/ul>\n<\/div>\n<p>\n<\/div>\r\n                    <\/div>\r\n                <\/div>[\/vc_column][\/vc_row]<\/p>","protected":false},"excerpt":{"rendered":"<p>[vc_row][vc_column][\/vc_column][\/vc_row] [&#8230;]<\/p>\n<p><a class=\"btn btn-secondary understrap-read-more-link\" href=\"https:\/\/us.edu.pl\/pracownik\/umowy-formularze-druki\/wnioski-o-medale-i-ordery\/\">Read More&#8230;<\/a><\/p>\n","protected":false},"author":1,"featured_media":0,"parent":123,"menu_order":408,"comment_status":"closed","ping_status":"closed","template":"","meta":{"_expiration-date-status":"","_expiration-date":0,"_expiration-date-type":"","_expiration-date-categories":[],"_expiration-date-options":[]},"acf":[],"_links":{"self":[{"href":"https:\/\/us.edu.pl\/pracownik\/wp-json\/wp\/v2\/pages\/128"}],"collection":[{"href":"https:\/\/us.edu.pl\/pracownik\/wp-json\/wp\/v2\/pages"}],"about":[{"href":"https:\/\/us.edu.pl\/pracownik\/wp-json\/wp\/v2\/types\/page"}],"author":[{"embeddable":true,"href":"https:\/\/us.edu.pl\/pracownik\/wp-json\/wp\/v2\/users\/1"}],"replies":[{"embeddable":true,"href":"https:\/\/us.edu.pl\/pracownik\/wp-json\/wp\/v2\/comments?post=128"}],"version-history":[{"count":2,"href":"https:\/\/us.edu.pl\/pracownik\/wp-json\/wp\/v2\/pages\/128\/revisions"}],"predecessor-version":[{"id":289,"href":"https:\/\/us.edu.pl\/pracownik\/wp-json\/wp\/v2\/pages\/128\/revisions\/289"}],"up":[{"embeddable":true,"href":"https:\/\/us.edu.pl\/pracownik\/wp-json\/wp\/v2\/pages\/123"}],"wp:attachment":[{"href":"https:\/\/us.edu.pl\/pracownik\/wp-json\/wp\/v2\/media?parent=128"}],"curies":[{"name":"wp","href":"https:\/\/api.w.org\/{rel}","templated":true}]}}