{"id":12818,"date":"2021-03-01T12:24:42","date_gmt":"2021-03-01T11:24:42","guid":{"rendered":"https:\/\/us.edu.pl\/pracownik\/?page_id=12818"},"modified":"2026-01-27T08:46:18","modified_gmt":"2026-01-27T07:46:18","slug":"skladanie-wnioskow-projektowych","status":"publish","type":"page","link":"https:\/\/us.edu.pl\/pracownik\/sprawy-naukowe\/strefa-projektow\/skladanie-wnioskow-projektowych\/","title":{"rendered":"Sk\u0142adanie wniosk\u00f3w projektowych"},"content":{"rendered":"<p>[vc_row][vc_column][\/vc_column][\/vc_row][vc_row][vc_column]\r\n                <div class=\"text-modules\">\r\n                    <div class=\"container\">\r\n                        <h3 class=\"page-title text__title\">Sk\u0142adanie wniosk\u00f3w projektowych<\/h3>\r\n                        <div class=\"text-modules__content\"><p>Dzia\u0142 Projekt\u00f3w zaprasza do zapoznania si\u0119 z procedur\u0105 sk\u0142adania wniosk\u00f3w w og\u0142aszanych konkursach na projekty badawcze, edukacyjne i mobilno\u015bciowe. W przypadku pyta\u0144 i w\u0105tpliwo\u015bci zapraszamy do kontaktu pod adresem mailowym: projekty@us.edu.pl<\/p>\n<\/div>\r\n                    <\/div>\r\n                <\/div>[\/vc_column][\/vc_row][vc_row][vc_column]\r\n                <div class=\"text-modules reverse\">\r\n                    <div class=\"container\">\r\n                        <h3 class=\"section-title section-title_border-bottom\">1. Wybierz konkurs<\/h3> \r\n                        <div class=\"row m-0\">\r\n                            <div class=\"text-modules__content\">\r\n                                Wybierz w\u0142a\u015bciwy konkurs spo\u015br\u00f3d aktualnie otwartych. Aby dowiedzie\u0107 si\u0119 o konkursie warto \u015bledzi\u0107 na bie\u017c\u0105co <a href=\"https:\/\/us.edu.pl\/pracownik\/sprawy-naukowe\/strefa-projektow\/wykaz-otwartych-konkursow\/\">wykaz otwartych konkurs\u00f3w<\/a> lub strony internetowe instytucji og\u0142aszaj\u0105cych konkursy.<\/p>\n<p>Nast\u0119pnie, zapoznaj si\u0119 z dokumentacj\u0105 konkursow\u0105, np. przewodnikiem dla wnioskodawc\u00f3w, katalogiem koszt\u00f3w kwalifikowanych, kryteriami oceny projekt\u00f3w.<\/p>\n<p>Je\u015bli konkurs tego wymaga, znajd\u017a partnera\/partner\u00f3w projektu lub pozw\u00f3l si\u0119 znale\u017a\u0107 jako partner. Warto skorzysta\u0107 z wyszukiwarek partner\u00f3w przygotowywanych w poszczeg\u00f3lnych konkursach. \r\n                                <div class=\"mt-3\"><\/div>\r\n                            <\/div>\r\n                            \r\n                            \r\n                        <\/div>\r\n                    <\/div>\r\n                <\/div>[\/vc_column][\/vc_row][vc_row][vc_column]\r\n                <div class=\"text-modules reverse\">\r\n                    <div class=\"container\">\r\n                        <h3 class=\"section-title section-title_border-bottom\">2. Zg\u0142o\u015b ch\u0119\u0107 udzia\u0142u w konkursie<\/h3> \r\n                        <div class=\"row m-0\">\r\n                            <div class=\"text-modules__content\">\r\n                                Wype\u0142nij <a href=\"https:\/\/us.edu.pl\/pracownik\/wp-content\/uploads\/sites\/2\/Bez-kategorii\/Zalacznik-1_Formularz-zgloszeniowy-Projektu-2.docx\" class=\"mtli_attachment mtli_docx\" data-mtli=\"mtli_filesize36,42kB\">formularz zg\u0142oszeniowy<\/a>. Je\u015bli projekt przewiduje wk\u0142ad w\u0142asny, ustal jego \u017ar\u00f3d\u0142o finansowania. Koszty przygotowania wniosku o dofinansowanie projektu oraz ewentualnego wk\u0142adu w\u0142asnego b\u0105d\u017a prefinansowania ponosi jednostka organizacyjna aplikuj\u0105ca o przyznanie dofinansowania.<\/p>\n<p>Podpisany przez Kierownika\/Koordynatora Projektu oraz Dziekana\u00a0formularz zg\u0142oszeniowy przeka\u017c do Dzia\u0142u Projekt\u00f3w.\u00a0Podpisany przez w\u0142adze Uczelni formularz zg\u0142oszeniowy projektu upowa\u017cnia osob\u0119 opracowuj\u0105c\u0105 projekt do podj\u0119cia dzia\u0142a\u0144 zwi\u0105zanych z przygotowaniem wniosku o dofinansowanie projektu wraz z za\u0142\u0105cznikami.<\/p>\n<p>Skontaktuj si\u0119 z\u00a0<strong>Dzia\u0142em Projekt\u00f3w<\/strong>, z kt\u00f3rego przydzielona zostanie osoba, kt\u00f3ra zna wytyczne konkursu i w tym obszarze wesprze Ci\u0119 w wype\u0142nianiu wniosku o dofinansowanie oraz przygotowaniu wymaganych za\u0142\u0105cznik\u00f3w. \r\n                                <div class=\"mt-3\"><\/div>\r\n                            <\/div>\r\n                            \r\n                            \r\n                        <\/div>\r\n                    <\/div>\r\n                <\/div>[\/vc_column][\/vc_row][vc_row][vc_column]\r\n                <div class=\"text-modules reverse\">\r\n                    <div class=\"container\">\r\n                        <h3 class=\"section-title section-title_border-bottom\">3. Przygotuj wniosek projektowy<\/h3> \r\n                        <div class=\"row m-0\">\r\n                            <div class=\"text-modules__content\">\r\n                                Je\u015bli przygotowujesz wniosek samodzielnie, przeka\u017c go do konsultacji Dzia\u0142u Projekt\u00f3w \u2013 nie p\u00f3\u017aniej ni\u017c na dwa tygodnie przed z\u0142o\u017ceniem wniosku o dofinansowanie projektu do instytucji finansuj\u0105cej.<\/p>\n<p>Je\u015bli sk\u0142adasz wniosek w programie Komisji Europejskiej (np. Horyzont Europa lub inny program finansowany bezpo\u015brednio przez KE) b\u0119dziesz potrzebowa\u0107 numeru\u00a0<strong>PIC <\/strong>(<strong><em>Participant Identification Code<\/em><\/strong>). Dla Uniwersytetu \u015al\u0105skiego jest to:\u00a0<strong>999917614<\/strong>. PIC nale\u017cy wpisa\u0107 w elektronicznym systemie KE w trakcie tworzenia wniosku projektowego. Mo\u017cliwo\u015b\u0107 wprowadzania i aktualizowania danych uczelni w systemie ma jedynie tzw.\u00a0<em>LEAR<\/em>\u00a0(<em>Legal Entity Appointed Representative<\/em>). Jest nim\u00a0<a href=\"https:\/\/ab.us.edu.pl\/emp?id=61563\"><strong>pracownik Dzia\u0142u Projekt\u00f3w<\/strong><\/a>, kt\u00f3remu nale\u017cy zg\u0142asza\u0107 wszelkie nieprawid\u0142owo\u015bci w dzia\u0142aniu systemu oraz b\u0142\u0119dne dane.<\/p>\n<p>Je\u015bli sk\u0142adasz wniosek w ramach programu ERASMUS+ b\u0119dziesz z kolei potrzebowa\u0107 numeru OID. Dla Uniwersytetu \u015al\u0105skiego jest to: <strong>E10209231<\/strong>.<\/p>\n<p>&nbsp;<\/p>\n<p><strong>Dane Uniwersytetu przydatne do przygotowywania wniosk\u00f3w<\/strong>:<\/p>\n<p>Adres skrzynki ePUAP: \/USKat\/SkrytkaESP<\/p>\n<p>NIP: 634 019 71 34<\/p>\n<p>REGON: 000001347<\/p>\n<p>DUNS: 422245183<\/p>\n<p>Adres: Bankowa 12, 40-007 Katowice<\/p>\n<p>Mail: prorektorrf@us.edu.pl \r\n                                <div class=\"mt-3\"><\/div>\r\n                            <\/div>\r\n                            \r\n                            \r\n                        <\/div>\r\n                    <\/div>\r\n                <\/div>[\/vc_column][\/vc_row][vc_row][vc_column]\r\n                <div class=\"text-modules reverse\">\r\n                    <div class=\"container\">\r\n                        <h3 class=\"section-title section-title_border-bottom\">4. Skonsultuj wniosek z Dzia\u0142em Projekt\u00f3w<\/h3> \r\n                        <div class=\"row m-0\">\r\n                            <div class=\"text-modules__content\">\r\n                                W przypadku wniosk\u00f3w zg\u0142aszanych on-line nale\u017cy przedstawi\u0107 zakres danych wprowadzanych do wniosku, w formacie dokumentu tekstowego, z uwzgl\u0119dnieniem cz\u0119\u015bci bud\u017cetowej i zada\u0144 merytorycznych lub udost\u0119pni\u0107 pracownikowi Dzia\u0142u Projekt\u00f3w wgl\u0105d do wniosku w systemie\/generatorze wniosk\u00f3w.<\/p>\n<p>W przypadku, gdy U\u015a jest partnerem w projekcie, konieczne jest przedstawienie wniosku\/porozumienia o wsp\u00f3\u0142pracy, w cz\u0119\u015bci dotycz\u0105cej Uczelni (w tym bud\u017cetu oraz planowanych dzia\u0142a\u0144).<\/p>\n<p>Je\u015bli sk\u0142adasz wniosek w programie Komisji Europejskiej mo\u017cesz z\u0142o\u017cy\u0107 wniosek projektowy bezpo\u015brednio w systemie elektronicznym KE \u2013 jako koordynator, lub zadeklarowa\u0107 koordynatorowi projektu sw\u00f3j udzia\u0142 w roli partnera i upowa\u017cni\u0107 go do z\u0142o\u017cenia wniosku w imieniu U\u015a. \r\n                                <div class=\"mt-3\"><\/div>\r\n                            <\/div>\r\n                            \r\n                            \r\n                        <\/div>\r\n                    <\/div>\r\n                <\/div>[\/vc_column][\/vc_row][vc_row][vc_column]\r\n                <div class=\"text-modules reverse\">\r\n                    <div class=\"container\">\r\n                        <h3 class=\"section-title section-title_border-bottom\">5. Przeka\u017c ostateczn\u0105 wersj\u0119 wniosku do Dzia\u0142u Projekt\u00f3w<\/h3> \r\n                        <div class=\"row m-0\">\r\n                            <div class=\"text-modules__content\">\r\n                                Dzia\u0142 Projekt\u00f3w przedk\u0142ada wniosek o dofinansowanie projektu wraz z za\u0142\u0105cznikami do podpisu Rektora lub osobie przez niego upowa\u017cnionej.<\/p>\n<p>Wszystkie wychodz\u0105ce na zewn\u0105trz dokumenty (m.in. listy intencyjne, umowy o wsp\u00f3\u0142pracy, umowy konsorcjum) podpisuje Rektor lub osoba przez niego upowa\u017cniona. \r\n                                <div class=\"mt-3\"><\/div>\r\n                            <\/div>\r\n                            \r\n                            \r\n                        <\/div>\r\n                    <\/div>\r\n                <\/div>[\/vc_column][\/vc_row][vc_row][vc_column][\/vc_column][\/vc_row][vc_row][vc_column]\r\n                <div class=\"text-modules \">\r\n                    <div class=\"container\">\r\n                         \r\n                        <div class=\"row m-0\">\r\n                            <div class=\"text-modules__content\">\r\n                                 \r\n                                <div class=\"mt-3\"><\/div>\r\n                            <\/div>\r\n                            \r\n                            \r\n                        <\/div>\r\n                    <\/div>\r\n                <\/div>[\/vc_column][\/vc_row]<\/p>\n<style type=\"text\/css\">a[data-mtli~=\"mtli_filesize36,42kB\"]:after {content:\" (36,42 kB)\"}<\/style>","protected":false},"excerpt":{"rendered":"<p>[vc_row][vc_column][\/vc_column][\/vc_row][vc_row][vc_column][\/vc_column][\/vc_row][vc_row][vc_column][\/vc_column][\/vc_row][vc_row][vc_column][\/vc_column][\/vc_row][vc_row][vc_column][\/vc_column][\/vc_row][vc_row][vc_column][\/vc_column][\/vc_row][vc_row][vc_column][\/vc_column][\/vc_row][vc_row][vc_column][\/vc_column][\/vc_row][vc_row][vc_column][\/vc_column][\/vc_row] [&#8230;]<\/p>\n<p><a class=\"btn btn-secondary understrap-read-more-link\" href=\"https:\/\/us.edu.pl\/pracownik\/sprawy-naukowe\/strefa-projektow\/skladanie-wnioskow-projektowych\/\">Read More&#8230;<\/a><\/p>\n","protected":false},"author":41,"featured_media":0,"parent":12767,"menu_order":152,"comment_status":"closed","ping_status":"closed","template":"page-templates\/inner-page.php","meta":{"_expiration-date-status":"saved","_expiration-date":0,"_expiration-date-type":"","_expiration-date-categories":[],"_expiration-date-options":[]},"acf":[],"_links":{"self":[{"href":"https:\/\/us.edu.pl\/pracownik\/wp-json\/wp\/v2\/pages\/12818"}],"collection":[{"href":"https:\/\/us.edu.pl\/pracownik\/wp-json\/wp\/v2\/pages"}],"about":[{"href":"https:\/\/us.edu.pl\/pracownik\/wp-json\/wp\/v2\/types\/page"}],"author":[{"embeddable":true,"href":"https:\/\/us.edu.pl\/pracownik\/wp-json\/wp\/v2\/users\/41"}],"replies":[{"embeddable":true,"href":"https:\/\/us.edu.pl\/pracownik\/wp-json\/wp\/v2\/comments?post=12818"}],"version-history":[{"count":10,"href":"https:\/\/us.edu.pl\/pracownik\/wp-json\/wp\/v2\/pages\/12818\/revisions"}],"predecessor-version":[{"id":42177,"href":"https:\/\/us.edu.pl\/pracownik\/wp-json\/wp\/v2\/pages\/12818\/revisions\/42177"}],"up":[{"embeddable":true,"href":"https:\/\/us.edu.pl\/pracownik\/wp-json\/wp\/v2\/pages\/12767"}],"wp:attachment":[{"href":"https:\/\/us.edu.pl\/pracownik\/wp-json\/wp\/v2\/media?parent=12818"}],"curies":[{"name":"wp","href":"https:\/\/api.w.org\/{rel}","templated":true}]}}