{"id":12935,"date":"2021-03-05T08:47:06","date_gmt":"2021-03-05T07:47:06","guid":{"rendered":"https:\/\/us.edu.pl\/pracownik\/?page_id=12935"},"modified":"2026-01-27T08:08:56","modified_gmt":"2026-01-27T07:08:56","slug":"wykaz-otwartych-konkursow","status":"publish","type":"page","link":"https:\/\/us.edu.pl\/pracownik\/sprawy-naukowe\/strefa-projektow\/wykaz-otwartych-konkursow\/","title":{"rendered":"Wykaz otwartych konkurs\u00f3w"},"content":{"rendered":"<p>[vc_row][vc_column][vc_column_text][\/vc_column_text][\/vc_column][\/vc_row][vc_row][vc_column][vc_column_text][\/vc_column_text][\/vc_column][\/vc_row][vc_row][vc_column]\r\n                <div class=\"text-modules\">\r\n                    <div class=\"container\">\r\n                        <h3 class=\"page-title text__title\">Wykaz otwartych konkurs\u00f3w<\/h3>\r\n                        <div class=\"text-modules__content\"><p>Dzia\u0142 Projekt\u00f3w zaprasza do zapoznania si\u0119 z ofert\u0105 aktualnie otwartych konkurs\u00f3w na projekty badawcze, edukacyjne i mobilno\u015bciowe. Wi\u0119cej informacji mo\u017cna uzyska\u0107 poprzez klikni\u0119cie na nazw\u0119 danego konkursu, jak i pod wskazanym adresem mailowym. Wszystkich zainteresowanym zapraszamy do kontaktu. Szczeg\u00f3\u0142y dotycz\u0105ce sk\u0142adania wniosk\u00f3w w konkursach znajduj\u0105 si\u0119 tutaj.<\/p>\n<\/div>\r\n                    <\/div>\r\n                <\/div>[\/vc_column][\/vc_row][vc_row disable_element=&#8221;yes&#8221;][vc_column]\r\n                <div class=\"tiles-section\" style=\"background: \">\r\n                    <div class=\"container\">\r\n                        <div class=\"tiles tiles-3\">\r\n\r\n                            <a href=\"https:\/\/www.kpk.gov.pl\/otwarty-konkurs-erc-consolidator-grant-2024\" class=\"tile tile_info\" style=\"background-color: #EBEBEB; border: 0 \">\r\n                                 <div class=\"tile_info__title\">Konkurs ERC Consolidator Grant 2024 - otwarty do 12.12.2023 r. do godz. 17:00<\/div>\r\n                                <div class=\"tile_info__subtitle\">\u25cf projekt skierowany do naukowc\u00f3w b\u0119d\u0105cych od 7 do 12 lat po doktoracie \u25cf projekt mo\u017ce dotyczy\u0107 ka\u017cdej dziedziny wiedzy \u25cf maksymalna kwota dofinansowania wynosi 2 mln euro (po spe\u0142nieniu pewnych warunk\u00f3w - do 3 mln euro) dla projekt\u00f3w trwaj\u0105cych do 5 lat \u25cf wi\u0119cej informacji: dobromila.stano@us.edu.pl<\/div>\r\n                            <\/a>\r\n\r\n                            <a href=\"https:\/\/nawa.gov.pl\/nawa\/aktualnosci\/nawa-preludium-bis-2-czyli-wsparcie-dla-doktorantow\" class=\"tile tile_info\" style=\"background-color: #EBEBEB; border: 0 \">\r\n                                 <div class=\"tile_info__title\">NAWA PRELUDIUM BIS 2, czyli wsparcie dla doktorant\u00f3w (Nab\u00f3r wniosk\u00f3w w programie b\u0119dzie prowadzony w spos\u00f3b ci\u0105g\u0142y w terminie od 3 stycznia 2022 do 10 grudnia 2025 do godz. 15.)<\/div>\r\n                                <div class=\"tile_info__subtitle\">NAWA PRELUDIUM BIS 2 to program, kt\u00f3rego celem jest wspieranie mi\u0119dzynarodowej mobilno\u015bci doktorant\u00f3w poprzez umo\u017cliwienie im realizacji sta\u017cy zagranicznych, zwi\u0105zanych z uczestnictwem w projektach badawczych w ramach konkursu Narodowego Centrum Nauki PRELUDIUM BIS 2.<\/div>\r\n                            <\/a>\r\n\r\n                            <a href=\"https:\/\/nawa.gov.pl\/naukowcy\/nawa-preludium-bis-1\" class=\"tile tile_info\" style=\"background-color: #EBEBEB; border: 0 \">\r\n                                 <div class=\"tile_info__title\">NAWA PRELUDIUM BIS 1 - nab\u00f3r ci\u0105g\u0142y<\/div>\r\n                                <div class=\"tile_info__subtitle\">\u25cf projekt skierowany do doktorant\u00f3w, umo\u017cliwiaj\u0105cy realizacj\u0119 sta\u017cy zagranicznych, zwi\u0105zanych z uczestnictwem w projektach badawczych w ramach konkursu Narodowego Centrum Nauki PRELUDIUM BIS 1 \u25cf wi\u0119cej informacji: karolina.habdas@us.edu.pl<\/div>\r\n                            <\/a>\r\n\r\n                            <a href=\"https:\/\/www.ncn.gov.pl\/ogloszenia\/konkursy\/weave-unisono\" class=\"tile tile_info\" style=\"background-color: #EBEBEB; border: 0 \">\r\n                                 <div class=\"tile_info__title\">Weave-UNISONO - r\u00f3\u017cne terminy sk\u0142adania wniosk\u00f3w<\/div>\r\n                                <div class=\"tile_info__subtitle\">\u25cf konkurs w oparciu o procedur\u0119 agencji wiod\u0105cej (Lead Agency Procedure, \u201eLAP\u201d) na dwustronne lub tr\u00f3jstronne projekty badawcze dla zespo\u0142\u00f3w z Austrii, Czech, S\u0142owenii, Szwajcarii, Niemiec i Polski \u25cf wi\u0119cej informacji: karolina.habdas@us.edu.pl<\/div>\r\n                            <\/a>\r\n\r\n                            <a href=\"https:\/\/www.ncn.gov.pl\/ogloszenia\/konkursy\/weave-unisono\" class=\"tile tile_info\" style=\"background-color: #EBEBEB; border: 0 \">\r\n                                 <div class=\"tile_info__title\">Weave-UNISONO - r\u00f3\u017cne terminy sk\u0142adania wniosk\u00f3w<\/div>\r\n                                <div class=\"tile_info__subtitle\">\u25cf konkurs NCN w oparciu o procedur\u0119 agencji wiod\u0105cej (Lead Agency Procedure, \u201eLAP\u201d) na dwustronne lub tr\u00f3jstronne projekty badawcze dla zespo\u0142\u00f3w z Austrii, Czech, S\u0142owenii, Szwajcarii, Niemiec i Polski \u25cf wi\u0119cej informacji: karolina.habdas@us.edu.pl<\/div>\r\n                            <\/a>\r\n\r\n                            <a href=\"https:\/\/www.gov.pl\/web\/edukacja-i-nauka\/nauka-dla-spoleczenstwa--nowy-program-ministra-edukacji-i-nauki?utm_source=Ministerstwo+Edukacji+i+Nauki&utm_medium=biuletyn%40nauka.gov.pl&utm_campaign=Biuletyn+MEiN%2C+2+lipca+2021+r.\" class=\"tile tile_info\" style=\"background-color: #EBEBEB; border: 0 \">\r\n                                 <div class=\"tile_info__title\">Nab\u00f3r ci\u0105g\u0142y, od VIII.2021 - Nauka dla Spo\u0142ecze\u0144stwa \u2013 nowy program Ministra Edukacji i Nauki<\/div>\r\n                                <div class=\"tile_info__subtitle\">\u25cf Celem nowego programu Ministra Edukacji i Nauki jest wsparcie podmiot\u00f3w systemu szkolnictwa wy\u017cszego i nauki oraz innych instytucji dzia\u0142aj\u0105cych na rzecz upowszechniania nauki. Dofinansowaniem w wysoko\u015bci od 100 tys. do 2 mln z\u0142 mog\u0105 zosta\u0107 obj\u0119te projekty stawiaj\u0105ce na wsp\u00f3\u0142prac\u0119 instytucji naukowych z organizacjami pozarz\u0105dowymi, spo\u0142ecznymi i otoczeniem gospodarczym \u25cf wi\u0119cej informacji: magdalena.pilot@us.edu.pl<\/div>\r\n                            <\/a><\/div>\r\n                    <\/div>\r\n                <\/div>[\/vc_column][\/vc_row][vc_row][vc_column]\r\n                <div class=\"tiles-section\" style=\"background: \">\r\n                    <div class=\"container\">\r\n                        <div class=\"tiles tiles-3\">\r\n\r\n                            <a href=\"https:\/\/www.parp.gov.pl\/harmonogram-naborow\" class=\"tile tile_info\" style=\"background-color: #EBEBEB; border: 0 \">\r\n                                 <div class=\"tile_info__title\">Polska Agencja Rozwoju Przedsi\u0119biorczo\u015bci (PARP) - Trwaj\u0105ce nabory<\/div>\r\n                                <div class=\"tile_info__subtitle\">Program realizuje krajowe i mi\u0119dzynarodowe projekty B+R.<\/div>\r\n                            <\/a>\r\n\r\n                            <a href=\"https:\/\/nawa.gov.pl\/dzialania-marii-sklodowskiej-curie\" class=\"tile tile_info\" style=\"background-color: #EBEBEB; border: 0 \">\r\n                                 <div class=\"tile_info__title\">Dzia\u0142ania \"Maria Sk\u0142odowska-Curie\" (MSCA, Horyzont Europa) - Trwaj\u0105ce nabory<\/div>\r\n                                <div class=\"tile_info__subtitle\">Program wspiera naukowc\u00f3w na r\u00f3\u017cnych etapach kariery zawodowej, finansuj\u0105c prace badawcze oraz szkolenia w Europie, jak i w krajach pozaeuropejskich.<\/div>\r\n                            <\/a>\r\n\r\n                            <a href=\"https:\/\/www.frse.org.pl\/aktualnosci\/erasmus-2026-terminy-zasady-przewodnik-po-programie\" class=\"tile tile_info\" style=\"background-color: #EBEBEB; border: 0 \">\r\n                                 <div class=\"tile_info__title\">Narodowa Agencja ERASMUS+ - Trwaj\u0105ce nabory<\/div>\r\n                                <div class=\"tile_info__subtitle\">ERASMUS+ wspiera dzia\u0142ania na rzecz edukacji, szkole\u0144, m\u0142odzie\u017cy i sportu.<\/div>\r\n                            <\/a>\r\n\r\n                            <a href=\"https:\/\/funduszeue.slaskie.pl\/lsi\/nabory?slownik_instytucja_id=&slownik_poziom_wdrazania_id=&status=trwajacy\" class=\"tile tile_info\" style=\"background-color: #EBEBEB; border: 0 \">\r\n                                 <div class=\"tile_info__title\">Fundusze Europejskie dla \u015al\u0105skiego 2021-2027 - Trwaj\u0105ce nabory<\/div>\r\n                                <div class=\"tile_info__subtitle\">FESL wspiera przedsi\u0119wzi\u0119cia inwestycyjne, rozw\u00f3j edukacji oraz wsp\u00f3\u0142prac\u0119 mi\u0119dzy przedsi\u0119biorcami i naukowcami.<\/div>\r\n                            <\/a>\r\n\r\n                            <a href=\"https:\/\/www.fnp.org.pl\/component\/fnp_pages\/page\/wszystkie-programy\" class=\"tile tile_info\" style=\"background-color: #EBEBEB; border: 0 \">\r\n                                 <div class=\"tile_info__title\">Fundacja na rzecz Nauki Polskiej - Trwaj\u0105ce nabory<\/div>\r\n                                <div class=\"tile_info__subtitle\">FNP wspiera wybitnych uczonych i zespo\u0142y badawcze we wszystkich dziedzinach nauki. Wspomaga innowacyjne przedsi\u0119wzi\u0119cia i komercjalizuje odkrycia i wynalazki naukowe.<\/div>\r\n                            <\/a>\r\n\r\n                            <a href=\"https:\/\/ec.europa.eu\/info\/funding-tenders\/opportunities\/portal\/screen\/opportunities\/topic-search?programmePeriod=2021%20-%202027&frameworkProgramme=43108390\" class=\"tile tile_info\" style=\"background-color: #EBEBEB; border: 0 \">\r\n                                 <div class=\"tile_info__title\">Horyzont Europa - Trwaj\u0105ce nabory<\/div>\r\n                                <div class=\"tile_info__subtitle\">Horyzont Europa promuje doskona\u0142o\u015b\u0107 i zapewnia cenne wsparcie najlepszym naukowcom i innowatorom, stymuluj\u0105c przemiany systemowe.<\/div>\r\n                            <\/a>\r\n\r\n                            <a href=\"https:\/\/www.gov.pl\/web\/nauka\/komunikaty-mnisw\" class=\"tile tile_info\" style=\"background-color: #EBEBEB; border: 0 \">\r\n                                 <div class=\"tile_info__title\">Ministerstwo Nauki i Szkolnictwa Wy\u017cszego - Trwaj\u0105ce nabory<\/div>\r\n                                <div class=\"tile_info__subtitle\">MNiSW wspiera naukowc\u00f3w w d\u0105\u017ceniu do doskona\u0142o\u015bci naukowej, w rozwoju ich karier i prowadzeniu nowatorskich dzia\u0142a\u0144. Dba o innowacyjny rozw\u00f3j nauki i jej aktywn\u0105 wsp\u00f3\u0142prac\u0119 z gospodark\u0105.<\/div>\r\n                            <\/a>\r\n\r\n                            <a href=\"https:\/\/nawa.gov.pl\/programy-nawa\/programy-nawa-alias\/trwajace\" class=\"tile tile_info\" style=\"background-color: #EBEBEB; border: 0 \">\r\n                                 <div class=\"tile_info__title\">Narodowa Agencja Wymiany Akademickiej - Trwaj\u0105ce nabory<\/div>\r\n                                <div class=\"tile_info__subtitle\">NAWA dzia\u0142a na rzecz internacjonalizacji polskiej nauki poprzez wspieranie i stymulowanie mi\u0119dzynarodowej wsp\u00f3\u0142pracy badawczej i wymiany akademickiej.<\/div>\r\n                            <\/a>\r\n\r\n                            <a href=\"https:\/\/www.gov.pl\/web\/ncbr\/platforma-konkursowa#\/ncbr?sort=announcementDate,desc&currentPage=0&limit=10\" class=\"tile tile_info\" style=\"background-color: #EBEBEB; border: 0 \">\r\n                                 <div class=\"tile_info__title\">Narodowe Centrum Bada\u0144 i Rozwoju - Trwaj\u0105ce nabory<\/div>\r\n                                <div class=\"tile_info__subtitle\">NCBR wspiera i tworzy innowacyjne rozwi\u0105zania technologiczne i spo\u0142eczne. Inicjuje i realizuje przedsi\u0119wzi\u0119cia przyczyniaj\u0105ce si\u0119 do cywilizacyjnego rozwoju kraju.<\/div>\r\n                            <\/a>\r\n\r\n                            <a href=\"https:\/\/www.ncn.gov.pl\/\" class=\"tile tile_info\" style=\"background-color: #EBEBEB; border: 0 \">\r\n                                 <div class=\"tile_info__title\">Narodowe Centrum Nauki - Trwaj\u0105ce nabory<\/div>\r\n                                <div class=\"tile_info__subtitle\">NCN wspiera badania podstawowe poprzez finansowanie w drodze konkurs\u00f3w projekt\u00f3w badawczych oraz dzia\u0142a\u0144 naukowych.<\/div>\r\n                            <\/a><\/div>\r\n                    <\/div>\r\n                <\/div>[\/vc_column][\/vc_row][vc_row disable_element=&#8221;yes&#8221;][vc_column]<div class=\"container\"><div class=\"separator\" style=\"background-color: #EBEBEB\"><\/div><\/div>[\/vc_column][\/vc_row][vc_column][\/vc_column]<\/p>","protected":false},"excerpt":{"rendered":"<p>[vc_row][vc_column][vc_column_text][\/vc_column_text][\/vc_column][\/vc_row][vc_row][vc_column][vc_column_text][\/vc_column_text][\/vc_column][\/vc_row][vc_row][vc_column][\/vc_column][\/vc_row][vc_row disable_element=&#8221;yes&#8221;][vc_column][\/vc_column][\/vc_row][vc_row][vc_column][\/vc_column][\/vc_row][vc_row disable_element=&#8221;yes&#8221;][vc_column][\/vc_column][\/vc_row][vc_column][\/vc_column] [&#8230;]<\/p>\n<p><a class=\"btn btn-secondary understrap-read-more-link\" href=\"https:\/\/us.edu.pl\/pracownik\/sprawy-naukowe\/strefa-projektow\/wykaz-otwartych-konkursow\/\">Read More&#8230;<\/a><\/p>\n","protected":false},"author":41,"featured_media":0,"parent":12767,"menu_order":149,"comment_status":"closed","ping_status":"closed","template":"","meta":{"_expiration-date-status":"","_expiration-date":0,"_expiration-date-type":"","_expiration-date-categories":[],"_expiration-date-options":[]},"acf":[],"_links":{"self":[{"href":"https:\/\/us.edu.pl\/pracownik\/wp-json\/wp\/v2\/pages\/12935"}],"collection":[{"href":"https:\/\/us.edu.pl\/pracownik\/wp-json\/wp\/v2\/pages"}],"about":[{"href":"https:\/\/us.edu.pl\/pracownik\/wp-json\/wp\/v2\/types\/page"}],"author":[{"embeddable":true,"href":"https:\/\/us.edu.pl\/pracownik\/wp-json\/wp\/v2\/users\/41"}],"replies":[{"embeddable":true,"href":"https:\/\/us.edu.pl\/pracownik\/wp-json\/wp\/v2\/comments?post=12935"}],"version-history":[{"count":13,"href":"https:\/\/us.edu.pl\/pracownik\/wp-json\/wp\/v2\/pages\/12935\/revisions"}],"predecessor-version":[{"id":42167,"href":"https:\/\/us.edu.pl\/pracownik\/wp-json\/wp\/v2\/pages\/12935\/revisions\/42167"}],"up":[{"embeddable":true,"href":"https:\/\/us.edu.pl\/pracownik\/wp-json\/wp\/v2\/pages\/12767"}],"wp:attachment":[{"href":"https:\/\/us.edu.pl\/pracownik\/wp-json\/wp\/v2\/media?parent=12935"}],"curies":[{"name":"wp","href":"https:\/\/api.w.org\/{rel}","templated":true}]}}