{"id":12978,"date":"2021-03-10T11:05:37","date_gmt":"2021-03-10T10:05:37","guid":{"rendered":"https:\/\/us.edu.pl\/pracownik\/?page_id=12978"},"modified":"2021-05-13T20:22:52","modified_gmt":"2021-05-13T18:22:52","slug":"posiedzenie-komisji-15-03-2021","status":"publish","type":"page","link":"https:\/\/us.edu.pl\/pracownik\/sprawy-dydaktyczne\/senacka-komisja-ds-ksztalcenia\/senacka-komisja-ds-ksztalcenia-sklad-komisji\/kadencja-2020-2024\/posiedzenie-komisji-15-03-2021\/","title":{"rendered":"Posiedzenie komisji &#8211; 15.03.2021"},"content":{"rendered":"<p>[vc_row][vc_column]\r\n                <div class=\"text-modules\">\r\n                    <div class=\"container\">\r\n                        <h3 class=\"page-title text__title\">Posiedzenie Komisji ds. kszta\u0142cenia i student\u00f3w - 15 marca 2021 r.<\/h3>\r\n                        <div class=\"text-modules__content\"><\/p>\n<p style=\"font-weight: 400\">Spotkanie <strong>15 marca 2021 r. o godz. 13.00<\/strong>. przeprowadzone b\u0119dzie w formie zdalnej za po\u015brednictwem platformy Microsoft Teams.<\/p>\n<p><strong>Porz\u0105dek posiedzenia.<\/strong><\/p>\n<ol>\n<li>Uniwersalizacja i optymalizacja w Uczelni standardu kszta\u0142cenia nauczycieli;<\/li>\n<li>Opinia do wniosku inicjuj\u0105cego utworzenie studi\u00f3w na nowym kierunku <a href=\"https:\/\/us.edu.pl\/pracownik\/wp-content\/uploads\/sites\/2\/Editor\/sprawy-dydatktyczne\/Komisja-kszta\u0142cenia\/Kadencja-2020-2024\/20202021\/15.03.2021\/studia-polityczne.zip\"><strong>mi\u0119dzynarodowe studia polityczne<\/strong><\/a> na poziomie pierwszego oraz drugiego stopnia;<\/li>\n<li>Informacja o stanie prac Zespo\u0142u ds. opracowania zmian w Regulaminie Studi\u00f3w w U\u015a;<\/li>\n<li><a href=\"https:\/\/us.edu.pl\/pracownik\/wp-content\/uploads\/sites\/2\/Editor\/sprawy-dydatktyczne\/Komisja-kszta%C5%82cenia\/Kadencja-2020-2024\/20202021\/15.03.2021\/Mariusz-Jagielski.docx\" class=\"mtli_attachment mtli_docx\" class=\"mtli_attachment mtli_docx\">Kwestia nagrywania wyk\u0142ad\u00f3w<\/a> w aspekcie ochrony danych osobowych (wizerunek\/g\u0142os) oraz praw autorskich;<\/li>\n<li>Rozwa\u017cenie mo\u017cliwo\u015bci przyjmowania na studia z pomini\u0119ciem post\u0119powania kwalifikacyjnego kandydat\u00f3w z Mistrzowsk\u0105 Klas\u0105 Sportow\u0105;<\/li>\n<li>Sprawa realizacji w Uczelni <a href=\"https:\/\/us.edu.pl\/pracownik\/wp-content\/uploads\/sites\/2\/Editor\/sprawy-dydatktyczne\/Komisja-kszta\u0142cenia\/Kadencja-2020-2024\/20202021\/15.03.2021\/Modu\u0142-og\u00f3lnouczelniany-_-studia-II-stopnia-po-reformie.xlsx\" class=\"mtli_attachment mtli_xlsx\" data-mtli=\"mtli_filesize19,89kB\" class=\"mtli_attachment mtli_xlsx\" data-mtli=\"mtli_filesize19,89kB\">modu\u0142\u00f3w og\u00f3lnouczelnianych;<\/a><\/li>\n<li>Opinia do <a href=\"https:\/\/us.edu.pl\/pracownik\/wp-content\/uploads\/sites\/2\/Editor\/sprawy-dydatktyczne\/Komisja-kszta\u0142cenia\/Kadencja-2020-2024\/20202021\/15.03.2021\/FW_-Raport-z-oceny-jako\u015bci-kszta\u0142cenia-na-Komisj\u0119-Kszta\u0142cenia.zip\"><strong>raportu jako\u015bci kszta\u0142cenia<\/strong>;<\/a><\/li>\n<li><a href=\"https:\/\/us.edu.pl\/pracownik\/wp-content\/uploads\/sites\/2\/Editor\/sprawy-dydatktyczne\/Komisja-kszta\u0142cenia\/Kadencja-2020-2024\/20202021\/15.03.2021\/PA.II_.1-_-pedagogika-os\u00f3b-niepe\u0142nosprawnych-z-arteterapi\u0105.pdf\" class=\"mtli_attachment mtli_pdf\" data-mtli=\"mtli_filesize695,04kB\" class=\"mtli_attachment mtli_pdf\" data-mtli=\"mtli_filesize695,04kB\">Wolne wnioski<\/a><\/li>\n<\/ol>\n<p>&nbsp;<\/p>\n<p>W posiedzeniu uczestniczy\u0107 b\u0119d\u0105 tak\u017ce zaproszeni go\u015bcie:<\/p>\n<ol>\n<li>Pe\u0142nomocniczka Rektora ds. Kszta\u0142cenia Nauczycieli (pkt. 1 porz\u0105dku);<\/li>\n<li>Pe\u0142nomocnik Rektora ds ochrony danych osobowych (pkt. 4 porz\u0105dku);<\/li>\n<\/ol>\n<p>\n<style type=\"text\/css\">a[data-mtli~=\"mtli_filesize19,89kB\"]:after {content:\" (19,89 kB)\"}a[data-mtli~=\"mtli_filesize695,04kB\"]:after {content:\" (695,04 kB)\"}<\/style><\/div>\r\n                    <\/div>\r\n                <\/div>[\/vc_column][\/vc_row]<\/p>\n<style type=\"text\/css\">a[data-mtli~=\"mtli_filesize19,89kB\"]:after {content:\" (19,89 kB)\"}a[data-mtli~=\"mtli_filesize695,04kB\"]:after {content:\" (695,04 kB)\"}<\/style>","protected":false},"excerpt":{"rendered":"<p>[vc_row][vc_column][\/vc_column][\/vc_row] [&#8230;]<\/p>\n<p><a class=\"btn btn-secondary understrap-read-more-link\" href=\"https:\/\/us.edu.pl\/pracownik\/sprawy-dydaktyczne\/senacka-komisja-ds-ksztalcenia\/senacka-komisja-ds-ksztalcenia-sklad-komisji\/kadencja-2020-2024\/posiedzenie-komisji-15-03-2021\/\">Read More&#8230;<\/a><\/p>\n","protected":false},"author":31,"featured_media":0,"parent":5151,"menu_order":483,"comment_status":"closed","ping_status":"closed","template":"page-templates\/inner-page.php","meta":{"_expiration-date-status":"saved","_expiration-date":0,"_expiration-date-type":"","_expiration-date-categories":[],"_expiration-date-options":[]},"acf":[],"_links":{"self":[{"href":"https:\/\/us.edu.pl\/pracownik\/wp-json\/wp\/v2\/pages\/12978"}],"collection":[{"href":"https:\/\/us.edu.pl\/pracownik\/wp-json\/wp\/v2\/pages"}],"about":[{"href":"https:\/\/us.edu.pl\/pracownik\/wp-json\/wp\/v2\/types\/page"}],"author":[{"embeddable":true,"href":"https:\/\/us.edu.pl\/pracownik\/wp-json\/wp\/v2\/users\/31"}],"replies":[{"embeddable":true,"href":"https:\/\/us.edu.pl\/pracownik\/wp-json\/wp\/v2\/comments?post=12978"}],"version-history":[{"count":6,"href":"https:\/\/us.edu.pl\/pracownik\/wp-json\/wp\/v2\/pages\/12978\/revisions"}],"predecessor-version":[{"id":13094,"href":"https:\/\/us.edu.pl\/pracownik\/wp-json\/wp\/v2\/pages\/12978\/revisions\/13094"}],"up":[{"embeddable":true,"href":"https:\/\/us.edu.pl\/pracownik\/wp-json\/wp\/v2\/pages\/5151"}],"wp:attachment":[{"href":"https:\/\/us.edu.pl\/pracownik\/wp-json\/wp\/v2\/media?parent=12978"}],"curies":[{"name":"wp","href":"https:\/\/api.w.org\/{rel}","templated":true}]}}