{"id":13025,"date":"2021-03-11T14:08:18","date_gmt":"2021-03-11T13:08:18","guid":{"rendered":"https:\/\/us.edu.pl\/pracownik\/?page_id=13025"},"modified":"2026-01-27T08:11:12","modified_gmt":"2026-01-27T07:11:12","slug":"szkolenia-i-spotkania-sieciujace","status":"publish","type":"page","link":"https:\/\/us.edu.pl\/pracownik\/sprawy-naukowe\/strefa-projektow\/szkolenia-i-spotkania-sieciujace\/","title":{"rendered":"Szkolenia i spotkania sieciuj\u0105ce"},"content":{"rendered":"<p>[vc_row][vc_column][vc_column_text][\/vc_column_text][\/vc_column][\/vc_row][vc_row el_class=&#8221;container&#8221;][vc_column][\/vc_column][\/vc_row][vc_row el_class=&#8221;container&#8221;][vc_column]\r\n                <div class=\"text-modules\">\r\n                    <div class=\"container\">\r\n                        <h3 class=\"page-title text__title\">Szkolenia i spotkania sieciuj\u0105ce<\/h3>\r\n                        <div class=\"text-modules__content\"><\/div>\r\n                    <\/div>\r\n                <\/div>[\/vc_column][\/vc_row][vc_row el_class=&#8221;container&#8221;][vc_column][vc_tta_tabs alignment=&#8221;center&#8221; active_section=&#8221;1&#8243; no_fill_content_area=&#8221;true&#8221;][vc_tta_section title=&#8221;WSZYSTKIE&#8221; tab_id=&#8221;1615901549202-536e5dc2-4a8c&#8221;]\r\n                <div class=\"tiles-section\" style=\"background: \">\r\n                    <div class=\"container\">\r\n                        <div class=\"tiles tiles-3\">\r\n\r\n                            <a href=\"https:\/\/www.ncn.gov.pl\/finansowanie-nauki\/informacje-dla-wnioskodawcow\/warsztaty-dla-wnioskodawcow\" class=\"tile tile_info\" style=\"background-color: #EBEBEB; border: 0 \">\r\n                                 <div class=\"tile_info__title\">NCN - kalendarz spotka\u0144 informacyjnych online na rok 2026<\/div>\r\n                                <div class=\"tile_info__subtitle\">Zapraszamy do zapoznania si\u0119 z kalendarzem spotka\u0144 prowadzonych przez Koordynator\u00f3w Dyscyplin NCN, kt\u00f3re przeznaczone s\u0105 dla naukowc\u00f3w i doktorant\u00f3w chc\u0105cych aplikowa\u0107 w konkursach grantowych NCN.<\/div>\r\n                            <\/a>\r\n\r\n                            <a href=\"https:\/\/www.kpk.gov.pl\/dofinansowanie-wyjazdow-na-wydarzenia-brokerskie\" class=\"tile tile_info\" style=\"background-color: #EBEBEB; border: 0 \">\r\n                                 <div class=\"tile_info__title\">HORYZONT EUROPA - dofinansowanie wyjazd\u00f3w na wydarzenia brokerskie<\/div>\r\n                                <div class=\"tile_info__subtitle\">Zapraszamy do zapoznania si\u0119 z mo\u017cliwo\u015bci\u0105 dofinansowania wyjazd\u00f3w na wydarzenia brokerskie dla klastr\u00f3w II filaru programu Horyzont Europa, w kt\u00f3rych trakcie mo\u017cna nawi\u0105za\u0107 kontakt z osobami i organizacjami na rzecz wsp\u00f3lnej realizacji projekt\u00f3w.<\/div>\r\n                            <\/a>\r\n\r\n                            <a href=\"https:\/\/www.kpk.gov.pl\/jak-uczestniczyc-w-he\/nasze-szkolenia\" class=\"tile tile_info\" style=\"background-color: #EBEBEB; border: 0 \">\r\n                                 <div class=\"tile_info__title\">HORYZONT EUROPA - kalendarz spotka\u0144<\/div>\r\n                                <div class=\"tile_info__subtitle\">Zapraszamy do zapoznania si\u0119 z kalendarzem spotka\u0144, kt\u00f3re s\u0105 organizowane przez Horyzont Europa.<\/div>\r\n                            <\/a>\r\n\r\n                            <a href=\"https:\/\/www.kpk.gov.pl\/konkursy-akcja-informacyjna-i-spotkania-brokerskie-kpk\" class=\"tile tile_info\" style=\"background-color: #EBEBEB; border: 0 \">\r\n                                 <div class=\"tile_info__title\">HORYZONT EUROPA - spotkania brokerskie<\/div>\r\n                                <div class=\"tile_info__subtitle\">Zapraszamy do zapoznania si\u0119 z kalendarzem spotka\u0144 brokerskich, kt\u00f3re s\u0105 organizowane przez Horyzont Europa.<\/div>\r\n                            <\/a><\/div>\r\n                    <\/div>\r\n                <\/div>[\/vc_tta_section][\/vc_tta_tabs][\/vc_column][\/vc_row][vc_row][vc_column][vc_column_text][\/vc_column_text][\/vc_column][\/vc_row]<\/p>","protected":false},"excerpt":{"rendered":"<p>[vc_row][vc_column][vc_column_text][\/vc_column_text][\/vc_column][\/vc_row][vc_row el_class=&#8221;container&#8221;][vc_column][\/vc_column][\/vc_row][vc_row el_class=&#8221;container&#8221;][vc_column][\/vc_column][\/vc_row][vc_row el_class=&#8221;container&#8221;][vc_column][vc_tta_tabs alignment=&#8221;center&#8221; active_section=&#8221;1&#8243; no_fill_content_area=&#8221;true&#8221;][vc_tta_section title=&#8221;WSZYSTKIE&#8221; tab_id=&#8221;1615901549202-536e5dc2-4a8c&#8221;][\/vc_tta_section][\/vc_tta_tabs][\/vc_column][\/vc_row][vc_row][vc_column][vc_column_text][\/vc_column_text][\/vc_column][\/vc_row] [&#8230;]<\/p>\n<p><a class=\"btn btn-secondary understrap-read-more-link\" href=\"https:\/\/us.edu.pl\/pracownik\/sprawy-naukowe\/strefa-projektow\/szkolenia-i-spotkania-sieciujace\/\">Read More&#8230;<\/a><\/p>\n","protected":false},"author":41,"featured_media":0,"parent":12767,"menu_order":148,"comment_status":"closed","ping_status":"closed","template":"","meta":{"_expiration-date-status":"saved","_expiration-date":0,"_expiration-date-type":"","_expiration-date-categories":[],"_expiration-date-options":[]},"acf":[],"_links":{"self":[{"href":"https:\/\/us.edu.pl\/pracownik\/wp-json\/wp\/v2\/pages\/13025"}],"collection":[{"href":"https:\/\/us.edu.pl\/pracownik\/wp-json\/wp\/v2\/pages"}],"about":[{"href":"https:\/\/us.edu.pl\/pracownik\/wp-json\/wp\/v2\/types\/page"}],"author":[{"embeddable":true,"href":"https:\/\/us.edu.pl\/pracownik\/wp-json\/wp\/v2\/users\/41"}],"replies":[{"embeddable":true,"href":"https:\/\/us.edu.pl\/pracownik\/wp-json\/wp\/v2\/comments?post=13025"}],"version-history":[{"count":12,"href":"https:\/\/us.edu.pl\/pracownik\/wp-json\/wp\/v2\/pages\/13025\/revisions"}],"predecessor-version":[{"id":42168,"href":"https:\/\/us.edu.pl\/pracownik\/wp-json\/wp\/v2\/pages\/13025\/revisions\/42168"}],"up":[{"embeddable":true,"href":"https:\/\/us.edu.pl\/pracownik\/wp-json\/wp\/v2\/pages\/12767"}],"wp:attachment":[{"href":"https:\/\/us.edu.pl\/pracownik\/wp-json\/wp\/v2\/media?parent=13025"}],"curies":[{"name":"wp","href":"https:\/\/api.w.org\/{rel}","templated":true}]}}