{"id":13030,"date":"2021-03-11T14:14:03","date_gmt":"2021-03-11T13:14:03","guid":{"rendered":"https:\/\/us.edu.pl\/pracownik\/?page_id=13030"},"modified":"2026-01-27T08:52:14","modified_gmt":"2026-01-27T07:52:14","slug":"dzial-projektow","status":"publish","type":"page","link":"https:\/\/us.edu.pl\/pracownik\/sprawy-naukowe\/strefa-projektow\/dzial-projektow\/","title":{"rendered":"Dzia\u0142 Projekt\u00f3w"},"content":{"rendered":"<p>[vc_row][vc_column][\/vc_column][\/vc_row][vc_row][vc_column]\r\n                <div class=\"text-modules\">\r\n                    <div class=\"container\">\r\n                        <h3 class=\"page-title text__title\">Dzia\u0142 Projekt\u00f3w<\/h3>\r\n                        <div class=\"text-modules__content\"><\/div>\r\n                    <\/div>\r\n                <\/div>[\/vc_column][\/vc_row][vc_row][vc_column]\r\n                <div class=\"text-modules\">\r\n                    <div class=\"container\">\r\n                         <h3 class=\"subtitle text-modules__subtitle\">Zakres wsparcia udzielanego przez Dzia\u0142 Projekt\u00f3w<\/h3>\r\n                        <div class=\"row m-0\">\r\n                            <div class=\"text-modules__content\"><\/p>\n<ul style=\"list-style-type: disc;\">\n<li>wyszukiwanie, gromadzenie, rozpowszechnianie wiedzy i informacji w\u015br\u00f3d spo\u0142eczno\u015bci akademickiej o zewn\u0119trznych \u017ar\u00f3d\u0142ach finansowania dedykowanych dla szkolnictwa wy\u017cszego, wspieraj\u0105cych dzia\u0142alno\u015b\u0107 naukow\u0105, dydaktyczn\u0105 i zwi\u0105zan\u0105 z trzeci\u0105 misj\u0105 Uczelni<\/li>\n<li>organizowanie szkole\u0144, warsztat\u00f3w oraz spotka\u0144 informacyjnych dla pracownik\u00f3w Uniwersytetu oraz udzielanie indywidualnych porad pracownikom w zakresie pozyskiwania \u015brodk\u00f3w i realizacji dofinansowanych projekt\u00f3w<\/li>\n<li>wsp\u00f3\u0142praca i nadz\u00f3r przygotowywaniem wniosk\u00f3w aplikacyjnych o \u015brodki zewn\u0119trzne dla projekt\u00f3w badawczych, edukacyjnych, badawczo-wdro\u017ceniowych, inwestycyjnych i innych, w tym:\n<ul style=\"list-style-type: disc;\">\n<li>wsp\u00f3\u0142praca w zakresie opracowywania i weryfikacja dokument\u00f3w na etapie ich przygotowywania w zakresie zgodno\u015bci z wytycznymi instytucji organizuj\u0105cych konkursy<\/li>\n<li>udzia\u0142 w przygotowywaniu cz\u0119\u015bci formalnej sk\u0142adanych wniosk\u00f3w o dofinansowanie projekt\u00f3w,<\/li>\n<li>wsp\u00f3\u0142praca przy opracowaniu oraz weryfikacja wniosk\u00f3w o dofinansowanie projekt\u00f3w pod k\u0105tem kwalifikowalno\u015bci wydatk\u00f3w i prawid\u0142owo\u015bci ich sporz\u0105dzania<\/li>\n<\/ul>\n<\/li>\n<li>w zakresie realizacji projekt\u00f3w: sporz\u0105dzanie wniosk\u00f3w o p\u0142atno\u015b\u0107\/sprawozda\u0144\/raport\u00f3w w cz\u0119\u015bci finansowej z realizacji projekt\u00f3w oraz wsp\u00f3\u0142praca z kierownictwem projekt\u00f3w w tym zakresie<\/li>\n<\/ul>\n<p><\/div>\r\n                            \r\n                        <\/div>\r\n                    <\/div>\r\n                <\/div>[\/vc_column][\/vc_row][vc_row][vc_column]<div class=\"container\"><div class=\"separator\" style=\"background-color: #ebebeb\"><\/div><\/div>[\/vc_column][\/vc_row][vc_row][vc_column]\r\n                <div class=\"text-modules\">\r\n                    <div class=\"container\">\r\n                        <h3 class=\"page-title text__title\">Kontakt z Dzia\u0142em Projekt\u00f3w<\/h3>\r\n                        <div class=\"text-modules__content\"><\/div>\r\n                    <\/div>\r\n                <\/div>[\/vc_column][\/vc_row][vc_row][vc_column]\r\n                <div class=\"tiles-section\" style=\"background: \">\r\n                    <div class=\"container\">\r\n                        <div class=\"tiles tiles-4\">\r\n\r\n                            <a href=\"https:\/\/ab.us.edu.pl\/emp?id=37021\" class=\"tile tile_info\" style=\"background-color: #EBEBEB; border: 0 \">\r\n                                 <div class=\"tile_info__title\">Dyrektor Dzia\u0142u Projekt\u00f3w<\/div>\r\n                                <div class=\"tile_info__subtitle\">Magdalena Pilot 797498505 <\/div>\r\n                            <\/a>\r\n\r\n                            <a href=\"https:\/\/ab.us.edu.pl\/emp?id=9642\" class=\"tile tile_info\" style=\"background-color: #EBEBEB; border: 0 \">\r\n                                 <div class=\"tile_info__title\">Zast\u0119pca Dyrektora<\/div>\r\n                                <div class=\"tile_info__subtitle\">El\u017cbieta Moczulska 505138299<\/div>\r\n                            <\/a>\r\n\r\n                            <a href=\"https:\/\/ab.us.edu.pl\/emp?id=61683\" class=\"tile tile_info\" style=\"background-color: #EBEBEB; border: 0 \">\r\n                                 <div class=\"tile_info__title\">Zast\u0119pca Dyrektora<\/div>\r\n                                <div class=\"tile_info__subtitle\">Karolina Habdas 797520602<\/div>\r\n                            <\/a><\/div>\r\n                    <\/div>\r\n                <\/div>[\/vc_column][\/vc_row][vc_row][vc_column]\r\n                <div class=\"tiles-section\" style=\"background: \">\r\n                    <div class=\"container\">\r\n                        <div class=\"tiles tiles-4\">\r\n\r\n                            <a href=\"https:\/\/ab.us.edu.pl\/emp?id=61563\" class=\"tile tile_info\" style=\"background-color: #EBEBEB; border: 0 \">\r\n                                 <div class=\"tile_info__title\">Koordynator ds. Mi\u0119dzynarodowych Projekt\u00f3w Naukowych<\/div>\r\n                                <div class=\"tile_info__subtitle\">Dobromi\u0142a Stano 512702223<\/div>\r\n                            <\/a>\r\n\r\n                            <a href=\"https:\/\/ab.us.edu.pl\/emp?id=65493\" class=\"tile tile_info\" style=\"background-color: #EBEBEB; border: 0 \">\r\n                                 <div class=\"tile_info__title\">Specjalista ds. Projekt\u00f3w B+R<\/div>\r\n                                <div class=\"tile_info__subtitle\">Dominika Skutela 517028936<\/div>\r\n                            <\/a>\r\n\r\n                            <a href=\"https:\/\/ab.us.edu.pl\/unit?id=606917\" class=\"tile tile_info\" style=\"background-color: #EBEBEB; border: 0 \">\r\n                                 <div class=\"tile_info__title\">Pracownicy Dzia\u0142u Projekt\u00f3w<\/div>\r\n                                <div class=\"tile_info__subtitle\">Dane kontaktowe<\/div>\r\n                            <\/a><\/div>\r\n                    <\/div>\r\n                <\/div>[\/vc_column][\/vc_row][vc_row][vc_column]<div class=\"container\"><div class=\"separator\" style=\"background-color: #ebebeb\"><\/div><\/div>[\/vc_column][\/vc_row][vc_row][vc_column]\r\n                <div class=\"text-modules\">\r\n                    <div class=\"container\">\r\n                        <h3 class=\"page-title text__title\">Zespo\u0142y ds. projekt\u00f3w na Wydzia\u0142ach U\u015a<\/h3>\r\n                        <div class=\"text-modules__content\"><\/div>\r\n                    <\/div>\r\n                <\/div>[\/vc_column][\/vc_row][vc_row][vc_column]\r\n                <div class=\"tiles-section\" style=\"background: \">\r\n                    <div class=\"container\">\r\n                        <div class=\"tiles tiles-4\">\r\n\r\n                            <a href=\"https:\/\/us.edu.pl\/wydzial\/wh\/administracja\/zespol-ds-projektow-wydzialu-humanistycznego\/\" class=\"tile tile_info\" style=\"background-color: #EBEBEB; border: 0 \">\r\n                                 <div class=\"tile_info__title\">Wydzia\u0142 Humanistyczny  <\/div>\r\n                                <div class=\"tile_info__subtitle\">Zesp\u00f3\u0142 ds. projekt\u00f3w<\/div>\r\n                            <\/a>\r\n\r\n                            <a href=\"https:\/\/us.edu.pl\/wydzial\/wnp\/wydzial\/administracja\/\" class=\"tile tile_info\" style=\"background-color: #EBEBEB; border: 0 \">\r\n                                 <div class=\"tile_info__title\">Wydzia\u0142 Nauk Przyrodniczych<\/div>\r\n                                <div class=\"tile_info__subtitle\">Zesp\u00f3\u0142 ds. projekt\u00f3w<\/div>\r\n                            <\/a>\r\n\r\n                            <a href=\"https:\/\/us.edu.pl\/wydzial\/wns\/wydzial\/struktura\/administracja\/zespol-projektow-wydzialu\/\" class=\"tile tile_info\" style=\"background-color: #EBEBEB; border: 0 \">\r\n                                 <div class=\"tile_info__title\">Wydzia\u0142 Nauk Spo\u0142ecznych<\/div>\r\n                                <div class=\"tile_info__subtitle\">Zesp\u00f3\u0142 ds. projekt\u00f3w<\/div>\r\n                            <\/a>\r\n\r\n                            <a href=\"https:\/\/us.edu.pl\/wydzial\/wnst\/strona-glowna\/struktura\/administracja\/zespol-ds-projektow\/\" class=\"tile tile_info\" style=\"background-color: #EBEBEB; border: 0 \">\r\n                                 <div class=\"tile_info__title\">Wydzia\u0142 Nauk \u015acis\u0142ych i Technicznych<\/div>\r\n                                <div class=\"tile_info__subtitle\">Zesp\u00f3\u0142 ds. projekt\u00f3w<\/div>\r\n                            <\/a>\r\n\r\n                            <a href=\"https:\/\/us.edu.pl\/wydzial\/wpia\/o-wydziale\/struktura\/\" class=\"tile tile_info\" style=\"background-color: #EBEBEB; border: 0 \">\r\n                                 <div class=\"tile_info__title\">Wydzia\u0142 Prawa i Administracji<\/div>\r\n                                <div class=\"tile_info__subtitle\">Zesp\u00f3\u0142 ds. projekt\u00f3w<\/div>\r\n                            <\/a>\r\n\r\n                            <a href=\"https:\/\/us.edu.pl\/wydzial\/wsne\/zespol-ds-projektow-wydzialu-sztuki-i-nauk-o-edukacji\/\" class=\"tile tile_info\" style=\"background-color: #EBEBEB; border: 0 \">\r\n                                 <div class=\"tile_info__title\">Wydzia\u0142 Sztuki i Nauk o Edukacji<\/div>\r\n                                <div class=\"tile_info__subtitle\">Zesp\u00f3\u0142 ds. projekt\u00f3w<\/div>\r\n                            <\/a>\r\n\r\n                            <a href=\"https:\/\/us.edu.pl\/wydzial\/wtl\/administracja\/biuro-organizacyjne\/\" class=\"tile tile_info\" style=\"background-color: #EBEBEB; border: 0 \">\r\n                                 <div class=\"tile_info__title\">Wydzia\u0142 Teologiczny<\/div>\r\n                                <div class=\"tile_info__subtitle\">Zesp\u00f3\u0142 ds. projekt\u00f3w<\/div>\r\n                            <\/a>\r\n\r\n                            <a href=\"http:\/\/www.writv.us.edu.pl\/pl\/o-szkole\/struktura\" class=\"tile tile_info\" style=\"background-color: #EBEBEB; border: 0 \">\r\n                                 <div class=\"tile_info__title\">Szko\u0142a Filmowa im. Krzysztofa Kie\u015blowskiego<\/div>\r\n                                <div class=\"tile_info__subtitle\">Zesp\u00f3\u0142 ds. projekt\u00f3w<\/div>\r\n                            <\/a><\/div>\r\n                    <\/div>\r\n                <\/div>[\/vc_column][\/vc_row][vc_row][vc_column][\/vc_column][\/vc_row]<\/p>","protected":false},"excerpt":{"rendered":"<p>[vc_row][vc_column][\/vc_column][\/vc_row][vc_row][vc_column][\/vc_column][\/vc_row][vc_row][vc_column][\/vc_column][\/vc_row][vc_row][vc_column][\/vc_column][\/vc_row][vc_row][vc_column][\/vc_column][\/vc_row][vc_row][vc_column][\/vc_column][\/vc_row][vc_row][vc_column][\/vc_column][\/vc_row][vc_row][vc_column][\/vc_column][\/vc_row][vc_row][vc_column][\/vc_column][\/vc_row][vc_row][vc_column][\/vc_column][\/vc_row][vc_row][vc_column][\/vc_column][\/vc_row] [&#8230;]<\/p>\n<p><a class=\"btn btn-secondary understrap-read-more-link\" href=\"https:\/\/us.edu.pl\/pracownik\/sprawy-naukowe\/strefa-projektow\/dzial-projektow\/\">Read More&#8230;<\/a><\/p>\n","protected":false},"author":41,"featured_media":0,"parent":12767,"menu_order":146,"comment_status":"closed","ping_status":"closed","template":"page-templates\/inner-page-with-bookmarks.php","meta":{"_expiration-date-status":"saved","_expiration-date":0,"_expiration-date-type":"","_expiration-date-categories":[],"_expiration-date-options":[]},"acf":[],"_links":{"self":[{"href":"https:\/\/us.edu.pl\/pracownik\/wp-json\/wp\/v2\/pages\/13030"}],"collection":[{"href":"https:\/\/us.edu.pl\/pracownik\/wp-json\/wp\/v2\/pages"}],"about":[{"href":"https:\/\/us.edu.pl\/pracownik\/wp-json\/wp\/v2\/types\/page"}],"author":[{"embeddable":true,"href":"https:\/\/us.edu.pl\/pracownik\/wp-json\/wp\/v2\/users\/41"}],"replies":[{"embeddable":true,"href":"https:\/\/us.edu.pl\/pracownik\/wp-json\/wp\/v2\/comments?post=13030"}],"version-history":[{"count":10,"href":"https:\/\/us.edu.pl\/pracownik\/wp-json\/wp\/v2\/pages\/13030\/revisions"}],"predecessor-version":[{"id":42178,"href":"https:\/\/us.edu.pl\/pracownik\/wp-json\/wp\/v2\/pages\/13030\/revisions\/42178"}],"up":[{"embeddable":true,"href":"https:\/\/us.edu.pl\/pracownik\/wp-json\/wp\/v2\/pages\/12767"}],"wp:attachment":[{"href":"https:\/\/us.edu.pl\/pracownik\/wp-json\/wp\/v2\/media?parent=13030"}],"curies":[{"name":"wp","href":"https:\/\/api.w.org\/{rel}","templated":true}]}}