{"id":13106,"date":"2021-03-15T15:09:16","date_gmt":"2021-03-15T14:09:16","guid":{"rendered":"https:\/\/us.edu.pl\/pracownik\/?page_id=13106"},"modified":"2021-03-16T10:07:23","modified_gmt":"2021-03-16T09:07:23","slug":"informacje-dla-pracownikow-ocena-okresowa-nauczyciela","status":"publish","type":"page","link":"https:\/\/us.edu.pl\/pracownik\/sprawy-pracownicze\/ocena-okresowa\/informacje-dla-pracownikow-ocena-okresowa-nauczyciela\/","title":{"rendered":"Informacje dla pracownik\u00f3w (ocena okresowa nauczyciela)"},"content":{"rendered":"<p>[vc_row][vc_column][\/vc_column][\/vc_row][vc_row][vc_column]\r\n                <div class=\"text-modules\">\r\n                    <div class=\"container\">\r\n                        <h3 class=\"page-title text__title\">Informacje dla pracownik\u00f3w<\/h3>\r\n                        <div class=\"text-modules__content\"><p>Pracownicy podlegaj\u0105cy wcze\u015bniejszej ocenie okresowej w zwi\u0105zku z ubieganiem si\u0119 o awans stanowiskowy lub przed\u0142u\u017cenie zatrudnienia na podstawie umowy o prac\u0119 na czas nieokre\u015blony, zobowi\u0105zani s\u0105 do uzupe\u0142nienia danych dotycz\u0105cych realizacji obowi\u0105zk\u00f3w badawczych, dydaktycznych (dane przekazywane s\u0105 do Portalu Pracownika za po\u015brednictwem systemu USOS) i organizacyjnych (dane przekazywane s\u0105 do Portalu Pracownika za pomoc\u0105 system\u00f3w USOS i SAP), a tak\u017ce do z\u0142o\u017cenia za po\u015brednictwem Portalu Pracownika <a href=\"https:\/\/us.edu.pl\/pracownik\/wp-content\/uploads\/sites\/2\/pracownik\/sprawy-kadrowe-nauczyciele-akademiccy\/PP_o\u015bwiadczenia.png\" target=\"_blank\" rel=\"noopener noreferrer\">o\u015bwiadczenia o przestrzeganiu prawa w\u0142asno\u015bci intelektualnej i zgody na uwzgl\u0119dnienie w ocenie okresowej osi\u0105gni\u0119\u0107 badawczych lub artystycznych z okresu od 1 stycznia 2019 do 31 grudnia 2019\u00a0<\/a>. <u>Uzupe\u0142nienie ww. danych oznacza sprawdzenie ich w Portalu Pracownika w zakresie dost\u0119pnym nauczycielom akademickim zgodnie z poni\u017cyszm wykazem. W\u00a0 razie\u00a0 stwierdzenia\u00a0 braku\u00a0 lub\u00a0 b\u0142\u0119d\u00f3w\u00a0 w\u00a0 danych\u00a0 w\u00a0 Portalu\u00a0 Pracownika\u00a0 prosimy\u00a0 o\u00a0 kontakt odpowiednio z:<\/u><\/p>\n<ul>\n<li>publikacje, dorobek naukowy lub artystyczny afiliowane dla U\u015a \u2013CINiBA: bibliogr@ciniba.edu.pl;<\/li>\n<li>projekty finansowane ze \u015brodk\u00f3w zewn\u0119trznych i wnioski sk\u0142adane w konkursach \u2013Dzia\u0142 Projekt\u00f3w: projekty@us.edu.pl(uwaga \u2013dane zbierane s\u0105 pocz\u0105wszy od 2016 r.);<\/li>\n<li>prace badawcze\u00a0 zlecone\u00a0 realizowane\u00a0 w\u00a0 Uniwersytecielub\u00a0 poprzez\u00a0 SPIN-US \u2013Biuro Wsp\u00f3\u0142pracy z Gospodark\u0105: transfer@us.edu.pl;<\/li>\n<li>projekty wynalazcze Biuro Rzecznik\u00f3w Patentowych U\u015a: brp@us.edu.pl;<\/li>\n<li>wyniki ankiety\u00a0\u00a0 oceny\u00a0\u00a0 pracy\u00a0\u00a0 dydaktycznej\u00a0\u00a0 nauczyciela \u2013Dzia\u0142\u00a0 Jako\u015bci\u00a0 i\u00a0 Analiz\u00a0 Strategicznych: djas@us.edu.pl;<\/li>\n<li>informacje o prowadzonych zaj\u0119ciach \u2013dziekanat w\u0142a\u015bciwego wydzia\u0142u lub kolegium<\/li>\n<\/ul>\n<p>\n<\/div>\r\n                    <\/div>\r\n                <\/div>[\/vc_column][\/vc_row]<\/p>","protected":false},"excerpt":{"rendered":"<p>[vc_row][vc_column][\/vc_column][\/vc_row][vc_row][vc_column][\/vc_column][\/vc_row] [&#8230;]<\/p>\n<p><a class=\"btn btn-secondary understrap-read-more-link\" href=\"https:\/\/us.edu.pl\/pracownik\/sprawy-pracownicze\/ocena-okresowa\/informacje-dla-pracownikow-ocena-okresowa-nauczyciela\/\">Read More&#8230;<\/a><\/p>\n","protected":false},"author":41,"featured_media":0,"parent":4974,"menu_order":145,"comment_status":"closed","ping_status":"closed","template":"page-templates\/inner-page.php","meta":{"_expiration-date-status":"saved","_expiration-date":0,"_expiration-date-type":"","_expiration-date-categories":[],"_expiration-date-options":[]},"acf":[],"_links":{"self":[{"href":"https:\/\/us.edu.pl\/pracownik\/wp-json\/wp\/v2\/pages\/13106"}],"collection":[{"href":"https:\/\/us.edu.pl\/pracownik\/wp-json\/wp\/v2\/pages"}],"about":[{"href":"https:\/\/us.edu.pl\/pracownik\/wp-json\/wp\/v2\/types\/page"}],"author":[{"embeddable":true,"href":"https:\/\/us.edu.pl\/pracownik\/wp-json\/wp\/v2\/users\/41"}],"replies":[{"embeddable":true,"href":"https:\/\/us.edu.pl\/pracownik\/wp-json\/wp\/v2\/comments?post=13106"}],"version-history":[{"count":4,"href":"https:\/\/us.edu.pl\/pracownik\/wp-json\/wp\/v2\/pages\/13106\/revisions"}],"predecessor-version":[{"id":13125,"href":"https:\/\/us.edu.pl\/pracownik\/wp-json\/wp\/v2\/pages\/13106\/revisions\/13125"}],"up":[{"embeddable":true,"href":"https:\/\/us.edu.pl\/pracownik\/wp-json\/wp\/v2\/pages\/4974"}],"wp:attachment":[{"href":"https:\/\/us.edu.pl\/pracownik\/wp-json\/wp\/v2\/media?parent=13106"}],"curies":[{"name":"wp","href":"https:\/\/api.w.org\/{rel}","templated":true}]}}