{"id":13273,"date":"2021-03-25T09:55:06","date_gmt":"2021-03-25T08:55:06","guid":{"rendered":"https:\/\/us.edu.pl\/pracownik\/?page_id=13273"},"modified":"2026-01-27T08:27:55","modified_gmt":"2026-01-27T07:27:55","slug":"informacje-dla-kandydatow-procedura-postepowania-konkursowego-na-stanowiska-nauczycieli-akademickich","status":"publish","type":"page","link":"https:\/\/us.edu.pl\/pracownik\/oferty-pracy\/oferty-pracy-2\/informacje-dla-kandydatow-procedura-postepowania-konkursowego-na-stanowiska-nauczycieli-akademickich\/","title":{"rendered":"Informacje dla kandydat\u00f3w &#8211; procedura post\u0119powania konkursowego na stanowiska nauczycieli akademickich"},"content":{"rendered":"<p>[vc_row][vc_column][\/vc_column][\/vc_row][vc_row][vc_column]\r\n                <div class=\"text-modules\">\r\n                    <div class=\"container\">\r\n                        <h3 class=\"page-title text__title\">Informacje dla kandydat\u00f3w - procedura post\u0119powania konkursowego na stanowiska nauczycieli akademickich<\/h3>\r\n                        <div class=\"text-modules__content\"><p>Do konkursu mog\u0105 przyst\u0105pi\u0107 osoby spe\u0142niaj\u0105ce warunki okre\u015blone w art. 113\u00a0Ustawy Prawo o\u00a0szkolnictwie wy\u017cszym i nauce\u00a0z dnia 20.07.2018 r. (t.j. Dz.U. 2020 poz. 85 z p\u00f3\u017an. zm.).\u00a0Informujemy, \u017ce odpowied\u017a na oferty pracy powinna zosta\u0107 z\u0142o\u017cona w trybie i w terminie wskazanym w og\u0142oszeniu konkursowym lub og\u0142oszeniu o prac\u0119. Aplikacje przes\u0142ane w inny spos\u00f3b lub po terminie nie podlegaj\u0105 rozpatrzeniu.<\/p>\n<\/div>\r\n                    <\/div>\r\n                <\/div>[\/vc_column][\/vc_row]<\/p>","protected":false},"excerpt":{"rendered":"<p>[vc_row][vc_column][\/vc_column][\/vc_row][vc_row][vc_column][\/vc_column][\/vc_row] [&#8230;]<\/p>\n<p><a class=\"btn btn-secondary understrap-read-more-link\" href=\"https:\/\/us.edu.pl\/pracownik\/oferty-pracy\/oferty-pracy-2\/informacje-dla-kandydatow-procedura-postepowania-konkursowego-na-stanowiska-nauczycieli-akademickich\/\">Read More&#8230;<\/a><\/p>\n","protected":false},"author":41,"featured_media":0,"parent":12722,"menu_order":140,"comment_status":"closed","ping_status":"closed","template":"page-templates\/inner-page-with-bookmarks.php","meta":{"_expiration-date-status":"","_expiration-date":0,"_expiration-date-type":"","_expiration-date-categories":[],"_expiration-date-options":[]},"acf":[],"_links":{"self":[{"href":"https:\/\/us.edu.pl\/pracownik\/wp-json\/wp\/v2\/pages\/13273"}],"collection":[{"href":"https:\/\/us.edu.pl\/pracownik\/wp-json\/wp\/v2\/pages"}],"about":[{"href":"https:\/\/us.edu.pl\/pracownik\/wp-json\/wp\/v2\/types\/page"}],"author":[{"embeddable":true,"href":"https:\/\/us.edu.pl\/pracownik\/wp-json\/wp\/v2\/users\/41"}],"replies":[{"embeddable":true,"href":"https:\/\/us.edu.pl\/pracownik\/wp-json\/wp\/v2\/comments?post=13273"}],"version-history":[{"count":10,"href":"https:\/\/us.edu.pl\/pracownik\/wp-json\/wp\/v2\/pages\/13273\/revisions"}],"predecessor-version":[{"id":42171,"href":"https:\/\/us.edu.pl\/pracownik\/wp-json\/wp\/v2\/pages\/13273\/revisions\/42171"}],"up":[{"embeddable":true,"href":"https:\/\/us.edu.pl\/pracownik\/wp-json\/wp\/v2\/pages\/12722"}],"wp:attachment":[{"href":"https:\/\/us.edu.pl\/pracownik\/wp-json\/wp\/v2\/media?parent=13273"}],"curies":[{"name":"wp","href":"https:\/\/api.w.org\/{rel}","templated":true}]}}