{"id":1345,"date":"2019-10-08T12:56:22","date_gmt":"2019-10-08T10:56:22","guid":{"rendered":"https:\/\/us.edu.pl\/pracownik\/?page_id=1345"},"modified":"2019-10-11T14:08:45","modified_gmt":"2019-10-11T12:08:45","slug":"strona-glowna-2","status":"publish","type":"page","link":"https:\/\/us.edu.pl\/pracownik\/strona-glowna-2\/","title":{"rendered":"Strona G\u0142\u00f3wna"},"content":{"rendered":"<p><\/p>\n<p>[vc_row el_class=&#8221;container&#8221;][vc_column width=&#8221;1\/2&#8243;]\r\n               <div class=\"people-search-engine\">\r\n                    <div class=\"section-title\">Wyszukiwarka os\u00f3b<\/div>\r\n\r\n                    <form action=\"https:\/\/ab.us.edu.pl\/?lang=PL\" class=\"search-form\" method=\"GET\">\r\n                        <p class=\"search-form__p\">Wpisz s\u0142owa kluczowe:<\/p>\r\n\r\n                        <div class=\"search-form__line\">\r\n                            <input type=\"text\" name=\"SearchModel[query]\"\r\n                                   title=\"S\u0142owa kluczowe\"\r\n                                   placeholder=\"Szukaj...\">\r\n\r\n                            <button class=\"link-button\">Szukaj<\/button>\r\n                        <\/div>\r\n\r\n                        <div class=\"search-form__line\">\r\n                            <label class=\"checkbox-label\">\r\n                                <input type=\"radio\" class=\"icheck\" name=\"SearchModel[scope]\" value=\"P\">\r\n                                <span class=\"checkbox-label__name\"> Pracownicy<\/span>\r\n                            <\/label>\r\n\r\n                            <label class=\"checkbox-label\">\r\n                                <input type=\"radio\" class=\"icheck\" name=\"SearchModel[scope]\" value=\"J\">\r\n                                <span class=\"checkbox-label__name\">Jednostki<\/span>\r\n                            <\/label>\r\n                        <\/div>\r\n                    <\/form>\r\n                <\/div>[\/vc_column][vc_column width=&#8221;1\/2&#8243;]\r\n            <div class=\"container\">  \r\n                <div class=\"lists-with-links\">\r\n                    <div class=\"section-title\">Przydatne linki<\/div>\r\n                   <div class=\"lists-with-links__items lists-2\"><ul class=\"angle-list\"> <li> <a href=\"http:\/\/php71.nfinity-beta.pl\/us\/pracownik\/\"> Link <\/a> <\/li><li> <a href=\"http:\/\/php71.nfinity-beta.pl\/us\/pracownik\/\"> Link <\/a> <\/li><li> <a href=\"http:\/\/php71.nfinity-beta.pl\/us\/pracownik\/\"> Link <\/a> <\/li><li> <a href=\"http:\/\/php71.nfinity-beta.pl\/us\/pracownik\/\"> Link <\/a> <\/li><li> <a href=\"http:\/\/php71.nfinity-beta.pl\/us\/pracownik\/\"> Link <\/a> <\/li><\/ul><ul class=\"angle-list\"> <li> <a href=\"http:\/\/php71.nfinity-beta.pl\/us\/pracownik\/\"> Link <\/a> <\/li><li> <a href=\"http:\/\/php71.nfinity-beta.pl\/us\/pracownik\/\"> Link <\/a> <\/li><li> <a href=\"http:\/\/php71.nfinity-beta.pl\/us\/pracownik\/\"> Link <\/a> <\/li><li> <a href=\"http:\/\/php71.nfinity-beta.pl\/us\/pracownik\/\"> Link <\/a> <\/li><li> <a href=\"http:\/\/php71.nfinity-beta.pl\/us\/pracownik\/\"> Link <\/a> <\/li><\/ul><\/div>\r\n                <\/div>\r\n            <\/div>[\/vc_column][\/vc_row][vc_row][vc_column]\n\t\t\t\t<input type=\"hidden\" name=\"promoted_only\" value=\"\">\n\t\t\t\t<input type=\"hidden\" name=\"order\" value=\"ASC\">\n\t\t\t\t<input type=\"hidden\" name=\"order_by\" value=\"date\">\n\n\t\t\t\t<div class=\"article-loop loop-section article-loop_tall color-blue\" style=\"background: #EBEBEB\">\n\t\t\t\t\t <div class=\"container \">\n\t\t\t\t\t \t<div class=\"col-12 article-loop-gutter-left\">\n\t\t\t\t\t\t  <div class=\"article-loop-top loop-section-top\">\n\t\t\t\t\t\t\t\t<h2 class=\"section-title\">Wiadomo\u015bci dla pracownik\u00f3w<\/h2><div class=\"article-loop-top_right loop-section-top__right\" >\n\t\t\t\t\t\t\t\t\t <select name=\"sort\" title = \"filter by category\"\n\t\t\t\t\t\t\t\t\t\t  class=\"article-loop-sort\" >\n\t\t\t\t\t\t\t\t\t\t  <option value = \"\" selected disabled > filtrowanie wed\u0142ug kategorii<\/option>\n\t\t\t\t\t\t\t\t\t\t  <option value = \"1-149,2-16\" > Wszystko<\/option> <option data-link='https:\/\/us.edu.pl\/category\/wiadomosci\/wspolne\/' value='1-149'>wsp\u00f3lne<\/option><option data-link='https:\/\/us.edu.pl\/pracownik\/category\/wiadomosci\/' value='2-16'>Wiadomo\u015bci<\/option><\/select>    <a href = \"https:\/\/us.edu.pl\/pracownik\/wszystko?title=Wiadomo%C5%9Bci+dla+pracownik%C3%B3w&order=ASC&order_by=date&categories%5B0%5D=1-149&categories%5B1%5D=2-16\" class=\"link-button \" > Wszystko<\/a><\/div>  \n\t\t\t\t\t\t  <\/div>\n\t\t\t\t\t\t  <div class=\"article-loop-main carousel\" data-home-url=\"https:\/\/us.edu.pl\/pracownik\" >\n\t\t\t\t\t\t\t\t<a href = \"#\" data-slide = \"prev\" title=\"przesu\u0144 pasek Wiadomo\u015bci dla pracownik\u00f3ww lewo\" class=\"arrow\" >\n\t\t\t\t\t\t\t\t\t <em class=\"ci ci-arrow-left\" ><\/em >\n\t\t\t\t\t\t\t\t\t <span class=\"d-none\" > arrow<\/span >\n\t\t\t\t\t\t\t\t<\/a>\n\t \n\t\t\t\t\t\t\t\t<a href = \"#\" data-slide = \"next\" title=\"przesu\u0144 pasek Wiadomo\u015bci dla pracownik\u00f3w w prawo\" class=\"arrow\" >\n\t\t\t\t\t\t\t\t\t <em class=\"ci ci-arrow-right\" ><\/em >\n\t\t\t\t\t\t\t\t\t <span class=\"d-none\" > arrow<\/span >\n\t\t\t\t\t\t\t\t<\/a>\n\t\t\t\t\t\t\t\t<div class=\"row items\" >\n\t\t\t\t\t\t\t\t\t \r\n            <article class=\"article-loop-post carousel-slide\">\r\n                <a href=\"https:\/\/us.edu.pl\/event\/wystawa-argentina-tierra-de-contrastes\/\" class=\"article-loop-post__thumbnail thumbnail\"\r\n                    style=\"background-image: url(https:\/\/us.edu.pl\/pracownik\/wp-content\/uploads\/Bez-kategorii\/Projekt-bez-nazwy-11.jpg)\">\r\n                    <span>wi\u0119cej<\/span>\r\n                <\/a>\r\n\r\n                <div class=\"article-loop-post__content\">\r\n                    <h3 class=\"article-loop-post__title\">\r\n                        <a href=\"https:\/\/us.edu.pl\/event\/wystawa-argentina-tierra-de-contrastes\/\">Wystawa \u201eArgentina: tierra de contrastes\u201d<\/a>\r\n                    <\/h3>\r\n            \r\n                    <div class=\"article-loop-post__categories\">\r\n                        <a href=\"https:\/\/us.edu.pl\/category\/zawartosc\/informacje-wiadomosci\/\">informacje<\/a><a href=\"https:\/\/us.edu.pl\/category\/wiadomosci\/wspolne\/\">wsp\u00f3lne<\/a>\r\n                    <\/div>    \r\n                <\/div>\r\n            <\/article>\r\n        \r\n            <article class=\"article-loop-post carousel-slide\">\r\n                <a href=\"https:\/\/us.edu.pl\/zmiana-zakresu-zabezpieczen-covid-19-na-us\/\" class=\"article-loop-post__thumbnail thumbnail\"\r\n                    style=\"background-image: url(https:\/\/us.edu.pl\/pracownik\/wp-content\/uploads\/sites\/2\/pracownik\/wiadomosci\/document-428331_1920_wyrozniajacy-600x399-300x200.jpg)\">\r\n                    <span>wi\u0119cej<\/span>\r\n                <\/a>\r\n\r\n                <div class=\"article-loop-post__content\">\r\n                    <h3 class=\"article-loop-post__title\">\r\n                        <a href=\"https:\/\/us.edu.pl\/zmiana-zakresu-zabezpieczen-covid-19-na-us\/\">Zmiana zakresu zabezpiecze\u0144 COVID-19 na U\u015a<\/a>\r\n                    <\/h3>\r\n            \r\n                    <div class=\"article-loop-post__categories\">\r\n                        <a href=\"https:\/\/us.edu.pl\/pracownik\/category\/wiadomosci\/informacje\/\">informacje<\/a><a href=\"https:\/\/us.edu.pl\/pracownik\/category\/wiadomosci\/ogolne\/\">og\u00f3lne<\/a>\r\n                    <\/div>    \r\n                <\/div>\r\n            <\/article>\r\n        \r\n            <article class=\"article-loop-post carousel-slide\">\r\n                <a href=\"https:\/\/us.edu.pl\/komunikat-rektora-w-sprawie-bezpieczenstwa-w-uniwersytecie-slaskim-w-zwiazku-z-covid-19\/\" class=\"article-loop-post__thumbnail thumbnail\"\r\n                    style=\"background-image: url(https:\/\/us.edu.pl\/pracownik\/wp-content\/uploads\/sites\/2\/pracownik\/wiadomosci\/document-428331_1920_wyrozniajacy-600x399-300x200.jpg)\">\r\n                    <span>wi\u0119cej<\/span>\r\n                <\/a>\r\n\r\n                <div class=\"article-loop-post__content\">\r\n                    <h3 class=\"article-loop-post__title\">\r\n                        <a href=\"https:\/\/us.edu.pl\/komunikat-rektora-w-sprawie-bezpieczenstwa-w-uniwersytecie-slaskim-w-zwiazku-z-covid-19\/\">Komunikat rektora w sprawie bezpiecze\u0144stwa w Uniwersytecie \u015al\u0105skim w zwi\u0105zku z COVID-19<\/a>\r\n                    <\/h3>\r\n            \r\n                    <div class=\"article-loop-post__categories\">\r\n                        <a href=\"https:\/\/us.edu.pl\/pracownik\/category\/wiadomosci\/informacje\/\">informacje<\/a><a href=\"https:\/\/us.edu.pl\/pracownik\/category\/wiadomosci\/ogolne\/\">og\u00f3lne<\/a>\r\n                    <\/div>    \r\n                <\/div>\r\n            <\/article>\r\n        \r\n            <article class=\"article-loop-post carousel-slide\">\r\n                <a href=\"https:\/\/us.edu.pl\/pracownik\/2021\/11\/10\/webinar-nt-walut-cyfrowych-i-zdecentralizowanych-finansow-w-ramach-programu-nzb\/\" class=\"article-loop-post__thumbnail thumbnail\"\r\n                    style=\"background-image: url(https:\/\/us.edu.pl\/pracownik\/wp-content\/uploads\/sites\/2\/pracownik\/wiadomosci\/leon-vbxyFxlgpjM-unsplash-600x450-300x225.jpg)\">\r\n                    <span>wi\u0119cej<\/span>\r\n                <\/a>\r\n\r\n                <div class=\"article-loop-post__content\">\r\n                    <h3 class=\"article-loop-post__title\">\r\n                        <a href=\"https:\/\/us.edu.pl\/pracownik\/2021\/11\/10\/webinar-nt-walut-cyfrowych-i-zdecentralizowanych-finansow-w-ramach-programu-nzb\/\">Webinar nt. walut cyfrowych i zdecentralizowanych finans\u00f3w  w ramach programu NZB<\/a>\r\n                    <\/h3>\r\n            \r\n                    <div class=\"article-loop-post__categories\">\r\n                        <a href=\"https:\/\/us.edu.pl\/pracownik\/category\/wiadomosci\/informacje\/\">informacje<\/a><a href=\"https:\/\/us.edu.pl\/pracownik\/category\/wiadomosci\/szkolenia\/\">szkolenia<\/a>\r\n                    <\/div>    \r\n                <\/div>\r\n            <\/article>\r\n        \n\t\t\t\t\t\t\t\t<\/div>\n\t\t\t\t\t\t  <\/div>\n\t\t\t\t\t <\/div>\n\t\t\t\t\t <\/div>\n\t\t\t\t<\/div>[\/vc_column][\/vc_row][vc_row el_class=&#8221;container&#8221;][vc_column width=&#8221;2\/3&#8243; el_class=&#8221;container&#8221;]\r\n                <div class=\"tiles-section\" style=\"background: \">\r\n                    <div class=\"container\">\r\n                        <h3 class=\"page-title\"><\/h3>\r\n                        <div class=\"tiles tiles-4\">\r\n                            <a href=\"http:\/\/php71.nfinity-beta.pl\/us\/pracownik\/\" class=\"tile tile_ justify-content-center\" style=\"background-color: #ffffff; font-weight: ; color: #002E5A;  \">\r\n                                \r\n                                   \r\n                               \r\n                                <div class=\"tile__name\">szkolenia<\/div>\r\n                            <\/a>\r\n                            <a href=\"http:\/\/php71.nfinity-beta.pl\/us\/pracownik\/\" class=\"tile tile_ justify-content-center\" style=\"background-color: #ffffff; font-weight: ; color: #002E5A;  \">\r\n                                \r\n                                   \r\n                               \r\n                                <div class=\"tile__name\">pracownik od A do Z<\/div>\r\n                            <\/a>\r\n                            <a href=\"http:\/\/php71.nfinity-beta.pl\/us\/pracownik\/\" class=\"tile tile_ justify-content-center\" style=\"background-color: #ffffff; font-weight: ; color: #002E5A;  \">\r\n                                \r\n                                   \r\n                               \r\n                                <div class=\"tile__name\">projekty i konkursy<\/div>\r\n                            <\/a>\r\n                            <a href=\"http:\/\/php71.nfinity-beta.pl\/us\/pracownik\/\" class=\"tile tile_ justify-content-center\" style=\"background-color: #ffffff; font-weight: ; color: #002E5A;  \">\r\n                                \r\n                                   \r\n                               \r\n                                <div class=\"tile__name\">komercjalizacja bada\u0144<\/div>\r\n                            <\/a>\r\n                            <a href=\"http:\/\/php71.nfinity-beta.pl\/us\/pracownik\/\" class=\"tile tile_ justify-content-center\" style=\"background-color: #ffffff; font-weight: ; color: #002E5A;  \">\r\n                                \r\n                                   \r\n                               \r\n                                <div class=\"tile__name\">strategia<\/div>\r\n                            <\/a>\r\n                            <a href=\"http:\/\/php71.nfinity-beta.pl\/us\/pracownik\/\" class=\"tile tile_ justify-content-center\" style=\"background-color: #ffffff; font-weight: ; color: #002E5A;  \">\r\n                                \r\n                                   \r\n                               \r\n                                <div class=\"tile__name\">struktura U\u015a<\/div>\r\n                            <\/a>\r\n                            <a href=\"http:\/\/php71.nfinity-beta.pl\/us\/pracownik\/wsparcie-informatyczne\/\" class=\"tile tile_ justify-content-center\" style=\"background-color: #ffffff; font-weight: ; color: #002E5A;  \">\r\n                                \r\n                                   \r\n                               \r\n                                <div class=\"tile__name\">wsparcie IT<\/div>\r\n                            <\/a><\/div>\r\n                    <\/div>\r\n                <\/div>[\/vc_column][vc_column width=&#8221;1\/3&#8243;]  <div class=\"announcements-wrap\"> \r\n\t\t\t\t\t\t\t\t\t<div class=\"announcements announcements_1\" style=\"background-color:\">\r\n                                <div class=\"section-title\">Komunikaty<\/div>\r\n                                \r\n                                \r\n                    <div class=\"announcements__blocked\">\r\n                        <em class=\"ci ci-blocked\"><\/em>\r\n                        <span>Dost\u0119p do komunikat\u00f3w po zalogowaniu<\/span>\r\n                    <\/div>\r\n\r\n                    <a href=\"https:\/\/us.edu.pl\/pracownik\/wp-content\/themes\/uniwersytet-slaski\/cas.php?back=https:\/\/us.edu.pl\/pracownik\/2021\/11\/10\/webinar-nt-walut-cyfrowych-i-zdecentralizowanych-finansow-w-ramach-programu-nzb\/\"\r\n                       class=\"link-button login-mod align-self-center\">Zaloguj si\u0119<\/a>\r\n\t\t\t\t\t\t\t\t\t<\/div>\r\n\t\t\t\t\t\t\t\t<\/div>[\/vc_column][\/vc_row]<\/p>\n<p><\/p>","protected":false},"excerpt":{"rendered":"<p>[vc_row el_class=&#8221;container&#8221;][vc_column width=&#8221;1\/2&#8243;][\/vc_column][vc_column width=&#8221;1\/2&#8243;][\/vc_column][\/vc_row][vc_row][vc_column][\/vc_column][\/vc_row][vc_row el_class=&#8221;container&#8221;][vc_column width=&#8221;2\/3&#8243; el_class=&#8221;container&#8221;][\/vc_column][vc_column width=&#8221;1\/3&#8243;][\/vc_column][\/vc_row] [&#8230;]<\/p>\n<p><a class=\"btn btn-secondary understrap-read-more-link\" href=\"https:\/\/us.edu.pl\/pracownik\/2021\/11\/10\/webinar-nt-walut-cyfrowych-i-zdecentralizowanych-finansow-w-ramach-programu-nzb\/\">Read More&#8230;<\/a><\/p>\n","protected":false},"author":41,"featured_media":0,"parent":0,"menu_order":344,"comment_status":"closed","ping_status":"closed","template":"page-templates\/index-template.php","meta":{"_expiration-date-status":"","_expiration-date":0,"_expiration-date-type":"","_expiration-date-categories":[],"_expiration-date-options":[]},"acf":[],"_links":{"self":[{"href":"https:\/\/us.edu.pl\/pracownik\/wp-json\/wp\/v2\/pages\/1345"}],"collection":[{"href":"https:\/\/us.edu.pl\/pracownik\/wp-json\/wp\/v2\/pages"}],"about":[{"href":"https:\/\/us.edu.pl\/pracownik\/wp-json\/wp\/v2\/types\/page"}],"author":[{"embeddable":true,"href":"https:\/\/us.edu.pl\/pracownik\/wp-json\/wp\/v2\/users\/41"}],"replies":[{"embeddable":true,"href":"https:\/\/us.edu.pl\/pracownik\/wp-json\/wp\/v2\/comments?post=1345"}],"version-history":[{"count":18,"href":"https:\/\/us.edu.pl\/pracownik\/wp-json\/wp\/v2\/pages\/1345\/revisions"}],"predecessor-version":[{"id":1718,"href":"https:\/\/us.edu.pl\/pracownik\/wp-json\/wp\/v2\/pages\/1345\/revisions\/1718"}],"wp:attachment":[{"href":"https:\/\/us.edu.pl\/pracownik\/wp-json\/wp\/v2\/media?parent=1345"}],"curies":[{"name":"wp","href":"https:\/\/api.w.org\/{rel}","templated":true}]}}