{"id":13481,"date":"2021-04-08T11:58:27","date_gmt":"2021-04-08T09:58:27","guid":{"rendered":"https:\/\/us.edu.pl\/pracownik\/?page_id=13481"},"modified":"2023-10-19T15:59:25","modified_gmt":"2023-10-19T13:59:25","slug":"biuro-jakosci-ksztalcenia","status":"publish","type":"page","link":"https:\/\/us.edu.pl\/pracownik\/sprawy-dydaktyczne\/pion-ksztalcenia\/biuro-jakosci-ksztalcenia\/","title":{"rendered":"Biuro Jako\u015bci Kszta\u0142cenia"},"content":{"rendered":"<p>[vc_row][vc_column][\/vc_column][\/vc_row][vc_row][vc_column]\r\n                <div class=\"text-modules\">\r\n                    <div class=\"container\">\r\n                        <h3 class=\"page-title text__title\">Biuro Jako\u015bci Kszta\u0142cenia<\/h3>\r\n                        <div class=\"text-modules__content\"><p>Biuro Jako\u015bci Kszta\u0142cenia zosta\u0142o utworzone we wrze\u015bniu 2012 r. z inicjatywy \u00f3wczesnego Pe\u0142nomocnika Rektora ds. Jako\u015bci Kszta\u0142cenia dr. hab. Alfreda Czoga\u0142y, prof U\u015a. Jego g\u0142\u00f3wnym zadaniem jest wspomaganie podejmowanych przez Komisj\u0119 ds. kszta\u0142cenia i student\u00f3w oraz Zesp\u00f3\u0142 ds. jako\u015bci kszta\u0142cenia i akredytacji dzia\u0142a\u0144 o charakterze koncepcyjnym i organizacyjnym oraz koordynacja przedsi\u0119wzi\u0119\u0107 zmierzaj\u0105cych do zapewnienia i podnoszenia jako\u015bci studi\u00f3w na Uniwersytecie.<\/p>\n<p>W zwi\u0105zku z <a href=\"http:\/\/bip.us.edu.pl\/zarzadzenie-nr-342020-0\">zarz\u0105dzeniem Rektora U\u015a nr 34\/2020<\/a> z 17 marca 2020 r. w sprawie zmian w organizacji i systemie pracy, zadania wykonywane przez pracownik\u00f3w Biura Jako\u015bci Kszta\u0142cenia realizowane s\u0105 w systemie zdalnym (telefonicznie, mailowo oraz z wykorzystaniem MS Teams) w godzinach pracy administracji og\u00f3lnouczelnianej.<\/p>\n<\/div>\r\n                    <\/div>\r\n                <\/div>\r\n                <div class=\"tiles-section\" style=\"background: \">\r\n                    <div class=\"container\">\r\n                        <h3 class=\"page-title\"><\/h3>\r\n                        <div class=\"tiles tiles-3\">\r\n                            <a href=\"https:\/\/us.edu.pl\/pracownik\/sprawy-dydaktyczne\/pion-ksztalcenia\/biuro-jakosci-ksztalcenia\/zadania-kontakt\/\" class=\"tile tile_ justify-content-center\" style=\"background-color: #002E5A; font-weight: ; color: #ffffff;  \">\r\n                                \r\n                                   \r\n                               \r\n                                <div class=\"tile__name\">Zakres zada\u0144, kontakt<\/div>\r\n                            <\/a>\r\n                            <a href=\"https:\/\/us.edu.pl\/pracownik\/sprawy-dydaktyczne\/pion-ksztalcenia\/biuro-jakosci-ksztalcenia\/pelnomocnik-ds-jakosci-ksztalcenia-i-akredytacji\/\" class=\"tile tile_ justify-content-center\" style=\"background-color: #002E5A; font-weight: ; color: #ffffff;  \">\r\n                                \r\n                                   \r\n                               \r\n                                <div class=\"tile__name\">Pe\u0142nomocniczka Rektora ds. Jako\u015bci Kszta\u0142cenia i Akredytacji<\/div>\r\n                            <\/a>\r\n                            <a href=\"https:\/\/us.edu.pl\/pracownik\/sprawy-dydaktyczne\/pion-ksztalcenia\/biuro-jakosci-ksztalcenia\/zespol-ds-jakosci-ksztalcenia-i-akredytacji\/\" class=\"tile tile_ justify-content-center\" style=\"background-color: #002E5A; font-weight: ; color: #ffffff;  \">\r\n                                \r\n                                   \r\n                               \r\n                                <div class=\"tile__name\">Zesp\u00f3\u0142 ds. Jako\u015bci Kszta\u0142cenia i Akredytacji<\/div>\r\n                            <\/a><\/div>\r\n                    <\/div>\r\n                <\/div>[\/vc_column][\/vc_row]<\/p>","protected":false},"excerpt":{"rendered":"<p>[vc_row][vc_column][\/vc_column][\/vc_row][vc_row][vc_column][\/vc_column][\/vc_row] [&#8230;]<\/p>\n<p><a class=\"btn btn-secondary understrap-read-more-link\" href=\"https:\/\/us.edu.pl\/pracownik\/sprawy-dydaktyczne\/pion-ksztalcenia\/biuro-jakosci-ksztalcenia\/\">Read More&#8230;<\/a><\/p>\n","protected":false},"author":41,"featured_media":0,"parent":3768,"menu_order":430,"comment_status":"closed","ping_status":"closed","template":"page-templates\/inner-page.php","meta":{"_expiration-date-status":"saved","_expiration-date":0,"_expiration-date-type":"","_expiration-date-categories":[],"_expiration-date-options":[]},"acf":[],"_links":{"self":[{"href":"https:\/\/us.edu.pl\/pracownik\/wp-json\/wp\/v2\/pages\/13481"}],"collection":[{"href":"https:\/\/us.edu.pl\/pracownik\/wp-json\/wp\/v2\/pages"}],"about":[{"href":"https:\/\/us.edu.pl\/pracownik\/wp-json\/wp\/v2\/types\/page"}],"author":[{"embeddable":true,"href":"https:\/\/us.edu.pl\/pracownik\/wp-json\/wp\/v2\/users\/41"}],"replies":[{"embeddable":true,"href":"https:\/\/us.edu.pl\/pracownik\/wp-json\/wp\/v2\/comments?post=13481"}],"version-history":[{"count":10,"href":"https:\/\/us.edu.pl\/pracownik\/wp-json\/wp\/v2\/pages\/13481\/revisions"}],"predecessor-version":[{"id":23439,"href":"https:\/\/us.edu.pl\/pracownik\/wp-json\/wp\/v2\/pages\/13481\/revisions\/23439"}],"up":[{"embeddable":true,"href":"https:\/\/us.edu.pl\/pracownik\/wp-json\/wp\/v2\/pages\/3768"}],"wp:attachment":[{"href":"https:\/\/us.edu.pl\/pracownik\/wp-json\/wp\/v2\/media?parent=13481"}],"curies":[{"name":"wp","href":"https:\/\/api.w.org\/{rel}","templated":true}]}}