{"id":13483,"date":"2021-04-08T12:05:04","date_gmt":"2021-04-08T10:05:04","guid":{"rendered":"https:\/\/us.edu.pl\/pracownik\/?page_id=13483"},"modified":"2024-03-03T13:30:31","modified_gmt":"2024-03-03T12:30:31","slug":"zadania-kontakt","status":"publish","type":"page","link":"https:\/\/us.edu.pl\/pracownik\/sprawy-dydaktyczne\/pion-ksztalcenia\/biuro-jakosci-ksztalcenia\/zadania-kontakt\/","title":{"rendered":"Zadania, kontakt"},"content":{"rendered":"<p>[vc_row][vc_column][\/vc_column][\/vc_row][vc_row][vc_column]\r\n                <div class=\"text-modules\">\r\n                    <div class=\"container\">\r\n                        <h3 class=\"page-title text__title\">Kontakt z Biurem Jako\u015bci Kszta\u0142cenia<\/h3>\r\n                        <div class=\"text-modules__content\"><p><strong>Adres:<\/strong><\/p>\n<p>40-007 Katowice<br \/>\nul. Bankowa 12<br \/>\np. 0.34 \/ (dawniej 13 &#8211; parter)<br \/>\n<a href=\"mailto:djas@us.edu.pl\" target=\"_blank\" rel=\"noopener noreferrer\">djas@us.edu.pl<\/a><\/p>\n<p><strong>Pracownicy:<\/strong><\/p>\n<p>Kierownik Dzia\u0142u Jako\u015bci i Analiz Strategicznych<br \/>\n<a href=\"http:\/\/www.us.edu.pl\/us-addressbook\/emp\/41701\">mgr Przemys\u0142aw Grzonka<\/a><br \/>\ne-mail:\u00a0<a href=\"mailto:przemyslaw.grzonka@us.edu.pl\">przemyslaw.grzonka@us.edu.pl<\/a><br \/>\ntel. 32 359 1617<br \/>\nkom. +48 513 133 418<\/p>\n<p>Zast\u0119pca Kierownika Dzia\u0142u Jako\u015bci i Analiz Strategicznych<br \/>\n<a href=\"https:\/\/ab.us.edu.pl\/emp?id=PE61908\">mgr Zuzanna Foltak<\/a><br \/>\ne-mail:\u00a0<a href=\"mailto:zuzanna.foltak@us.edu.pl\">zuzanna.foltak@us.edu.pl<\/a><br \/>\ntel. 32 359 2376<\/p>\n<p><a href=\"https:\/\/ab.us.edu.pl\/emp?id=58863\" target=\"_blank\" rel=\"noopener noreferrer\">mgr Jakub Dziewit<\/a><br \/>\ne-mail: <a href=\"mailto:jakub.dziewit@us.edu.pl\" target=\"_blank\" rel=\"noopener noreferrer\">jakub.dziewit@us.edu.pl<\/a><br \/>\ntel. 32 359 2349<br \/>\n(kontakt m.in. w sprawach akredytacji oraz tutoriali)<\/p>\n<p><a href=\"https:\/\/ab.us.edu.pl\/emp?id=15402\" target=\"_blank\" rel=\"noopener noreferrer\">mgr Ewa Lipska<\/a><br \/>\ne-mail:<a href=\"mailto:ewa.lipska@us.edu.pl\">ewa.lipska@us.edu.pl<\/a><br \/>\ntel. 32 359 2348<br \/>\n(kontakt m.in. w sprawach akredytacji, SMoDA)<\/p>\n<p><a href=\"http:\/\/www.us.edu.pl\/us-addressbook\/emp\/47782\">mgr Karol Sikora<\/a><br \/>\ne-mail:\u00a0<a href=\"mailto:karol.sikora@us.edu.pl\">karol.sikora@us.edu.pl<\/a><br \/>\ntel. 32 359 1633<br \/>\n(kontakt m.in. w sprawach ankietyzacji pracownik\u00f3w, OOD)<\/p>\n<\/div>\r\n                    <\/div>\r\n                <\/div>[\/vc_column][\/vc_row]<\/p>","protected":false},"excerpt":{"rendered":"<p>[vc_row][vc_column][\/vc_column][\/vc_row][vc_row][vc_column][\/vc_column][\/vc_row] [&#8230;]<\/p>\n<p><a class=\"btn btn-secondary understrap-read-more-link\" href=\"https:\/\/us.edu.pl\/pracownik\/sprawy-dydaktyczne\/pion-ksztalcenia\/biuro-jakosci-ksztalcenia\/zadania-kontakt\/\">Read More&#8230;<\/a><\/p>\n","protected":false},"author":41,"featured_media":0,"parent":13481,"menu_order":420,"comment_status":"closed","ping_status":"closed","template":"page-templates\/inner-page-with-bookmarks.php","meta":{"_expiration-date-status":"saved","_expiration-date":0,"_expiration-date-type":"","_expiration-date-categories":[],"_expiration-date-options":[]},"acf":[],"_links":{"self":[{"href":"https:\/\/us.edu.pl\/pracownik\/wp-json\/wp\/v2\/pages\/13483"}],"collection":[{"href":"https:\/\/us.edu.pl\/pracownik\/wp-json\/wp\/v2\/pages"}],"about":[{"href":"https:\/\/us.edu.pl\/pracownik\/wp-json\/wp\/v2\/types\/page"}],"author":[{"embeddable":true,"href":"https:\/\/us.edu.pl\/pracownik\/wp-json\/wp\/v2\/users\/41"}],"replies":[{"embeddable":true,"href":"https:\/\/us.edu.pl\/pracownik\/wp-json\/wp\/v2\/comments?post=13483"}],"version-history":[{"count":10,"href":"https:\/\/us.edu.pl\/pracownik\/wp-json\/wp\/v2\/pages\/13483\/revisions"}],"predecessor-version":[{"id":24695,"href":"https:\/\/us.edu.pl\/pracownik\/wp-json\/wp\/v2\/pages\/13483\/revisions\/24695"}],"up":[{"embeddable":true,"href":"https:\/\/us.edu.pl\/pracownik\/wp-json\/wp\/v2\/pages\/13481"}],"wp:attachment":[{"href":"https:\/\/us.edu.pl\/pracownik\/wp-json\/wp\/v2\/media?parent=13483"}],"curies":[{"name":"wp","href":"https:\/\/api.w.org\/{rel}","templated":true}]}}