{"id":13485,"date":"2021-04-08T12:05:45","date_gmt":"2021-04-08T10:05:45","guid":{"rendered":"https:\/\/us.edu.pl\/pracownik\/?page_id=13485"},"modified":"2024-03-03T13:34:40","modified_gmt":"2024-03-03T12:34:40","slug":"pelnomocnik-ds-jakosci-ksztalcenia-i-akredytacji","status":"publish","type":"page","link":"https:\/\/us.edu.pl\/pracownik\/sprawy-dydaktyczne\/pion-ksztalcenia\/biuro-jakosci-ksztalcenia\/pelnomocnik-ds-jakosci-ksztalcenia-i-akredytacji\/","title":{"rendered":"Pe\u0142nomocniczka Rektora ds. Jako\u015bci Kszta\u0142cenia i Akredytacji"},"content":{"rendered":"<p>[vc_row][vc_column][\/vc_column][\/vc_row][vc_row][vc_column]\r\n                <div class=\"text-modules\">\r\n                    <div class=\"container\">\r\n                        <h3 class=\"page-title text__title\">Pe\u0142nomocniczka Rektora ds. Jako\u015bci Kszta\u0142cenia i Akredytacji<\/h3>\r\n                        <div class=\"text-modules__content\"><p><a href=\"https:\/\/ab.us.edu.pl\/emp?id=61903\" target=\"_blank\" rel=\"noopener noreferrer\"><strong>Dr Marzena B\u0118DKOWSKA-OB\u0141\u0104K<\/strong><\/a>\u00a0&#8211; Pe\u0142nomocniczka Rektora ds. Jako\u015bci Kszta\u0142cenia i Akredytacji, przewodnicz\u0105ca Zespo\u0142u ds. Jako\u015bci Kszta\u0142cenia i Akredytacji.<\/p>\n<p>&nbsp;<\/p>\n<p><strong>Pe\u0142nomocnicy minionych kadencji:<\/strong><\/p>\n<p><strong><a href=\"https:\/\/ab.us.edu.pl\/emp?id=25162\" target=\"_blank\" rel=\"noopener\">Dr hab. JOLANTA SKUTNIK, prof. U\u015a<\/a><\/strong> &#8211; Pe\u0142nomocniczka Rektora ds. Jako\u015bci Kszta\u0142cenia i Akredytacji w kadencji 2022-2024, przewodnicz\u0105ca Zespo\u0142u ds. Jako\u015bci Kszta\u0142cenia i Akredytacji; zast\u0119pczyni dyrektora kierunk\u00f3w animacja spo\u0142eczno-kulturalna z edukacj\u0105 kulturaln\u0105, edukacja kulturalna, etnologia i antropologia kulturowa w Instytucie Nauk o Kulturze na Wydziale Sztuki i Nauk o Edukacji; w kadencji 2012 -2016 Prodziekan ds. Studenckich i Kszta\u0142cenia, cz\u0142onkini senackiej Komisji ds. kszta\u0142cenia oraz Zespo\u0142u ds. Wdra\u017cania Krajowych Ram Kwalifikacji; doktor habilitowana nauk spo\u0142ecznych.<\/p>\n<p><a href=\"https:\/\/ab.us.edu.pl\/emp?id=26432\" target=\"_blank\" rel=\"noopener noreferrer\"><b>Dr Katarzyna Sujkowska-Sobisz, prof. U\u015a<\/b><\/a> \u2013 Pe\u0142nomocniczka Rektora ds. Jako\u015bci Kszta\u0142cenia i Akredytacji w kadencji 2020-2024, przewodnicz\u0105ca Komisji ds. kszta\u0142cenia i student\u00f3w, przewodnicz\u0105ca Zespo\u0142u ds. Jako\u015bci Kszta\u0142cenia i Akredytacji. Wcze\u015bniej pe\u0142ni\u0142a m.in. funkcj\u0119 kierowniczki niestacjonarnych studi\u00f3w filologii polskiej i zast\u0119pczyni dyrektora ds. dydaktycznych w Instytucie J\u0119zyka Polskiego. J\u0119zykoznawczyni, doktor nauk humanistycznych, profesor U\u015a, sekretarz naukowa \u201eForum Lingwistycznego\u201d.<\/p>\n<p><a href=\"http:\/\/www.us.edu.pl\/us-addressbook\/emp\/9212\"><strong>Dr. hab. Mariusz Jagielski, prof U\u015a<\/strong><\/a> \u2013 Pe\u0142nomocnik Rektora ds. Jako\u015bci Kszta\u0142cenia w kadencji 2016-2018, przewodnicz\u0105cy Uczelnianego Zespo\u0142u ds. Jako\u015bci Kszta\u0142cenia. Jest doktorem habilitowanym nauk prawnych i pracownikiem Instytutu Nauk Prawnych na Wydziale Prawa i Administracji U\u015a. Wcze\u015bniej pe\u0142ni\u0142 m.in. funkcj\u0119 Prodziekana ds. Studi\u00f3w Stacjonarnych Kierunku: Prawo, by\u0142 cz\u0142onkiem senackiej Komisji ds. kszta\u0142cenia oraz Zespo\u0142u ds. Wdra\u017cania Krajowych Ram Kwalifikacji.<\/p>\n<p><strong>Dr. hab. Alfred Czoga\u0142a, prof U\u015a<\/strong> \u2013 Pe\u0142nomocnik Rektora ds. Jako\u015bci Kszta\u0142cenia w kadencjach 2008-2012 i 2012-2016, przewodnicz\u0105cy Uczelnianego Zespo\u0142u Zapewniania i Doskonalenia Jako\u015bci Kszta\u0142cenia, a nast\u0119pnie Uczelnianego Zespo\u0142u ds. Jako\u015bci Kszta\u0142cenia, tw\u00f3rca i g\u0142\u00f3wny architekt Systemu Zapewniania Jako\u015bci Kszta\u0142cenia w Uniwersytecie \u015al\u0105skim. Jest doktorem habilitowanym nauk matematycznych i emerytowanym pracownikiem Zak\u0142adu Algebry i Teorii Liczb w Instytucie Matematyki U\u015a. Pe\u0142ni\u0142 r\u00f3wnie\u017c m.in. funkcj\u0119 Prodziekana ds. Matematyki i by\u0142 cz\u0142onkiem Zespo\u0142u ds. Wdra\u017cania Krajowych Ram Kwalifikacji oraz Zespo\u0142u ds. dydaktyki akademickiej.<\/p>\n<p><a href=\"http:\/\/www.us.edu.pl\/us-addressbook\/emp\/25102\"><strong>Prof.\u00a0dr\u00a0hab.\u00a0Aldona Skudrzyk<\/strong><\/a>\u00a0\u2013 Pe\u0142nomocnik Rektora ds.\u00a0Wdra\u017cania Systemu Bolo\u0144skiego (w\u00a0latach 2009-2012) a\u00a0w\u00a0kadencji 2012-2016 Pe\u0142nomocnik Rektora ds.\u00a0Systemu Bolo\u0144skiego i\u00a0Krajowych Ram Kwalifikacji i\u00a0Przewodnicz\u0105ca Zespo\u0142u ds.\u00a0Wdra\u017cania Krajowych Ram Kwalifikacji. Jest profesorem nauk humanistycznych i\u00a0pracownikiem Zak\u0142adu Socjolingwistyki i\u00a0Spo\u0142ecznych Praktyk Komunikowania w\u00a0Instytucie J\u0119zyka Polskiego im.\u00a0Ireny Bajerowej U\u015a. Pe\u0142ni\u0142a r\u00f3wnie\u017c w\u00a0latach 2008-2016 funkcj\u0119 Prodziekana ds. Studenckich i Kszta\u0142cenia, by\u0142a Wiceprzewodnicz\u0105c\u0105\u00a0senackiej Komisji ds.\u00a0kszta\u0142cenia oraz cz\u0142onkiem Uczelnianego Zespo\u0142u ds.\u00a0Jako\u015bci Kszta\u0142cenia.<\/p>\n<\/div>\r\n                    <\/div>\r\n                <\/div>[\/vc_column][\/vc_row]<\/p>","protected":false},"excerpt":{"rendered":"<p>[vc_row][vc_column][\/vc_column][\/vc_row][vc_row][vc_column][\/vc_column][\/vc_row] [&#8230;]<\/p>\n<p><a class=\"btn btn-secondary understrap-read-more-link\" href=\"https:\/\/us.edu.pl\/pracownik\/sprawy-dydaktyczne\/pion-ksztalcenia\/biuro-jakosci-ksztalcenia\/pelnomocnik-ds-jakosci-ksztalcenia-i-akredytacji\/\">Read More&#8230;<\/a><\/p>\n","protected":false},"author":41,"featured_media":0,"parent":13481,"menu_order":429,"comment_status":"closed","ping_status":"closed","template":"page-templates\/inner-page.php","meta":{"_expiration-date-status":"saved","_expiration-date":0,"_expiration-date-type":"","_expiration-date-categories":[],"_expiration-date-options":[]},"acf":[],"_links":{"self":[{"href":"https:\/\/us.edu.pl\/pracownik\/wp-json\/wp\/v2\/pages\/13485"}],"collection":[{"href":"https:\/\/us.edu.pl\/pracownik\/wp-json\/wp\/v2\/pages"}],"about":[{"href":"https:\/\/us.edu.pl\/pracownik\/wp-json\/wp\/v2\/types\/page"}],"author":[{"embeddable":true,"href":"https:\/\/us.edu.pl\/pracownik\/wp-json\/wp\/v2\/users\/41"}],"replies":[{"embeddable":true,"href":"https:\/\/us.edu.pl\/pracownik\/wp-json\/wp\/v2\/comments?post=13485"}],"version-history":[{"count":8,"href":"https:\/\/us.edu.pl\/pracownik\/wp-json\/wp\/v2\/pages\/13485\/revisions"}],"predecessor-version":[{"id":24697,"href":"https:\/\/us.edu.pl\/pracownik\/wp-json\/wp\/v2\/pages\/13485\/revisions\/24697"}],"up":[{"embeddable":true,"href":"https:\/\/us.edu.pl\/pracownik\/wp-json\/wp\/v2\/pages\/13481"}],"wp:attachment":[{"href":"https:\/\/us.edu.pl\/pracownik\/wp-json\/wp\/v2\/media?parent=13485"}],"curies":[{"name":"wp","href":"https:\/\/api.w.org\/{rel}","templated":true}]}}