{"id":13487,"date":"2021-04-08T12:06:28","date_gmt":"2021-04-08T10:06:28","guid":{"rendered":"https:\/\/us.edu.pl\/pracownik\/?page_id=13487"},"modified":"2025-10-01T14:50:14","modified_gmt":"2025-10-01T12:50:14","slug":"zespol-ds-jakosci-ksztalcenia-i-akredytacji","status":"publish","type":"page","link":"https:\/\/us.edu.pl\/pracownik\/sprawy-dydaktyczne\/pion-ksztalcenia\/biuro-jakosci-ksztalcenia\/zespol-ds-jakosci-ksztalcenia-i-akredytacji\/","title":{"rendered":"Zesp\u00f3\u0142 ds. Jako\u015bci Kszta\u0142cenia i Akredytacji"},"content":{"rendered":"<p>[vc_row][vc_column][\/vc_column][\/vc_row][vc_row][vc_column]\r\n                <div class=\"text-modules\">\r\n                    <div class=\"container\">\r\n                        <h3 class=\"page-title text__title\">Zesp\u00f3\u0142 ds. Jako\u015bci Kszta\u0142cenia i Akredytacji<\/h3>\r\n                        <div class=\"text-modules__content\"><\/p>\n<ul>\n<li>Pe\u0142nomocniczka Rektora ds. jako\u015bci kszta\u0142cenia i akredytacji:<br \/>\n<a href=\"https:\/\/ab.us.edu.pl\/emp?id=61903\" target=\"_blank\" rel=\"noopener noreferrer\">dr Marzena B\u0119dkowska-Ob\u0142\u0105k<\/a> &#8211; Przewodnicz\u0105ca Zespo\u0142u<\/li>\n<li>Pe\u0142nomocnik Dziekana <strong>Wydzia\u0142u Humanistycznego<\/strong> ds. jako\u015bci kszta\u0142cenia i akredytacji: <a href=\"https:\/\/ab.us.edu.pl\/emp?id=53543\" target=\"_blank\" rel=\"noopener\">dr Piotr Gorli\u0144ski-Kucik<\/a><\/li>\n<li>Pe\u0142nomocniczka Dziekana <strong>Wydzia\u0142u Nauk Przyrodniczych<\/strong> ds. jako\u015bci kszta\u0142cenia i akredytacji:<br \/>\n<a href=\"https:\/\/ab.us.edu.pl\/emp?id=23922\" target=\"_blank\" rel=\"noopener noreferrer\">dr hab. Martyna Rz\u0119ta\u0142a, prof. U\u015a<\/a><\/li>\n<li>Pe\u0142nomocniczka Dziekana <strong>Wydzia\u0142u Nauk Spo\u0142ecznych<\/strong> ds. jako\u015bci kszta\u0142cenia i akredytacji:<br \/>\n<a href=\"https:\/\/ab.us.edu.pl\/emp?id=35911\" target=\"_blank\" rel=\"noopener\">dr Sabina Pawlik<\/a><\/li>\n<li>Pe\u0142nomocniczka Dziekana <strong>Wydzia\u0142u Nauk \u015acis\u0142ych i Technicznych<\/strong> ds. jako\u015bci kszta\u0142cenia i akredytacji:<br \/>\n<a href=\"https:\/\/ab.us.edu.pl\/emp?id=40172\" target=\"_blank\" rel=\"noopener noreferrer\">dr Agnieszka Kulawik<\/a><\/li>\n<li>Pe\u0142nomocniczka Dziekana <strong>Wydzia\u0142u Prawa i Administracji<\/strong> ds. jako\u015bci kszta\u0142cenia i akredytacji:<br \/>\n<a href=\"https:\/\/ab.us.edu.pl\/?SearchModel%5Bquery%5D=ma%C5%82usecka&amp;SearchModel%5Bscope%5D=&amp;SearchModel%5Bscope%5D=P\" target=\"_blank\" rel=\"noopener\">dr hab. Joanna Nowakowska-Ma\u0142usecka, prof. U\u015a<\/a><\/li>\n<li>Pe\u0142nomocniczka Dziekana <strong>Wydzia\u0142u Sztuki i Nauk o Edukacji<\/strong> ds. jako\u015bci kszta\u0142cenia i akredytacji:<br \/>\n<a href=\"https:\/\/ab.us.edu.pl\/emp?id=52432\" target=\"_blank\" rel=\"noopener noreferrer\">dr Anna Trzcionka-Wieczorek<\/a><\/li>\n<li>Pe\u0142nomocniczka Dziekana <strong>Wydzia\u0142u Teologicznego<\/strong> ds. jako\u015bci kszta\u0142cenia i akredytacji:<br \/>\n<a href=\"https:\/\/ab.us.edu.pl\/emp?id=39292\" target=\"_blank\" rel=\"noopener noreferrer\">dr Monika Gw\u00f3\u017ad\u017a<\/a><\/li>\n<li>Pe\u0142nomocniczka Dziekana <strong>Szko\u0142y Filmowej im. Krzysztofa Kie\u015blowskiego<\/strong> ds. jako\u015bci kszta\u0142cenia i akredytacji:<br \/>\n<a href=\"https:\/\/ab.us.edu.pl\/emp?id=64823\" target=\"_blank\" rel=\"noopener\">mgr Ada Grzelewska<\/a><\/li>\n<li>Pracownicy <strong>Biura Jako\u015bci Kszta\u0142cenia<\/strong>:<br \/>\n<a href=\"https:\/\/ab.us.edu.pl\/emp?id=58863\">Jakub Dziewit<\/a><br \/>\n<a href=\"https:\/\/ab.us.edu.pl\/emp?id=41701\">Przemys\u0142aw Grzonka<\/a><br \/>\n<a href=\"https:\/\/ab.us.edu.pl\/emp?id=15402\" target=\"_blank\" rel=\"noopener\">Ewa Lipska<\/a><br \/>\n<a href=\"https:\/\/ab.us.edu.pl\/emp?id=47782\">Karol Sikora<\/a><\/li>\n<li><a href=\"https:\/\/ab.us.edu.pl\/emp?id=PE61908\" target=\"_blank\" rel=\"noopener\">Zuzanna Foltak<\/a><\/li>\n<\/ul>\n<p>\n<\/div>\r\n                    <\/div>\r\n                <\/div>[\/vc_column][\/vc_row]<\/p>","protected":false},"excerpt":{"rendered":"<p>[vc_row][vc_column][\/vc_column][\/vc_row][vc_row][vc_column][\/vc_column][\/vc_row] [&#8230;]<\/p>\n<p><a class=\"btn btn-secondary understrap-read-more-link\" href=\"https:\/\/us.edu.pl\/pracownik\/sprawy-dydaktyczne\/pion-ksztalcenia\/biuro-jakosci-ksztalcenia\/zespol-ds-jakosci-ksztalcenia-i-akredytacji\/\">Read More&#8230;<\/a><\/p>\n","protected":false},"author":41,"featured_media":0,"parent":13481,"menu_order":437,"comment_status":"closed","ping_status":"closed","template":"page-templates\/inner-page.php","meta":{"_expiration-date-status":"saved","_expiration-date":0,"_expiration-date-type":"","_expiration-date-categories":[],"_expiration-date-options":[]},"acf":[],"_links":{"self":[{"href":"https:\/\/us.edu.pl\/pracownik\/wp-json\/wp\/v2\/pages\/13487"}],"collection":[{"href":"https:\/\/us.edu.pl\/pracownik\/wp-json\/wp\/v2\/pages"}],"about":[{"href":"https:\/\/us.edu.pl\/pracownik\/wp-json\/wp\/v2\/types\/page"}],"author":[{"embeddable":true,"href":"https:\/\/us.edu.pl\/pracownik\/wp-json\/wp\/v2\/users\/41"}],"replies":[{"embeddable":true,"href":"https:\/\/us.edu.pl\/pracownik\/wp-json\/wp\/v2\/comments?post=13487"}],"version-history":[{"count":10,"href":"https:\/\/us.edu.pl\/pracownik\/wp-json\/wp\/v2\/pages\/13487\/revisions"}],"predecessor-version":[{"id":41049,"href":"https:\/\/us.edu.pl\/pracownik\/wp-json\/wp\/v2\/pages\/13487\/revisions\/41049"}],"up":[{"embeddable":true,"href":"https:\/\/us.edu.pl\/pracownik\/wp-json\/wp\/v2\/pages\/13481"}],"wp:attachment":[{"href":"https:\/\/us.edu.pl\/pracownik\/wp-json\/wp\/v2\/media?parent=13487"}],"curies":[{"name":"wp","href":"https:\/\/api.w.org\/{rel}","templated":true}]}}