{"id":13497,"date":"2021-04-08T12:22:17","date_gmt":"2021-04-08T10:22:17","guid":{"rendered":"https:\/\/us.edu.pl\/pracownik\/?page_id=13497"},"modified":"2021-04-22T12:25:12","modified_gmt":"2021-04-22T10:25:12","slug":"hospitacje-zajec","status":"publish","type":"page","link":"https:\/\/us.edu.pl\/pracownik\/sprawy-dydaktyczne\/pion-ksztalcenia\/jakosc-ksztalcenia\/narzedzia-monitorowania-jakosci-ksztalcenia\/hospitacje-zajec\/","title":{"rendered":"Hospitacje zaj\u0119\u0107"},"content":{"rendered":"<p>[vc_row][vc_column][\/vc_column][\/vc_row][vc_row][vc_column]\r\n                <div class=\"text-modules\">\r\n                    <div class=\"container\">\r\n                        <h3 class=\"page-title text__title\">Hospitacje doskonal\u0105ce warsztat dydaktyczny<\/h3>\r\n                        <div class=\"text-modules__content\"><p>Dyrektor Kierunku Studi\u00f3w zarz\u0105dza przeprowadzenie hospitacji kontroluj\u0105cych warsztat dydaktyczny danej osoby prowadzaj\u0105cej zaj\u0119cia dydaktyczne w\u00a0szczeg\u00f3lno\u015bci:<\/p>\n<ul>\n<li>gdy dany nauczyciel akademicki zosta\u0142 po raz pierwszy zatrudniony na wydziale na\u00a0umowie o\u00a0prac\u0119 i\u00a0nie podlega\u0142 jeszcze ocenie okresowej; Od przeprowadzania hospitacji mo\u017cna odst\u0105pi\u0107, je\u017celi dany nauczyciel akademicki posiada du\u017ce do\u015bwiadczenie w\u00a0prowadzeniu pracy dydaktycznej;<\/li>\n<li>gdy dany nauczyciel akademicki zosta\u0142 podczas oceny okresowej oceniony \u201enegatywnie\u201d z powodu niew\u0142a\u015bciwego wywi\u0105zywania si\u0119 z realizacji obowi\u0105zk\u00f3w dydaktycznych lub organ dokonuj\u0105cy oceny sformu\u0142owa\u0142 takie zalecenie w\u00a0przypadku danego nauczyciela akademickiego;<\/li>\n<li>gdy osoba ta otrzyma\u0142a istotnie ni\u017csze od \u015bredniej wydzia\u0142u wyniki w\u00a0ankiecie oceny pracy nauczyciela akademickiego;<\/li>\n<li>gdy z innych \u017ar\u00f3de\u0142 (w szczeg\u00f3lno\u015bci z odpowiedzi student\u00f3w na pytania otwarte w\u00a0ankiecie oceny pracy nauczyciela akademickiego, ze spotka\u0144 ze studentami dotycz\u0105cych jako\u015bci kszta\u0142cenia oraz z indywidualnych kontakt\u00f3w ze studentami) powzi\u0105\u0142 informacje o\u00a0mo\u017cliwym wyst\u0119powaniu istotnych nieprawid\u0142owo\u015bci w\u00a0realizacji procesu kszta\u0142cenia przez dan\u0105 osob\u0119.<\/li>\n<\/ul>\n<p>Szczeg\u00f3\u0142owe informacje dotycz\u0105ce przeprowadzania hospitacji (Rozdzia\u0142 IV) oraz wz\u00f3r protoko\u0142u hospitacji zaj\u0119\u0107 dydaktycznych (za\u0142\u0105cznik nr 4) mo\u017cna znale\u017a\u0107 we wzorze wewn\u0119trznego systemu zapewniania jako\u015bci kszta\u0142cenia.<\/p>\n<ul>\n<li><a href=\"https:\/\/us.edu.pl\/pracownik\/wp-content\/uploads\/sites\/2\/Editor\/sprawy-dydatktyczne\/jako\u015b\u0107-kszta\u0142cenia\/wz\u00f3r-WSZJK-z-za\u0142\u0105cznikami.docx\" class=\"mtli_attachment mtli_docx\" data-mtli=\"mtli_filesize252,70kB\" class=\"mtli_attachment mtli_docx\" data-mtli=\"mtli_filesize252,70kB\" target=\"_blank\" rel=\"noopener noreferrer\"><strong>wewn\u0119trzny system zapewniania jako\u015bci kszta\u0142cenia oraz protok\u00f3\u0142 hospitacji (za\u0142\u0105cznik nr 4)<\/strong><\/a><\/li>\n<\/ul>\n<p>\n<style type=\"text\/css\">a[data-mtli~=\"mtli_filesize252,70kB\"]:after {content:\" (252,70 kB)\"}<\/style><\/div>\r\n                    <\/div>\r\n                <\/div>[\/vc_column][\/vc_row]<\/p>\n<style type=\"text\/css\">a[data-mtli~=\"mtli_filesize252,70kB\"]:after {content:\" (252,70 kB)\"}<\/style>","protected":false},"excerpt":{"rendered":"<p>[vc_row][vc_column][\/vc_column][\/vc_row][vc_row][vc_column][\/vc_column][\/vc_row] [&#8230;]<\/p>\n<p><a class=\"btn btn-secondary understrap-read-more-link\" href=\"https:\/\/us.edu.pl\/pracownik\/sprawy-dydaktyczne\/pion-ksztalcenia\/jakosc-ksztalcenia\/narzedzia-monitorowania-jakosci-ksztalcenia\/hospitacje-zajec\/\">Read More&#8230;<\/a><\/p>\n","protected":false},"author":41,"featured_media":0,"parent":13493,"menu_order":427,"comment_status":"closed","ping_status":"closed","template":"page-templates\/inner-page.php","meta":{"_expiration-date-status":"saved","_expiration-date":0,"_expiration-date-type":"","_expiration-date-categories":[],"_expiration-date-options":[]},"acf":[],"_links":{"self":[{"href":"https:\/\/us.edu.pl\/pracownik\/wp-json\/wp\/v2\/pages\/13497"}],"collection":[{"href":"https:\/\/us.edu.pl\/pracownik\/wp-json\/wp\/v2\/pages"}],"about":[{"href":"https:\/\/us.edu.pl\/pracownik\/wp-json\/wp\/v2\/types\/page"}],"author":[{"embeddable":true,"href":"https:\/\/us.edu.pl\/pracownik\/wp-json\/wp\/v2\/users\/41"}],"replies":[{"embeddable":true,"href":"https:\/\/us.edu.pl\/pracownik\/wp-json\/wp\/v2\/comments?post=13497"}],"version-history":[{"count":4,"href":"https:\/\/us.edu.pl\/pracownik\/wp-json\/wp\/v2\/pages\/13497\/revisions"}],"predecessor-version":[{"id":13817,"href":"https:\/\/us.edu.pl\/pracownik\/wp-json\/wp\/v2\/pages\/13497\/revisions\/13817"}],"up":[{"embeddable":true,"href":"https:\/\/us.edu.pl\/pracownik\/wp-json\/wp\/v2\/pages\/13493"}],"wp:attachment":[{"href":"https:\/\/us.edu.pl\/pracownik\/wp-json\/wp\/v2\/media?parent=13497"}],"curies":[{"name":"wp","href":"https:\/\/api.w.org\/{rel}","templated":true}]}}