{"id":13499,"date":"2021-04-08T12:23:25","date_gmt":"2021-04-08T10:23:25","guid":{"rendered":"https:\/\/us.edu.pl\/pracownik\/?page_id=13499"},"modified":"2021-04-22T12:25:16","modified_gmt":"2021-04-22T10:25:16","slug":"spotkania-monitorujace","status":"publish","type":"page","link":"https:\/\/us.edu.pl\/pracownik\/sprawy-dydaktyczne\/pion-ksztalcenia\/jakosc-ksztalcenia\/narzedzia-monitorowania-jakosci-ksztalcenia\/spotkania-monitorujace\/","title":{"rendered":"Spotkania monitoruj\u0105ce"},"content":{"rendered":"<p>[vc_row][vc_column][\/vc_column][\/vc_row][vc_row][vc_column]\r\n                <div class=\"text-modules\">\r\n                    <div class=\"container\">\r\n                        <h3 class=\"page-title text__title\">Spotkania monitoruj\u0105ce<\/h3>\r\n                        <div class=\"text-modules__content\"><p><strong>Doroczne spotkanie nauczycieli akademickich prowadz\u0105cych zaj\u0119cia na\u00a0kierunku studi\u00f3w<\/strong> &#8211; to spotkanie po\u015bwi\u0119cone jako\u015bci kszta\u0142cenia, na kt\u00f3re zaprasza si\u0119 wszystkich pracownik\u00f3w realizuj\u0105cych zaj\u0119cia dydaktyczne na danym kierunku studi\u00f3w. Podczas spotkania dyskutowane s\u0105 wszystkie sprawy istotne dla kszta\u0142cenia na danym kierunku studi\u00f3w. Szczeg\u00f3\u0142owy informacje dotycz\u0105ce spotkania znajduj\u0105 si\u0119 we <a href=\"https:\/\/us.edu.pl\/pracownik\/wp-content\/uploads\/sites\/2\/Editor\/sprawy-dydatktyczne\/jako\u015b\u0107-kszta\u0142cenia\/wz\u00f3r-WSZJK-z-za\u0142\u0105cznikami.docx\" class=\"mtli_attachment mtli_docx\" data-mtli=\"mtli_filesize252,70kB\" class=\"mtli_attachment mtli_docx\" data-mtli=\"mtli_filesize252,70kB\" target=\"_blank\" rel=\"noopener noreferrer\">wzorze Wewn\u0119trznego systemu zapewniania jako\u015bci kszta\u0142cenia<\/a> (Rozdzia\u0142 II, pkt 2), kwestie warte poruszenia na spotkaniu zosta\u0142y w za\u0142\u0105czniku nr 2 do powy\u017cszego wzoru.<\/p>\n<p><strong>Doroczne spotkanie ze studentami\u00a0kierunku studi\u00f3w<\/strong> &#8211; to spotkanie po\u015bwi\u0119cone jako\u015bci prowadzonego kszta\u0142cenia, na kt\u00f3re dyrektor kierunku zaprasza wszystkich student\u00f3w danego kierunku studi\u00f3w. Szczeg\u00f3\u0142owe informacje zawarte s\u0105 we <a href=\"https:\/\/us.edu.pl\/pracownik\/wp-content\/uploads\/sites\/2\/Editor\/sprawy-dydatktyczne\/jako\u015b\u0107-kszta\u0142cenia\/wz\u00f3r-WSZJK-z-za\u0142\u0105cznikami.docx\" class=\"mtli_attachment mtli_docx\" data-mtli=\"mtli_filesize252,70kB\" class=\"mtli_attachment mtli_docx\" data-mtli=\"mtli_filesize252,70kB\">wzorze Wewn\u0119trznego systemu zapewniania jako\u015bci kszta\u0142cenia<\/a> (Rozdzia\u0142 II, pkt 3). Podczas spotkania dyskutowane s\u0105 wszystkie sprawy istotne dla kszta\u0142cenia na danym kierunku studi\u00f3w, w\u00a0szczeg\u00f3lno\u015bci okre\u015blone w\u00a0za\u0142\u0105czniku nr 3 do niniejszego wzoru.<\/p>\n<style type=\"text\/css\">a[data-mtli~=\"mtli_filesize252,70kB\"]:after {content:\" (252,70 kB)\"}<\/style><\/div>\r\n                    <\/div>\r\n                <\/div>[\/vc_column][\/vc_row]<\/p>\n<style type=\"text\/css\">a[data-mtli~=\"mtli_filesize252,70kB\"]:after {content:\" (252,70 kB)\"}<\/style>","protected":false},"excerpt":{"rendered":"<p>[vc_row][vc_column][\/vc_column][\/vc_row][vc_row][vc_column][\/vc_column][\/vc_row] [&#8230;]<\/p>\n<p><a class=\"btn btn-secondary understrap-read-more-link\" href=\"https:\/\/us.edu.pl\/pracownik\/sprawy-dydaktyczne\/pion-ksztalcenia\/jakosc-ksztalcenia\/narzedzia-monitorowania-jakosci-ksztalcenia\/spotkania-monitorujace\/\">Read More&#8230;<\/a><\/p>\n","protected":false},"author":41,"featured_media":0,"parent":13493,"menu_order":436,"comment_status":"closed","ping_status":"closed","template":"page-templates\/inner-page.php","meta":{"_expiration-date-status":"saved","_expiration-date":0,"_expiration-date-type":"","_expiration-date-categories":[],"_expiration-date-options":[]},"acf":[],"_links":{"self":[{"href":"https:\/\/us.edu.pl\/pracownik\/wp-json\/wp\/v2\/pages\/13499"}],"collection":[{"href":"https:\/\/us.edu.pl\/pracownik\/wp-json\/wp\/v2\/pages"}],"about":[{"href":"https:\/\/us.edu.pl\/pracownik\/wp-json\/wp\/v2\/types\/page"}],"author":[{"embeddable":true,"href":"https:\/\/us.edu.pl\/pracownik\/wp-json\/wp\/v2\/users\/41"}],"replies":[{"embeddable":true,"href":"https:\/\/us.edu.pl\/pracownik\/wp-json\/wp\/v2\/comments?post=13499"}],"version-history":[{"count":5,"href":"https:\/\/us.edu.pl\/pracownik\/wp-json\/wp\/v2\/pages\/13499\/revisions"}],"predecessor-version":[{"id":13818,"href":"https:\/\/us.edu.pl\/pracownik\/wp-json\/wp\/v2\/pages\/13499\/revisions\/13818"}],"up":[{"embeddable":true,"href":"https:\/\/us.edu.pl\/pracownik\/wp-json\/wp\/v2\/pages\/13493"}],"wp:attachment":[{"href":"https:\/\/us.edu.pl\/pracownik\/wp-json\/wp\/v2\/media?parent=13499"}],"curies":[{"name":"wp","href":"https:\/\/api.w.org\/{rel}","templated":true}]}}