{"id":13503,"date":"2021-04-08T12:25:05","date_gmt":"2021-04-08T10:25:05","guid":{"rendered":"https:\/\/us.edu.pl\/pracownik\/?page_id=13503"},"modified":"2023-07-20T10:07:05","modified_gmt":"2023-07-20T08:07:05","slug":"tutoriale-i-poradniki","status":"publish","type":"page","link":"https:\/\/us.edu.pl\/pracownik\/sprawy-dydaktyczne\/pion-ksztalcenia\/jakosc-ksztalcenia\/tutoriale-i-poradniki\/","title":{"rendered":"Tutoriale i poradniki"},"content":{"rendered":"<p>[vc_row][vc_column][\/vc_column][\/vc_row][vc_row][vc_column]\r\n                <div class=\"text-modules\">\r\n                    <div class=\"container\">\r\n                        <h3 class=\"page-title text__title\">Tutoriale i poradniki dotycz\u0105ce oceny jako\u015bci kszta\u0142cenia<\/h3>\r\n                        <div class=\"text-modules__content\"><\/div>\r\n                    <\/div>\r\n                <\/div>[\/vc_column][\/vc_row][vc_row][vc_column][vc_video link=&#8221;https:\/\/youtu.be\/byMuFaBS7g4&#8243; title=&#8221;Raport z jako\u015bci kszta\u0142cenia: generowanie wynik\u00f3w z sesji i przygotowanie do analizy (tutorial nr 1)&#8221;][\/vc_column][\/vc_row][vc_row][vc_column][vc_video link=&#8221;https:\/\/youtu.be\/vY9h0e6nCpQ&#8221; title=&#8221;Raport z jako\u015bci kszta\u0142cenia: analiza wynik\u00f3w z sesji (tutorial nr 2)&#8221;][\/vc_column][\/vc_row][vc_row][vc_column][vc_video link=&#8221;https:\/\/youtu.be\/-wXEzylsmE8&#8243; title=&#8221;Raport z jako\u015bci kszta\u0142cenia: analiza procesu dyplomowania (tutorial nr 3)&#8221;][\/vc_column][\/vc_row][vc_row][vc_column][vc_video link=&#8221;https:\/\/youtu.be\/VvDAJ7ez9a0&#8243; title=&#8221;Raport z wynik\u00f3w ankiety oceny nauczyciela akademickiego&#8221;]\r\n                <div class=\"text-modules\">\r\n                    <div class=\"container\">\r\n                        \r\n                        <div class=\"text-modules__content\"><p>Link do zapoznania si\u0119 kodami wydzia\u0142\u00f3w i kierunk\u00f3w (sk\u0142adowymi kodu modu\u0142u): <a href=\"https:\/\/repo.us.edu.pl\/index.php\/s\/hSPoEL4xBc2tIXQ\" target=\"_blank\" rel=\"noopener noreferrer\">kliknij tutaj<\/a><\/p>\n<\/div>\r\n                    <\/div>\r\n                <\/div>[\/vc_column][\/vc_row][vc_row][vc_column]\r\n                <div class=\"text-modules\">\r\n                    <div class=\"container\">\r\n                        <h3 class=\"page-title text__title\">Poradniki przygotowane przez instytucje zewn\u0119trzne<\/h3>\r\n                        <div class=\"text-modules__content\"><\/p>\n<ol>\n<li><a href=\"https:\/\/www.pka.edu.pl\/wp-content\/uploads\/2019\/06\/pAKA_3.pdf\" class=\"mtli_attachment mtli_pdf\" class=\"mtli_attachment mtli_pdf\" target=\"_blank\" rel=\"noopener noreferrer\">Wybrane \u201edobre praktyki\u201d zarz\u0105dzania jako\u015bci\u0105 kszta\u0142cenia w polskich szko\u0142ach wy\u017cszych<\/a> (Polska Komisja Akredytacyjna, Warszawa 2015).<\/li>\n<li><a href=\"https:\/\/us.edu.pl\/pracownik\/wp-content\/uploads\/sites\/2\/Editor\/sprawy-dydatktyczne\/jakosc-ksztalcenia\/Niezbednik-prawny\/2013-pl-zeszyt-dobrych-praktyk-qa-www.pdf\" class=\"mtli_attachment mtli_pdf\" data-mtli=\"mtli_filesize1,34MB\" class=\"mtli_attachment mtli_pdf\" data-mtli=\"mtli_filesize1,34MB\" target=\"_blank\" rel=\"noopener\">Zeszyt dobrych praktyk dotycz\u0105cych wewn\u0119trznego zapewnienia jako\u015bci kszta\u0142cenia w uczelniach<\/a> (Fundacja Rozwoju Systemu Edukacji, Warszawa 2013).<\/li>\n<li><a href=\"https:\/\/us.edu.pl\/pracownik\/wp-content\/uploads\/sites\/2\/Editor\/sprawy-dydatktyczne\/jako\u015b\u0107-kszta\u0142cenia\/Standardy-i-wskaz\u00f3wki-dotycz\u0105ce-zapewnienia-jako\u015bci-kszta\u0142cenia-w-Europejskim-Obszarze-Szkolnictwa-Wy\u017cszego.pdf\" class=\"mtli_attachment mtli_pdf\" data-mtli=\"mtli_filesize281,44kB\" class=\"mtli_attachment mtli_pdf\" data-mtli=\"mtli_filesize281,44kB\" target=\"_blank\" rel=\"noopener noreferrer\">Standardy i wskaz\u00f3wki dotycz\u0105ce zapewnienia jako\u015bci kszta\u0142cenia w Europejskim Obszarze Szkolnictwa Wy\u017cszego<\/a> (Europejskie Stowarzyszenie na rzecz Zapewnienia Jako\u015bci w Szkolnictwie Wy\u017cszym, Helsinki 2005).<\/li>\n<\/ol>\n<p>\n<style type=\"text\/css\">a[data-mtli~=\"mtli_filesize1,34MB\"]:after {content:\" (1,34 MB)\"}a[data-mtli~=\"mtli_filesize281,44kB\"]:after {content:\" (281,44 kB)\"}<\/style><\/div>\r\n                    <\/div>\r\n                <\/div>[\/vc_column][\/vc_row]<\/p>\n<style type=\"text\/css\">a[data-mtli~=\"mtli_filesize1,34MB\"]:after {content:\" (1,34 MB)\"}a[data-mtli~=\"mtli_filesize281,44kB\"]:after {content:\" (281,44 kB)\"}<\/style>","protected":false},"excerpt":{"rendered":"<p>[vc_row][vc_column][\/vc_column][\/vc_row][vc_row][vc_column][\/vc_column][\/vc_row][vc_row][vc_column][vc_video link=&#8221;https:\/\/youtu.be\/byMuFaBS7g4&#8243; title=&#8221;Raport z jako\u015bci kszta\u0142cenia: generowanie wynik\u00f3w z sesji i przygotowanie do analizy (tutorial nr 1)&#8221;][\/vc_column][\/vc_row][vc_row][vc_column][vc_video link=&#8221;https:\/\/youtu.be\/vY9h0e6nCpQ&#8221; title=&#8221;Raport z jako\u015bci kszta\u0142cenia: analiza wynik\u00f3w z sesji (tutorial nr 2)&#8221;][\/vc_column][\/vc_row][vc_row][vc_column][vc_video link=&#8221;https:\/\/youtu.be\/-wXEzylsmE8&#8243; title=&#8221;Raport z jako\u015bci kszta\u0142cenia: analiza procesu dyplomowania (tutorial nr 3)&#8221;][\/vc_column][\/vc_row][vc_row][vc_column][vc_video link=&#8221;https:\/\/youtu.be\/VvDAJ7ez9a0&#8243; title=&#8221;Raport z wynik\u00f3w ankiety oceny nauczyciela akademickiego&#8221;][\/vc_column][\/vc_row][vc_row][vc_column][\/vc_column][\/vc_row] [&#8230;]<\/p>\n<p><a class=\"btn btn-secondary understrap-read-more-link\" href=\"https:\/\/us.edu.pl\/pracownik\/sprawy-dydaktyczne\/pion-ksztalcenia\/jakosc-ksztalcenia\/tutoriale-i-poradniki\/\">Read More&#8230;<\/a><\/p>\n","protected":false},"author":41,"featured_media":0,"parent":13489,"menu_order":443,"comment_status":"closed","ping_status":"closed","template":"page-templates\/inner-page.php","meta":{"_expiration-date-status":"saved","_expiration-date":0,"_expiration-date-type":"","_expiration-date-categories":[],"_expiration-date-options":[]},"acf":[],"_links":{"self":[{"href":"https:\/\/us.edu.pl\/pracownik\/wp-json\/wp\/v2\/pages\/13503"}],"collection":[{"href":"https:\/\/us.edu.pl\/pracownik\/wp-json\/wp\/v2\/pages"}],"about":[{"href":"https:\/\/us.edu.pl\/pracownik\/wp-json\/wp\/v2\/types\/page"}],"author":[{"embeddable":true,"href":"https:\/\/us.edu.pl\/pracownik\/wp-json\/wp\/v2\/users\/41"}],"replies":[{"embeddable":true,"href":"https:\/\/us.edu.pl\/pracownik\/wp-json\/wp\/v2\/comments?post=13503"}],"version-history":[{"count":6,"href":"https:\/\/us.edu.pl\/pracownik\/wp-json\/wp\/v2\/pages\/13503\/revisions"}],"predecessor-version":[{"id":22636,"href":"https:\/\/us.edu.pl\/pracownik\/wp-json\/wp\/v2\/pages\/13503\/revisions\/22636"}],"up":[{"embeddable":true,"href":"https:\/\/us.edu.pl\/pracownik\/wp-json\/wp\/v2\/pages\/13489"}],"wp:attachment":[{"href":"https:\/\/us.edu.pl\/pracownik\/wp-json\/wp\/v2\/media?parent=13503"}],"curies":[{"name":"wp","href":"https:\/\/api.w.org\/{rel}","templated":true}]}}